{"id":1175,"date":"2015-03-09T17:17:51","date_gmt":"2015-03-09T16:17:51","guid":{"rendered":"http:\/\/blogs.univ-jfc.fr\/projetcroixrouge\/?page_id=1175"},"modified":"2015-04-04T08:56:46","modified_gmt":"2015-04-04T07:56:46","slug":"dunant-apres-dunant-2","status":"publish","type":"page","link":"https:\/\/blogs.univ-jfc.fr\/projetcroixrouge\/risque-urgence-guerre\/henry-dunant-introduction\/dunant-apres-dunant-2\/","title":{"rendered":"Dunant apr\u00e8s Dunant"},"content":{"rendered":"<p lang=\"zxx\" style=\"text-align: justify\"><span><span><span><span style=\"color: #000000;font-family: Arial, sans-serif;font-size: medium\">\u00a0 \u00a0 Henry Dunant \u00e0 transmis ses valeurs personnelles \u00e0 son\u00a0organisation\u00a0de la Croix-Rouge. C&rsquo;est\u00a0d&rsquo;abord une<\/span><\/span><span style=\"font-size: medium\"><span style=\"text-decoration: underline\"> mission d&rsquo;Humanit\u00e9<\/span><\/span><span style=\"font-size: medium\">. C&rsquo;est bien le souvenir qu&rsquo;on gard\u00e9 les contemporains de Dunant : Un homme qui a su se montrer humain et d\u00e9vou\u00e9 aux personnes souffrantes. Dunant et ses secouristes ont \u00e9galement fait preuve <\/span><span style=\"font-size: medium\"><span style=\"text-decoration: underline\">d&rsquo;Impartialit\u00e9<\/span><\/span><span style=\"font-size: medium\"> : ils ont soign\u00e9 tous les bless\u00e9s sans distinction de nationalit\u00e9, de religion, de condition sociale ou d&rsquo;appartenance politique, dans le seul but de secourir.<\/span><\/span><\/span><\/p>\n<p lang=\"zxx\" style=\"text-align: justify\"><span style=\"color: #000000\"><span style=\"font-family: Arial, sans-serif\"><span style=\"font-size: medium\">\u00a0 \u00a0Dunant et son personnel soignant ont prouv\u00e9 leur <span style=\"text-decoration: underline\">N<\/span><span style=\"text-decoration: underline\">eutralit\u00e9.<\/span> Pour garder la confiance des individus souffrants, ils s&rsquo;abstiennent alors des hostilit\u00e9s et des controverses politiques, religieuses ou philosophiques. La Croix-Rouge est \u00e9galement <span style=\"text-decoration: underline\">Ind\u00e9pendante<\/span> des Pouvoirs publics, elle est ma\u00eetresse de ses d\u00e9cisions et de ses actions, afin de choisir librement le chemin de l&rsquo;humanit\u00e9 et de ce qui est juste.<br \/>\n<\/span><\/span><\/span><\/p>\n<p lang=\"zxx\" style=\"text-align: justify\"><span style=\"color: #000000\"><span style=\"font-family: Arial, sans-serif\"><span style=\"font-size: medium\">\u00a0 \u00a0 Le fondement de la Croix-Rouge repose sur trois valeurs essentielles, \u00e0 savoir :<span style=\"text-decoration: underline\"> le Volontariat<\/span>, l&rsquo;organisation regroupe des \u00ab\u00a0caract\u00e8res b\u00e9n\u00e9voles\u00a0\u00bb, travaillant gracieusement et sans r\u00e9mun\u00e9ration. <span style=\"text-decoration: underline\">L&rsquo;Unit\u00e9<\/span> est une partie essentielle de ces valeurs. Il existe une seule Croix-Rouge, dont l&rsquo;organisation est assur\u00e9e par le Comit\u00e9 International de la Croix-Rouge. Et pour finir, la Croix-Rouge est fond\u00e9e sur <span style=\"text-decoration: underline\">l&rsquo;Universalit\u00e9<\/span>, elle est ouverte \u00e0 tous les hommes et femmes de tous pays, se d\u00e9finissant comme un corps, une famille .<\/span><\/span><\/span><\/p>\n<h3><span style=\"font-family: Arial,sans-serif\"><span style=\"font-size: medium\">\u00a0<\/span><\/span><\/h3>\n<p align=\"JUSTIFY\"><span style=\"color: #000000\">\u00a0 \u00a0 <span style=\"font-family: Arial,sans-serif\"><span style=\"font-size: medium\">Henry Dunant, ce nom parfois inconnu du grand public, \u00e9voque partout un destin exceptionnel, celui d&rsquo;un homme aux multiples facettes. Du t\u00e9moin de Solf\u00e9rino \u00e0 l&rsquo;homme ruin\u00e9 et d\u00e9chu, en passant par le r\u00f4le de vedette principale de la Convention de Gen\u00e8ve, Henry Dunant a tout d&rsquo;un grand homme. Il est l&rsquo;exemple du sacrifie par altruisme, pour l&rsquo;amour des humains, fil conducteur de sa vie. Mais Dunant n&rsquo;est pas un mythe et n&rsquo;a jamais voulu en \u00eatre un, puisque c&rsquo;est dans son humilit\u00e9 que r\u00e9side sa grandeur. Il a laiss\u00e9 au monde une organisation implant\u00e9e dans 186 pays,\u00a0 comptant pr\u00e8s de 97 millions de volontaires et de membres, avec l&rsquo;honorable mission de faire respecter et diffuser le Droit International Humanitaire.<\/span><\/span><\/span><\/p>\n","protected":false},"excerpt":{"rendered":"<p>\u00a0 \u00a0 Henry Dunant \u00e0 transmis ses valeurs personnelles \u00e0 son\u00a0organisation\u00a0de la Croix-Rouge. C&rsquo;est\u00a0d&rsquo;abord une mission d&rsquo;Humanit\u00e9. C&rsquo;est bien le souvenir qu&rsquo;on gard\u00e9 les contemporains de Dunant : Un homme qui a su se montrer humain et d\u00e9vou\u00e9 aux personnes souffrantes. Dunant et ses secouristes ont \u00e9galement fait preuve d&rsquo;Impartialit\u00e9 : ils ont soign\u00e9 tous &hellip; <a href=\"https:\/\/blogs.univ-jfc.fr\/projetcroixrouge\/risque-urgence-guerre\/henry-dunant-introduction\/dunant-apres-dunant-2\/\" class=\"more-link\">Continuer la lecture de <span class=\"screen-reader-text\">Dunant apr\u00e8s Dunant<\/span> <span class=\"meta-nav\">&rarr;<\/span><\/a><\/p>\n","protected":false},"author":130,"featured_media":0,"parent":1108,"menu_order":0,"comment_status":"closed","ping_status":"open","template":"","meta":[],"_links":{"self":[{"href":"https:\/\/blogs.univ-jfc.fr\/projetcroixrouge\/wp-json\/wp\/v2\/pages\/1175"}],"collection":[{"href":"https:\/\/blogs.univ-jfc.fr\/projetcroixrouge\/wp-json\/wp\/v2\/pages"}],"about":[{"href":"https:\/\/blogs.univ-jfc.fr\/projetcroixrouge\/wp-json\/wp\/v2\/types\/page"}],"author":[{"embeddable":true,"href":"https:\/\/blogs.univ-jfc.fr\/projetcroixrouge\/wp-json\/wp\/v2\/users\/130"}],"replies":[{"embeddable":true,"href":"https:\/\/blogs.univ-jfc.fr\/projetcroixrouge\/wp-json\/wp\/v2\/comments?post=1175"}],"version-history":[{"count":10,"href":"https:\/\/blogs.univ-jfc.fr\/projetcroixrouge\/wp-json\/wp\/v2\/pages\/1175\/revisions"}],"predecessor-version":[{"id":3840,"href":"https:\/\/blogs.univ-jfc.fr\/projetcroixrouge\/wp-json\/wp\/v2\/pages\/1175\/revisions\/3840"}],"up":[{"embeddable":true,"href":"https:\/\/blogs.univ-jfc.fr\/projetcroixrouge\/wp-json\/wp\/v2\/pages\/1108"}],"wp:attachment":[{"href":"https:\/\/blogs.univ-jfc.fr\/projetcroixrouge\/wp-json\/wp\/v2\/media?parent=1175"}],"curies":[{"name":"wp","href":"https:\/\/api.w.org\/{rel}","templated":true}]}}