{"id":12,"date":"2015-01-05T11:05:35","date_gmt":"2015-01-05T10:05:35","guid":{"rendered":"http:\/\/blogs.univ-jfc.fr\/projetcroixrouge\/?page_id=12"},"modified":"2015-03-26T10:06:49","modified_gmt":"2015-03-26T09:06:49","slug":"la-croix-rouge-et-le-monde","status":"publish","type":"page","link":"https:\/\/blogs.univ-jfc.fr\/projetcroixrouge\/la-croix-rouge-et-le-monde\/","title":{"rendered":"La Croix-Rouge et le monde"},"content":{"rendered":"<p style=\"text-align: justify\"><span style=\"font-family: Arial, sans-serif;font-size: medium;line-height: 1.5\">Le mouvement de la Croix-Rouge est n\u00e9 au c\u0153ur du XIXe si\u00e8cle apr\u00e8s la bataille de Solferino. Les id\u00e9es d\u2019Henry Dunant permirent de pallier au manque de soin des bless\u00e9s militaires. Suite \u00e0 son av\u00e8nement et \u00e0 la premi\u00e8re convention de Gen\u00e8ve en 1864, le CICR fut confront\u00e9 \u00e0 de nouveaux d\u00e9fis auxquels il r\u00e9pondit par la signature de nouveaux accords internationaux. La croissance exponentielle du nombre d\u2019organisations non gouvernementales dans la seconde moiti\u00e9 du XXe si\u00e8cle remet en question sa place de leader. Aujourd\u2019hui, la Croix-Rouge cherche \u00e0 demeurer <a title=\"Une pionni\u00e8re de l\u2019action humanitaire\" href=\"http:\/\/blogs.univ-jfc.fr\/projetcroixrouge\/la-croix-rouge-et-le-monde\/une-pionniere-de-laction-humanitaire\/\">la pionni\u00e8re de l\u2019action humanitaire <\/a>qu\u2019elle a toujours \u00e9t\u00e9.<\/span><\/p>\n<p style=\"text-align: justify\"><a title=\"L\u2019humanitaire en action(s)\" href=\"http:\/\/blogs.univ-jfc.fr\/projetcroixrouge\/la-croix-rouge-et-le-monde\/lhumanitaire-en-actions\/\"><span style=\"font-family: Arial, sans-serif\"><span style=\"font-size: medium\">L&rsquo;action humanitaire internationale\u00a0<\/span><\/span>de la Croix-Rouge fran\u00e7aise<\/a><b style=\"line-height: 1.5;font-family: 'Times New Roman', serif\">\u00a0<\/b><span style=\"font-family: Arial, sans-serif\"><span style=\"font-size: medium\">a pour but de soutenir les populations en cas de conflit, \u00e9pid\u00e9mie et catastrophes naturelles. Elle consiste en l&rsquo;envoi de ressources qui font d\u00e9faut dans une zone touch\u00e9e par une crise. \u00a0nous allons pouvoir observer que les modes d&rsquo;actions de la Croix-Rouge fran\u00e7aise ont beaucoup \u00e9volu\u00e9 de la reconstruction de 1945 \u00e0 l&rsquo;action humanitaire actuelle en passant par les conflit de d\u00e9colonisation au coeur de la guerre froide.\u00a0<\/span><\/span><span style=\"font-family: Arial, sans-serif\"><span style=\"font-size: medium\">Il existe cependant des principes qui resteront inchang\u00e9s, ind\u00e9pendance, serviabilit\u00e9, appel \u00e0 la g\u00e9n\u00e9rosit\u00e9, particuli\u00e8rement dans un pays riche comme la France qui poss\u00e8de \u00a0un certain potentiel pour soutenir les actions \u00e0 but humanitaire \u00e0 l&rsquo;\u00e9tranger.<\/span><\/span><\/p>\n","protected":false},"excerpt":{"rendered":"<p>Le mouvement de la Croix-Rouge est n\u00e9 au c\u0153ur du XIXe si\u00e8cle apr\u00e8s la bataille de Solferino. Les id\u00e9es d\u2019Henry Dunant permirent de pallier au manque de soin des bless\u00e9s militaires. Suite \u00e0 son av\u00e8nement et \u00e0 la premi\u00e8re convention de Gen\u00e8ve en 1864, le CICR fut confront\u00e9 \u00e0 de nouveaux d\u00e9fis auxquels il r\u00e9pondit &hellip; <a href=\"https:\/\/blogs.univ-jfc.fr\/projetcroixrouge\/la-croix-rouge-et-le-monde\/\" class=\"more-link\">Continuer la lecture de <span class=\"screen-reader-text\">La Croix-Rouge et le monde<\/span> <span class=\"meta-nav\">&rarr;<\/span><\/a><\/p>\n","protected":false},"author":15,"featured_media":0,"parent":0,"menu_order":0,"comment_status":"open","ping_status":"open","template":"","meta":[],"_links":{"self":[{"href":"https:\/\/blogs.univ-jfc.fr\/projetcroixrouge\/wp-json\/wp\/v2\/pages\/12"}],"collection":[{"href":"https:\/\/blogs.univ-jfc.fr\/projetcroixrouge\/wp-json\/wp\/v2\/pages"}],"about":[{"href":"https:\/\/blogs.univ-jfc.fr\/projetcroixrouge\/wp-json\/wp\/v2\/types\/page"}],"author":[{"embeddable":true,"href":"https:\/\/blogs.univ-jfc.fr\/projetcroixrouge\/wp-json\/wp\/v2\/users\/15"}],"replies":[{"embeddable":true,"href":"https:\/\/blogs.univ-jfc.fr\/projetcroixrouge\/wp-json\/wp\/v2\/comments?post=12"}],"version-history":[{"count":8,"href":"https:\/\/blogs.univ-jfc.fr\/projetcroixrouge\/wp-json\/wp\/v2\/pages\/12\/revisions"}],"predecessor-version":[{"id":3244,"href":"https:\/\/blogs.univ-jfc.fr\/projetcroixrouge\/wp-json\/wp\/v2\/pages\/12\/revisions\/3244"}],"wp:attachment":[{"href":"https:\/\/blogs.univ-jfc.fr\/projetcroixrouge\/wp-json\/wp\/v2\/media?parent=12"}],"curies":[{"name":"wp","href":"https:\/\/api.w.org\/{rel}","templated":true}]}}