{"id":1213,"date":"2015-03-11T12:28:11","date_gmt":"2015-03-11T11:28:11","guid":{"rendered":"http:\/\/blogs.univ-jfc.fr\/projetcroixrouge\/?page_id=1213"},"modified":"2015-03-31T08:23:43","modified_gmt":"2015-03-31T07:23:43","slug":"1213-2","status":"publish","type":"page","link":"https:\/\/blogs.univ-jfc.fr\/projetcroixrouge\/formations-et-professions\/la-croix-rouge-et-ses-formations-2\/1213-2\/","title":{"rendered":"La diversit\u00e9 des formations"},"content":{"rendered":"<h5 align=\"JUSTIFY\"><span style=\"font-family: Arial, sans-serif\"><span style=\"font-size: medium\"><b>Une large palette de formations<\/b><\/span><\/span><\/h5>\n<p align=\"JUSTIFY\"><span style=\"font-family: Arial, sans-serif\"><span style=\"font-size: medium\"> Apr\u00e8s la guerre franco-prussienne de 1871, la France pr\u00e9pare sa revanche et promulgue un d\u00e9cret \u00e9manant du minist\u00e8re de la Guerre le 2 mars 1878. Il nomme officiellement la SSBM auxiliaire du service de sant\u00e9 de l&rsquo;arm\u00e9e. La SSBM a donc un nouvel objectif, celui de cr\u00e9er des formations pour les \u00e9quipes de sauveteurs sur le front. C&rsquo;est ici la premi\u00e8re initiative de formation. Peu de temps apr\u00e8s, en 1880, la SSBM instaure sa premi\u00e8re formation, celle des brancardiers, consistant en l&rsquo;apprentissage des man\u0153uvres des brancards et des premiers secours \u00e0 apporter (Docteur Gross, 1884).<\/span><\/span><\/p>\n<p align=\"JUSTIFY\"><span style=\"font-family: Arial, sans-serif\"><span style=\"font-size: medium\"> Les nombreuses formations propos\u00e9es par la Croix-Rouge se distinguent en deux cat\u00e9gories, les formations dipl\u00f4mantes et non-dipl\u00f4mantes.<\/span><\/span><\/p>\n<p align=\"JUSTIFY\"><span style=\"font-family: Arial, sans-serif\"><span style=\"font-size: medium\"> Les formations dipl\u00f4mantes regroupent les diff\u00e9rentes pr\u00e9parations aux concours dans le domaine du sanitaire et social. Ces formations se d\u00e9roulent la plupart du temps dans les \u00e9coles de la Croix-Rouge, dont la premi\u00e8re a \u00e9t\u00e9 cr\u00e9\u00e9<span style=\"color: #000000\">e<\/span> en 1877. Il s&rsquo;agit de l&rsquo;\u00e9cole d&rsquo;ambulanci\u00e8res et de gardes-malades, fond\u00e9e \u00e0 Paris et sous la direction de l&rsquo;Association des Dames Fran\u00e7aises (ADF). Une autre \u00e9cole est cr\u00e9\u00e9e par l&rsquo;ADF le 29 juin 1896, l&rsquo;h\u00f4pital-\u00e9cole de la Croix-Rouge a pour but de lier l&rsquo;enseignement th\u00e9orique \u00e0 la pratique.<\/span><\/span><\/p>\n<p align=\"JUSTIFY\"><span style=\"font-family: Arial, sans-serif\"><span style=\"font-size: medium\"><span style=\"font-family: Arial, sans-serif\">\u00c0<\/span> la suite de ces formations, des dipl\u00f4mes sont alors remis, notamment celui reconnaissant la profession d&rsquo;infirmi\u00e8re, d\u00e9livr\u00e9 pour la premi\u00e8re fois en 1922 (Olivier Faure, 1993). S&rsquo;ensuit le dipl\u00f4me d&rsquo;assistant(e) social(e) \u00e0 partir de 1932. A partir des ann\u00e9es 1930, une reconnaissance des professions du domaine sanitaire et social se fait ressentir en France. L&rsquo;ensemble des formations dipl\u00f4mantes sont trait\u00e9es ailleurs sur le site.<br \/>\n<\/span><\/span><\/p>\n<p align=\"JUSTIFY\"><span style=\"font-family: Arial, sans-serif\"><span style=\"font-size: medium\"> Depuis 1893, la Croix-Rouge propose, en outre, un ensemble de formations non-dipl\u00f4mantes destin\u00e9es \u00e0 toute la population. Par exemple, le 22 juin 1893 a \u00e9t\u00e9 cr\u00e9\u00e9e la formation des brancardiers, organis\u00e9e par l&rsquo;ADF dans les lyc\u00e9es pour gar\u00e7ons de Paris et de Versailles. Cette formation fait partie du concours de l&rsquo;arm\u00e9e. C&rsquo;est la premi\u00e8re initiative de l&rsquo;histoire en ce qui concerne la formation des jeunes.<\/span><\/span><\/p>\n<p align=\"JUSTIFY\"><span style=\"font-family: Arial, sans-serif\"><span style=\"font-size: medium\"> Les formations non-dipl\u00f4mantes repr\u00e9sentent la majeure partie des formations dispens\u00e9es par la Croix-Rouge. Celles-ci ne souffrent que de tr\u00e8s peu de contraintes dans la mesure o\u00f9 elles se d\u00e9roulent g\u00e9n\u00e9ralement sur d&rsquo;une journ\u00e9e et ne requi\u00e8rent aucune formation pr\u00e9alable. Tout particulier ou professionnel est en mesure d&rsquo;assister \u00e0 une de ces formations.<span style=\"color: #000000\">L&rsquo;objectif est bien de former le plus grand nombre.<\/span><\/span><\/span><\/p>\n<p align=\"JUSTIFY\"><span style=\"color: #000000\"><span style=\"font-family: Arial, sans-serif\"><span style=\"font-size: medium\"> Pour t\u00e9moigner de la volont\u00e9 de former le plus de personnes possible, la Croix-Rouge met en place en 1956 une formation \u00e0 domicile dispens\u00e9e par des infirmi\u00e8res. Cette formation trouve son public dans les zones rurales qui n&rsquo;ont pas les m\u00eames possibilit\u00e9s de formations que les zones urbaines.<\/span><\/span><\/span><\/p>\n<p align=\"JUSTIFY\"><span style=\"font-family: Arial, sans-serif\"><span style=\"font-size: medium\"><span style=\"color: #000000\">Depuis 1957, la Croix-Rouge s&rsquo;int\u00e9resse au monde de l&rsquo;entreprise, particuli\u00e8rement \u00e0 la condition des ouvriers dans les usines, avec la mise en place de formation pour faire face aux risques du travail. Au fil des ann\u00e9es, ces formations voient leurs rangs se gonfler, les entreprises \u00e9tant de plus en plus soumises \u00e0 des obligations de s\u00e9curit\u00e9 au sein de leurs structures. Par exemple, de plus en plus de b\u00e2timents poss\u00e8dent de d\u00e9fibrillateurs. On observe \u00e9galement au sein de la Croix Rouge des formations permettant aux membres de l&rsquo;association qui le souhaitent de devenir formateur.<\/span><\/span><\/span><\/p>\n<p align=\"JUSTIFY\"><span style=\"color: #000000\"><span style=\"font-family: Arial, sans-serif\"><span style=\"font-size: medium\"> A partir de 1958, sont, en outre, cr\u00e9\u00e9es des formations de secourisme dans les milieux scolaires afin de sensibiliser la population aux risques d\u00e8s le plus jeune \u00e2ge. <\/span><\/span><\/span><\/p>\n<p align=\"JUSTIFY\"><span style=\"color: #000000\"><span style=\"font-family: Arial, sans-serif\"><span style=\"font-size: medium\">Le dipl\u00f4me de secourisme est distribu\u00e9 aux personnes ayant effectu\u00e9 les formations requises \u00e0 partir de 1966. Une date et un nombre important, marquant l&rsquo;envol\u00e9e des formations de la Croix-Rouge\u00a0; en 1972, 1 000 000 de secouristes sont form\u00e9s par la Croix-Rouge.<\/span><\/span><\/span><\/p>\n<figure id=\"attachment_1763\" aria-describedby=\"caption-attachment-1763\" style=\"width: 140px\" class=\"wp-caption alignright\"><a href=\"http:\/\/blogs.univ-jfc.fr\/projetcroixrouge\/wp-content\/uploads\/sites\/40\/2015\/03\/enfant.jpg\"><img loading=\"lazy\" class=\"size-full wp-image-1763 \" title=\"Initiation aux gestes qui sauvent pour les enfants \u00e0 Paris en 2011\" alt=\"Initiation aux gestes qui sauvent pour les enfants \u00e0 Paris en 2011\" src=\"http:\/\/blogs.univ-jfc.fr\/projetcroixrouge\/wp-content\/uploads\/sites\/40\/2015\/03\/enfant.jpg\" width=\"140\" height=\"140\" \/><\/a><figcaption id=\"caption-attachment-1763\" class=\"wp-caption-text\">La Croix Rouge aupr\u00e8s des jeunes \u00e0 Paris.<\/figcaption><\/figure>\n<p align=\"JUSTIFY\"><span style=\"color: #000000\"><span style=\"font-family: Arial, sans-serif\"><span style=\"font-size: medium\">En 1975, la Croix-Rouge souhaite sensibiliser les plus jeunes \u00e9coliers au secourisme. Pour cela, l&rsquo;\u00e9mission \u00ab\u00a0L&rsquo;\u00eele aux enfants\u00a0\u00bb consacre un \u00e9pisode, \u00ab\u00a0Casimir Secouriste\u00a0\u00bb, \u00e0 la Grande Journ\u00e9e du Secourisme men\u00e9e par la Croix-Rouge.\u00a0<\/span><\/span><\/span><span style=\"color: #000000\"><span style=\"font-family: Arial, sans-serif\"><span style=\"font-size: medium\">A partir de 1977, les jeunes \u00e9coliers \u00e2g\u00e9s de 12 ans et plus ont, en outre, la possibilit\u00e9 d&rsquo;assister \u00e0 une formation d&rsquo;initiation aux gestes \u00e9l\u00e9mentaires de survie. Toujours dans la volont\u00e9 de sensibiliser le plus grand nombre de personnes, l&rsquo;ann\u00e9e 2004 voit le lancement du programme JAPD qui dispense une formation aux premiers secours pour les lyc\u00e9ens.<\/span><\/span><\/span><\/p>\n<p align=\"JUSTIFY\"><span style=\"font-family: Arial, sans-serif\"><span style=\"font-size: medium\"><i><b>Des formations adapt\u00e9es \u00e0 des situations exceptionnelles<\/b><\/i><\/span><\/span><\/p>\n<p align=\"JUSTIFY\"><span style=\"font-family: Arial, sans-serif\"><span style=\"font-size: medium\"> Depuis 1909, la Croix-Rouge dispense des formations sp\u00e9cifiques \u00e0 certaines situations. Ces formations sont \u00e0 l&rsquo;initiative de la SSBM qui se donne officiellement une nouvelle mission. En effet, la SSBM ne se concentre plus uniquement sur les bless\u00e9s de guerre mais cr\u00e9e des formations destin\u00e9es aux catastrophes naturelles.<\/span><\/span><\/p>\n<p align=\"JUSTIFY\"><span style=\"font-family: Arial, sans-serif\"><span style=\"font-size: medium\"> Elle met notamment en place ces formations en 1934, pour que les \u00e9quipes interviennent plus rapidement et efficacement lors de catastrophes. En 1936, l&rsquo;union de la SSBM, l&rsquo;ADF, l&rsquo;UFF, la F\u00e9d\u00e9ration A\u00e9ronautique et le Minist\u00e8re de l&rsquo;Air, cr\u00e9\u00e9e une formation d&rsquo;infirmi\u00e8res-pilotes et d&rsquo;infirmi\u00e8res-parachutistes. Les enseignements sp\u00e9ciaux d\u00e9livr\u00e9s dans cette formation permettent \u00e0 la SSBM, l&rsquo;ADF et l&rsquo;UFF d&rsquo;intervenir dans de nouvelles situations. En 1954, la Croix-Rouge fran\u00e7aise instaure une formation dont le but est de seconder les personnels du service de sant\u00e9 de l&rsquo;arm\u00e9e en temps de guerre. Les formations dispens\u00e9es par la Croix-Rouge tendent ainsi \u00e0 g\u00e9rer des situations de caract\u00e8re tr\u00e8s diff\u00e9rent.<\/span><\/span><\/p>\n<div dir=\"LTR\" id=\"Cadre11\">\n<p style=\"text-align: justify\" align=\"CENTER\"><span style=\"color: #000000\"><span style=\"font-family: Arial, sans-serif\"><span style=\"font-size: medium\">En 1982, la Croix-Rouge organise en outre des formations pour les volontaires aux missions internationales. Ces formations ont lieu lors des \u00ab\u00a0Journ\u00e9es pr\u00e9paratoires pour\u00a0<\/span><\/span><\/span><span style=\"font-family: Arial, sans-serif\"><span style=\"font-size: medium\"><span style=\"color: #000000\">les volontaires en missions humanitaires internationales\u00a0\u00bb (Site du CICR). Le Comit\u00e9 International de la Croix-Rouge (CICR) se charge \u00e9galement des formations humanitaires. En effet, en 1996, est cr\u00e9\u00e9 le cours H.E.L.P, qui a pour objectif de professionnaliser les collaborateurs charg\u00e9s d&rsquo;assistance humanitaire. Le cours H.E.L.P est r\u00e9alis\u00e9 au sein de chaque continent et touche environ 3 000 professionnels de la sant\u00e9 et membres d&rsquo;organisations internationales.<\/span><span style=\"color: #000000\">Le but de cette formation est de former aux activit\u00e9s de sant\u00e9 publique, \u00e0 l&rsquo;\u00e9thique, aux maladies transmissibles et \u00e0 l&rsquo;\u00e9pid\u00e9miologie. Le droit humanitaire et la s\u00e9curit\u00e9 sont aussi abord\u00e9s. La dur\u00e9e de cette formation est de deux semaines.<\/span><\/span><\/span><\/p>\n<figure id=\"attachment_2817\" aria-describedby=\"caption-attachment-2817\" style=\"width: 300px\" class=\"wp-caption aligncenter\"><a href=\"http:\/\/blogs.univ-jfc.fr\/projetcroixrouge\/wp-content\/uploads\/sites\/40\/2015\/03\/Formation-de-groupes-arm\u00e9s-au-droit-internation-et-aux-premiers-soins-au-Mali-Source-Site-du-CICR-Pour-II-b.jpg\"><img loading=\"lazy\" class=\"size-medium wp-image-2817 \" title=\"Formation au droit international et aux premiers secours d'un groupe arm\u00e9 au Mali en 2011. Clich\u00e9 CICR\" alt=\"Formation de groupes arm\u00e9s au Mali\" src=\"http:\/\/blogs.univ-jfc.fr\/projetcroixrouge\/wp-content\/uploads\/sites\/40\/2015\/03\/Formation-de-groupes-arm\u00e9s-au-droit-internation-et-aux-premiers-soins-au-Mali-Source-Site-du-CICR-Pour-II-b-300x168.jpg\" width=\"300\" height=\"168\" srcset=\"https:\/\/blogs.univ-jfc.fr\/projetcroixrouge\/wp-content\/uploads\/sites\/40\/2015\/03\/Formation-de-groupes-arm\u00e9s-au-droit-internation-et-aux-premiers-soins-au-Mali-Source-Site-du-CICR-Pour-II-b-300x168.jpg 300w, https:\/\/blogs.univ-jfc.fr\/projetcroixrouge\/wp-content\/uploads\/sites\/40\/2015\/03\/Formation-de-groupes-arm\u00e9s-au-droit-internation-et-aux-premiers-soins-au-Mali-Source-Site-du-CICR-Pour-II-b.jpg 730w\" sizes=\"(max-width: 300px) 100vw, 300px\" \/><\/a><figcaption id=\"caption-attachment-2817\" class=\"wp-caption-text\">Formation de groupes arm\u00e9s au Mali<\/figcaption><\/figure>\n<\/div>\n<p align=\"JUSTIFY\"><span style=\"font-family: Arial, sans-serif\"><span style=\"font-size: medium\"> Le CICR est aussi en relation avec le CINFO (Centre d&rsquo;Information, de Conseil\u00a0<\/span><\/span><span style=\"font-family: Arial, sans-serif\"><span style=\"font-size: medium\">et de Formation pour les Professions de la Coop\u00e9ration Internationale). Les professionnels du CICR peuvent donc \u00eatre form\u00e9s par le CINFO \u00e9tant donn\u00e9 que cette organisation organise des formations pour les m\u00e9tiers touchant l&rsquo;international. En outre, la Croix-Rouge met en place un stage d&rsquo;int\u00e9gration appel\u00e9 IMPACT dans le but d&rsquo;\u00eatre recrut\u00e9 pour des mission internationales. Cette formation dure 8 jours et \u00e9value la capacit\u00e9 de l&rsquo;individu \u00e0 faire face aux difficult\u00e9s des missions\u00a0: stress, travail d&rsquo;\u00e9quipe, vie en communaut\u00e9 et capacit\u00e9 \u00e0 aider le plus possible les populations dans le besoin. Ce stage ouvre la possibilit\u00e9 de travailler au sein du CICR, de la Croix-Rouge Fran\u00e7aise mais aussi de bien d&rsquo;autres organisations internationales essentiellement humanitaires.<\/span><\/span><\/p>\n<p align=\"JUSTIFY\"><span style=\"font-family: Arial, sans-serif\"><span style=\"font-size: medium\"> Durant les catastrophes mondiales, la Croix-Rouge est pr\u00e9sente sur tous les fronts (Camille Chardon, 2012). Elle apporte son aide aux populations dans le besoin, \u00e9galement aux autorit\u00e9s pour prendre en charge les victimes. La population est ainsi mise en s\u00e9curit\u00e9 gr\u00e2ce aux diverses formations propos\u00e9es aux membres b\u00e9n\u00e9voles, leur donnant une approche professionnelle.<\/span><\/span><\/p>\n","protected":false},"excerpt":{"rendered":"<p>Une large palette de formations Apr\u00e8s la guerre franco-prussienne de 1871, la France pr\u00e9pare sa revanche et promulgue un d\u00e9cret \u00e9manant du minist\u00e8re de la Guerre le 2 mars 1878. Il nomme officiellement la SSBM auxiliaire du service de sant\u00e9 de l&rsquo;arm\u00e9e. La SSBM a donc un nouvel objectif, celui de cr\u00e9er des formations pour &hellip; <a href=\"https:\/\/blogs.univ-jfc.fr\/projetcroixrouge\/formations-et-professions\/la-croix-rouge-et-ses-formations-2\/1213-2\/\" class=\"more-link\">Continuer la lecture de <span class=\"screen-reader-text\">La diversit\u00e9 des formations<\/span> <span class=\"meta-nav\">&rarr;<\/span><\/a><\/p>\n","protected":false},"author":154,"featured_media":0,"parent":59,"menu_order":2,"comment_status":"closed","ping_status":"open","template":"","meta":[],"_links":{"self":[{"href":"https:\/\/blogs.univ-jfc.fr\/projetcroixrouge\/wp-json\/wp\/v2\/pages\/1213"}],"collection":[{"href":"https:\/\/blogs.univ-jfc.fr\/projetcroixrouge\/wp-json\/wp\/v2\/pages"}],"about":[{"href":"https:\/\/blogs.univ-jfc.fr\/projetcroixrouge\/wp-json\/wp\/v2\/types\/page"}],"author":[{"embeddable":true,"href":"https:\/\/blogs.univ-jfc.fr\/projetcroixrouge\/wp-json\/wp\/v2\/users\/154"}],"replies":[{"embeddable":true,"href":"https:\/\/blogs.univ-jfc.fr\/projetcroixrouge\/wp-json\/wp\/v2\/comments?post=1213"}],"version-history":[{"count":16,"href":"https:\/\/blogs.univ-jfc.fr\/projetcroixrouge\/wp-json\/wp\/v2\/pages\/1213\/revisions"}],"predecessor-version":[{"id":3591,"href":"https:\/\/blogs.univ-jfc.fr\/projetcroixrouge\/wp-json\/wp\/v2\/pages\/1213\/revisions\/3591"}],"up":[{"embeddable":true,"href":"https:\/\/blogs.univ-jfc.fr\/projetcroixrouge\/wp-json\/wp\/v2\/pages\/59"}],"wp:attachment":[{"href":"https:\/\/blogs.univ-jfc.fr\/projetcroixrouge\/wp-json\/wp\/v2\/media?parent=1213"}],"curies":[{"name":"wp","href":"https:\/\/api.w.org\/{rel}","templated":true}]}}