{"id":1228,"date":"2015-03-11T18:04:28","date_gmt":"2015-03-11T17:04:28","guid":{"rendered":"http:\/\/blogs.univ-jfc.fr\/projetcroixrouge\/?page_id=1228"},"modified":"2015-03-24T11:56:18","modified_gmt":"2015-03-24T10:56:18","slug":"des-formations-en-perpetuelle-evolution-2","status":"publish","type":"page","link":"https:\/\/blogs.univ-jfc.fr\/projetcroixrouge\/formations-et-professions\/la-croix-rouge-et-ses-formations-2\/des-formations-en-perpetuelle-evolution-2\/","title":{"rendered":"Des formations en perp\u00e9tuelle \u00e9volution"},"content":{"rendered":"<p align=\"JUSTIFY\"><span style=\"font-family: Arial, sans-serif\"><span style=\"font-size: medium\"><i><b>La mise en place des formations<\/b><\/i><\/span><\/span><\/p>\n<p align=\"JUSTIFY\"><span style=\"font-family: Arial, sans-serif\"><span style=\"font-size: medium\"><span style=\"color: #000000\">L&rsquo;ambition de former le plus grand nombre aux comp\u00e9tences n\u00e9cessaires \u00e0 la r\u00e9alisation des missions de la Croix-Rouge n\u00e9cessite des moyens financiers consid\u00e9rables. Au d\u00e9but du XXI<\/span><span style=\"color: #000000\"><sup>e<\/sup><\/span><span style=\"color: #000000\"> si\u00e8cle, les moyens financiers sont de plus en plus cons\u00e9quents.<\/span><br \/>\nEn 2013, la Croix-Rouge fran\u00e7aise conserve 139,3 millions d&rsquo;euros au secteur d&rsquo;activit\u00e9 des formations. Le financement de l&rsquo;association<span style=\"color: #000000\">,<\/span> et donc celui des formation<span style=\"color: #000000\">s,<\/span> se fait par divers organismes. En effet, les \u00c9tats membres de la convention de Gen\u00e8ve, les soci\u00e9t\u00e9s nationales de la Croix-Rouge et du Croissant<span style=\"color: #ff0000\">,<\/span> ainsi que les organisations supranationales comme la Commission Europ\u00e9enne<span style=\"color: #ff0000\">,<\/span> contribuent fortement au financement des actions de la Croix-Rouge. De plus, les dons des particuliers et des entreprises marquent une part importante du financement. En tant que particulier et donateur pour la Croix-Rouge, un espace personnel est mis en place sur le site de la Croix-Rouge pour v\u00e9rifier l&rsquo;historique des dons tout en ayant un contact possible avec le service donateur de l&rsquo;association. En 2012, les dons du grand public s&rsquo;\u00e9levaient \u00e0 72 247K euros. Ces dons sont r\u00e9pertori\u00e9s en plusieurs cat\u00e9gories. Les dons affect\u00e9s (\u00e0 la demande du donateur, le dons est d\u00e9di\u00e9 \u00e0 une cause particuli\u00e8re) s&rsquo;\u00e9levaient \u00e0 5612K euros\u00a0; les dons non affect\u00e9s \u00e0 53 919K euros\u00a0; les legs et les donations \u00e0 13 534K euros (Site de la Croix-Rouge).<\/span><\/span><\/p>\n<p align=\"JUSTIFY\"><span style=\"font-family: Arial, sans-serif\"><span style=\"font-size: medium\">Ces fonds rassembl\u00e9s par la Croix-Rouge financent les formations des futurs formateurs et les dispositifs essentiels au bon fonctionnement des formations.<\/span><\/span><\/p>\n<p align=\"JUSTIFY\"><span style=\"font-family: Arial, sans-serif\"><span style=\"font-size: medium\"><i><b>Les formations de la Croix-Rouge\u00a0: un dispositif essentiel \u00e0 la population<\/b><\/i><\/span><\/span><\/p>\n<p align=\"JUSTIFY\"><span style=\"font-family: Arial, sans-serif\"><span style=\"font-size: medium\"> Avec la baisse <span style=\"color: #000000\">du nombre<\/span> de lits disponibles dans les h\u00f4pitaux, la Croix-Rouge devient un dispositif essentiel dans la prise en charge des individus. En effet, seule la Croix-Rouge peut former les individus aux risques quotidiens puisque l\u2019\u00c9tat manque de moyens et ne peut pas r\u00e9pondre \u00e0 toutes les demandes des individus. Par cons\u00e9quent, l\u2019\u00c9tat encourage les individus \u00e0 se former aupr\u00e8s de la Croix-Rouge fran\u00e7aise qui compte actuellement 18 000 salari\u00e9s dont 5 000 formateurs aux premiers secours.<\/span><\/span><\/p>\n<p align=\"JUSTIFY\"><span style=\"font-family: Arial, sans-serif\"><span style=\"font-size: medium\">De plus, la Croix-Rouge compte 52 000 b\u00e9n\u00e9voles (<em>Fr\u00e9d\u00e9ric Pineau, Jean-Jacques Eledjan, 2014<\/em>)\u00a0qui sont eux-m\u00eames form\u00e9s par la Croix-Rouge et ceux-ci forment le public aux formations les plus simples tel que la formation aux premiers secours.<\/span><\/span><\/p>\n<p align=\"JUSTIFY\"><span style=\"font-family: Arial, sans-serif\"><span style=\"font-size: medium\"> Parmi les formations les plus populaires, <span style=\"color: #000000\">il y a<\/span> la formation aux premiers secours.<span style=\"color: #000000\"> E<\/span>n moyenne 900 000 personnes sont form\u00e9es chaque ann\u00e9e dans ce domaine, ce qui<\/span><\/span><\/p>\n<figure id=\"attachment_1823\" aria-describedby=\"caption-attachment-1823\" style=\"width: 150px\" class=\"wp-caption alignright\"><a href=\"http:\/\/blogs.univ-jfc.fr\/projetcroixrouge\/wp-content\/uploads\/sites\/40\/2015\/03\/secourisme.png\"><img loading=\"lazy\" class=\"size-thumbnail wp-image-1823 \" title=\"Apprentissage des premiers gestes de secourisme \u00e0 la population parisienne en 2011.\" alt=\"\" src=\"http:\/\/blogs.univ-jfc.fr\/projetcroixrouge\/wp-content\/uploads\/sites\/40\/2015\/03\/secourisme-150x150.png\" width=\"150\" height=\"150\" \/><\/a><figcaption id=\"caption-attachment-1823\" class=\"wp-caption-text\">Formation aux gestes qui sauvent dans la ville de Paris<\/figcaption><\/figure>\n<p align=\"JUSTIFY\"><span style=\"font-family: Arial, sans-serif\"><span style=\"font-size: medium\">t\u00e9moigne de la prise de conscience de la population. Lors de cette formation, est \u00e9galement dispens\u00e9e la formation \u00ab\u00a0Pr\u00e9vention et Secours Civique de niveau 1\u00a0\u00bb avec l&rsquo;analyse des gestes \u00e0 ex\u00e9cuter suite \u00e0 l&rsquo;\u00e9vanouissement d&rsquo;une personne, une situation d&rsquo;\u00e9touffement ou de saignement abondant. Dans ce registre des premiers secours, existe aussi l&rsquo;\u00ab\u00a0Initiation \u00e0 la R\u00e9duction des Risques\u00a0\u00bb, lors de laquelle sont enseign\u00e9s les diff\u00e9rents r\u00e9flexes qu&rsquo;un individu doit avoir lors d&rsquo;une situation critique. Ces r\u00e9flexes peuvent \u00eatre d&rsquo;alerter les secours, d&rsquo;une fa\u00e7on bien pr\u00e9cise et d\u00e9taill\u00e9e, de pratiquer les premiers gestes de secours et \u00e9ventuellement de se servir du \u00ab\u00a0Catakit\u00a0\u00bb. Le \u00ab\u00a0Catakit\u00a0\u00bb est un outil indispensable \u00e0 toute personne souhaitant aider un individu bless\u00e9, ou se trouvant lui-m\u00eame dans une situation critique. Selon le rapport annuel de 2013, 63 146 personnes ont \u00e9t\u00e9 form\u00e9es au PSC1 (Pr\u00e9vention et Secours Civique de niveau 1), et 40 398 personnes ont \u00e9t\u00e9 initi\u00e9es aux premiers secours. On note \u00e9galement la mise en place de formations afin d&rsquo;aider les populations civiles du Proche-Orient depuis l&rsquo;engagement occidental sur ce th\u00e9\u00e2tre. L&rsquo;objectif est de former les individus aux premiers secours afin qu&rsquo;ils puissent r\u00e9aliser les gestes de sauvetage en cas d&rsquo;urgence. Ce genre de dispositif est mis en place dans de nombreux pays en difficult\u00e9s notamment la Syrie (Site du CICR), \u00e0 cause de la situation de guerre de 2011.<\/span><\/span><\/p>\n<p align=\"JUSTIFY\"><span style=\"font-family: Arial, sans-serif\"><span style=\"font-size: medium\"> La Croix-Rouge, cr\u00e9\u00e9e lors de la bataille de Solferino, apporte donc \u00e9galement une aide aux bless\u00e9s militaires. Elle joue un r\u00f4le primordial au sein des conflits, par exemple la guerre d&rsquo;Afghanistan de 1992 \u00e0 1996. Au d\u00e9but du XXI<sup>e<\/sup> si\u00e8cle, le CICR aide le Croissant-Rouge afghan en prenant en charge les d\u00e9tenus et en aidant les familles \u00e0 rester en contact. Elle assiste \u00e9galement les bless\u00e9s, les handicap\u00e9s et permet \u00e0 la population d&rsquo;avoir acc\u00e8s aux soins sanitaires. La Croix-Rouge pr\u00e9vient \u00e9galement les violations du droit international humanitaire (DIH).<\/span><\/span><\/p>\n<p align=\"JUSTIFY\"><span style=\"font-family: Arial, sans-serif\"><span style=\"font-size: medium\"> La Croix-rouge doit, en outre, faire face \u00e0 de nombreuses situations de catastrophes. En janvier 2014, \u00e0 Madagascar, la Croix-Rouge est intervenue suite \u00e0 une explosion mortelle qui a caus\u00e9 7 bless\u00e9s et 1 mort. Le CICR est intervenu en relation avec les b\u00e9n\u00e9voles de la Croix-Rouge de Madagascar (CRM). Les b\u00e9n\u00e9voles ont envoy\u00e9 les victimes dans les h\u00f4pitaux les plus proches, et ont su mettre en s\u00e9curit\u00e9 les individus.<\/span><\/span><\/p>\n<p align=\"JUSTIFY\"><span style=\"font-family: Arial, sans-serif\"><span style=\"font-size: medium\"> Le dernier th\u00e9\u00e2tre de la Croix-Rouge est le milieu scolaire. En effet, l\u2019\u00c9tat souhaite que tous les individus sachent r\u00e9agir en cas d&rsquo;urgence. C&rsquo;est donc \u00e0 partir du coll\u00e8ge que les \u00e9l\u00e8ves peuvent se former gr\u00e2ce \u00e0 l&rsquo;intervention de la Croix-Rouge dans les \u00e9tablissements scolaires (Site sante-gouv, Minist\u00e8re des affaire sociales). <span style=\"color: #000000\">Gr\u00e2ce \u00e0 cela, nous remarquons le poids de la Croix-rouge, v\u00e9ritable aide aux services publics et \u00e0 l\u2019\u00c9tat.<\/span><\/span><\/span><\/p>\n<p align=\"JUSTIFY\"><span style=\"font-family: Arial, sans-serif\"><span style=\"font-size: medium\"> De ce fait, les formations de la Croix-Rouge sont disponibles pour l&rsquo;ensemble de la populations et touchent des domaines tr\u00e8s vari\u00e9s. Le but de la Croix-Rouge \u00e9tant d&rsquo;initier un plus grand nombre aux risques d&rsquo;urgences.<\/span><\/span><\/p>\n","protected":false},"excerpt":{"rendered":"<p>La mise en place des formations L&rsquo;ambition de former le plus grand nombre aux comp\u00e9tences n\u00e9cessaires \u00e0 la r\u00e9alisation des missions de la Croix-Rouge n\u00e9cessite des moyens financiers consid\u00e9rables. Au d\u00e9but du XXIe si\u00e8cle, les moyens financiers sont de plus en plus cons\u00e9quents. En 2013, la Croix-Rouge fran\u00e7aise conserve 139,3 millions d&rsquo;euros au secteur d&rsquo;activit\u00e9 &hellip; <a href=\"https:\/\/blogs.univ-jfc.fr\/projetcroixrouge\/formations-et-professions\/la-croix-rouge-et-ses-formations-2\/des-formations-en-perpetuelle-evolution-2\/\" class=\"more-link\">Continuer la lecture de <span class=\"screen-reader-text\">Des formations en perp\u00e9tuelle \u00e9volution<\/span> <span class=\"meta-nav\">&rarr;<\/span><\/a><\/p>\n","protected":false},"author":154,"featured_media":0,"parent":59,"menu_order":3,"comment_status":"closed","ping_status":"open","template":"","meta":[],"_links":{"self":[{"href":"https:\/\/blogs.univ-jfc.fr\/projetcroixrouge\/wp-json\/wp\/v2\/pages\/1228"}],"collection":[{"href":"https:\/\/blogs.univ-jfc.fr\/projetcroixrouge\/wp-json\/wp\/v2\/pages"}],"about":[{"href":"https:\/\/blogs.univ-jfc.fr\/projetcroixrouge\/wp-json\/wp\/v2\/types\/page"}],"author":[{"embeddable":true,"href":"https:\/\/blogs.univ-jfc.fr\/projetcroixrouge\/wp-json\/wp\/v2\/users\/154"}],"replies":[{"embeddable":true,"href":"https:\/\/blogs.univ-jfc.fr\/projetcroixrouge\/wp-json\/wp\/v2\/comments?post=1228"}],"version-history":[{"count":14,"href":"https:\/\/blogs.univ-jfc.fr\/projetcroixrouge\/wp-json\/wp\/v2\/pages\/1228\/revisions"}],"predecessor-version":[{"id":3592,"href":"https:\/\/blogs.univ-jfc.fr\/projetcroixrouge\/wp-json\/wp\/v2\/pages\/1228\/revisions\/3592"}],"up":[{"embeddable":true,"href":"https:\/\/blogs.univ-jfc.fr\/projetcroixrouge\/wp-json\/wp\/v2\/pages\/59"}],"wp:attachment":[{"href":"https:\/\/blogs.univ-jfc.fr\/projetcroixrouge\/wp-json\/wp\/v2\/media?parent=1228"}],"curies":[{"name":"wp","href":"https:\/\/api.w.org\/{rel}","templated":true}]}}