{"id":130,"date":"2015-01-14T09:13:01","date_gmt":"2015-01-14T08:13:01","guid":{"rendered":"http:\/\/blogs.univ-jfc.fr\/projetcroixrouge\/?page_id=130"},"modified":"2015-03-30T09:45:52","modified_gmt":"2015-03-30T08:45:52","slug":"mettre-en-marche-des-benevoles","status":"publish","type":"page","link":"https:\/\/blogs.univ-jfc.fr\/projetcroixrouge\/la-croix-rouge-tarnaise-des-hommes-et-des-femmes\/mettre-en-marche-des-benevoles\/","title":{"rendered":"Former des b\u00e9n\u00e9voles dans le Tarn"},"content":{"rendered":"<p align=\"justify\">Le <a title=\"Contexte initial de la formation tarnaise\" href=\"http:\/\/blogs.univ-jfc.fr\/projetcroixrouge\/formations-et-professions\/former-des-benevoles\/contexte-initial-de-la-formation-tarnaise\/\">contexte initial\u00a0<\/a>de la mise en place des formations de la Croix-Rouge dans le Tarn souffre d\u2019un manque d\u2019archives. En effet, tr\u00e8s peu de sources \u00e9crites, iconographiques ou orales renseignent sur les formations dispens\u00e9es par l\u2019organisation dans le d\u00e9partement. Dans les premi\u00e8res heures du XX<sup>e<\/sup>\u00a0si\u00e8cle on peut imaginer que ces premi\u00e8res \u00ab\u00a0formations\u00a0\u00bb ont \u00e9t\u00e9 donn\u00e9es \u00ab\u00a0sur le tas\u00a0\u00bb, au fur et \u00e0 mesure des interventions de la Croix-Rouge. C\u2019est dans ce contexte que na\u00eet la notion de b\u00e9n\u00e9volat, qui conna\u00eetra une \u00e9volution tout \u00e0 fait originale tout au long du si\u00e8cle puisqu\u2019il s\u2019agira, de plus en plus, d\u2019un b\u00e9n\u00e9volat tr\u00e8s professionnel \u2026<\/p>\n<figure id=\"attachment_1411\" aria-describedby=\"caption-attachment-1411\" style=\"width: 300px\" class=\"wp-caption aligncenter\"><a href=\"http:\/\/blogs.univ-jfc.fr\/projetcroixrouge\/wp-content\/uploads\/sites\/40\/2015\/03\/p-HIS0002.jpg\"><img loading=\"lazy\" class=\"size-medium wp-image-1411    \" title=\"Les archives de la f\u00e9d\u00e9ration internationale des soci\u00e9t\u00e9s de la Croix-Rouge et du Croissant-Rouge (Photo: irfc.org)\" alt=\"Des brancardiers b\u00e9n\u00e9voles de la Croix-Rouge fran\u00e7aise transportant un bless\u00e9, \u00e0 l'arri\u00e8re, pendant la grande guerre (1914-1918), une des premi\u00e8res interventions de la Croix-Rouge. (Photo: irfc.org)\" src=\"http:\/\/blogs.univ-jfc.fr\/projetcroixrouge\/wp-content\/uploads\/sites\/40\/2015\/03\/p-HIS0002-300x161.jpg\" width=\"300\" height=\"161\" srcset=\"https:\/\/blogs.univ-jfc.fr\/projetcroixrouge\/wp-content\/uploads\/sites\/40\/2015\/03\/p-HIS0002-300x161.jpg 300w, https:\/\/blogs.univ-jfc.fr\/projetcroixrouge\/wp-content\/uploads\/sites\/40\/2015\/03\/p-HIS0002.jpg 464w\" sizes=\"(max-width: 300px) 100vw, 300px\" \/><\/a><figcaption id=\"caption-attachment-1411\" class=\"wp-caption-text\">Des brancardiers b\u00e9n\u00e9voles de la Croix-Rouge (1914-1918)<\/figcaption><\/figure>\n<p style=\"text-align: justify\">A partir des ann\u00e9es 1960 et jusqu\u2019aux ann\u00e9es 2000, les formations de la Croix-Rouge connaissent <a title=\"Structuration des ann\u00e9es 1960\" href=\"http:\/\/blogs.univ-jfc.fr\/projetcroixrouge\/formations-et-professions\/former-des-benevoles\/structuration-des-annees-1960\/\">une meilleure structuration<\/a>, autour des centres albigeois et r\u00e9almontais. L\u2019abb\u00e9 Caminade, alors contact\u00e9 par l\u2019association, devient un point d\u2019appui essentiel de diffusion de\u00a0formations plus adapt\u00e9es au grand nombre et surtout toujours plus sp\u00e9cialis\u00e9es. Le b\u00e9n\u00e9volat se diversifie alors, tout en prenant un tour de plus en plus professionnel, gr\u00e2ce \u00e0 la multiplication des formations et \u00e0 la qualification des formateurs.<\/p>\n<figure id=\"attachment_881\" aria-describedby=\"caption-attachment-881\" style=\"width: 300px\" class=\"wp-caption aligncenter\"><a href=\"http:\/\/blogs.univ-jfc.fr\/projetcroixrouge\/wp-content\/uploads\/sites\/40\/2015\/03\/263_001.jpg\"><img loading=\"lazy\" class=\"size-medium wp-image-881 \" title=\"Carte postale de la caserne Lap\u00e9rouse d'Albi vers 1910 (actuelle universit\u00e9 Champollion)\" alt=\"Carte postale de la caserne Lap\u00e9rouse d'Albi vers 1910, o\u00f9 se d\u00e9roulaient des formations de b\u00e9n\u00e9voles, actuelle universit\u00e9 Champollion.\" src=\"http:\/\/blogs.univ-jfc.fr\/projetcroixrouge\/wp-content\/uploads\/sites\/40\/2015\/03\/263_001-300x195.jpg\" width=\"300\" height=\"195\" srcset=\"https:\/\/blogs.univ-jfc.fr\/projetcroixrouge\/wp-content\/uploads\/sites\/40\/2015\/03\/263_001-300x195.jpg 300w, https:\/\/blogs.univ-jfc.fr\/projetcroixrouge\/wp-content\/uploads\/sites\/40\/2015\/03\/263_001.jpg 1020w\" sizes=\"(max-width: 300px) 100vw, 300px\" \/><\/a><figcaption id=\"caption-attachment-881\" class=\"wp-caption-text\">La caserne Lap\u00e9rouse d&rsquo;Albi vers 1910, lieu de formation des b\u00e9n\u00e9voles<\/figcaption><\/figure>\n<p style=\"text-align: justify\">Le XXI<sup>e<\/sup>\u00a0si\u00e8cle est plus largement porteur de nouvelles technologies, les formations de la Croix-Rouge vont donc en b\u00e9n\u00e9ficier\u00a0<a title=\"Des b\u00e9n\u00e9voles professionnalis\u00e9s depuis les ann\u00e9es 2000\" href=\"http:\/\/blogs.univ-jfc.fr\/projetcroixrouge\/la-croix-rouge-tarnaise-hommes-et-institutions\/mettre-en-marche-des-benevoles\/former-des-benevoles\/des-benevoles-professionnalises-depuis-les-annees-2000\/\">en se modernisant dans les ann\u00e9es 2000<\/a>. Elles se sp\u00e9cialisent et deviennent plus compl\u00e8tes, apportant aux b\u00e9n\u00e9voles un niveau de comp\u00e9tences professionnelles de plus en plus \u00e9lev\u00e9, indispensable pour mener \u00e0 bien les missions confi\u00e9es \u00e0 la Croix-Rouge.<\/p>\n<p>&nbsp;<\/p>\n<figure id=\"attachment_1009\" aria-describedby=\"caption-attachment-1009\" style=\"width: 300px\" class=\"wp-caption aligncenter\"><a href=\"http:\/\/blogs.univ-jfc.fr\/projetcroixrouge\/wp-content\/uploads\/sites\/40\/2015\/03\/image-modernisation.jpg\"><img loading=\"lazy\" class=\"size-medium wp-image-1009   \" title=\"A l'\u00e9cole du Gu\u00e9rissa (Lannemezan) le 5 mai 2009, La Depeche.fr\" alt=\"Un cours de sensibilisation pour des \u00e9l\u00e8ves du primaire. (Photo: croix-rouge.fr)\" src=\"http:\/\/blogs.univ-jfc.fr\/projetcroixrouge\/wp-content\/uploads\/sites\/40\/2015\/03\/image-modernisation-300x204.jpg\" width=\"300\" height=\"204\" srcset=\"https:\/\/blogs.univ-jfc.fr\/projetcroixrouge\/wp-content\/uploads\/sites\/40\/2015\/03\/image-modernisation-300x204.jpg 300w, https:\/\/blogs.univ-jfc.fr\/projetcroixrouge\/wp-content\/uploads\/sites\/40\/2015\/03\/image-modernisation.jpg 850w\" sizes=\"(max-width: 300px) 100vw, 300px\" \/><\/a><figcaption id=\"caption-attachment-1009\" class=\"wp-caption-text\">Un cours de sensibilisation pour des \u00e9l\u00e8ves du primaire<\/figcaption><\/figure>\n<p><strong>Etudiants<\/strong> : Lucas Rivet (L2), Julien Triaire (L2), C\u00e9dric Rousseau (L1), Mathieu Vivien (L1), Gautier Sicart (L1).<\/p>\n<p>&nbsp;<\/p>\n","protected":false},"excerpt":{"rendered":"<p>Le contexte initial\u00a0de la mise en place des formations de la Croix-Rouge dans le Tarn souffre d\u2019un manque d\u2019archives. En effet, tr\u00e8s peu de sources \u00e9crites, iconographiques ou orales renseignent sur les formations dispens\u00e9es par l\u2019organisation dans le d\u00e9partement. Dans les premi\u00e8res heures du XXe\u00a0si\u00e8cle on peut imaginer que ces premi\u00e8res \u00ab\u00a0formations\u00a0\u00bb ont \u00e9t\u00e9 donn\u00e9es &hellip; <a href=\"https:\/\/blogs.univ-jfc.fr\/projetcroixrouge\/la-croix-rouge-tarnaise-des-hommes-et-des-femmes\/mettre-en-marche-des-benevoles\/\" class=\"more-link\">Continuer la lecture de <span class=\"screen-reader-text\">Former des b\u00e9n\u00e9voles dans le Tarn<\/span> <span class=\"meta-nav\">&rarr;<\/span><\/a><\/p>\n","protected":false},"author":19,"featured_media":0,"parent":1045,"menu_order":4,"comment_status":"closed","ping_status":"open","template":"","meta":[],"_links":{"self":[{"href":"https:\/\/blogs.univ-jfc.fr\/projetcroixrouge\/wp-json\/wp\/v2\/pages\/130"}],"collection":[{"href":"https:\/\/blogs.univ-jfc.fr\/projetcroixrouge\/wp-json\/wp\/v2\/pages"}],"about":[{"href":"https:\/\/blogs.univ-jfc.fr\/projetcroixrouge\/wp-json\/wp\/v2\/types\/page"}],"author":[{"embeddable":true,"href":"https:\/\/blogs.univ-jfc.fr\/projetcroixrouge\/wp-json\/wp\/v2\/users\/19"}],"replies":[{"embeddable":true,"href":"https:\/\/blogs.univ-jfc.fr\/projetcroixrouge\/wp-json\/wp\/v2\/comments?post=130"}],"version-history":[{"count":19,"href":"https:\/\/blogs.univ-jfc.fr\/projetcroixrouge\/wp-json\/wp\/v2\/pages\/130\/revisions"}],"predecessor-version":[{"id":3544,"href":"https:\/\/blogs.univ-jfc.fr\/projetcroixrouge\/wp-json\/wp\/v2\/pages\/130\/revisions\/3544"}],"up":[{"embeddable":true,"href":"https:\/\/blogs.univ-jfc.fr\/projetcroixrouge\/wp-json\/wp\/v2\/pages\/1045"}],"wp:attachment":[{"href":"https:\/\/blogs.univ-jfc.fr\/projetcroixrouge\/wp-json\/wp\/v2\/media?parent=130"}],"curies":[{"name":"wp","href":"https:\/\/api.w.org\/{rel}","templated":true}]}}