{"id":1310,"date":"2015-03-19T10:26:51","date_gmt":"2015-03-19T09:26:51","guid":{"rendered":"http:\/\/blogs.univ-jfc.fr\/projetcroixrouge\/?page_id=1310"},"modified":"2015-04-04T08:13:40","modified_gmt":"2015-04-04T07:13:40","slug":"retour-sur-levolution-du-profil-des-benevoles-depuis-sa-creation","status":"publish","type":"page","link":"https:\/\/blogs.univ-jfc.fr\/projetcroixrouge\/la-croix-rouge-tarnaise-des-hommes-et-des-femmes\/les-benevoles-de-la-croix-rouge-tarnaise-2\/retour-sur-levolution-du-profil-des-benevoles-depuis-sa-creation\/","title":{"rendered":"Retour sur l&rsquo;\u00e9volution du profil des b\u00e9n\u00e9voles depuis sa cr\u00e9ation"},"content":{"rendered":"<p align=\"JUSTIFY\">\u00a0<span style=\"color: #000000\"><span style=\"font-family: Arial,sans-serif\"><span style=\"font-size: medium\">Le b\u00e9n\u00e9volat a toujours \u00e9t\u00e9 un \u00e9l\u00e9ment essentiel au sein de la Croix-Rouge. Depuis sa cr\u00e9ation, l&rsquo;association a toujours b\u00e9n\u00e9fici\u00e9 du d\u00e9vouement de ses adh\u00e9rents, mais ces b\u00e9n\u00e9voles ont chang\u00e9 au fil du temps, arborant une identit\u00e9 diff\u00e9rente selon les \u00e9poques. Cette \u00e9volution est le r\u00e9sultat de conflits, de crises, de changements des mentalit\u00e9s ainsi que des habitudes sociales. Quelle est l&rsquo;\u00e9volution du profil du b\u00e9n\u00e9vole de la Croix-Rouge depuis la cr\u00e9ation de cette derni\u00e8re\u00a0?<\/span><\/span><\/span><\/p>\n<p align=\"JUSTIFY\"><strong><span style=\"color: #000000\"> <span style=\"font-family: Arial,sans-serif\"><span style=\"font-size: medium\">\u00c0 l&rsquo;origine, les b\u00e9n\u00e9voles sont des aristocrates.<\/span><\/span><\/span><\/strong><\/p>\n<p align=\"JUSTIFY\"><span style=\"color: #000000\"><span style=\"font-family: Arial,sans-serif\"><span style=\"font-size: medium\"> \u00c0 la cr\u00e9ation de la Croix-Rouge, les b\u00e9n\u00e9voles sont principalement issus de l&rsquo;aristocratie. <\/span><\/span><\/span><span style=\"font-family: Arial,sans-serif\"><span style=\"font-size: medium\"><span style=\"color: #000000\">Henri Dunant fut le premier b\u00e9n\u00e9vole de la Croix Rouge, en 1859, lors de la bataille de Solf\u00e9rino, et sa <\/span><span style=\"color: #000000\">d\u00e9solation face au triste sort r\u00e9serv\u00e9 aux bless\u00e9s militaires l&rsquo;a d\u00e9cid\u00e9 \u00e0 intervenir. D\u00e8s le d\u00e9part, son action humanitaire ne fut point solitaire, des civils se sont joints \u00e0 lui pour aider ces soldats. On y retrouve des aristocrates, et des personnalit\u00e9s<\/span><span style=\"color: #000000\"> comme le chocolatier Philippe Suchard ou le m\u00e9decin<a title=\"Louis Appia\" href=\"http:\/\/blogs.univ-jfc.fr\/projetcroixrouge\/la-croix-rouge-tarnaise-des-hommes-et-des-femmes\/les-benevoles-de-la-croix-rouge-tarnaise-2\/louis-appia\/\" target=\"_blank\"> Louis Appia<\/a><\/span><span style=\"color: #000000\">. <\/span><\/span><\/span><\/p>\n<p align=\"JUSTIFY\"><span style=\"font-family: Arial,sans-serif\"><span style=\"font-size: medium\"><span style=\"color: #000000\">En 1870, \u00e0 l&rsquo;entr\u00e9e en guerre de la France contre la Prusse, 400 comit\u00e9s de b\u00e9n\u00e9voles sont cr\u00e9\u00e9s sur l&rsquo;ensemble du territoire fran\u00e7ais. Par des personnalit\u00e9s locales, des r\u00e9seaux solides se mettent en place et les volontaires sont au rendez-vous. Parmi eux, beaucoup de pr\u00eatres et de m\u00e9decins<\/span><span style=\"color: #000000\"> sont pr\u00eats \u00e0 faire ce qu&rsquo;on leur demande, m\u00eame sans b\u00e9n\u00e9ficier d&rsquo;aucune formation de la part de la SSBM &#8211; <\/span><span style=\"color: #000000\">Soci\u00e9t\u00e9 de Secours aux Bless\u00e9s Militaires<\/span><span style=\"color: #000000\">.<\/span><span style=\"color: #000000\"> De nombreux h\u00f4pitaux et ambulances sont pr\u00e9vus et la nation est reconnaissante de l&rsquo;implication de la Croix-Rouge. <\/span><\/span><\/span><\/p>\n<p align=\"JUSTIFY\"><span style=\"font-family: Arial,sans-serif\"><span style=\"font-size: medium\"><span style=\"color: #000000\">Des <a title=\"Les femmes de la Croix-Rouge\" href=\"http:\/\/blogs.univ-jfc.fr\/projetcroixrouge\/la-croix-rouge-tarnaise-des-hommes-et-des-femmes\/les-femmes-de-la-croix-rouge\/\" target=\"_blank\">femmes se sont vites engag\u00e9es<\/a> aussi, un Comit\u00e9 des Dames existait d\u00e9j\u00e0 et les membres <\/span><span style=\"color: #000000\">venaient pour la plupart d&rsquo;une cat\u00e9gorie ais\u00e9e de la soci\u00e9t\u00e9 &#8211; aristocratie, grande bourgeoisie&#8230; Durant le conflit, elles devaient principalement soigner les bless\u00e9s dans les ambulances, mais par manque de connaissances, elles commettaient parfois des erreurs. Elles insistent alors sur la cr\u00e9ation d&rsquo;un enseignement sanitaire du fait qu&rsquo;il manque des hommes b\u00e9n\u00e9voles et que les soins apport\u00e9s sont lacunaires. Mais au lendemain de 1870, la SSBM refuse. Dans la France militaris\u00e9e du XIX<\/span><span style=\"color: #000000\"><sup>e<\/sup><\/span><span style=\"color: #000000\"> si\u00e8cle, il n&rsquo;\u00e9tait pas souhait\u00e9 que des femmes interviennent en tant qu\u2019auxiliaires de l&rsquo;arm\u00e9e. Suite \u00e0 ce refus de reconnaissance, les femmes cr\u00e9ent, en 1879, l\u2019ADF &#8211; L&rsquo;Association des Dames Fran\u00e7aises -, puis L&rsquo;UFF &#8211; l&rsquo;Union des femmes de France &#8211; en 1881. Ainsi, les premi\u00e8res formations d\u2019infirmi\u00e8res <\/span><span style=\"color: #000000\">vont \u00eatre cr\u00e9\u00e9<\/span><span style=\"color: #000000\">e<\/span><span style=\"color: #000000\">s et<\/span><span style=\"color: #000000\"> celles-ci permettront d&rsquo;avoir des personnes qualifi\u00e9es dans les h\u00f4pitaux militaires pendant la guerre de 1914-1918.<\/span><\/span><\/span><\/p>\n<p align=\"JUSTIFY\"><span style=\"font-family: Arial,sans-serif\"><span style=\"font-size: medium\"><span style=\"color: #000000\">C&rsquo;est durant<\/span> la Premi\u00e8re Guerre mondiale que le travail des femmes va \u00eatre reconnu en tant que b\u00e9n\u00e9vole. Elles sont nombreuses \u00e0 \u00eatre infirmi\u00e8res dans les h\u00f4pitaux militaires, certaines vont devenir des ic\u00f4nes populaires faisant preuve de courage et de d\u00e9vouement dans leurs missions. <span style=\"color: #000000\">\u00c0 cela s&rsquo;ajoute \u00e9galement un renouvellement social au sein de l&rsquo;institution, des femmes de milieux plus modestes commencent \u00e0 s&rsquo;engager aux c\u00f4t\u00e9s des femmes de milieux ais\u00e9s, apr\u00e8s la guerre. <\/span><\/span><\/span><\/p>\n<p align=\"JUSTIFY\"><strong><span style=\"font-family: Arial,sans-serif\"><span style=\"font-size: medium\">\u00c0 partir de 1940, l&rsquo;acc\u00e8s au b\u00e9n\u00e9volat se d\u00e9mocratise\u00a0: toutes les classes sont repr\u00e9sent\u00e9es.<\/span><\/span><\/strong><\/p>\n<p align=\"JUSTIFY\"><span style=\"color: #000000\"><span style=\"font-family: Arial,sans-serif\"><span style=\"font-size: medium\"> C&rsquo;est ainsi \u00e0 partir de 1940 que l&rsquo;acc\u00e8s au b\u00e9n\u00e9volat se d\u00e9mocratise. Toutes les classes sociales, des plus ais\u00e9es aux plus modestes, sont repr\u00e9sent\u00e9es et il y a la parit\u00e9 homme-femme.<\/span><\/span><\/span><\/p>\n<p align=\"JUSTIFY\"><span style=\"color: #000000\"><span style=\"font-family: Arial,sans-serif\"><span style=\"font-size: medium\">Les raisons de cette d\u00e9mocratisation de l\u2019acc\u00e8s au b\u00e9n\u00e9volat sont multiples\u00a0:<\/span><\/span><\/span><\/p>\n<figure style=\"width: 153px\" class=\"wp-caption alignleft\"><a href=\"http:\/\/blogs.univ-jfc.fr\/projetcroixrouge\/wp-content\/uploads\/sites\/40\/2015\/03\/La-Croix-Rouge-francaise-et-les-prisonniers-de-guerre_large.jpg\"><img loading=\"lazy\" alt=\"\" src=\"http:\/\/blogs.univ-jfc.fr\/projetcroixrouge\/wp-content\/uploads\/sites\/40\/2015\/03\/La-Croix-Rouge-francaise-et-les-prisonniers-de-guerre_large-212x300.jpg\" width=\"153\" height=\"216\" \/><\/a><figcaption class=\"wp-caption-text\"><a href=\"http:\/\/sites.croix-rouge.fr\/sites\/expo-affiches\/affiche.php?menu=1_1&amp;affiche=001\" target=\"_blank\">Affiche de propagande<\/a> de la Croix-Rouge de 1943<\/figcaption><\/figure>\n<p align=\"JUSTIFY\"><span style=\"color: #000000\"><span style=\"font-family: Arial,sans-serif\"><span style=\"font-size: medium\">-Un grand mouvement de solidarit\u00e9 national s&rsquo;est manifest\u00e9 dans l\u2019hexagone suite \u00e0 la d\u00e9faite brutale de 1940. Dans cette France du r\u00e9gime de Vichy, on assiste d\u00e8s lors \u00e0 l&rsquo;unification des trois soci\u00e9t\u00e9s qui composaient la Croix-Rouge depuis sa cr\u00e9ation, \u00e0 savoir la SSBM, l&rsquo;ADF et l&rsquo;UFF. <\/span><\/span><\/span><span style=\"font-family: Arial,sans-serif\"><span style=\"font-size: medium\"><span style=\"color: #000000\">L<\/span><span style=\"color: #000000\">a Croix-Rouge, d\u00e9sormais en un seul bloc, commence \u00e0 intervenir <\/span><span style=\"color: #000000\">aupr\u00e8s des prisonniers d<\/span><\/span><\/span><span style=\"font-family: Arial,sans-serif\"><span style=\"font-size: medium\"><span style=\"color: #000000\">e guerre. \u00c9tant<\/span><span style=\"color: #000000\"> la seule mandat\u00e9e pour intervenir sur le plan international &#8211; <\/span><\/span><\/span><span style=\"font-family: Arial,sans-serif\"><span style=\"font-size: medium\"><span style=\"color: #000000\">d&rsquo;apr\u00e8s<\/span><span style=\"color: #000000\">\u00a0<\/span><span style=\"color: #000000\">l\u2019instruction relative \u00e0 la coordination des secours aux <\/span><\/span><\/span><span style=\"font-family: Arial,sans-serif\"><span style=\"font-size: medium\"><span style=\"color: #000000\">prisonniers de <\/span><\/span><\/span><span style=\"font-family: Arial,sans-serif\"><span style=\"font-size: medium\"><span style=\"color: #000000\">guerre du 31 octobre 1940 &#8211;<\/span><span style=\"color: #000000\">, la Croix-Rouge <\/span><span style=\"color: #000000\">f<\/span><span style=\"color: #000000\">ran\u00e7aise peut venir en aide aux 1,8 millions de soldats Fran\u00e7ais d\u00e9tenus en Allemagne par l\u2019envoi de colis leur transmettant des message<\/span><span style=\"color: #000000\">s<\/span><span style=\"color: #000000\"> familiaux pour maintenir le<\/span><span style=\"color: #000000\">ur<\/span><span style=\"color: #000000\"> moral. <\/span><span style=\"color: #000000\">Tous les Fran\u00e7ais sont alors encourag\u00e9s \u00e0 participer en confectionnant des colis pour ces prisonniers. La <\/span><\/span><\/span><span style=\"font-family: Arial,sans-serif\"><span style=\"font-size: medium\"><span style=\"color: #000000\">Croix-Rouge vient \u00e9galement en soutien &#8211; <\/span><span style=\"color: #000000\">soins, aide alimentaire, action sociale &#8211; <\/span><span style=\"color: #000000\">aux populations civiles en <\/span><span style=\"color: #000000\">difficult\u00e9<\/span><span style=\"color: #000000\">. <\/span>Les Fran\u00e7ais sont mobilis\u00e9s plus que jamais durant cette dure p\u00e9riode d&rsquo;occupation.<\/span><\/span><\/p>\n<p align=\"JUSTIFY\"><span style=\"font-family: Arial,sans-serif\"><span style=\"font-size: medium\"><span style=\"color: #000000\">&#8211; L&rsquo;apparition d&rsquo;une nouvelle activit\u00e9, le secourisme. M\u00eame si celle-ci existait d\u00e9j\u00e0, elle ne se limitait qu&rsquo;\u00e0 l&rsquo;enseignement des premiers soins et des gestes d&rsquo;hygi\u00e8nes. C&rsquo;est durant la Seconde Guerre mondiale que des \u00e9quipes de secourisme sont <\/span><span style=\"color: #000000\">cr\u00e9\u00e9es<\/span><span style=\"color: #000000\"> et form\u00e9es. Leurs missions \u00e9taient d&rsquo;\u00e9vacuer les survivants, de d\u00e9gager les bless\u00e9s, et de leur procurer les premiers soins. Les interventions s\u2019encha\u00eenent et deviennent alors un bon moyen pour la Croix-Rouge de<\/span><span style=\"color: #000000\"> faire conna\u00eetre son action \u00e0 la population. Ses dirigeants souhaitent un recrutement plus massif, davantage d\u2019interactions entre b\u00e9n\u00e9voles pour en finir avec les distinctions sociales et un apprentissage des premiers gestes de secours au plus grand nombre. C&rsquo;est \u00ab l\u2019esprit Croix-Rouge \u00bb. \u00c0 la Lib\u00e9ration, 60\u00a0000 secouristes dipl\u00f4m\u00e9s assurent un service permanent, ce qui repr\u00e9sente ainsi l&rsquo;essentiel des effectifs. <\/span><\/span><\/span><\/p>\n<p align=\"JUSTIFY\"><span style=\"color: #000000\"><span style=\"font-family: Arial,sans-serif\"><span style=\"font-size: medium\">&#8211; Le temps libre suppl\u00e9mentaire dont b\u00e9n\u00e9ficie la plupart des Fran\u00e7ais depuis la cr\u00e9ation des 40\u00a0heures en 1936. En effet, la majeure partie de la population \u00ab\u00a0travaille de 10 \u00e0 12 heures par jour\u00a0\u00bb et 6 jours sur 7, \u00e0 cela s&rsquo;ajoute l&rsquo;apparition des cong\u00e9s pay\u00e9s. \u00c0 pr\u00e9sent, tout comme les aristocrates, les classes populaires peuvent consacrer du temps aux loisirs et faire partie d&rsquo;une association. Pour la Croix-Rouge, le nombre d\u2019adh\u00e9rents passe de 307\u00a0000 en 1941 \u00e0 plus d&rsquo;un million en 1943. <\/span><\/span><\/span><\/p>\n<p align=\"JUSTIFY\"><span style=\"font-family: Arial,sans-serif\"><span style=\"font-size: medium\"><span style=\"color: #000000\">L&rsquo;association b\u00e9n\u00e9ficie d&rsquo;une bonne <\/span><span style=\"color: #000000\">notori\u00e9t\u00e9<\/span><span style=\"color: #000000\"> aupr\u00e8s des Fran\u00e7ais, comme le confirme cette enqu\u00eate de l\u2019Office Dourdin qui \u00ab\u00a0montre que 93\u00a0% des personnes interrog\u00e9es connaissent la Croix-Rouge fran\u00e7aise et que 24\u00a0% se d\u00e9clarent pr\u00eates \u00e0 faire quelque chose pour elle\u00a0\u00bb. <\/span><\/span><\/span><\/p>\n<p align=\"JUSTIFY\">\u00a0<strong><span style=\"color: #000000\"><span style=\"font-family: Arial,sans-serif\"><span style=\"font-size: medium\">\u00c0 partir de 1970, les b\u00e9n\u00e9voles appartiennent aux classes moyennes.<\/span><\/span><\/span><\/strong><\/p>\n<p align=\"JUSTIFY\"><span style=\"color: #000000\"><span style=\"font-family: Arial,sans-serif\"><span style=\"font-size: medium\"> \u00c0 partir de 1970, les b\u00e9n\u00e9voles appartiennent plut\u00f4t aux classes moyennes. Les aristocrates vont peu \u00e0 peu s&rsquo;\u00e9loigner du b\u00e9n\u00e9volat. La jeunesse, elle, s&rsquo;engage de plus en plus dans les ann\u00e9es 1950 mais n&rsquo;est pas toujours appr\u00e9ci\u00e9e par les anciennes familles. Le pr\u00e9sident de la Croix-Rouge, Andr\u00e9 Fran\u00e7ois-Poncet donne raison aux jeunes et propose de refuser les pr\u00e9jug\u00e9s et l\u2019int\u00e9grisme. <\/span><\/span><\/span><\/p>\n<p align=\"JUSTIFY\"><span style=\"color: #000000\"><span style=\"font-family: Arial,sans-serif\"><span style=\"font-size: medium\">La d\u00e9mocratisation du b\u00e9n\u00e9volat a certes permis d&rsquo;attirer de nombreux volontaires, mais celle-ci va amener peu \u00e0 peu certaines familles b\u00e9n\u00e9voles pr\u00e9sentes depuis la cr\u00e9ation de la Croix-Rouge \u00e0 s&rsquo;en \u00e9loigner. Cet \u00e9loignement peut s&rsquo;expliquer par le choix de l&rsquo;association de moins se concentrer sur l&rsquo;aide aux militaires et d&rsquo;essayer plut\u00f4t de r\u00e9gler les probl\u00e8mes sociaux &#8211; famille, aide aux immigr\u00e9s, handicap\u00e9s, personnes \u00e2g\u00e9es, repris de justice&#8230; La Croix-Rouge d\u00e9veloppe l&rsquo;activit\u00e9 \u00ab\u00a0Actions sociales\u00a0\u00bb. La Croix-Rouge est par la suite davantage \u00e0 l&rsquo;\u00e9coute des b\u00e9n\u00e9voles et va s&rsquo;assurer qu&rsquo;ils \u0153uvrent dans une activit\u00e9 qui leur corresponde. Par exemple, lors des manifestations de mai 1968, des \u00e9quipes de secouristes de la Croix-Rouge \u00e9taient pr\u00e9sentes parmi les \u00e9tudiants et les ouvriers et avaient comme eux des revendications sociales.<\/span><\/span><\/span><\/p>\n<p align=\"JUSTIFY\"><span style=\"color: #000000\"><span style=\"font-family: Arial,sans-serif\"><span style=\"font-size: medium\">\u00c0 la fin des ann\u00e9es 1960 et au d\u00e9but des ann\u00e9es 1970, la \u00ab crise de la jeunesse \u00bb secoue la soci\u00e9t\u00e9 fran\u00e7aise, les jeunes veulent s&rsquo;affranchir des valeurs traditionnelles car elles sont en contradiction avec leurs aspirations. Mais malgr\u00e9 tout, la jeunesse reste fortement repr\u00e9sent\u00e9e dans l&rsquo;association puisqu&rsquo;\u00e0 cette p\u00e9riode, 25 % des b\u00e9n\u00e9voles ont moins de 25 ans et 50 % ont entre 25 et 37 ans. <\/span><\/span><\/span><\/p>\n<p align=\"JUSTIFY\"><span style=\"color: #000000\"><span style=\"font-family: Arial,sans-serif\"><span style=\"font-size: medium\">Dans la premi\u00e8re moiti\u00e9 des ann\u00e9es 1970, la Croix-Rouge fran\u00e7aise ressent la n\u00e9cessit\u00e9 de s&rsquo;ouvrir et de s&rsquo;adapter aux r\u00e9alit\u00e9s de l&rsquo;\u00e9poque. Depuis 1971, l&rsquo;effectif des secouristes de la Croix-Rouge a baiss\u00e9 de 10\u00a0000 membres en cinq ans, il faut donc instaurer une p\u00e9dagogie moderne mieux adapt\u00e9e \u00e0 la jeunesse et aux r\u00e9alit\u00e9s du terrain. On souhaite orienter les b\u00e9n\u00e9voles correctement dans des branches qui correspondent \u00e0 leurs aptitudes et leur permettre d&rsquo;\u00e9voluer tout aux long de leur engagement. Apr\u00e8s plus d&rsquo;un si\u00e8cle d&rsquo;action humanitaire, on constate que la bonne volont\u00e9 ne suffit plus, il faut \u00eatre motiv\u00e9 et encha\u00eener les formations pour acqu\u00e9rir les comp\u00e9tences n\u00e9cessaires.<\/span><\/span><\/span><\/p>\n<p align=\"JUSTIFY\"><span style=\"color: #000000\"><span style=\"font-family: Arial,sans-serif\"><span style=\"font-size: medium\">Dans les ann\u00e9es 1980, en d\u00e9pit de la mont\u00e9e de l&rsquo;individualisme dans une soci\u00e9t\u00e9 de consommation et de loisir de masse, la Croix-Rouge int\u00e9resse toujours car elle offre aux b\u00e9n\u00e9voles une aventure humaine et un espace d\u2019\u00e9change. L\u2019association, qui est en pleine lutte contre la pauvret\u00e9 et le Sida, se doit d\u2019\u00eatre \u00e0 l&rsquo;\u00e9coute de ses b\u00e9n\u00e9voles qu\u2019elle ne consid\u00e8re pas seulement comme des troupes op\u00e9rantes. Chaque adh\u00e9rant doit pouvoir apporter quelque chose, se sentir libre et \u00e9cout\u00e9. Le profil du b\u00e9n\u00e9vole actuel est majoritairement celui d&rsquo;une femme ayant entre 30 et 60 ans et qui s&rsquo;investit dans l&rsquo;action sociale.<\/span><\/span><\/span><\/p>\n<p align=\"JUSTIFY\"><span style=\"color: #000000\"><span style=\"font-family: Arial,sans-serif\"><span style=\"font-size: medium\"><a title=\"Bibliographie\" href=\"http:\/\/blogs.univ-jfc.fr\/projetcroixrouge\/bibliographie-2\/\" target=\"_blank\"> Pour en savoir plus<\/a><br \/>\n<\/span><\/span><\/span><\/p>\n","protected":false},"excerpt":{"rendered":"<p>\u00a0Le b\u00e9n\u00e9volat a toujours \u00e9t\u00e9 un \u00e9l\u00e9ment essentiel au sein de la Croix-Rouge. Depuis sa cr\u00e9ation, l&rsquo;association a toujours b\u00e9n\u00e9fici\u00e9 du d\u00e9vouement de ses adh\u00e9rents, mais ces b\u00e9n\u00e9voles ont chang\u00e9 au fil du temps, arborant une identit\u00e9 diff\u00e9rente selon les \u00e9poques. Cette \u00e9volution est le r\u00e9sultat de conflits, de crises, de changements des mentalit\u00e9s ainsi &hellip; <a href=\"https:\/\/blogs.univ-jfc.fr\/projetcroixrouge\/la-croix-rouge-tarnaise-des-hommes-et-des-femmes\/les-benevoles-de-la-croix-rouge-tarnaise-2\/retour-sur-levolution-du-profil-des-benevoles-depuis-sa-creation\/\" class=\"more-link\">Continuer la lecture de <span class=\"screen-reader-text\">Retour sur l&rsquo;\u00e9volution du profil des b\u00e9n\u00e9voles depuis sa cr\u00e9ation<\/span> <span class=\"meta-nav\">&rarr;<\/span><\/a><\/p>\n","protected":false},"author":85,"featured_media":0,"parent":2249,"menu_order":3,"comment_status":"closed","ping_status":"open","template":"","meta":[],"_links":{"self":[{"href":"https:\/\/blogs.univ-jfc.fr\/projetcroixrouge\/wp-json\/wp\/v2\/pages\/1310"}],"collection":[{"href":"https:\/\/blogs.univ-jfc.fr\/projetcroixrouge\/wp-json\/wp\/v2\/pages"}],"about":[{"href":"https:\/\/blogs.univ-jfc.fr\/projetcroixrouge\/wp-json\/wp\/v2\/types\/page"}],"author":[{"embeddable":true,"href":"https:\/\/blogs.univ-jfc.fr\/projetcroixrouge\/wp-json\/wp\/v2\/users\/85"}],"replies":[{"embeddable":true,"href":"https:\/\/blogs.univ-jfc.fr\/projetcroixrouge\/wp-json\/wp\/v2\/comments?post=1310"}],"version-history":[{"count":56,"href":"https:\/\/blogs.univ-jfc.fr\/projetcroixrouge\/wp-json\/wp\/v2\/pages\/1310\/revisions"}],"predecessor-version":[{"id":3822,"href":"https:\/\/blogs.univ-jfc.fr\/projetcroixrouge\/wp-json\/wp\/v2\/pages\/1310\/revisions\/3822"}],"up":[{"embeddable":true,"href":"https:\/\/blogs.univ-jfc.fr\/projetcroixrouge\/wp-json\/wp\/v2\/pages\/2249"}],"wp:attachment":[{"href":"https:\/\/blogs.univ-jfc.fr\/projetcroixrouge\/wp-json\/wp\/v2\/media?parent=1310"}],"curies":[{"name":"wp","href":"https:\/\/api.w.org\/{rel}","templated":true}]}}