{"id":1364,"date":"2015-03-12T09:22:08","date_gmt":"2015-03-12T08:22:08","guid":{"rendered":"http:\/\/blogs.univ-jfc.fr\/projetcroixrouge\/?page_id=1364"},"modified":"2015-04-02T08:28:20","modified_gmt":"2015-04-02T07:28:20","slug":"annexes","status":"publish","type":"page","link":"https:\/\/blogs.univ-jfc.fr\/projetcroixrouge\/risque-urgence-guerre\/henry-dunant-introduction\/annexes\/","title":{"rendered":"Annexes"},"content":{"rendered":"<p><span style=\"text-decoration: underline\">I- Henry Dunant, Premier Prix Nobel de la Paix.<\/span><\/p>\n<p style=\"text-align: justify\">Gustave Moynier (1826-1910) est un des membres fondateurs du CICR avec Henry Dunant et en sera le pr\u00e9sident de 1864 jusqu&rsquo;\u00e0 sa mort.<\/p>\n<p style=\"text-align: justify\">Th\u00e9odore Maunoir (1806-1869) est un des membres fondateurs du CICR avec Henry Dunant, et un de ses amis les plus proches.<\/p>\n<p><span style=\"text-decoration: underline\">II- Dunant, combattant pour la paix :<\/span><\/p>\n<div>\n<div><span style=\"text-decoration: underline\">1- Aux origines de la Croix-Rouge : Solf\u00e9rino : <\/span><\/div>\n<div><\/div>\n<div style=\"text-align: justify\">Pour un r\u00e9sum\u00e9 du livre d&rsquo;Henry Dunant\u00a0 : <em>Un Souvenir de Solf\u00e9rino,<\/em> parut en octobre 1862, voir sur un site de critiques litt\u00e9raires<a href=\"http:\/\/www.babelio.com\/livres\/Dunant-Un-Souvenir-de-Solferino\/454567\" target=\"_blank\"> Babelio\u00a0 <\/a><\/div>\n<div><\/div>\n<div><span style=\"text-decoration: underline\">2- Fondation de la Croix-Rouge<\/span><\/div>\n<div><\/div>\n<div style=\"text-align: justify\">La guerre des Duch\u00e9s : Conflit entre la Prusse, l&rsquo;Autriche et l&rsquo;Italie. l&rsquo;Autriche de Fran\u00e7ois -Joseph n&rsquo;ayant pas trouv\u00e9 utile de cr\u00e9er une soci\u00e9t\u00e9 de secours nationale, puis ayant prit conscience des d\u00e9g\u00e2ts de la guerre, s&#8217;empressa d&rsquo;en cr\u00e9er une\u00a0 et adh\u00e9ra \u00e0 la convention de Gen\u00e8ve. La Prusse et l&rsquo;Autriche se disput\u00e8rent la couronne de l&#8217;empire Germanique, quant \u00e0 l&rsquo;Italie elle voulait r\u00e9cup\u00e9rer la V\u00e9n\u00e9tie qui \u00e9tait Austro-hongroise. La Prusse ayant suivit \u00ab\u00a0les conseils\u00a0\u00bb de Dunant pour l&rsquo;organisation et l&rsquo;approvisionnement des secours sur le champs de bataille ; la Prusse perdit moins de 10 000 hommes, alors que l&rsquo;Autriche perdit pr\u00e8s de 25 000 hommes en un mois et demi de guerre.<\/div>\n<\/div>\n","protected":false},"excerpt":{"rendered":"<p>I- Henry Dunant, Premier Prix Nobel de la Paix. Gustave Moynier (1826-1910) est un des membres fondateurs du CICR avec Henry Dunant et en sera le pr\u00e9sident de 1864 jusqu&rsquo;\u00e0 sa mort. Th\u00e9odore Maunoir (1806-1869) est un des membres fondateurs du CICR avec Henry Dunant, et un de ses amis les plus proches. II- Dunant, &hellip; <a href=\"https:\/\/blogs.univ-jfc.fr\/projetcroixrouge\/risque-urgence-guerre\/henry-dunant-introduction\/annexes\/\" class=\"more-link\">Continuer la lecture de <span class=\"screen-reader-text\">Annexes<\/span> <span class=\"meta-nav\">&rarr;<\/span><\/a><\/p>\n","protected":false},"author":130,"featured_media":0,"parent":1108,"menu_order":0,"comment_status":"closed","ping_status":"open","template":"","meta":[],"_links":{"self":[{"href":"https:\/\/blogs.univ-jfc.fr\/projetcroixrouge\/wp-json\/wp\/v2\/pages\/1364"}],"collection":[{"href":"https:\/\/blogs.univ-jfc.fr\/projetcroixrouge\/wp-json\/wp\/v2\/pages"}],"about":[{"href":"https:\/\/blogs.univ-jfc.fr\/projetcroixrouge\/wp-json\/wp\/v2\/types\/page"}],"author":[{"embeddable":true,"href":"https:\/\/blogs.univ-jfc.fr\/projetcroixrouge\/wp-json\/wp\/v2\/users\/130"}],"replies":[{"embeddable":true,"href":"https:\/\/blogs.univ-jfc.fr\/projetcroixrouge\/wp-json\/wp\/v2\/comments?post=1364"}],"version-history":[{"count":4,"href":"https:\/\/blogs.univ-jfc.fr\/projetcroixrouge\/wp-json\/wp\/v2\/pages\/1364\/revisions"}],"predecessor-version":[{"id":3779,"href":"https:\/\/blogs.univ-jfc.fr\/projetcroixrouge\/wp-json\/wp\/v2\/pages\/1364\/revisions\/3779"}],"up":[{"embeddable":true,"href":"https:\/\/blogs.univ-jfc.fr\/projetcroixrouge\/wp-json\/wp\/v2\/pages\/1108"}],"wp:attachment":[{"href":"https:\/\/blogs.univ-jfc.fr\/projetcroixrouge\/wp-json\/wp\/v2\/media?parent=1364"}],"curies":[{"name":"wp","href":"https:\/\/api.w.org\/{rel}","templated":true}]}}