{"id":14,"date":"2015-01-05T11:05:54","date_gmt":"2015-01-05T10:05:54","guid":{"rendered":"http:\/\/blogs.univ-jfc.fr\/projetcroixrouge\/?page_id=14"},"modified":"2015-03-28T17:09:40","modified_gmt":"2015-03-28T16:09:40","slug":"pauvrete-action-sanitaire-et-sociale","status":"publish","type":"page","link":"https:\/\/blogs.univ-jfc.fr\/projetcroixrouge\/pauvrete-action-sanitaire-et-sociale\/","title":{"rendered":"Pauvret\u00e9, action sanitaire et sociale"},"content":{"rendered":"<p>&nbsp;<\/p>\n<p><a title=\"Le XIXe si\u00e8cle\" href=\"http:\/\/blogs.univ-jfc.fr\/projetcroixrouge\/pauvrete-action-sanitaire-et-sociale\/pauvrete-action-sanitaire-et-sociale-au-xixe-siecle\/\" target=\"_blank\">Le XIXe si\u00e8cle<\/a> conna\u00eet une mutation de l&rsquo;action sanitaire et sociale. Que ce soit l&rsquo;Etat, dans son action publique, ou les \u0153uvres priv\u00e9es, aussi innombrables qu&rsquo;essentielles, la pauvret\u00e9 reste un fl\u00e9au \u00e0 combattre mais la fa\u00e7on d&rsquo;aider les pauvres change, devenant plus humaine. Les actions r\u00e9pressives de l&rsquo;Etat contre les mendiants passent au second plan, les actions publiques s&rsquo;orientant plus souvent vers l&rsquo;assistance au \u00ab\u00a0bon pauvre\u00a0\u00bb. En cela, le XIXe si\u00e8cle a permis une nouvelle d\u00e9finition de l&rsquo;action sanitaire et sociale, et pos\u00e9 les bases de celle que l&rsquo;on conna\u00eet aujourd&rsquo;hui.<\/p>\n<p><a title=\"Pauvret\u00e9, action sanitaire et sociale au XXe si\u00e8cle\" href=\"http:\/\/blogs.univ-jfc.fr\/projetcroixrouge\/pauvrete-action-sanitaire-et-sociale\/pauvrete-action-sanitaire-et-sociale-au-xxe-siecle\/\" target=\"_blank\">Le XXe si\u00e8cle<\/a> oscille entre p\u00e9riodes de crise, dans lesquelles s\u2019inscrivent les deux guerres mondiales, la Grande Crise de 1929, qui a profond\u00e9ment affect\u00e9 l\u2019\u00e9conomie fran\u00e7aise\u00a0 et p\u00e9riode de prosp\u00e9rit\u00e9 in\u00e9gal\u00e9e au cours des Trente Glorieuses. Suite \u00e0 ces fluctuations, la situation se normalise apr\u00e8s une crise qui a eu lieu apr\u00e8s le choc p\u00e9trolier de\u00a0 1974. Face \u00e0 ces variations, la pauvret\u00e9 laisse des traces dans le paysage fran\u00e7ais. En cela, la Croix-Rouge a \u00e9t\u00e9 un protagoniste d\u00e9terminant dans l\u2019accompagnement des plus pauvres d\u00e9munis.<\/p>\n<p align=\"JUSTIFY\"><span style=\"font-family: Arial,sans-serif\"><a title=\"La Croix-Rouge et les fl\u00e9aux sociaux dans l\u2019entre-deux-guerres\" href=\"http:\/\/blogs.univ-jfc.fr\/projetcroixrouge\/pauvrete-action-sanitaire-et-sociale\/la-croix-rouge-et-les-fleaux-sociaux-dans-lentre-deux-guerres\/\">L\u2019action de la Croix-Rouge contre les fl\u00e9aux sociaux dans l\u2019entre-deux-guerres<\/a>, s&rsquo;intensifie et devient de plus en plus coordonn\u00e9e . La Croix-Rouge lutte contre les grandes maladies qui touchent la population fran\u00e7aise, mais \u00e9galement contre des fl\u00e9aux d&rsquo;une autre nature, comme l\u2019alcoolisme qui ne cesse d&rsquo;augmenter apr\u00e8s la Grande Guerre, ainsi que la pr\u00e9carit\u00e9 d\u00e9coulant de la forte hausse du ch\u00f4mage, qui touche la France dans les ann\u00e9es trente. Pour lutter de mani\u00e8re plus efficace contre les fl\u00e9aux-sociaux la Croix-Rouge am\u00e9nage de nouveaux \u00e9tablissements et est \u00e0 l&rsquo;origine de la professionnalisation du m\u00e9tier d&rsquo;infirmi\u00e8re.<\/span><\/p>\n<p style=\"text-align: justify\"><span style=\"font-family: Arial,sans-serif\"><a title=\"L\u2019action sanitaire et sociale de la Croix-Rouge depuis 1945\" href=\"http:\/\/blogs.univ-jfc.fr\/projetcroixrouge\/pauvrete-action-sanitaire-et-sociale\/laction-sanitaire-et-sociale-de-la-croix-rouge-depuis-1945\/\">De 1945 \u00e0 nos jours<\/a> se sont succ\u00e9d\u00e9es trois p\u00e9riodes autant diff\u00e9rentes d&rsquo;un point de vue \u00e9conomique que social. En 1945, la France se trouve dans un contexte d&rsquo;apr\u00e8s-guerre, rapidement suivi par les Trente Glorieuses pour enfin aboutir \u00e0 la crise \u00e9conomique et sociale des \u00ab\u00a0Trente Piteuses\u00a0\u00bb. Durant ces p\u00e9riodes de paix, la Croix-rouge fran\u00e7aise va continuer de mener ses actions, m\u00eame si les probl\u00e8mes qu&rsquo;elle rencontre ne sont plus les m\u00eames ainsi que les personnes \u00e0 qui elle doit apporter son aide.<\/span><\/p>\n","protected":false},"excerpt":{"rendered":"<p>&nbsp; Le XIXe si\u00e8cle conna\u00eet une mutation de l&rsquo;action sanitaire et sociale. Que ce soit l&rsquo;Etat, dans son action publique, ou les \u0153uvres priv\u00e9es, aussi innombrables qu&rsquo;essentielles, la pauvret\u00e9 reste un fl\u00e9au \u00e0 combattre mais la fa\u00e7on d&rsquo;aider les pauvres change, devenant plus humaine. Les actions r\u00e9pressives de l&rsquo;Etat contre les mendiants passent au second &hellip; <a href=\"https:\/\/blogs.univ-jfc.fr\/projetcroixrouge\/pauvrete-action-sanitaire-et-sociale\/\" class=\"more-link\">Continuer la lecture de <span class=\"screen-reader-text\">Pauvret\u00e9, action sanitaire et sociale<\/span> <span class=\"meta-nav\">&rarr;<\/span><\/a><\/p>\n","protected":false},"author":15,"featured_media":0,"parent":0,"menu_order":0,"comment_status":"open","ping_status":"open","template":"","meta":[],"_links":{"self":[{"href":"https:\/\/blogs.univ-jfc.fr\/projetcroixrouge\/wp-json\/wp\/v2\/pages\/14"}],"collection":[{"href":"https:\/\/blogs.univ-jfc.fr\/projetcroixrouge\/wp-json\/wp\/v2\/pages"}],"about":[{"href":"https:\/\/blogs.univ-jfc.fr\/projetcroixrouge\/wp-json\/wp\/v2\/types\/page"}],"author":[{"embeddable":true,"href":"https:\/\/blogs.univ-jfc.fr\/projetcroixrouge\/wp-json\/wp\/v2\/users\/15"}],"replies":[{"embeddable":true,"href":"https:\/\/blogs.univ-jfc.fr\/projetcroixrouge\/wp-json\/wp\/v2\/comments?post=14"}],"version-history":[{"count":15,"href":"https:\/\/blogs.univ-jfc.fr\/projetcroixrouge\/wp-json\/wp\/v2\/pages\/14\/revisions"}],"predecessor-version":[{"id":3524,"href":"https:\/\/blogs.univ-jfc.fr\/projetcroixrouge\/wp-json\/wp\/v2\/pages\/14\/revisions\/3524"}],"wp:attachment":[{"href":"https:\/\/blogs.univ-jfc.fr\/projetcroixrouge\/wp-json\/wp\/v2\/media?parent=14"}],"curies":[{"name":"wp","href":"https:\/\/api.w.org\/{rel}","templated":true}]}}