{"id":16,"date":"2015-01-05T11:06:32","date_gmt":"2015-01-05T10:06:32","guid":{"rendered":"http:\/\/blogs.univ-jfc.fr\/projetcroixrouge\/?page_id=16"},"modified":"2015-04-02T01:08:14","modified_gmt":"2015-04-02T00:08:14","slug":"risque-urgence-guerre","status":"publish","type":"page","link":"https:\/\/blogs.univ-jfc.fr\/projetcroixrouge\/risque-urgence-guerre\/","title":{"rendered":"Risque, urgence, guerre"},"content":{"rendered":"<p style=\"text-align: justify\">Un homme, dont le nom est pass\u00e9 \u00e0 la post\u00e9rit\u00e9, anim\u00e9 par une volont\u00e9 in\u00e9branlable de se rendre utile aux autres, par un engagement humanitaire, exceptionnel.<br \/>\nCet homme, c&rsquo;est <a title=\"Henry Dunant\" href=\"http:\/\/blogs.univ-jfc.fr\/projetcroixrouge\/risque-urgence-guerre\/henry-dunant-introduction\/\" target=\"_blank\">Henry Dunant. <\/a>Pourtant, Henry Dunant passa par la faillite et la d\u00e9ch\u00e9ance, apr\u00e8s avoir \u00e9t\u00e9 le p\u00e8re fondateur de la Croix-Rouge.<\/p>\n<p style=\"text-align: justify\">Au fil du temps, la population a d\u00fb se <a href=\"http:\/\/blogs.univ-jfc.fr\/projetcroixrouge\/risque-urgence-guerre\/histoire-du-risque\/\">pr\u00e9parer au risque<\/a>, renfor\u00e7ant ainsi la n\u00e9cessit\u00e9 et l&rsquo;utilit\u00e9 des assistances ext\u00e9rieures comme la Croix-Rouge. Ces situations d&rsquo;urgence sont g\u00e9n\u00e9ralement caract\u00e9ris\u00e9es par des catastrophes naturelles, des fl\u00e9aux, ou d&rsquo;un tout autre type, avec par exemple le manque d&rsquo;eau ou de nourriture au cours d&rsquo;un rude hiver.<\/p>\n<p style=\"text-align: justify\">\u00a0Du XIX<sup>e<\/sup> si\u00e8cle \u00e0 nos jours, <a title=\"Histoire du secourisme et de l\u2019intervention d\u2019urgence\" href=\"http:\/\/blogs.univ-jfc.fr\/projetcroixrouge\/risque-urgence-guerre\/histoire-du-secourisme-et-de-lintervention-durgence\/\">le secourisme et l&rsquo;action d&rsquo;urgence<\/a> ont consid\u00e9rablement \u00e9volu\u00e9s. Les actes, les acteurs qui interviennent ou bien le cadre juridique connaissent des bouleversements profonds dont la Croix-Rouge fut l&rsquo;une des principales raisons.<\/p>\n<p align=\"JUSTIFY\"><span style=\"font-family: Comic Sans MS,cursive\"><span style=\"font-size: medium\"><span style=\"font-family: Arial,sans-serif\">\u00a0<\/span><\/span><\/span><\/p>\n<p>&nbsp;<\/p>\n<p><span style=\"color: #000000\">\u00a0<\/span><\/p>\n","protected":false},"excerpt":{"rendered":"<p>Un homme, dont le nom est pass\u00e9 \u00e0 la post\u00e9rit\u00e9, anim\u00e9 par une volont\u00e9 in\u00e9branlable de se rendre utile aux autres, par un engagement humanitaire, exceptionnel. Cet homme, c&rsquo;est Henry Dunant. Pourtant, Henry Dunant passa par la faillite et la d\u00e9ch\u00e9ance, apr\u00e8s avoir \u00e9t\u00e9 le p\u00e8re fondateur de la Croix-Rouge. Au fil du temps, la &hellip; <a href=\"https:\/\/blogs.univ-jfc.fr\/projetcroixrouge\/risque-urgence-guerre\/\" class=\"more-link\">Continuer la lecture de <span class=\"screen-reader-text\">Risque, urgence, guerre<\/span> <span class=\"meta-nav\">&rarr;<\/span><\/a><\/p>\n","protected":false},"author":15,"featured_media":0,"parent":0,"menu_order":0,"comment_status":"open","ping_status":"open","template":"","meta":[],"_links":{"self":[{"href":"https:\/\/blogs.univ-jfc.fr\/projetcroixrouge\/wp-json\/wp\/v2\/pages\/16"}],"collection":[{"href":"https:\/\/blogs.univ-jfc.fr\/projetcroixrouge\/wp-json\/wp\/v2\/pages"}],"about":[{"href":"https:\/\/blogs.univ-jfc.fr\/projetcroixrouge\/wp-json\/wp\/v2\/types\/page"}],"author":[{"embeddable":true,"href":"https:\/\/blogs.univ-jfc.fr\/projetcroixrouge\/wp-json\/wp\/v2\/users\/15"}],"replies":[{"embeddable":true,"href":"https:\/\/blogs.univ-jfc.fr\/projetcroixrouge\/wp-json\/wp\/v2\/comments?post=16"}],"version-history":[{"count":11,"href":"https:\/\/blogs.univ-jfc.fr\/projetcroixrouge\/wp-json\/wp\/v2\/pages\/16\/revisions"}],"predecessor-version":[{"id":3721,"href":"https:\/\/blogs.univ-jfc.fr\/projetcroixrouge\/wp-json\/wp\/v2\/pages\/16\/revisions\/3721"}],"wp:attachment":[{"href":"https:\/\/blogs.univ-jfc.fr\/projetcroixrouge\/wp-json\/wp\/v2\/media?parent=16"}],"curies":[{"name":"wp","href":"https:\/\/api.w.org\/{rel}","templated":true}]}}