{"id":1646,"date":"2015-03-12T09:52:10","date_gmt":"2015-03-12T08:52:10","guid":{"rendered":"http:\/\/blogs.univ-jfc.fr\/projetcroixrouge\/?page_id=1646"},"modified":"2015-04-01T18:17:55","modified_gmt":"2015-04-01T17:17:55","slug":"jacques-caminade","status":"publish","type":"page","link":"https:\/\/blogs.univ-jfc.fr\/projetcroixrouge\/la-croix-rouge-tarnaise-des-hommes-et-des-femmes\/figures-tarn\/jacques-caminade\/","title":{"rendered":"Jacques Caminade"},"content":{"rendered":"<figure id=\"attachment_1665\" aria-describedby=\"caption-attachment-1665\" style=\"width: 300px\" class=\"wp-caption alignleft\"><a href=\"http:\/\/blogs.univ-jfc.fr\/projetcroixrouge\/wp-content\/uploads\/sites\/40\/2015\/03\/Caminade.jpg\"><img loading=\"lazy\" class=\"size-medium wp-image-1665 \" alt=\"\" src=\"http:\/\/blogs.univ-jfc.fr\/projetcroixrouge\/wp-content\/uploads\/sites\/40\/2015\/03\/Caminade-300x228.jpg\" width=\"300\" height=\"228\" srcset=\"https:\/\/blogs.univ-jfc.fr\/projetcroixrouge\/wp-content\/uploads\/sites\/40\/2015\/03\/Caminade-300x228.jpg 300w, https:\/\/blogs.univ-jfc.fr\/projetcroixrouge\/wp-content\/uploads\/sites\/40\/2015\/03\/Caminade.jpg 955w\" sizes=\"(max-width: 300px) 100vw, 300px\" \/><\/a><figcaption id=\"caption-attachment-1665\" class=\"wp-caption-text\">Jacques Caminade<\/figcaption><\/figure>\n<p align=\"JUSTIFY\"><span style=\"font-family: Arial, sans-serif\"><span style=\"font-size: medium\">Le P\u00e8re Jacques Caminade s&rsquo;est engag\u00e9 pendant quarante ans aux c\u00f4t\u00e9s de la Croix-Rouge.<\/span><\/span><\/p>\n<p align=\"JUSTIFY\"><span style=\"font-family: Arial, sans-serif\"><span style=\"font-size: medium\">Tout a commenc\u00e9 en 1967, lorsqu&rsquo;il monta avec un collaborateur une \u00e9cole destin\u00e9e \u00e0 former des jeunes \u00e0 divers m\u00e9tiers. De 35 \u00e0 40 \u00e9l\u00e8ves au d\u00e9part, l&rsquo;\u00e9cole en a accueillie jusqu&rsquo;\u00e0 207. Se pose alors la question de la s\u00e9curit\u00e9\u00a0: que faire s&rsquo;il arrive quoi que ce soit \u00e0 un \u00e9l\u00e8ve au sein de l&rsquo;\u00e9tablissement\u00a0?<\/span><\/span><\/p>\n<p align=\"JUSTIFY\"><span style=\"font-family: Arial, sans-serif\"><span style=\"font-size: medium\">Jacques Caminade se tourna alors vers la Croix-Rouge pour pouvoir passer le brevet de secourisme, ce qui marqua le d\u00e9but de sa carri\u00e8re \u00e0 la Croix-Rouge en tant que formateur au secourisme.<\/span><\/span><\/p>\n<p align=\"JUSTIFY\"><span style=\"font-family: Arial, sans-serif\"><span style=\"font-size: medium\">En 1979, il fonde le Centre National de Formation au sein duquel tout ceux qui le souhaitent viennent apprendre les gestes de premier secours durant huit jours \u00e0 l&rsquo;issue desquels ils obtiennent leur dipl\u00f4me d\u2019\u00c9tat. Il devint donc instructeur national pour lequel il passa le monitorat d\u2019\u00c9tat en 1968-1969 et le restera jusqu&rsquo;en 2007, date \u00e0 laquelle il passa la main. <\/span><\/span><\/p>\n<p align=\"JUSTIFY\"><span style=\"font-family: Arial, sans-serif\"><span style=\"font-size: medium\">Au cours de son exp\u00e9rience \u00e0 la Croix-Rouge, Jacques Caminade s&rsquo;est particuli\u00e8rement investi dans la formation\u00a0: pour lui, \u00ab\u00a0le b\u00e9n\u00e9volat ne rime pas avec incomp\u00e9tence\u00a0\u00bb.<\/span><\/span><\/p>\n<p align=\"JUSTIFY\"><span style=\"font-family: Arial, sans-serif\"><span style=\"font-size: medium\">Pour pouvoir former dans les meilleures conditions possibles ses \u00e9l\u00e8ves, il passa de nombreux dipl\u00f4mes comme le monitorat de voile ou de ski.<span style=\"color: #000000\"> Il a \u00e9t\u00e9 directeur d\u00e9partemental d&rsquo;urgence et de secourisme de 1970 jusqu&rsquo;en 1997.<\/span><\/span><\/span><\/p>\n<p align=\"JUSTIFY\"><span style=\"font-family: Arial, sans-serif\"><span style=\"font-size: medium\">Il s&rsquo;investit \u00e9galement pour former le grand public\u00a0: en tant qu&rsquo;instructeur national, il voyagea beaucoup dans le Midi.<\/span><\/span><\/p>\n<p align=\"JUSTIFY\"><span style=\"font-family: Arial, sans-serif\"><span style=\"font-size: medium\">Lorsqu&rsquo;on lui demande ce qu&rsquo;il tire aujourd&rsquo;hui de son parcours \u00e0 la Croix-Rouge, c&rsquo;est d\u00e9j\u00e0 le d\u00e9vouement des jeunes, nombreux \u00e0 venir apprendre les premiers gestes de secours. De plus, il insiste aussi sur l&rsquo;implication des membres\u00a0: c&rsquo;est le cas de deux directeurs nationaux, Michel Thevenet et Herv\u00e9 Le Ker qui croyaient indubitablement en l&rsquo;association et \u00e0 s<\/span><\/span><span style=\"font-family: Arial, sans-serif\"><span style=\"font-size: medium\">es objectifs : \u00ab\u00a0si on y croit vraiment, \u00e7a r\u00e9ussit toujours\u00a0\u00bb.<\/span><\/span><\/p>\n<p><img loading=\"lazy\" class=\"size-medium wp-image-3629 alignright\" alt=\"Caminade photo\" src=\"http:\/\/blogs.univ-jfc.fr\/projetcroixrouge\/wp-content\/uploads\/sites\/40\/2015\/03\/Caminade-photo-300x237.png\" width=\"300\" height=\"237\" srcset=\"https:\/\/blogs.univ-jfc.fr\/projetcroixrouge\/wp-content\/uploads\/sites\/40\/2015\/03\/Caminade-photo-300x237.png 300w, https:\/\/blogs.univ-jfc.fr\/projetcroixrouge\/wp-content\/uploads\/sites\/40\/2015\/03\/Caminade-photo.png 569w\" sizes=\"(max-width: 300px) 100vw, 300px\" \/><\/p>\n<p align=\"JUSTIFY\"><span style=\"color: #000000\"><span style=\"font-family: Arial, sans-serif\"><span style=\"font-size: medium\">Jacques Caminade se consacre aujourd&rsquo;hui encore aux autres, en visitant les personnes seules et isol\u00e9es et les prisonniers psychiatriques en tant que pr\u00eatre, tout en donnant un coup de main \u00e0 la Croix-Rouge lorsqu&rsquo;elle le demande.\u00a0<\/span><\/span><\/span><\/p>\n","protected":false},"excerpt":{"rendered":"<p>Le P\u00e8re Jacques Caminade s&rsquo;est engag\u00e9 pendant quarante ans aux c\u00f4t\u00e9s de la Croix-Rouge. Tout a commenc\u00e9 en 1967, lorsqu&rsquo;il monta avec un collaborateur une \u00e9cole destin\u00e9e \u00e0 former des jeunes \u00e0 divers m\u00e9tiers. De 35 \u00e0 40 \u00e9l\u00e8ves au d\u00e9part, l&rsquo;\u00e9cole en a accueillie jusqu&rsquo;\u00e0 207. Se pose alors la question de la s\u00e9curit\u00e9\u00a0: &hellip; <a href=\"https:\/\/blogs.univ-jfc.fr\/projetcroixrouge\/la-croix-rouge-tarnaise-des-hommes-et-des-femmes\/figures-tarn\/jacques-caminade\/\" class=\"more-link\">Continuer la lecture de <span class=\"screen-reader-text\">Jacques Caminade<\/span> <span class=\"meta-nav\">&rarr;<\/span><\/a><\/p>\n","protected":false},"author":128,"featured_media":0,"parent":66,"menu_order":0,"comment_status":"closed","ping_status":"open","template":"","meta":[],"_links":{"self":[{"href":"https:\/\/blogs.univ-jfc.fr\/projetcroixrouge\/wp-json\/wp\/v2\/pages\/1646"}],"collection":[{"href":"https:\/\/blogs.univ-jfc.fr\/projetcroixrouge\/wp-json\/wp\/v2\/pages"}],"about":[{"href":"https:\/\/blogs.univ-jfc.fr\/projetcroixrouge\/wp-json\/wp\/v2\/types\/page"}],"author":[{"embeddable":true,"href":"https:\/\/blogs.univ-jfc.fr\/projetcroixrouge\/wp-json\/wp\/v2\/users\/128"}],"replies":[{"embeddable":true,"href":"https:\/\/blogs.univ-jfc.fr\/projetcroixrouge\/wp-json\/wp\/v2\/comments?post=1646"}],"version-history":[{"count":6,"href":"https:\/\/blogs.univ-jfc.fr\/projetcroixrouge\/wp-json\/wp\/v2\/pages\/1646\/revisions"}],"predecessor-version":[{"id":3634,"href":"https:\/\/blogs.univ-jfc.fr\/projetcroixrouge\/wp-json\/wp\/v2\/pages\/1646\/revisions\/3634"}],"up":[{"embeddable":true,"href":"https:\/\/blogs.univ-jfc.fr\/projetcroixrouge\/wp-json\/wp\/v2\/pages\/66"}],"wp:attachment":[{"href":"https:\/\/blogs.univ-jfc.fr\/projetcroixrouge\/wp-json\/wp\/v2\/media?parent=1646"}],"curies":[{"name":"wp","href":"https:\/\/api.w.org\/{rel}","templated":true}]}}