{"id":1651,"date":"2015-03-12T09:52:14","date_gmt":"2015-03-12T08:52:14","guid":{"rendered":"http:\/\/blogs.univ-jfc.fr\/projetcroixrouge\/?page_id=1651"},"modified":"2015-03-30T10:14:49","modified_gmt":"2015-03-30T09:14:49","slug":"lhumanitaire-face-aux-enjeux-de-la-mondialisation","status":"publish","type":"page","link":"https:\/\/blogs.univ-jfc.fr\/projetcroixrouge\/lhumanitaire-en-questions\/la-notion-daction-humanitaire\/lhumanitaire-face-aux-enjeux-de-la-mondialisation\/","title":{"rendered":"L&rsquo;humanitaire face aux enjeux de la mondialisation"},"content":{"rendered":"<p align=\"JUSTIFY\"><span style=\"color: #000000\"><span style=\"font-family: Arial, sans-serif\"><span style=\"font-size: medium\">Le changement dans l\u2019ordre mondial induit par la chute du bloc communiste ne pouvait qu\u2019avoir un impact colossal sur la mani\u00e8re dont l\u2019action humanitaire agit dans le monde. Devant faire face \u00e0 un monde multipolaire, comment les diff\u00e9rents acteurs de l\u2019action humanitaire peuvent-ils r\u00e9pondre aux probl\u00e9matiques du 21\u00e8me\u00a0si\u00e8cle sur tous les fronts\u00a0?<\/span><\/span><\/span><\/p>\n<p align=\"JUSTIFY\"><a href=\"https:\/\/www.icrc.org\/fre\/resources\/documents\/publication\/p1067.htm\" target=\"_blank\"><span style=\"color: #ac0404\"><span style=\"font-family: Arial, sans-serif\"><span style=\"font-size: medium\">Le code de conduite de la Croix Rouge<\/span><\/span><\/span><\/a><span style=\"font-family: Arial, sans-serif\"><span style=\"font-size: medium\">, la distinction des catastrophes ou alors la mise en avant de\u00a0<\/span><\/span><a href=\"http:\/\/www.urd.org\/IMG\/pdf\/publispe_Eclairage_Zoom-ROSAn8_FR.pdf\" target=\"_blank\"><span style=\"color: #ac0404\"><span style=\"font-family: Arial, sans-serif\"><span style=\"font-size: medium\">trois \u00e9tapes \u00e0 l\u2019intervention<\/span><\/span><\/span><\/a><span style=\"font-family: Arial, sans-serif\"><span style=\"font-size: medium\">\u00a0<\/span><\/span><span style=\"font-family: Arial, sans-serif\"><span style=\"font-size: medium\">sont des exemples de tentatives visant une mise en place durable et plus efficace de l\u2019action humanitaire. D\u00e8s les ann\u00e9es 90, ces efforts apparaissent sur le plan juridique. Des campagnes de sensibilisation explicites permettront aussi une meilleure prise de conscience collective.<\/span><\/span><span style=\"color: #141412\"><span style=\"font-family: Arial, sans-serif\"><span style=\"font-size: medium\">\u00a0<\/span><\/span><\/span><a href=\"https:\/\/www.icrc.org\/fre\/resources\/documents\/publication\/p1067.htm\" target=\"_blank\"><span style=\"color: #ac0404\"><span style=\"font-family: Arial, sans-serif\"><span style=\"font-size: medium\">\u00a0<\/span><\/span><\/span><\/a><span style=\"color: #141412\"><span style=\"font-family: Arial, sans-serif\"><span style=\"font-size: medium\">\u00a0<\/span><\/span><\/span><\/p>\n<p><a href=\"http:\/\/blogs.univ-jfc.fr\/projetcroixrouge\/wp-content\/uploads\/sites\/40\/2015\/03\/12MSP-Logo_large1.jpg\"><img loading=\"lazy\" class=\"size-full wp-image-2372 alignnone\" alt=\"12MSP-Logo_large[1]\" src=\"http:\/\/blogs.univ-jfc.fr\/projetcroixrouge\/wp-content\/uploads\/sites\/40\/2015\/03\/12MSP-Logo_large1.jpg\" width=\"300\" height=\"163\" \/><\/a> <a href=\"http:\/\/blogs.univ-jfc.fr\/projetcroixrouge\/wp-content\/uploads\/sites\/40\/2015\/03\/c23d87d137.jpg\"><img loading=\"lazy\" class=\"size-full wp-image-2374 alignnone\" alt=\"c23d87d137\" src=\"http:\/\/blogs.univ-jfc.fr\/projetcroixrouge\/wp-content\/uploads\/sites\/40\/2015\/03\/c23d87d137.jpg\" width=\"210\" height=\"140\" \/><\/a><\/p>\n<p align=\"JUSTIFY\"><span style=\"font-family: Arial, sans-serif\"><span style=\"font-size: medium\">En revanche, une fois \u00e0 l\u2019\u00e9preuve sur le terrain, en Tch\u00e9tch\u00e9nie ou en Irak, des probl\u00e8mes pratiques et \u00e9thiques se posent rapidement. La notion de missions int\u00e9gr\u00e9es cristallise en effet les questionnements des organisations humanitaires qui se retrouvent directement en contact avec les guerres nouvelles du 21<\/span><\/span><span style=\"font-family: Arial, sans-serif\"><span style=\"font-size: medium\">\u00e8me\u00a0si\u00e8cle. Dans ces guerres, la pr\u00e9dominance de l\u2019ONU et la n\u00e9cessit\u00e9 du maintien de l\u2019ordre mondial peuvent rentrer en conflit avec la conception traditionnelle d\u2019un humanitaire juste. Les critiques qui surviennent alors sont vives et le terme \u00ab\u00a0guerre humanitaire\u00a0\u00bb se pose comme le plus d\u00e9nonciateur de l\u2019usage de la force qui a \u00e9t\u00e9 fait pour prot\u00e9ger les populations.<\/span><\/span><span style=\"color: #141412\"><span style=\"font-family: Arial, sans-serif\"><span style=\"font-size: medium\">\u00a0<\/span><\/span><\/span><\/p>\n<p align=\"JUSTIFY\"><span style=\"font-family: Arial, sans-serif\"><span style=\"font-size: medium\">Aujourd\u2019hui, l\u2019Afrique reste consid\u00e9r\u00e9e comme le continent le plus sujet aux instabilit\u00e9s et aux crises de la plan\u00e8te. Depuis<\/span><\/span><a href=\"http:\/\/blogs.univ-jfc.fr\/projetcroixrouge\/la-croix-rouge-et-le-monde\/lhumanitaire-en-actions\/la-croix-rouge-francaise-apres-la-decolonisation\/\"><span style=\"color: #ac0404\"><span style=\"font-family: Arial, sans-serif\"><span style=\"font-size: medium\">\u00a0la crise du Biafra<\/span><\/span><\/span><\/a><span style=\"font-family: Arial, sans-serif\"><span style=\"font-size: medium\">\u00a0en 1967, l\u2019Afrique et ses populations semblent \u00eatre en besoin constant\u00a0d\u2019aide humanitaire.<\/span><\/span><\/p>\n<figure id=\"attachment_1818\" aria-describedby=\"caption-attachment-1818\" style=\"width: 288px\" class=\"wp-caption aligncenter\"><a href=\"http:\/\/blogs.univ-jfc.fr\/projetcroixrouge\/wp-content\/uploads\/sites\/40\/2015\/03\/qi56-humanitaire.jpg\"><img loading=\"lazy\" class=\"size-medium wp-image-1818 \" alt=\"qi56-humanitaire\" src=\"http:\/\/blogs.univ-jfc.fr\/projetcroixrouge\/wp-content\/uploads\/sites\/40\/2015\/03\/qi56-humanitaire-288x300.jpg\" width=\"288\" height=\"300\" srcset=\"https:\/\/blogs.univ-jfc.fr\/projetcroixrouge\/wp-content\/uploads\/sites\/40\/2015\/03\/qi56-humanitaire-288x300.jpg 288w, https:\/\/blogs.univ-jfc.fr\/projetcroixrouge\/wp-content\/uploads\/sites\/40\/2015\/03\/qi56-humanitaire-983x1024.jpg 983w, https:\/\/blogs.univ-jfc.fr\/projetcroixrouge\/wp-content\/uploads\/sites\/40\/2015\/03\/qi56-humanitaire.jpg 1071w\" sizes=\"(max-width: 288px) 100vw, 288px\" \/><\/a><figcaption id=\"caption-attachment-1818\" class=\"wp-caption-text\">Carte des pays receveurs de dons internationaux en Afrique<\/figcaption><\/figure>\n<p align=\"JUSTIFY\"><span style=\"color: #000000\"><span style=\"font-family: Arial, sans-serif\"><span style=\"font-size: medium\">Sur ce terrain, les acteurs de l\u2019humanitaire doivent relever un autre type de d\u00e9fi, parfois au prix de leurs vies. En effet, l\u2019ins\u00e9curit\u00e9 du territoire et une certaine configuration d\u2019hostilit\u00e9 des populations locales ont provoqu\u00e9s 460 cas d\u2019incidents en 2013 dont 155 mortels. Cette m\u00e9fiance envers les Occidentaux peut m\u00eame se retrouver en hauts lieux politiques, ce qui doit amener une profonde remise en cause de la forme que prend actuellement l\u2019action humanitaire en Afrique. Beaucoup pensent que<\/span><\/span><\/span><a href=\"http:\/\/www.irinnews.org\/fr\/report\/94048\/politique-humanitaire-l-\u00e9mergence-de-nouveaux-donateurs\" target=\"_blank\"><span style=\"color: #ac0404\"><span style=\"font-family: Arial, sans-serif\"><span style=\"font-size: medium\">\u00a0<\/span><\/span><\/span><span style=\"color: #ac0404\"><span style=\"font-family: Arial, sans-serif\"><span style=\"font-size: medium\">\u00ab\u00a0les\u00a0nouveaux donateurs\u00a0\u00bb<\/span><\/span><\/span><\/a><span style=\"color: #000000\"><span style=\"font-family: Arial, sans-serif\"><span style=\"font-size: medium\">\u00a0<\/span><\/span><\/span><span style=\"color: #000000\"><span style=\"font-family: Arial, sans-serif\"><span style=\"font-size: medium\">(Vietnam, Bangladesh\u2026) seront les acteurs de l\u2019humanitaire de demain, ce qui permet de sortir du sch\u00e9ma classique de la supr\u00e9matie occidentale qui peut \u00eatre mal per\u00e7ue. Ici encore, l\u2019humanitaire continue \u00e0 s\u2019inscrire dans ce monde multipolaire, parsem\u00e9&#8230;<\/span><\/span><\/span><\/p>\n<p><a href=\"http:\/\/blogs.univ-jfc.fr\/projetcroixrouge\/bibliographie-2\/\"><span style=\"font-family: Arial, sans-serif\">Pour aller plus loin\u00a0:<\/span><\/a><\/p>\n<p><span style=\"font-family: Arial, sans-serif\">Cussac Cl\u00e9ment\u00a0<\/span><\/p>\n","protected":false},"excerpt":{"rendered":"<p>Le changement dans l\u2019ordre mondial induit par la chute du bloc communiste ne pouvait qu\u2019avoir un impact colossal sur la mani\u00e8re dont l\u2019action humanitaire agit dans le monde. Devant faire face \u00e0 un monde multipolaire, comment les diff\u00e9rents acteurs de l\u2019action humanitaire peuvent-ils r\u00e9pondre aux probl\u00e9matiques du 21\u00e8me\u00a0si\u00e8cle sur tous les fronts\u00a0? Le code de &hellip; <a href=\"https:\/\/blogs.univ-jfc.fr\/projetcroixrouge\/lhumanitaire-en-questions\/la-notion-daction-humanitaire\/lhumanitaire-face-aux-enjeux-de-la-mondialisation\/\" class=\"more-link\">Continuer la lecture de <span class=\"screen-reader-text\">L&rsquo;humanitaire face aux enjeux de la mondialisation<\/span> <span class=\"meta-nav\">&rarr;<\/span><\/a><\/p>\n","protected":false},"author":97,"featured_media":0,"parent":626,"menu_order":0,"comment_status":"closed","ping_status":"open","template":"","meta":[],"_links":{"self":[{"href":"https:\/\/blogs.univ-jfc.fr\/projetcroixrouge\/wp-json\/wp\/v2\/pages\/1651"}],"collection":[{"href":"https:\/\/blogs.univ-jfc.fr\/projetcroixrouge\/wp-json\/wp\/v2\/pages"}],"about":[{"href":"https:\/\/blogs.univ-jfc.fr\/projetcroixrouge\/wp-json\/wp\/v2\/types\/page"}],"author":[{"embeddable":true,"href":"https:\/\/blogs.univ-jfc.fr\/projetcroixrouge\/wp-json\/wp\/v2\/users\/97"}],"replies":[{"embeddable":true,"href":"https:\/\/blogs.univ-jfc.fr\/projetcroixrouge\/wp-json\/wp\/v2\/comments?post=1651"}],"version-history":[{"count":22,"href":"https:\/\/blogs.univ-jfc.fr\/projetcroixrouge\/wp-json\/wp\/v2\/pages\/1651\/revisions"}],"predecessor-version":[{"id":3558,"href":"https:\/\/blogs.univ-jfc.fr\/projetcroixrouge\/wp-json\/wp\/v2\/pages\/1651\/revisions\/3558"}],"up":[{"embeddable":true,"href":"https:\/\/blogs.univ-jfc.fr\/projetcroixrouge\/wp-json\/wp\/v2\/pages\/626"}],"wp:attachment":[{"href":"https:\/\/blogs.univ-jfc.fr\/projetcroixrouge\/wp-json\/wp\/v2\/media?parent=1651"}],"curies":[{"name":"wp","href":"https:\/\/api.w.org\/{rel}","templated":true}]}}