{"id":1652,"date":"2015-03-12T09:57:05","date_gmt":"2015-03-12T08:57:05","guid":{"rendered":"http:\/\/blogs.univ-jfc.fr\/projetcroixrouge\/?page_id=1652"},"modified":"2015-04-04T09:36:01","modified_gmt":"2015-04-04T08:36:01","slug":"valeurs-et-ideaux","status":"publish","type":"page","link":"https:\/\/blogs.univ-jfc.fr\/projetcroixrouge\/risque-urgence-guerre\/histoire-du-secourisme-et-de-lintervention-durgence\/valeurs-et-ideaux\/","title":{"rendered":"Valeurs et id\u00e9aux"},"content":{"rendered":"<h3 style=\"text-align: center\">Cr\u00e9ation des id\u00e9aux de la Croix-Rouge dans la deuxi\u00e8me moiti\u00e9 du XIXe si\u00e8cle<\/h3>\n<p style=\"text-align: justify\">C&rsquo;est en 1859 sur le champ de bataille Solf\u00e9rino qu&rsquo;<a title=\"Henry Dunant\" href=\"http:\/\/blogs.univ-jfc.fr\/projetcroixrouge\/risque-urgence-guerre\/henry-dunant-introduction\/\">Henry Dunant<\/a> eut l&rsquo;envie de venir aux secours des soldats, t\u00e9moin des horreurs de la guerre qui devient de plus en plus violente. Suite \u00e0 cette vision terrible, il d\u00e9cida d&rsquo;\u00e9crire un livre, intitul\u00e9 <i>Un souvenir de Solf\u00e9rino <\/i>publi\u00e9 en 1862. Dans ce livre les premiers id\u00e9aux apparaissent clairement comme \u00e9tant l\u2019humanit\u00e9 et la civilisation. Les id\u00e9aux sont simples et ils sont toujours en vigueur aujourd&rsquo;hui :<a title=\"Dunant apr\u00e8s Dunant\" href=\"http:\/\/blogs.univ-jfc.fr\/projetcroixrouge\/risque-urgence-guerre\/henry-dunant-introduction\/dunant-apres-dunant-2\/\"> <span style=\"color: #000000\">l<\/span>&lsquo;humanit\u00e9, l\u2019impartialit\u00e9, La neutralit\u00e9, L\u2019ind\u00e9pendance, le b\u00e9n\u00e9volat,\u00a0 L\u2019unit\u00e9 et La solidarit\u00e9. <\/a><\/p>\n<h3 style=\"text-align: center\">Mise en application juridique \u00e0 travers les conventions de Gen\u00e8ve<\/h3>\n<figure id=\"attachment_2428\" aria-describedby=\"caption-attachment-2428\" style=\"width: 214px\" class=\"wp-caption alignright\"><a href=\"http:\/\/blogs.univ-jfc.fr\/projetcroixrouge\/wp-content\/uploads\/sites\/40\/2015\/03\/Geneva_Convention_1864_-_CH-BAR_-_29355687.pdf.jpg\"><img loading=\"lazy\" class=\"size-medium wp-image-2428 \" alt=\"Convention pour l'am\u00e9lioration du sort des militaires bless\u00e9s dans les arm\u00e9es en campagnes du 22 ao\u00fbt 1864\" src=\"http:\/\/blogs.univ-jfc.fr\/projetcroixrouge\/wp-content\/uploads\/sites\/40\/2015\/03\/Geneva_Convention_1864_-_CH-BAR_-_29355687.pdf-214x300.jpg\" width=\"214\" height=\"300\" srcset=\"https:\/\/blogs.univ-jfc.fr\/projetcroixrouge\/wp-content\/uploads\/sites\/40\/2015\/03\/Geneva_Convention_1864_-_CH-BAR_-_29355687.pdf-214x300.jpg 214w, https:\/\/blogs.univ-jfc.fr\/projetcroixrouge\/wp-content\/uploads\/sites\/40\/2015\/03\/Geneva_Convention_1864_-_CH-BAR_-_29355687.pdf.jpg 428w\" sizes=\"(max-width: 214px) 100vw, 214px\" \/><\/a><figcaption id=\"caption-attachment-2428\" class=\"wp-caption-text\">Convention pour l&rsquo;am\u00e9lioration du sort des militaires bless\u00e9s dans les arm\u00e9es en campagnes du 22 ao\u00fbt 1864<\/figcaption><\/figure>\n<p style=\"text-align: justify\">La Croix-Rouge f\u00fbt cr\u00e9\u00e9e en 1863 lors de la conf\u00e9rence de Gen\u00e8ve. L&rsquo;ann\u00e9e suivante en 1864 une conf\u00e9rence internationale r\u00e9uni les gouvernements d&rsquo;Europe et quelques <span style=\"font-family: Arial,sans-serif\">\u00c9<\/span>tats am\u00e9ricains. Le but de cette conf\u00e9rence est d&rsquo;am\u00e9liorer le sort des soldats bless\u00e9s au combat. Ce projet de convention pens\u00e9 par le Comit\u00e9 de Gen\u00e8ve fut accept\u00e9 par les nations que l&rsquo;on peut r\u00e9sumer par ces principaux points, l&rsquo;obligation de soigner les bless\u00e9s sans distinction de nationalit\u00e9, la neutralit\u00e9 (l&rsquo;inviolabilit\u00e9) du personnel sanitaire et des \u00e9tablissements sanitaires, le signe distinctif de la croix rouge sur fond blanc. Par la suite en 1868 une nouvelle conf\u00e9rence eut lieu afin que celle de 1864 soit appliqu\u00e9e aux conflits maritimes. Plus tard, eut lieu la convention de 1906 qui permet les r\u00e9glementations aux niveaux des formations et \u00e9tablissements sanitaires, du personnel, du mat\u00e9riel et des convois d&rsquo;\u00e9vacuation. La convention de 1929 a permis l&rsquo;am\u00e9lioration des r\u00e9glementations de 1906 mais aussi le rajout de certains points concernant les b\u00e2timents de la Croix-Rouge. Plus tard, en 1949, une convention eut lieu pour remettre \u00e0 jour les articles des pr\u00e9c\u00e9dentes conf\u00e9rences et de les approfondir. Les articles sont plus pr\u00e9cis et de nouveaux apparaissent concernant les applications de la Convention et des r\u00e9pressions possibles suite aux infractions \u00e0 ces r\u00e8gles. Enfin la derni\u00e8re convention de 1965 fixe les id\u00e9aux de Henry Dunant et permet aussi d&rsquo;obtenir des droits pour les enfants dans le monde.<\/p>\n<h3 style=\"text-align: center\">Application sur le terrain et difficult\u00e9s rencontr\u00e9es<\/h3>\n<figure id=\"attachment_3047\" aria-describedby=\"caption-attachment-3047\" style=\"width: 300px\" class=\"wp-caption alignleft\"><a href=\"http:\/\/blogs.univ-jfc.fr\/projetcroixrouge\/wp-content\/uploads\/sites\/40\/2015\/03\/hist-00688-29_z.jpg\"><img loading=\"lazy\" class=\"size-medium wp-image-3047 \" alt=\"L'ambulance anglaise apr\u00e8s le bombardement italien du 4 mars 1936 pr\u00e8s de Kworam.\" src=\"http:\/\/blogs.univ-jfc.fr\/projetcroixrouge\/wp-content\/uploads\/sites\/40\/2015\/03\/hist-00688-29_z-300x199.jpg\" width=\"300\" height=\"199\" srcset=\"https:\/\/blogs.univ-jfc.fr\/projetcroixrouge\/wp-content\/uploads\/sites\/40\/2015\/03\/hist-00688-29_z-300x199.jpg 300w, https:\/\/blogs.univ-jfc.fr\/projetcroixrouge\/wp-content\/uploads\/sites\/40\/2015\/03\/hist-00688-29_z.jpg 500w\" sizes=\"(max-width: 300px) 100vw, 300px\" \/><\/a><figcaption id=\"caption-attachment-3047\" class=\"wp-caption-text\">L&rsquo;ambulance anglaise apr\u00e8s le bombardement italien du 4 mars 1936 pr\u00e8s de Kworam.<\/figcaption><\/figure>\n<p style=\"text-align: justify\">Les seules \u00ab\u00a0armes\u00a0\u00bb que poss\u00e8de la Croix-Rouge sur le terrain sont les conventions sign\u00e9es par les pays. Les fonds sont malheureusement insuffisants. Enfin, reste son atout le plus grand : les b\u00e9n\u00e9voles qui viennent de tous les pays qui ont accept\u00e9 les clauses de l&rsquo;engagement humanitaire. Suite \u00e0 la convention de Gen\u00e8ve en 1864 promouvant la neutralit\u00e9 des services sanitaires militaires lors des conflits, on tente de cr\u00e9er des \u00ab\u00a0Oasis de neutralit\u00e9\u00a0\u00bb sur les champs de bataille mais assez loin des zones d&rsquo;affrontement afin d&rsquo;apporter les premiers soins aux soldats le plus dans le besoin. Ces lieux de soins doivent permettre la s\u00e9curit\u00e9 des soldats bless\u00e9s et des secouristes. Chaque pays signataire des conventions de Gen\u00e8ve envoie des convois en direction des zones de situation d&rsquo;urgence pour les soutenir humainement et mat\u00e9riellement. Malgr\u00e9 cela, il y a eu beaucoup de conflits o\u00f9 ces r\u00e8gles n&rsquo;ont pas \u00e9t\u00e9 respect\u00e9es et o\u00f9 les difficult\u00e9s furent difficiles \u00e0 ma\u00eetriser.<\/p>\n<p style=\"text-align: justify\"><a title=\"Bibliographie\" href=\"http:\/\/blogs.univ-jfc.fr\/projetcroixrouge\/bibliographie-2\/\">Pour en savoir plus.<\/a><\/p>\n","protected":false},"excerpt":{"rendered":"<p>Cr\u00e9ation des id\u00e9aux de la Croix-Rouge dans la deuxi\u00e8me moiti\u00e9 du XIXe si\u00e8cle C&rsquo;est en 1859 sur le champ de bataille Solf\u00e9rino qu&rsquo;Henry Dunant eut l&rsquo;envie de venir aux secours des soldats, t\u00e9moin des horreurs de la guerre qui devient de plus en plus violente. Suite \u00e0 cette vision terrible, il d\u00e9cida d&rsquo;\u00e9crire un livre, &hellip; <a href=\"https:\/\/blogs.univ-jfc.fr\/projetcroixrouge\/risque-urgence-guerre\/histoire-du-secourisme-et-de-lintervention-durgence\/valeurs-et-ideaux\/\" class=\"more-link\">Continuer la lecture de <span class=\"screen-reader-text\">Valeurs et id\u00e9aux<\/span> <span class=\"meta-nav\">&rarr;<\/span><\/a><\/p>\n","protected":false},"author":89,"featured_media":0,"parent":75,"menu_order":2,"comment_status":"closed","ping_status":"open","template":"","meta":[],"_links":{"self":[{"href":"https:\/\/blogs.univ-jfc.fr\/projetcroixrouge\/wp-json\/wp\/v2\/pages\/1652"}],"collection":[{"href":"https:\/\/blogs.univ-jfc.fr\/projetcroixrouge\/wp-json\/wp\/v2\/pages"}],"about":[{"href":"https:\/\/blogs.univ-jfc.fr\/projetcroixrouge\/wp-json\/wp\/v2\/types\/page"}],"author":[{"embeddable":true,"href":"https:\/\/blogs.univ-jfc.fr\/projetcroixrouge\/wp-json\/wp\/v2\/users\/89"}],"replies":[{"embeddable":true,"href":"https:\/\/blogs.univ-jfc.fr\/projetcroixrouge\/wp-json\/wp\/v2\/comments?post=1652"}],"version-history":[{"count":14,"href":"https:\/\/blogs.univ-jfc.fr\/projetcroixrouge\/wp-json\/wp\/v2\/pages\/1652\/revisions"}],"predecessor-version":[{"id":3848,"href":"https:\/\/blogs.univ-jfc.fr\/projetcroixrouge\/wp-json\/wp\/v2\/pages\/1652\/revisions\/3848"}],"up":[{"embeddable":true,"href":"https:\/\/blogs.univ-jfc.fr\/projetcroixrouge\/wp-json\/wp\/v2\/pages\/75"}],"wp:attachment":[{"href":"https:\/\/blogs.univ-jfc.fr\/projetcroixrouge\/wp-json\/wp\/v2\/media?parent=1652"}],"curies":[{"name":"wp","href":"https:\/\/api.w.org\/{rel}","templated":true}]}}