{"id":1675,"date":"2015-03-12T10:11:42","date_gmt":"2015-03-12T09:11:42","guid":{"rendered":"http:\/\/blogs.univ-jfc.fr\/projetcroixrouge\/?page_id=1675"},"modified":"2015-03-26T10:01:56","modified_gmt":"2015-03-26T09:01:56","slug":"jean-carensac","status":"publish","type":"page","link":"https:\/\/blogs.univ-jfc.fr\/projetcroixrouge\/jean-carensac\/","title":{"rendered":"Jean Carensac"},"content":{"rendered":"<figure id=\"attachment_1688\" aria-describedby=\"caption-attachment-1688\" style=\"width: 200px\" class=\"wp-caption alignleft\"><a href=\"http:\/\/blogs.univ-jfc.fr\/projetcroixrouge\/wp-content\/uploads\/sites\/40\/2015\/03\/Carensac.jpg\"><img loading=\"lazy\" class=\" wp-image-1688   \" alt=\"\" src=\"http:\/\/blogs.univ-jfc.fr\/projetcroixrouge\/wp-content\/uploads\/sites\/40\/2015\/03\/Carensac-163x300.jpg\" width=\"200\" height=\"340\" \/><\/a><figcaption id=\"caption-attachment-1688\" class=\"wp-caption-text\">Jean Carensac<\/figcaption><\/figure>\n<p align=\"JUSTIFY\"><span style=\"color: #000000\"><span style=\"font-family: Arial, sans-serif\">Engag\u00e9 depuis mars 1976, Jean Carensac \u0153uvre pour la Croix-Rouge. Sollicit\u00e9 alors par Mme Lahille pr\u00e9sidente du comit\u00e9 de R\u00e9almont, Mme Berthe Durand directrice locale du secourisme et Mme Jeannette Combes son adjointe, il accepte de s\u2019engager comme secouriste au sein de l\u2019\u00e9quipe du comit\u00e9 de R\u00e9almont.Il participe \u00e0 des postes de secours et suit diverses formations (ranimation, routier). En 1979, sous l\u2019impulsion de Jacques Caminade, il d\u00e9cide de passer le monitorat de secourisme de la Croix-Rouge avant de passer celui d\u2019Etat en 1981 au centre national \u00e0 Albi cr\u00e9\u00e9 en 1979 par Jacques Caminade Directeur D\u00e9partemental de l\u2019Urgence et du Secourisme et instructeur national du secourisme. <\/span><\/span><\/p>\n<p align=\"JUSTIFY\"><span style=\"color: #000000\"><span style=\"font-family: Arial, sans-serif\">De 1981 \u00e0 1993, il est directeur local urgence secourisme. Une \u00e9quipe de moniteurs se cr\u00e9\u00e9e rapidement sur R\u00e9almont pour former le public aux premiers secours. Pour lui, l\u2019importance r\u00e9side \u00e0 r\u00e9pondre au besoin principal \u00ab\u00a0d\u2019\u00e9toffer une \u00e9quipe.\u00a0\u00bb<\/span><\/span><\/p>\n<p align=\"JUSTIFY\"><span style=\"color: #000000\"><span style=\"font-family: Arial, sans-serif\">La jeunesse est un des secteurs qu\u2019il privil\u00e9gie puisque, de 1987 \u00e0 1997, il a \u00e9t\u00e9 directeur d\u00e9partemental de la jeunesse. Il est important de pr\u00e9ciser une nouvelle chose\u00a0: en 1983, le centre de R\u00e9almont met en place le plan Salvar, plan national pour venir en aide aux accident\u00e9s non bless\u00e9s de la route. En 1990, il devient pr\u00e9sident local jusqu\u2019en 1997 et pr\u00e9sident de la d\u00e9l\u00e9gation d\u00e9partementale du Tarn de 1997 \u00e0 2008. Ses actions, bien entendu en collaboration avec les membres du centre de la Croix-Rouge de R\u00e9almont, ne s\u2019arr\u00eatent pas l\u00e0 puisqu\u2019il met en place divers projets de construction\u00a0: en 1995 un centre d\u2019h\u00e9bergement d\u2019urgence pour les sans domiciles fixes, en 1999 est cr\u00e9\u00e9e une base logistique pour les catastrophes ( inaugur\u00e9e en 2000 par le Professeur Marc Gentilini Pr\u00e9sident de la Croix-Rouge Fran\u00e7aise) et en 2005 la r\u00e9alisation de la maison d\u2019accueil pour les familles des d\u00e9tenus en attente de parloir au centre p\u00e9nitencier de Saint Sulpice inaugur\u00e9 en 2006 par la Professeur Jean-Fran\u00e7ois Matt\u00e9i pr\u00e9sident de la Croix-Rouge Fran\u00e7aise. En 2000, il est \u00e9lu Administrateur National de la Croix-Rouge Fran\u00e7aise jusqu\u2019en 2013. Depuis 2008, il est pr\u00e9sident r\u00e9gional Midi-Pyr\u00e9n\u00e9es. La Croix-Rouge fait partie de sa vie, il est admiratif de cette association pour laquelle il accorde une grande partie de son temps. La Croix-Rouge a \u00e9volu\u00e9 d\u2019apr\u00e8s ses dires depuis les ann\u00e9es 1970, mais aujourd\u2019hui il l\u2019a qualifie ainsi\u00a0: \u00ab\u00a0Il y a trois mots\u00a0: pr\u00e9vention, urgence et dur\u00e9e. C\u2019est \u00e0 dire que la Croix-Rouge doit faire de la pr\u00e9vention avant de faire de l\u2019urgence, l\u2019un n\u2019emp\u00eache pas l\u2019autre. L\u2019urgence individuelle c\u2019est le quotidien avec les gens qui sont en difficult\u00e9, l\u2019urgence collective avec les catastrophes nationales et voire internationales. Et pour r\u00e9pondre \u00e0 tout cela, il fallait mettre des outils en place.\u00a0\u00bb <\/span><\/span><\/p>\n<p align=\"JUSTIFY\"><span style=\"color: #000000\"><span style=\"font-family: Arial, sans-serif\">Un des \u00e9v\u00e9nements qui le marque le plus profond\u00e9ment est la comm\u00e9moration du 150<\/span><\/span><span style=\"color: #000000\"><sup><span style=\"font-family: Arial, sans-serif\">\u00e8me<\/span><\/sup><\/span><span style=\"color: #000000\"><span style=\"font-family: Arial, sans-serif\"> anniversaire de la naissance de la Croix-Rouge devant le monument aux morts de Toulouse, all\u00e9e Fran\u00e7ois Verdier.<\/span><\/span><\/p>\n<p align=\"JUSTIFY\"><span style=\"font-family: Arial, sans-serif\"><span style=\"font-size: medium\">\u00a0<\/span><\/span><\/p>\n<dl class=\"wp-caption alignnone\" id=\"attachment_1706\" style=\"width: 310px\">\n<dt class=\"wp-caption-dt\"><\/dt>\n<\/dl>\n<figure id=\"attachment_2364\" aria-describedby=\"caption-attachment-2364\" style=\"width: 400px\" class=\"wp-caption aligncenter\"><a href=\"http:\/\/blogs.univ-jfc.fr\/projetcroixrouge\/wp-content\/uploads\/sites\/40\/2015\/03\/Photo-Carensac.jpg\"><img loading=\"lazy\" class=\"wp-image-2364 \" alt=\"\" src=\"http:\/\/blogs.univ-jfc.fr\/projetcroixrouge\/wp-content\/uploads\/sites\/40\/2015\/03\/Photo-Carensac-300x141.jpg\" width=\"400\" height=\"200\" \/><\/a><figcaption id=\"caption-attachment-2364\" class=\"wp-caption-text\">Jean Carensac lors de la comm\u00e9moration du 150\u00e8me anniversaire de la Croix-Rouge<\/figcaption><\/figure>\n","protected":false},"excerpt":{"rendered":"<p>Engag\u00e9 depuis mars 1976, Jean Carensac \u0153uvre pour la Croix-Rouge. Sollicit\u00e9 alors par Mme Lahille pr\u00e9sidente du comit\u00e9 de R\u00e9almont, Mme Berthe Durand directrice locale du secourisme et Mme Jeannette Combes son adjointe, il accepte de s\u2019engager comme secouriste au sein de l\u2019\u00e9quipe du comit\u00e9 de R\u00e9almont.Il participe \u00e0 des postes de secours et suit &hellip; <a href=\"https:\/\/blogs.univ-jfc.fr\/projetcroixrouge\/jean-carensac\/\" class=\"more-link\">Continuer la lecture de <span class=\"screen-reader-text\">Jean Carensac<\/span> <span class=\"meta-nav\">&rarr;<\/span><\/a><\/p>\n","protected":false},"author":128,"featured_media":0,"parent":0,"menu_order":0,"comment_status":"closed","ping_status":"open","template":"","meta":[],"_links":{"self":[{"href":"https:\/\/blogs.univ-jfc.fr\/projetcroixrouge\/wp-json\/wp\/v2\/pages\/1675"}],"collection":[{"href":"https:\/\/blogs.univ-jfc.fr\/projetcroixrouge\/wp-json\/wp\/v2\/pages"}],"about":[{"href":"https:\/\/blogs.univ-jfc.fr\/projetcroixrouge\/wp-json\/wp\/v2\/types\/page"}],"author":[{"embeddable":true,"href":"https:\/\/blogs.univ-jfc.fr\/projetcroixrouge\/wp-json\/wp\/v2\/users\/128"}],"replies":[{"embeddable":true,"href":"https:\/\/blogs.univ-jfc.fr\/projetcroixrouge\/wp-json\/wp\/v2\/comments?post=1675"}],"version-history":[{"count":9,"href":"https:\/\/blogs.univ-jfc.fr\/projetcroixrouge\/wp-json\/wp\/v2\/pages\/1675\/revisions"}],"predecessor-version":[{"id":3381,"href":"https:\/\/blogs.univ-jfc.fr\/projetcroixrouge\/wp-json\/wp\/v2\/pages\/1675\/revisions\/3381"}],"wp:attachment":[{"href":"https:\/\/blogs.univ-jfc.fr\/projetcroixrouge\/wp-json\/wp\/v2\/media?parent=1675"}],"curies":[{"name":"wp","href":"https:\/\/api.w.org\/{rel}","templated":true}]}}