{"id":1735,"date":"2015-03-12T10:02:42","date_gmt":"2015-03-12T09:02:42","guid":{"rendered":"http:\/\/blogs.univ-jfc.fr\/projetcroixrouge\/?page_id=1735"},"modified":"2015-03-31T09:17:30","modified_gmt":"2015-03-31T08:17:30","slug":"fonctionner-avec-des-benevoles-une-problematique-particuliere","status":"publish","type":"page","link":"https:\/\/blogs.univ-jfc.fr\/projetcroixrouge\/la-croix-rouge-tarnaise-des-hommes-et-des-femmes\/les-benevoles-de-la-croix-rouge-tarnaise\/fonctionner-avec-des-benevoles-une-problematique-particuliere\/","title":{"rendered":"Fonctionner avec des b\u00e9n\u00e9voles, une probl\u00e9matique particuli\u00e8re"},"content":{"rendered":"<p style=\"text-align: justify\"><span style=\"font-family: Liberation Serif,serif\"><span style=\"font-size: medium\">Les actions men\u00e9es par la Croix-Rouge sont multiples et l&rsquo;organisation doit \u00eatre capable de r\u00e9pondre \u00e0 tous types de <\/span><span style=\"color: #000000\"><span style=\"font-size: medium\">situations, rapidement et efficacement. Il est donc n\u00e9cessaire d&rsquo;avoir \u00e0 disposition un personnel important et des \u00e9quipes r\u00e9actives et comp\u00e9tentes, qui agissent avec professionnalisme<\/span><\/span><span style=\"color: #000000\"><span style=\"font-size: medium\">. Le choix d&rsquo;engager des b\u00e9n\u00e9voles dans la Croix-Rouge n&rsquo;est pas anodin, puisque ceux-ci <\/span><\/span><span style=\"color: #000000\"><span style=\"font-size: medium\">pr\u00e9sentent<\/span><\/span><span style=\"color: #000000\"><span style=\"font-size: medium\"> des caract\u00e9ristiques particuli\u00e8res.<\/span><\/span><\/span><\/p>\n<h5 style=\"text-align: justify\"><span style=\"color: #000000\"><span style=\"font-family: Liberation Serif,serif\"><b>L&rsquo;attrait du b\u00e9n\u00e9vole pour la Croix-rouge<\/b><\/span><\/span><\/h5>\n<p style=\"text-align: justify\"><span style=\"font-family: Liberation Serif,serif\">Ayant fait lui-m\u00eame fait le choix d&rsquo;adh\u00e9rer \u00e0 l&rsquo;association, le b\u00e9n\u00e9vole est par d\u00e9finition motiv\u00e9. Que ce soit pour se rendre utile ou bien pour s&rsquo;occuper, il a bien souvent \u00ab\u00a0plein de projets en t\u00eate\u00a0\u00bb. Il n&rsquo;est pas en attente d&rsquo;une quelconque r\u00e9compense, si ce n&rsquo;est le plaisir d&rsquo;aider d&rsquo;autres gens, car il est conscient que l&rsquo;organisme pour lequel il donne de l&rsquo;\u00e9nergie travaille sans but lucratif.<\/span><\/p>\n<figure id=\"attachment_2938\" aria-describedby=\"caption-attachment-2938\" style=\"width: 300px\" class=\"wp-caption aligncenter\"><a href=\"http:\/\/blogs.univ-jfc.fr\/projetcroixrouge\/wp-content\/uploads\/sites\/40\/2015\/03\/defile2.jpg\"><img loading=\"lazy\" class=\"size-medium wp-image-2938   \" title=\"Le d\u00e9fil\u00e9 du 14 juillet 2014. Archives de la d\u00e9l\u00e9gation d\u00e9partementale du Tarn\" alt=\"Le d\u00e9fil\u00e9 du 14 juillet 2014\" src=\"http:\/\/blogs.univ-jfc.fr\/projetcroixrouge\/wp-content\/uploads\/sites\/40\/2015\/03\/defile2-300x200.jpg\" width=\"300\" height=\"200\" srcset=\"https:\/\/blogs.univ-jfc.fr\/projetcroixrouge\/wp-content\/uploads\/sites\/40\/2015\/03\/defile2-300x200.jpg 300w, https:\/\/blogs.univ-jfc.fr\/projetcroixrouge\/wp-content\/uploads\/sites\/40\/2015\/03\/defile2.jpg 960w\" sizes=\"(max-width: 300px) 100vw, 300px\" \/><\/a><figcaption id=\"caption-attachment-2938\" class=\"wp-caption-text\">Le d\u00e9fil\u00e9 du 14 juillet 2014<\/figcaption><\/figure>\n<p style=\"text-align: justify\"><span style=\"font-family: Liberation Serif,serif\">Afin de mieux comprendre les motivations du b\u00e9n\u00e9vole, nous nous sommes rendus en f\u00e9vrier 2015 sur le terrain lors d&rsquo;une <a title=\"Une interview des membres de l\u2019unit\u00e9 locale d\u2019Albi\" href=\"http:\/\/blogs.univ-jfc.fr\/projetcroixrouge\/la-croix-rouge-tarnaise-des-hommes-et-des-femmes\/les-benevoles-de-la-croix-rouge-tarnaise\/fonctionner-avec-des-benevoles-une-problematique-particuliere\/une-interview-des-membres-de-lunite-locale-dalbi\/\"><span style=\"color: #000080\">interview de quelques membres de l&rsquo;unit\u00e9 locale d&rsquo;Albi<\/span><\/a>. <span style=\"color: #000000\">Celle-ci fait clairement ressortir les priorit\u00e9s du nouvel adh\u00e9rent : travailler dans une ambiance collective et pour une cause universelle. Cette universalit\u00e9 est <\/span><span style=\"color: #000000\">pr\u00e9sente dans l&rsquo;association \u00e0 travers les<\/span><span style=\"color: #000000\"> sept principes <\/span><span style=\"color: #000000\">qui forment la Croix-rouge et<\/span><span style=\"color: #000000\"> qui promeu<\/span><span style=\"color: #000000\">vent<\/span><span style=\"color: #000000\"> une ouverture d&rsquo;esprit et une tol\u00e9rance importante, rencontr<\/span><span style=\"color: #000000\">a<\/span><span style=\"color: #000000\">nt un \u00e9cho certain chez ceux qui s&rsquo;engagent.<\/span><\/span><\/p>\n<h5 style=\"text-align: justify\"><span style=\"color: #000000\"><span style=\"font-family: Liberation Serif,serif\"><b>Le b\u00e9n\u00e9volat, une pratique qui attire un type de gens particuliers<\/b><\/span><\/span><\/h5>\n<p style=\"text-align: justify\"><span style=\"color: #000000\"><span style=\"font-family: Liberation Serif,serif\"> La Croix-rouge est effectivement un organisme qui favorise le travail en groupe. On peut constater que ce type de fonctionnement est mis en avant par les femmes. Elles pr\u00e9dominent dans l&rsquo;unit\u00e9 locale d&rsquo;Albi, qui compte 123 membres en 2014, dont pr\u00e8s de 62 % de femmes b\u00e9n\u00e9voles (77 membres). Les hommes, eux, comptent 46 membres-b\u00e9n\u00e9voles.<\/span><\/span><\/p>\n<p style=\"text-align: justify\"><span style=\"color: #000000\"><span style=\"font-family: Liberation Serif,serif\">Il existe au sein de l&rsquo;organisation une grande diversit\u00e9 de m\u00e9tiers qui ont \u00e9t\u00e9 exerc\u00e9s par les b\u00e9n\u00e9voles, allant du commer\u00e7ant \u00e0 l&rsquo;\u00e9tudiant, la profession n&rsquo;est donc pas un facteur qui impliquerait le choix de certains adh\u00e9rents. <\/span><\/span><\/p>\n<p style=\"text-align: justify\"><span style=\"color: #000000\"><span style=\"font-family: Liberation Serif,serif\">En revanche, l&rsquo;\u00e2ge est un crit\u00e8re particuli\u00e8rement int\u00e9ressant \u00e0 observer\u00a0:<\/span><\/span><\/p>\n<table width=\"100%\" cellspacing=\"0\" cellpadding=\"4\">\n<col width=\"128*\" \/>\n<col width=\"128*\" \/>\n<tbody>\n<tr valign=\"TOP\">\n<td width=\"50%\"><span style=\"font-family: Liberation Serif,serif\">Tranche d&rsquo;\u00e2ge \u00e9tudi\u00e9e<\/span><\/td>\n<td width=\"50%\"><span style=\"font-family: Liberation Serif,serif\">Nombre de b\u00e9n\u00e9voles de l&rsquo;unit\u00e9 locale d&rsquo;Albi,<\/span><span style=\"font-family: Liberation Serif,serif\">selon la tranche d&rsquo;\u00e2ge et en 2014<\/span><\/td>\n<\/tr>\n<tr valign=\"TOP\">\n<td width=\"50%\"><span style=\"font-family: Liberation Serif,serif\">&#8211; de 25 ans<\/span><\/td>\n<td style=\"text-align: center\" width=\"50%\"><span style=\"font-family: Liberation Serif,serif\">7<\/span><\/td>\n<\/tr>\n<tr valign=\"TOP\">\n<td width=\"50%\"><span style=\"font-family: Liberation Serif,serif\">De 26 \u00e0 49 ans<\/span><\/td>\n<td style=\"text-align: center\" width=\"50%\"><span style=\"font-family: Liberation Serif,serif\">26<\/span><\/td>\n<\/tr>\n<tr valign=\"TOP\">\n<td width=\"50%\"><span style=\"font-family: Liberation Serif,serif\">De 50 \u00e0 69 ans<\/span><\/td>\n<td style=\"text-align: center\" width=\"50%\"><span style=\"font-family: Liberation Serif,serif\">51<\/span><\/td>\n<\/tr>\n<tr valign=\"TOP\">\n<td width=\"50%\"><span style=\"font-family: Liberation Serif,serif\">+ de 70 ans<\/span><\/td>\n<td style=\"text-align: center\" width=\"50%\"><span style=\"font-family: Liberation Serif,serif\">29<\/span><\/td>\n<\/tr>\n<tr valign=\"TOP\">\n<td width=\"50%\"><span style=\"font-family: Liberation Serif,serif\">TOTAL<\/span><\/td>\n<td style=\"text-align: center\" width=\"50%\"><span style=\"font-family: Liberation Serif,serif\">123<\/span><\/td>\n<\/tr>\n<\/tbody>\n<\/table>\n<p style=\"text-align: right\"><span style=\"color: #000000\"><span style=\"font-family: Liberation Serif,serif\">Donn\u00e9es tir\u00e9es des statistiques tenues par l&rsquo;unit\u00e9 locale d&rsquo;Albi en 2014.<br \/>\n<\/span><\/span><\/p>\n<p style=\"text-align: justify\"><span style=\"color: #000000\"><span style=\"font-family: Liberation Serif,serif\"> Le tableau ci-dessus montre la forte pr\u00e9sence de personnes retrait\u00e9es au sein de l&rsquo;association. Les membres ayant ce profil disposent en effet d&rsquo;un temps libre qui permet \u00e0 l&rsquo;association de g\u00e9rer son personnel en fonction du besoin imm\u00e9diat. Ce sont des personnes qui ont acquis, au cours de leur vie, une certaine exp\u00e9rience, qui leur donne normalement un temp\u00e9rament calme et pos\u00e9, un savoir-vivre et une convivialit\u00e9 accrus. La hausse de l&rsquo;esp\u00e9rance de vie et le fait que les retrait\u00e9s disposent d&rsquo;ann\u00e9es de loisirs en bonne sant\u00e9 expliquent la sur-repr\u00e9sentation de la tranche d&rsquo;\u00e2ge des 50-69 ans.<\/span><\/span><\/p>\n<p style=\"text-align: justify\"><span style=\"color: #000000\"><span style=\"font-family: Liberation Serif,serif\">Un examen plus pouss\u00e9 montre que les deux tranches les plus jeunes privil\u00e9gient la branche du secourisme, dont les actions s&rsquo;\u00e9talent principalement le soir ou pendant les week-end, ce qui leur permet de g\u00e9rer parall\u00e8lement leurs \u00e9tudes ou leurs m\u00e9tiers. Les tranches sup\u00e9rieures \u00e0 50 ans sont mieux repr\u00e9sent\u00e9es dans les activit\u00e9s de l&rsquo;aide sociale, puisque celles-ci se d\u00e9roulent la semaine et consistent notamment en temps d&rsquo;accueil et d&rsquo;\u00e9coute, activit\u00e9s chronophages. La moyenne d&rsquo;\u00e2ge des b\u00e9n\u00e9voles \u00e0 Albi est de 56 ans.<\/span><\/span><\/p>\n<p style=\"text-align: justify\"><span style=\"font-family: Liberation Serif,serif\"> <span style=\"color: #000000\">Appartenir au mouvement de la Croix-rouge implique un niveau d&rsquo;engagement tr\u00e8s \u00e9lev\u00e9. Si l&rsquo;on propose \u00e0 l&rsquo;association un certain<\/span><span style=\"color: #000000\"> temps d&rsquo;action qui lui est consacr\u00e9, il ne s&rsquo;agit pas de se mobiliser ponctuellement et selon les envies de chacun<\/span><span style=\"color: #000000\">. Ce n&rsquo;est pas tant la quantit\u00e9 des heures donn\u00e9es qui est importante que le respect des plages horaires que l&rsquo;on a indiqu\u00e9es au d\u00e9part. Ainsi, m\u00eame si un b\u00e9n\u00e9vole ne peut s&rsquo;engager que deux heures hebdomadaires, il sera utile \u00e0 l&rsquo;association puisqu&rsquo;il lui allouera de mani\u00e8re constante et s\u00fbre ces deux heures-la. En 2014, les volontaires de la Croix-rouge de l&rsquo;unit\u00e9 locale d&rsquo;Albi ont repr\u00e9sent\u00e9 35 000 heures de b\u00e9n\u00e9volat. Faire partie de la Croix-rouge, c&rsquo;est se voir confront\u00e9 \u00e0 des situations au moment o\u00f9 elles arrivent et, dans ces temps-l\u00e0, modifier ses priorit\u00e9s afin d&rsquo;opter pour celles du groupe. Cet engagement n&rsquo;\u00e9tant pas facile \u00e0 tenir,<\/span><span style=\"color: #000000\"><span style=\"font-size: medium\"> les b\u00e9n\u00e9voles ont devant eux six mois d&rsquo;essai. A la fin de cette p\u00e9riode probatoire, ils sont \u00e0-m\u00eame de d\u00e9cider de s&rsquo;ils sont pr\u00eats \u00e0 sacrifier une partie de leur temps de loisir pour un travail \u00e0 caract\u00e8re semi-professionnel. <\/span><\/span><\/span><\/p>\n<p style=\"text-align: justify\"><span style=\"color: #000000\"><span style=\"font-family: Liberation Serif,serif\"><span style=\"font-size: medium\"> L&rsquo;engagement du b\u00e9n\u00e9vole, comme l&#8217;emploi de b\u00e9n\u00e9voles dans la Croix-Rouge est donc un choix r\u00e9fl\u00e9chi, qui implique de la part du b\u00e9n\u00e9vole s\u00e9rieux et r\u00e9gularit\u00e9 et de la part de l&rsquo;association une prise en compte des sp\u00e9cificit\u00e9s de ce public engag\u00e9 particulier.<\/span><\/span><\/span><\/p>\n","protected":false},"excerpt":{"rendered":"<p>Les actions men\u00e9es par la Croix-Rouge sont multiples et l&rsquo;organisation doit \u00eatre capable de r\u00e9pondre \u00e0 tous types de situations, rapidement et efficacement. Il est donc n\u00e9cessaire d&rsquo;avoir \u00e0 disposition un personnel important et des \u00e9quipes r\u00e9actives et comp\u00e9tentes, qui agissent avec professionnalisme. Le choix d&rsquo;engager des b\u00e9n\u00e9voles dans la Croix-Rouge n&rsquo;est pas anodin, puisque &hellip; <a href=\"https:\/\/blogs.univ-jfc.fr\/projetcroixrouge\/la-croix-rouge-tarnaise-des-hommes-et-des-femmes\/les-benevoles-de-la-croix-rouge-tarnaise\/fonctionner-avec-des-benevoles-une-problematique-particuliere\/\" class=\"more-link\">Continuer la lecture de <span class=\"screen-reader-text\">Fonctionner avec des b\u00e9n\u00e9voles, une probl\u00e9matique particuli\u00e8re<\/span> <span class=\"meta-nav\">&rarr;<\/span><\/a><\/p>\n","protected":false},"author":156,"featured_media":0,"parent":576,"menu_order":0,"comment_status":"closed","ping_status":"open","template":"","meta":[],"_links":{"self":[{"href":"https:\/\/blogs.univ-jfc.fr\/projetcroixrouge\/wp-json\/wp\/v2\/pages\/1735"}],"collection":[{"href":"https:\/\/blogs.univ-jfc.fr\/projetcroixrouge\/wp-json\/wp\/v2\/pages"}],"about":[{"href":"https:\/\/blogs.univ-jfc.fr\/projetcroixrouge\/wp-json\/wp\/v2\/types\/page"}],"author":[{"embeddable":true,"href":"https:\/\/blogs.univ-jfc.fr\/projetcroixrouge\/wp-json\/wp\/v2\/users\/156"}],"replies":[{"embeddable":true,"href":"https:\/\/blogs.univ-jfc.fr\/projetcroixrouge\/wp-json\/wp\/v2\/comments?post=1735"}],"version-history":[{"count":16,"href":"https:\/\/blogs.univ-jfc.fr\/projetcroixrouge\/wp-json\/wp\/v2\/pages\/1735\/revisions"}],"predecessor-version":[{"id":3596,"href":"https:\/\/blogs.univ-jfc.fr\/projetcroixrouge\/wp-json\/wp\/v2\/pages\/1735\/revisions\/3596"}],"up":[{"embeddable":true,"href":"https:\/\/blogs.univ-jfc.fr\/projetcroixrouge\/wp-json\/wp\/v2\/pages\/576"}],"wp:attachment":[{"href":"https:\/\/blogs.univ-jfc.fr\/projetcroixrouge\/wp-json\/wp\/v2\/media?parent=1735"}],"curies":[{"name":"wp","href":"https:\/\/api.w.org\/{rel}","templated":true}]}}