{"id":1746,"date":"2015-03-12T10:05:39","date_gmt":"2015-03-12T09:05:39","guid":{"rendered":"http:\/\/blogs.univ-jfc.fr\/projetcroixrouge\/?page_id=1746"},"modified":"2015-03-29T21:18:55","modified_gmt":"2015-03-29T20:18:55","slug":"annexe-interview-de-frederic-joli-historien-du-cicr-representant-des-archives-le-16-octobre-2014","status":"publish","type":"page","link":"https:\/\/blogs.univ-jfc.fr\/projetcroixrouge\/le-cicr\/annexe-interview-de-frederic-joli-historien-du-cicr-representant-des-archives-le-16-octobre-2014\/","title":{"rendered":"Interview de Fr\u00e9d\u00e9ric Joli, historien du CICR, repr\u00e9sentant des archives, le 16 octobre 2014."},"content":{"rendered":"<h1><\/h1>\n<h1><\/h1>\n<p lang=\"zxx\"><span style=\"font-family: Arial,sans-serif\"><b>1) La Croix Rouge est-elle une filiale du CICR ?<\/b><\/span><\/p>\n<p align=\"justify\"><span style=\"color: #000000\"><span style=\"font-family: Arial,sans-serif\"><span style=\"font-size: medium\">Non, le CICR est l&rsquo;organisation la plus ancienne. Il n&rsquo;a \u00e9t\u00e9 pr\u00e9vu que pour les victimes de guerre, la protection et l&rsquo;assistance des soldats bless\u00e9s, puis prisonniers, des civils dans la guerre. Le CICR est la Croix-Rouge en temps de guerre. Un an apr\u00e8s la cr\u00e9ation du CICR, il y a eu la mise en place de groupes priv\u00e9s (dans certains pays) comme en France qui se chargeaient d&rsquo;avantage des catastrophes naturelles, des \u00e9pid\u00e9mies, etc &#8230; Il existait d\u00e9j\u00e0 des moyens de secours en temps de guerre, donc on a cherch\u00e9 comment utiliser ces moyens en temps de paix. Cela a donn\u00e9 naissance aux Soci\u00e9t\u00e9s nationales de la Croix-Rouge ou du Croissant-Rouge (dont la CRF). Ce ne sont donc pas des filiales ce sont des auxiliaires de leurs pouvoirs nationaux (pouvoirs publics). Cependant, si la France entre en guerre, elle passera sous l\u2019autorit\u00e9 du CICR. Tant qu&rsquo;on est en paix, les soci\u00e9t\u00e9s nationales de la Croix-Rouge sont en autonomie.<\/span><\/span><\/span><\/p>\n<h1><\/h1>\n<h1><\/h1>\n<h1><\/h1>\n<p lang=\"zxx\"><span style=\"font-family: Arial,sans-serif\"><b>2) Comment le CICR publiciste-t-il ses actions au niveau national ?<\/b><\/span><\/p>\n<p align=\"justify\"><span style=\"color: #000000\"><span style=\"font-family: Arial,sans-serif\"><span style=\"font-size: medium\">Le CICR n&rsquo;est pas financ\u00e9 par la g\u00e9n\u00e9rosit\u00e9 publique (ce qui le diff\u00e9rencie des ONG, CR &#8230;) mais par des subventions d&rsquo;\u00c9tats (\u00e0 90%) qui ont particip\u00e9 aux conventions de Gen\u00e8ve. Ils ont donc une communication diff\u00e9rente car elle est moins bas\u00e9e sur le marketing. Leur objectif prioritaire est de vendre le droit international humanitaire \u00e0 savoir comment le promouvoir. Ils font des communiqu\u00e9s, travaillent avec la presse, utilisent les r\u00e9seaux sociaux et internet. \u00c0\u00a0qui le CICR rend-il ses comptes ?<span style=\"color: #004586\"><b>\u00a0<\/b><\/span>195 \u00c9tats qui participent aux conventions de Gen\u00e8ve dont une cinquantaine sont des \u00c9tats riches qui ont les moyens de les financer. Cependant, ils ont une autonomie, une libert\u00e9 d&rsquo;utilisation de ces financements. En temps de crise, ils peuvent lancer des appels d&rsquo;urgence aupr\u00e8s de leurs donateurs pour avoir des rallonges budg\u00e9taires. <\/span><\/span><\/span><\/p>\n<p lang=\"zxx\"><span style=\"font-family: Arial,sans-serif\"><b>3) Quelles sont les innovations actuelles du CICR ?<\/b><\/span><\/p>\n<ul>\n<li>\n<p align=\"justify\"><span style=\"font-family: Arial,sans-serif\"><span style=\"color: #000000\"><span style=\"font-size: medium\">R<\/span><\/span><span style=\"color: #000000\"><span style=\"font-size: medium\">\u00e9tablissement du lien familial (<\/span><\/span><a title=\"site de reconstruction des liens familiaux du CICR\" href=\"http:\/\/familylinks.org\/\" target=\"_blank\"><span style=\"color: #000080\"><span style=\"font-size: medium\"><span style=\"text-decoration: underline\">familylinks.org<\/span><\/span><\/span><\/a><span style=\"color: #000000\"><span style=\"font-size: medium\">).<\/span><\/span><\/span><\/p>\n<\/li>\n<li>\n<p align=\"justify\"><span style=\"font-family: Arial,sans-serif\"><span style=\"color: #000000\"><span style=\"font-size: medium\">U<\/span><\/span><span style=\"color: #000000\"><span style=\"font-size: medium\">tilisation d&rsquo;internet, du t\u00e9l\u00e9phone portable pour \u00e9lucider des cas de disparition.<\/span><\/span><\/span><\/p>\n<\/li>\n<li>\n<p align=\"justify\"><span style=\"font-family: Arial,sans-serif\"><span style=\"color: #000000\"><span style=\"font-size: medium\">L<\/span><\/span><span style=\"color: #000000\"><span style=\"font-size: medium\">ogistique, assistance.<\/span><\/span><\/span><\/p>\n<\/li>\n<li>\n<p align=\"justify\"><span style=\"font-family: Arial,sans-serif\"><span style=\"color: #000000\"><span style=\"font-size: medium\">I<\/span><\/span><span style=\"color: #000000\"><span style=\"font-size: medium\">nternationalisation des ressources humaines (50 nationalit\u00e9s travaillent pour le CICR ce qui facilite les visites aux prisonniers (500 000\/an) car ils n&rsquo;ont plus besoin d&rsquo;interpr\u00e8tes ext\u00e9rieurs).<\/span><\/span><\/span><\/p>\n<\/li>\n<\/ul>\n<p lang=\"zxx\"><span style=\"font-family: Arial,sans-serif\"><b>4) Comment la cr\u00e9ation du CICR a-t-elle \u00e9t\u00e9 per\u00e7u par les diff\u00e9rents \u00c9tats \u00e0 l&rsquo;\u00e9poque?<\/b><\/span><\/p>\n<p align=\"justify\"><span style=\"color: #000000\"><span style=\"font-family: Arial,sans-serif\"><span style=\"font-size: medium\">Plut\u00f4t bien. Le CICR est cr\u00e9\u00e9 en 1863 et en 1864, les principaux royaumes adh\u00e8rent \u00e0 la 1\u00e8re convention de Gen\u00e8ve visant \u00e0 prot\u00e9ger le soldat bless\u00e9. Ces m\u00eames pays ont cr\u00e9\u00e9 la m\u00eame ann\u00e9e leurs propres soci\u00e9t\u00e9s de secours national (CRF). Cela s&rsquo;inscrit dans les mouvements positivistes de la fin du XIXi\u00e8me si\u00e8cle pour mettre un peu d&rsquo;humanit\u00e9 sur le champ de bataille. <\/span><\/span><\/span><\/p>\n<p lang=\"zxx\"><span style=\"font-family: Arial,sans-serif\"><b>5) Sous quelles conditions politiques le CICR parvenait-il \u00e0 mener \u00e0 bien ses actions durant les guerres mondiales ?<\/b><\/span><\/p>\n<p align=\"justify\"><span style=\"color: #000000\"><span style=\"font-family: Arial,sans-serif\"><span style=\"font-size: medium\">Trois<\/span><span style=\"font-size: medium\"> principes du CICR : neutralit\u00e9, ind\u00e9pendance, impartialit\u00e9. <\/span><span style=\"font-size: medium\">Gr\u00e2ce \u00e0 \u00e7a, il parvient \u00e0 obtenir la confiance de toutes les parties en conflit avec plus ou moins de r\u00e9ussite mais il r\u00e9ussi<\/span><span style=\"font-size: medium\">t<\/span><span style=\"font-size: medium\"> \u00e0 travailler des deux c<\/span><span style=\"font-size: medium\">\u00f4<\/span><span style=\"font-size: medium\">t\u00e9s d&rsquo;une ligne de front. Il essaye de faire respecter l&rsquo;espace humanitaire, acc\u00e8s aux prisonniers, que les h\u00f4pitaux ne soient pas attaqu\u00e9s.<\/span><\/span><\/span><\/p>\n<p align=\"justify\"><span style=\"color: #ff420e\"><span style=\"font-family: Arial,sans-serif\"><span style=\"color: #000000\"><span style=\"font-size: medium\"><b>Premi\u00e8re<\/b><\/span><\/span><span style=\"color: #000000\"><span style=\"font-size: medium\"><b> G<\/b><\/span><\/span><span style=\"color: #000000\"><span style=\"font-size: medium\"><b>uerre <\/b><\/span><\/span><span style=\"color: #000000\"><span style=\"font-size: medium\"><b>M<\/b><\/span><\/span><span style=\"color: #000000\"><span style=\"font-size: medium\"><b>ondiale<\/b><\/span><\/span><span style=\"color: #000000\"><span style=\"font-size: medium\"><b> : <\/b><\/span><\/span><span style=\"color: #000000\"><span style=\"font-size: medium\">particuli\u00e8re car elle va voir l&rsquo;essor du CICR. <\/span><\/span><span style=\"color: #000000\"><span style=\"font-size: medium\">C<\/span><\/span><span style=\"color: #000000\"><span style=\"font-size: medium\">&lsquo;est la premi\u00e8re guerre industrielle, utilisation de l&rsquo;aviation, des bombardements, va faire beaucoup de prisonniers (6-7 millions). \u00c0 la fin du conflit le CICR propose de d\u00e9finir une nouvelle convention de Gen\u00e8ve pour prot\u00e9ger les prisonniers.<\/span><\/span><\/span><\/span><\/p>\n<p align=\"justify\"><span style=\"color: #ff420e\"><span style=\"font-family: Arial,sans-serif\"><span style=\"color: #000000\"><span style=\"font-size: medium\"><b>Deuxi\u00e8me<\/b><\/span><\/span><span style=\"color: #000000\"><span style=\"font-size: medium\"><b> G<\/b><\/span><\/span><span style=\"color: #000000\"><span style=\"font-size: medium\"><b>uerre <\/b><\/span><\/span><span style=\"color: #000000\"><span style=\"font-size: medium\"><b>M<\/b><\/span><\/span><span style=\"color: #000000\"><span style=\"font-size: medium\"><b>ondiale\u00a0<\/b><\/span><\/span><span style=\"color: #000000\"><span style=\"font-size: medium\"><b>: <\/b><\/span><\/span><span style=\"color: #000000\"><span style=\"font-size: medium\">Shoah, guerre a\u00e9rienne, bombardement atomique. Il faut prot\u00e9ger les civils (proposition accept\u00e9e qu&rsquo;en 1949 dans une nouvelle convention de Gen\u00e8ve qui interdit aux soldats de s&rsquo;attaquer aux civils).<\/span><\/span><\/span><\/span><\/p>\n<p align=\"justify\"><span style=\"color: #000000\"><span style=\"font-family: Arial,sans-serif\"><span style=\"font-size: medium\">Comment expliquer que durant la Deuxi\u00e8me Guerre Mondiale les conditions des d\u00e9tenus dans les camps ait \u00e9t\u00e9 aussi mal connue ? <\/span><\/span><\/span><span style=\"color: #579d1c\"><span style=\"font-family: Arial,sans-serif\"><span style=\"color: #000000\"><span style=\"font-size: medium\">La Deuxi\u00e8me Guerre Mondiale a fait des millions de prisonniers de guerre. Le CICR a eu des ennuis juridiques pour acc\u00e9der \u00e0 ces prisonniers. Il n&rsquo;y avait pas d&rsquo;instruments juridiques, pas de conventions pour contrer les <\/span><\/span><span style=\"color: #000000\"><span style=\"font-size: medium\">pers\u00e9cutions<\/span><\/span><span style=\"color: #000000\"><span style=\"font-size: medium\"> civiles. Le CICR \u00e9tait face \u00e0 un dilemme entre prot\u00e9ger les civils (d\u00e9portation) et <\/span><\/span><span style=\"color: #000000\"><span style=\"font-size: medium\">conserver<\/span><\/span><span style=\"color: #000000\"><span style=\"font-size: medium\"> l&rsquo;acc\u00e8s \u00e0 tous les prisonniers de guerre (autoris\u00e9 par les nazis). Le CICR avait peur des repr\u00e9sailles, il n&rsquo;a donc rien demand\u00e9 aux <\/span><\/span><span style=\"color: #000000\"><span style=\"font-size: medium\">A<\/span><\/span><span style=\"color: #000000\"><span style=\"font-size: medium\">llemands pour <\/span><\/span><span style=\"color: #000000\"><span style=\"font-size: medium\">avoir<\/span><\/span><span style=\"color: #000000\"><span style=\"font-size: medium\"> acc\u00e8s aux civils. Ils sont parti<\/span><\/span><span style=\"color: #000000\"><span style=\"font-size: medium\">s<\/span><\/span><span style=\"color: #000000\"><span style=\"font-size: medium\"> du principe que s&rsquo;ils lan\u00e7aient un appel public, il serait inop\u00e9rant. Le reproche que l&rsquo;on peut donc faire au CICR <\/span><\/span><span style=\"color: #000000\"><span style=\"font-size: medium\">\u00e0<\/span><\/span><span style=\"color: #000000\"><span style=\"font-size: medium\"> ce niveau-l\u00e0 est de ne pas avoir <\/span><\/span><span style=\"color: #000000\"><span style=\"font-size: medium\">entam\u00e9<\/span><\/span><span style=\"color: #000000\"><span style=\"font-size: medium\"> des <\/span><\/span><span style=\"color: #000000\"><span style=\"font-size: medium\">d\u00e9marches m\u00eame confidentiellement au niveau allemand, d&rsquo;\u00eatre rest\u00e9 trop \u00ab\u00a0timide\u00a0\u00bb.<\/span><\/span><\/span><\/span><\/p>\n<p lang=\"zxx\"><span style=\"font-family: Arial,sans-serif\"><b>6) Quelles actions le CICR a-t-il mises en place \u00e0 l&rsquo;international ? Et avec quels moyens ? <\/b><\/span><\/p>\n<p align=\"justify\"><span style=\"color: #000000\"><span style=\"font-family: Arial,sans-serif\"><span style=\"font-size: medium\">Le CICR a un mandat pr\u00e9cis\u00e9 par la communaut\u00e9 internationale (ce sont les seuls).<\/span><\/span><\/span><\/p>\n<ul>\n<li>\n<p align=\"justify\"><span style=\"font-family: Arial,sans-serif\"><span style=\"color: #000000\"><span style=\"font-size: medium\">V<\/span><\/span><span style=\"color: #000000\"><span style=\"font-size: medium\">isite des prisonniers.<\/span><\/span><\/span><\/p>\n<\/li>\n<li>\n<p align=\"justify\"><span style=\"font-family: Arial,sans-serif\"><span style=\"color: #000000\"><span style=\"font-size: medium\">R<\/span><\/span><span style=\"color: #000000\"><span style=\"font-size: medium\">echerche des disparus (agence centrale de recherche).<\/span><\/span><\/span><\/p>\n<\/li>\n<li>\n<p align=\"justify\"><span style=\"font-family: Arial,sans-serif\"><span style=\"color: #000000\"><span style=\"font-size: medium\">R\u00e9tablissement<\/span><\/span><span style=\"color: #000000\"><span style=\"font-size: medium\"> du lien familial.<\/span><\/span><\/span><\/p>\n<\/li>\n<li>\n<p align=\"justify\"><span style=\"font-family: Arial,sans-serif\"><span style=\"color: #000000\"><span style=\"font-size: medium\">D<\/span><\/span><span style=\"color: #000000\"><span style=\"font-size: medium\">iffusion du droit international humanitaire.<\/span><\/span><\/span><\/p>\n<\/li>\n<li>\n<p align=\"justify\"><span style=\"font-family: Arial,sans-serif\"><span style=\"color: #000000\"><span style=\"font-size: medium\">A<\/span><\/span><span style=\"color: #000000\"><span style=\"font-size: medium\">ssistance aux populations (faire tourner les h\u00f4pitaux, distribution de tentes, couvertures, nourriture<\/span><\/span><span style=\"color: #000000\"><span style=\"font-size: medium\">s<\/span><\/span><span style=\"color: #000000\"><span style=\"font-size: medium\"> &#8230;) <\/span><\/span><\/span><\/p>\n<\/li>\n<\/ul>\n<p lang=\"zxx\"><span style=\"font-family: Arial,sans-serif\"><b>7) Le mode d&rsquo;action est-il le m\u00eame qu&rsquo;\u00e0 sa cr\u00e9ation ? Sinon, quels sont les principaux changements apport\u00e9s ?<\/b><\/span><\/p>\n<p align=\"justify\"><span style=\"color: #000000\"><span style=\"font-family: Arial,sans-serif\"><span style=\"font-size: medium\">Oui si on se base sur les trois principes d&rsquo;action du CICR. Cela fait cent ans que le comit\u00e9 est vraiment op\u00e9rationnel, depuis la Premi\u00e8re Guerre Mondiale car avant c&rsquo;\u00e9tait davantage une organisation diplomatique qui tenter de convaincre les \u00c9tats de respecter les droits. Tout \u00ab\u00a0explose\u00a0\u00bb \u00e0 partir des ann\u00e9es 70 (150 d\u00e9l\u00e9gu\u00e9s du CICR), avec le Biafra et la cr\u00e9ation des French Doctors, M\u00e9decins Sans Fronti\u00e8res. Aujourd&rsquo;hui, le CICR compte 1400 d\u00e9l\u00e9gu\u00e9s. <\/span><\/span><\/span><\/p>\n<p lang=\"zxx\"><span style=\"font-family: Arial,sans-serif\"><b>8) Y a-t-il eu de gros changements dans le CICR par l&rsquo;influence d&rsquo;un ou plusieurs \u00c9tats ? <\/b><\/span><\/p>\n<p align=\"justify\"><span style=\"color: #000000\"><span style=\"font-family: Arial,sans-serif\"><span style=\"font-size: medium\">Non, c&rsquo;est plut\u00f4t les conflits qui ont une influence sur le CICR. Il y a actuellement 35 conflits sur la plan\u00e8te qui sont tous couverts par le <\/span><span style=\"font-size: medium\">C<\/span><span style=\"font-size: medium\">omit\u00e9. <\/span><span style=\"font-size: medium\">Environ<\/span><span style=\"font-size: medium\"> 25 <\/span><span style=\"font-size: medium\">d\u2019entre<\/span><span style=\"font-size: medium\"> eux<\/span><span style=\"font-size: medium\"> ne re\u00e7oivent que son aide car il n<\/span><span style=\"font-size: medium\">&lsquo;y a pas d&rsquo;enjeux diplomatiques. Le CICR est int\u00e9ress\u00e9 par ses conflits et profite de son exp\u00e9rience de la guerre pour les aider. <span style=\"font-family: Arial\"> La conduite des hostilit\u00e9s et le respect des gens dans la guerre sont les priorit\u00e9s du CICR<\/span><\/span><span style=\"font-size: medium\">.<\/span><\/span><\/span><\/p>\n<ul>\n<li>\n<p align=\"justify\"><span style=\"color: #000000\"><span style=\"font-family: Arial,sans-serif\"><span style=\"font-size: medium\">F<\/span><span style=\"font-size: medium\">aire en sorte que le droit existant soit respect\u00e9<\/span><\/span><\/span><\/p>\n<\/li>\n<li>\n<p align=\"justify\"><span style=\"color: #000000\"><span style=\"font-family: Arial,sans-serif\"><span style=\"font-size: medium\">S&rsquo;adapter au nouveau visage de la violence et aux nouvelles armes&#8230;.<\/span><\/span><\/span><\/p>\n<\/li>\n<\/ul>\n","protected":false},"excerpt":{"rendered":"<p>1) La Croix Rouge est-elle une filiale du CICR ? Non, le CICR est l&rsquo;organisation la plus ancienne. Il n&rsquo;a \u00e9t\u00e9 pr\u00e9vu que pour les victimes de guerre, la protection et l&rsquo;assistance des soldats bless\u00e9s, puis prisonniers, des civils dans la guerre. Le CICR est la Croix-Rouge en temps de guerre. Un an apr\u00e8s la &hellip; <a href=\"https:\/\/blogs.univ-jfc.fr\/projetcroixrouge\/le-cicr\/annexe-interview-de-frederic-joli-historien-du-cicr-representant-des-archives-le-16-octobre-2014\/\" class=\"more-link\">Continuer la lecture de <span class=\"screen-reader-text\">Interview de Fr\u00e9d\u00e9ric Joli, historien du CICR, repr\u00e9sentant des archives, le 16 octobre 2014.<\/span> <span class=\"meta-nav\">&rarr;<\/span><\/a><\/p>\n","protected":false},"author":133,"featured_media":0,"parent":579,"menu_order":4,"comment_status":"closed","ping_status":"open","template":"","meta":[],"_links":{"self":[{"href":"https:\/\/blogs.univ-jfc.fr\/projetcroixrouge\/wp-json\/wp\/v2\/pages\/1746"}],"collection":[{"href":"https:\/\/blogs.univ-jfc.fr\/projetcroixrouge\/wp-json\/wp\/v2\/pages"}],"about":[{"href":"https:\/\/blogs.univ-jfc.fr\/projetcroixrouge\/wp-json\/wp\/v2\/types\/page"}],"author":[{"embeddable":true,"href":"https:\/\/blogs.univ-jfc.fr\/projetcroixrouge\/wp-json\/wp\/v2\/users\/133"}],"replies":[{"embeddable":true,"href":"https:\/\/blogs.univ-jfc.fr\/projetcroixrouge\/wp-json\/wp\/v2\/comments?post=1746"}],"version-history":[{"count":12,"href":"https:\/\/blogs.univ-jfc.fr\/projetcroixrouge\/wp-json\/wp\/v2\/pages\/1746\/revisions"}],"predecessor-version":[{"id":3542,"href":"https:\/\/blogs.univ-jfc.fr\/projetcroixrouge\/wp-json\/wp\/v2\/pages\/1746\/revisions\/3542"}],"up":[{"embeddable":true,"href":"https:\/\/blogs.univ-jfc.fr\/projetcroixrouge\/wp-json\/wp\/v2\/pages\/579"}],"wp:attachment":[{"href":"https:\/\/blogs.univ-jfc.fr\/projetcroixrouge\/wp-json\/wp\/v2\/media?parent=1746"}],"curies":[{"name":"wp","href":"https:\/\/api.w.org\/{rel}","templated":true}]}}