{"id":1765,"date":"2015-03-12T10:11:18","date_gmt":"2015-03-12T09:11:18","guid":{"rendered":"http:\/\/blogs.univ-jfc.fr\/projetcroixrouge\/?page_id=1765"},"modified":"2015-03-18T09:22:12","modified_gmt":"2015-03-18T08:22:12","slug":"une-interview-des-membres-de-lunite-locale-dalbi","status":"publish","type":"page","link":"https:\/\/blogs.univ-jfc.fr\/projetcroixrouge\/la-croix-rouge-tarnaise-des-hommes-et-des-femmes\/les-benevoles-de-la-croix-rouge-tarnaise\/fonctionner-avec-des-benevoles-une-problematique-particuliere\/une-interview-des-membres-de-lunite-locale-dalbi\/","title":{"rendered":"Une interview des membres de l&rsquo;unit\u00e9 locale d&rsquo;Albi"},"content":{"rendered":"<p style=\"text-align: justify\"><span style=\"font-family: Liberation Serif,serif\">Nous arrivons t\u00f4t le matin au 168 avenue de Lattre de Tassigny, au bureau social de l&rsquo;unit\u00e9 locale d&rsquo;Albi. Apr\u00e8s un accueil chaleureux dans un bureau o\u00f9 chacun avait le sourire, nous commen\u00e7ons \u00e0 poser nos questions. Les b\u00e9n\u00e9voles rencontr\u00e9s sont charg\u00e9s de l&rsquo;accueil du public, intervenant au niveau social de l&rsquo;association. Ils travaillent au bureau par tranche de demi-journ\u00e9es, selon le temps qu&rsquo;ils ont \u00e0 lui consacrer.<\/span><\/p>\n<p style=\"text-align: justify\"><span style=\"font-family: Liberation Serif,serif\">Apr\u00e8s une description br\u00e8ve de leurs diverses actions au sein de la Croix-Rouge, nous abordons les motivations qui les ont pouss\u00e9 \u00e0 s&rsquo;engager. Celles qui reviennent le plus souvent sont \u00e9galement les plus \u00e9videntes\u00a0: \u00ab\u00a0J&rsquo;ai voulu donner un sens \u00e0 ma vie \u00e0 ce moment pr\u00e9cis\u00a0\u00bb, \u00ab\u00a0Un ami qui \u00e9tait b\u00e9n\u00e9vole avait besoin d&rsquo;un coup de main\u00a0\u00bb ou encore \u00ab\u00a0Je donnais d\u00e9j\u00e0 de l&rsquo;aide \u00e0 l&rsquo;association jusqu&rsquo;au jour o\u00f9 j&rsquo;y ai adh\u00e9r\u00e9\u00a0\u00bb. Les b\u00e9n\u00e9voles interview\u00e9s sont sur le m\u00eame terrain d&rsquo;entente au sujet de ce qui les a s\u00e9duit au sein de la Croix-rouge tout particuli\u00e8rement. \u00ab\u00a0J&rsquo;ai beaucoup aim\u00e9 le principe de neutralit\u00e9, qui n&rsquo;appara\u00eet pas forc\u00e9ment dans les autres associations d&rsquo;aide sociale ou de secourisme.\u00a0\u00bb. \u00ab\u00a0Ici, c&rsquo;est l&rsquo;ouverture d&rsquo;esprit qui domine, on ne parle pas politique et on accepte toutes les religions. Des gens de toutes les cultures passent par notre secr\u00e9tariat d&rsquo;accueil.\u00a0\u00bb.<\/span><\/p>\n<p style=\"text-align: justify\"><span style=\"font-family: Liberation Serif,serif\"> Au bout d&rsquo;un moment, la sonnerie du t\u00e9l\u00e9phone retentit et l&rsquo;interlocuteur, un homme qui a contact\u00e9 la Croix-rouge, est en recherche d&rsquo;un foyer pour la nuit. La b\u00e9n\u00e9vole en charge du combin\u00e9 h\u00e9site sur le num\u00e9ro d&rsquo;aide \u00e0 transmettre \u00e0 ce monsieur\u00a0; ses coll\u00e8gues de l&rsquo;association s&#8217;empressent de l&rsquo;aiguiller pour que celle-ci puisse satisfaire la demande de cet homme. Cet \u00e9change, fugace, met n\u00e9anmoins en exergue le principe de l&rsquo;association, une convivialit\u00e9 et une coordination qui permettent de r\u00e9pondre au mieux aux besoins divers.<\/span><\/p>\n<p style=\"text-align: justify\"><span style=\"font-family: Liberation Serif,serif\"> Nous les questionnons sur leur r\u00f4le dans l&rsquo;unit\u00e9. La plupart ont re\u00e7u des formations sp\u00e9cifiques \u00e0 leurs fonctions. La secr\u00e9taire-comptable du bureau, qui exer\u00e7ait auparavant dans le commerce, a re\u00e7u un s\u00e9minaire pour apprendre \u00e0 g\u00e9rer les chiffres et statistiques de l&rsquo;association, formation n\u00e9cessaire qui lui permet de tenir les comptes de mani\u00e8re claire et efficace. Une b\u00e9n\u00e9vole insiste sur les formations d&rsquo;accueil qui sont propos\u00e9es \u00e0 chaque nouvel adh\u00e9rent. Une autre dit pourtant que la formation qu&rsquo;elle attend depuis longtemps ne s&rsquo;organise pas dans le Tarn. Tous ont pour autant trouv\u00e9 dans la Croix-rouge une action qui leur correspond et pour laquelle ils se sont engag\u00e9s, sur un air d&rsquo;esprit d&rsquo;\u00e9quipe.<\/span><\/p>\n<p style=\"text-align: justify\"><span style=\"font-family: Liberation Serif,serif\"><span style=\"font-size: medium\"> Il est temps pour nous de repartir, l&rsquo;un des b\u00e9n\u00e9voles s&rsquo;exclame \u00ab\u00a0Tout ce qui importe dans la Croix-Rouge, c&rsquo;est d&rsquo;aimer le travail de groupe\u00a0!\u00a0\u00bb. Ainsi se cl\u00f4t ce charmant \u00e9change entre b\u00e9n\u00e9voles et \u00e9tudiants.<\/span><\/span><\/p>\n","protected":false},"excerpt":{"rendered":"<p>Nous arrivons t\u00f4t le matin au 168 avenue de Lattre de Tassigny, au bureau social de l&rsquo;unit\u00e9 locale d&rsquo;Albi. Apr\u00e8s un accueil chaleureux dans un bureau o\u00f9 chacun avait le sourire, nous commen\u00e7ons \u00e0 poser nos questions. Les b\u00e9n\u00e9voles rencontr\u00e9s sont charg\u00e9s de l&rsquo;accueil du public, intervenant au niveau social de l&rsquo;association. Ils travaillent au &hellip; <a href=\"https:\/\/blogs.univ-jfc.fr\/projetcroixrouge\/la-croix-rouge-tarnaise-des-hommes-et-des-femmes\/les-benevoles-de-la-croix-rouge-tarnaise\/fonctionner-avec-des-benevoles-une-problematique-particuliere\/une-interview-des-membres-de-lunite-locale-dalbi\/\" class=\"more-link\">Continuer la lecture de <span class=\"screen-reader-text\">Une interview des membres de l&rsquo;unit\u00e9 locale d&rsquo;Albi<\/span> <span class=\"meta-nav\">&rarr;<\/span><\/a><\/p>\n","protected":false},"author":156,"featured_media":0,"parent":1735,"menu_order":0,"comment_status":"closed","ping_status":"open","template":"","meta":[],"_links":{"self":[{"href":"https:\/\/blogs.univ-jfc.fr\/projetcroixrouge\/wp-json\/wp\/v2\/pages\/1765"}],"collection":[{"href":"https:\/\/blogs.univ-jfc.fr\/projetcroixrouge\/wp-json\/wp\/v2\/pages"}],"about":[{"href":"https:\/\/blogs.univ-jfc.fr\/projetcroixrouge\/wp-json\/wp\/v2\/types\/page"}],"author":[{"embeddable":true,"href":"https:\/\/blogs.univ-jfc.fr\/projetcroixrouge\/wp-json\/wp\/v2\/users\/156"}],"replies":[{"embeddable":true,"href":"https:\/\/blogs.univ-jfc.fr\/projetcroixrouge\/wp-json\/wp\/v2\/comments?post=1765"}],"version-history":[{"count":3,"href":"https:\/\/blogs.univ-jfc.fr\/projetcroixrouge\/wp-json\/wp\/v2\/pages\/1765\/revisions"}],"predecessor-version":[{"id":2047,"href":"https:\/\/blogs.univ-jfc.fr\/projetcroixrouge\/wp-json\/wp\/v2\/pages\/1765\/revisions\/2047"}],"up":[{"embeddable":true,"href":"https:\/\/blogs.univ-jfc.fr\/projetcroixrouge\/wp-json\/wp\/v2\/pages\/1735"}],"wp:attachment":[{"href":"https:\/\/blogs.univ-jfc.fr\/projetcroixrouge\/wp-json\/wp\/v2\/media?parent=1765"}],"curies":[{"name":"wp","href":"https:\/\/api.w.org\/{rel}","templated":true}]}}