{"id":1787,"date":"2015-03-26T08:55:08","date_gmt":"2015-03-26T07:55:08","guid":{"rendered":"http:\/\/blogs.univ-jfc.fr\/projetcroixrouge\/?page_id=1787"},"modified":"2015-03-26T09:19:34","modified_gmt":"2015-03-26T08:19:34","slug":"melanie-ramade","status":"publish","type":"page","link":"https:\/\/blogs.univ-jfc.fr\/projetcroixrouge\/melanie-ramade\/","title":{"rendered":"M\u00e9lanie Ramade"},"content":{"rendered":"<dl class=\"wp-caption alignnone\" id=\"attachment_1791\" style=\"width: 217px\">\n<dd class=\"wp-caption-dd\"><\/dd>\n<\/dl>\n<figure id=\"attachment_1791\" aria-describedby=\"caption-attachment-1791\" style=\"width: 207px\" class=\"wp-caption alignleft\"><a style=\"font-weight: bold;text-align: left;line-height: 1.5\" href=\"http:\/\/blogs.univ-jfc.fr\/projetcroixrouge\/wp-content\/uploads\/sites\/40\/2015\/03\/Ramde.jpg\"><img loading=\"lazy\" class=\"size-full wp-image-1791 \" alt=\"\" src=\"http:\/\/blogs.univ-jfc.fr\/projetcroixrouge\/wp-content\/uploads\/sites\/40\/2015\/03\/Ramde.jpg\" width=\"207\" height=\"168\" \/><\/a><figcaption id=\"caption-attachment-1791\" class=\"wp-caption-text\">M\u00e9lanie Ramade<\/figcaption><\/figure>\n<p lang=\"fr-FR\" align=\"JUSTIFY\"><span style=\"color: #000000\"><span style=\"font-family: Arial, sans-serif\"><span style=\"font-size: medium\">En 1992, motiv\u00e9e par les 7 principes de la Croix-Rouge (Humanit\u00e9, Impartialit\u00e9, Neutralit\u00e9 Ind\u00e9pendance, Volontariat, Unit\u00e9, Universalit\u00e9), M\u00e9lanie Ramade, \u00e2g\u00e9e de 10 ans, s&rsquo;engage au sein de la Croix-Rouge Jeunesse de R\u00e9almont avec laquelle elle participa aux permanences type centre de loisirs des samedi apr\u00e8s-midi et \u00e0 des sorties (camps, sorties au ski&#8230;) au travers desquelles elle d\u00e9couvrit l&rsquo;association.<\/span><\/span><\/span><\/p>\n<p lang=\"fr-FR\" align=\"JUSTIFY\"><span style=\"color: #000000\"><span style=\"font-family: Arial, sans-serif\"><span style=\"font-size: medium\">Au cours de son adolescence, elle concr\u00e9tisa son engagement en passant son BAFA afin de devenir monitrice jeunesse de la Croix-Rouge.<\/span><\/span><\/span><\/p>\n<p lang=\"fr-FR\" align=\"JUSTIFY\"><span style=\"color: #000000\"><span style=\"font-family: Arial, sans-serif\"><span style=\"font-size: medium\">Durant son parcours, elle se distingua par la cr\u00e9ation de la Biblioth\u00e8que Henri-Dunant en 2002. Tout a commenc\u00e9 en 2000\u00a0: depuis deux ans, des livres s&rsquo;accumulaient \u00e0 la suite de dons. M\u00e9lanie Ramade, aid\u00e9e de ses coll\u00e8gues, S\u00e9verine Bonnet, Elizabeth Theuri\u00e8re, Am\u00e9lie Teyssier et Patrick Pouget, les tria afin de les rendre accessibles. Finalisation d&rsquo;un travail de deux ans, la biblioth\u00e8que Henri-Dunant fut mise en place \u00e0 R\u00e9almont et inaugur\u00e9e le 9 f\u00e9vrier 2002, parrain\u00e9e par Jean Carensac. La biblioth\u00e8que comportait quelques 300 ouvrages consultables par le grand public. Un emploi jeune a \u00e9t\u00e9 cr\u00e9\u00e9. Elle est ensuite devenue une biblioth\u00e8que municipale et a \u00e9t\u00e9 transf\u00e9r\u00e9e depuis 2014 \u00e0 la m\u00e9diath\u00e8que.<\/span><\/span><\/span><\/p>\n<p lang=\"fr-FR\" align=\"JUSTIFY\"><span style=\"color: #000000\"><span style=\"font-family: Arial, sans-serif\"><span style=\"font-size: medium\">R\u00e9compense d&rsquo;un investissement consid\u00e9rable, M\u00e9lanie Ramade obtint en 2001 le prix de civisme et de d\u00e9vouement \u00e0 la collectivit\u00e9 au niveau national, \u00e0 l&rsquo;\u00e2ge de 19 ans.<\/span><\/span><\/span><\/p>\n<p lang=\"fr-FR\" align=\"JUSTIFY\"><span style=\"color: #000000\"><span style=\"font-family: Arial, sans-serif\"><span style=\"font-size: medium\">Depuis, except\u00e9e une pause de 4 ou 5 ans, M\u00e9lanie Ramade n&rsquo;a jamais quitt\u00e9 la Croix-Rouge et est aujourd&rsquo;hui secr\u00e9taire administrative \u00e0 la d\u00e9l\u00e9gation d\u00e9partementale, seule salari\u00e9e du d\u00e9partement.<\/span><\/span><\/span><\/p>\n<p lang=\"fr-FR\" align=\"JUSTIFY\"><span style=\"color: #000000\"><span style=\"font-family: Arial, sans-serif\"><span style=\"font-size: medium\">Son engagement \u00e0 la Croix-Rouge lui a permis de percevoir les avantages et les limites de l&rsquo;association\u00a0: m\u00eame si l&rsquo;association manque de b\u00e9n\u00e9voles et que beaucoup ont moins de temps \u00e0 consacrer, l&rsquo;accent est mis aujourd&rsquo;hui sur l&rsquo;implication de la Jeunesse et la coordination d&rsquo;actions communes, avec une r\u00e9elle implication de la jeunesse, qui repr\u00e9sente l&rsquo;avenir de l&rsquo;association.<\/span><\/span><\/span><\/p>\n<p lang=\"fr-FR\" align=\"JUSTIFY\"><span style=\"color: #000000\"><span style=\"font-family: Arial, sans-serif\"><span style=\"font-size: medium\">Son implication lui a permis d&rsquo;aider des personnes (Op\u00e9ration Kosovo par exemple) et de vivre de belles exp\u00e9riences profitables pour la suite.<\/span><\/span><\/span><\/p>\n<p lang=\"fr-FR\" align=\"JUSTIFY\"><span style=\"color: #000000\"><span style=\"font-family: Arial, sans-serif\"><span style=\"font-size: medium\">M\u00e9lanie Ramade a par ailleurs \u00e9voqu\u00e9 la mobilisation sociale de l&rsquo;association pour des actions nationales qui ont encore lieu aujourd&rsquo;hui, par exemple lors de la collecte alimentaire pour la Banque Nationale. Ces valeurs permettent la vie de la Croix-Rouge Tarnaise, avec des activit\u00e9s vari\u00e9es, pouvant r\u00e9pondre \u00e0 des besoins de plus en plus sp\u00e9cifiques.<\/span><\/span><\/span><\/p>\n","protected":false},"excerpt":{"rendered":"<p>En 1992, motiv\u00e9e par les 7 principes de la Croix-Rouge (Humanit\u00e9, Impartialit\u00e9, Neutralit\u00e9 Ind\u00e9pendance, Volontariat, Unit\u00e9, Universalit\u00e9), M\u00e9lanie Ramade, \u00e2g\u00e9e de 10 ans, s&rsquo;engage au sein de la Croix-Rouge Jeunesse de R\u00e9almont avec laquelle elle participa aux permanences type centre de loisirs des samedi apr\u00e8s-midi et \u00e0 des sorties (camps, sorties au ski&#8230;) au travers &hellip; <a href=\"https:\/\/blogs.univ-jfc.fr\/projetcroixrouge\/melanie-ramade\/\" class=\"more-link\">Continuer la lecture de <span class=\"screen-reader-text\">M\u00e9lanie Ramade<\/span> <span class=\"meta-nav\">&rarr;<\/span><\/a><\/p>\n","protected":false},"author":128,"featured_media":0,"parent":0,"menu_order":0,"comment_status":"closed","ping_status":"open","template":"","meta":[],"_links":{"self":[{"href":"https:\/\/blogs.univ-jfc.fr\/projetcroixrouge\/wp-json\/wp\/v2\/pages\/1787"}],"collection":[{"href":"https:\/\/blogs.univ-jfc.fr\/projetcroixrouge\/wp-json\/wp\/v2\/pages"}],"about":[{"href":"https:\/\/blogs.univ-jfc.fr\/projetcroixrouge\/wp-json\/wp\/v2\/types\/page"}],"author":[{"embeddable":true,"href":"https:\/\/blogs.univ-jfc.fr\/projetcroixrouge\/wp-json\/wp\/v2\/users\/128"}],"replies":[{"embeddable":true,"href":"https:\/\/blogs.univ-jfc.fr\/projetcroixrouge\/wp-json\/wp\/v2\/comments?post=1787"}],"version-history":[{"count":2,"href":"https:\/\/blogs.univ-jfc.fr\/projetcroixrouge\/wp-json\/wp\/v2\/pages\/1787\/revisions"}],"predecessor-version":[{"id":3236,"href":"https:\/\/blogs.univ-jfc.fr\/projetcroixrouge\/wp-json\/wp\/v2\/pages\/1787\/revisions\/3236"}],"wp:attachment":[{"href":"https:\/\/blogs.univ-jfc.fr\/projetcroixrouge\/wp-json\/wp\/v2\/media?parent=1787"}],"curies":[{"name":"wp","href":"https:\/\/api.w.org\/{rel}","templated":true}]}}