{"id":1850,"date":"2015-03-19T09:42:11","date_gmt":"2015-03-19T08:42:11","guid":{"rendered":"http:\/\/blogs.univ-jfc.fr\/projetcroixrouge\/?page_id=1850"},"modified":"2015-04-04T08:20:49","modified_gmt":"2015-04-04T07:20:49","slug":"les-benevoles-de-la-croix-rouge-demain","status":"publish","type":"page","link":"https:\/\/blogs.univ-jfc.fr\/projetcroixrouge\/la-croix-rouge-tarnaise-des-hommes-et-des-femmes\/les-benevoles-de-la-croix-rouge-tarnaise-2\/les-benevoles-de-la-croix-rouge-demain\/","title":{"rendered":"Les b\u00e9n\u00e9voles de la Croix-Rouge demain ?"},"content":{"rendered":"<p><strong><span style=\"font-family: Arial,sans-serif\">Les b\u00e9n\u00e9voles et le d\u00e9veloppement de l&rsquo;activit\u00e9 Urgence et Secourisme.<\/span><\/strong><\/p>\n<p align=\"JUSTIFY\"><strong><\/strong><strong><\/strong><span style=\"color: #000000\"><span style=\"font-family: Arial,sans-serif\"><span style=\"font-size: medium\">\u00ab\u00a0L&rsquo;urgence regroupe toutes les actions men\u00e9es lors des situations d&rsquo;urgence, inondations, incendies&#8230; Le secourisme c&rsquo;est \u00eatre pr\u00e9sent \u00e0 la demande d&rsquo;un organisateur sur des manifestations sportives, culturelles. Les b\u00e9n\u00e9voles ont pour but d&rsquo;\u00eatre une sorte de vigiles, \u00eatre sur les lieux au cas o\u00f9 il y aurait un probl\u00e8me, intervenir rapidement aupr\u00e8s de la victime.\u00a0\u00bb<\/span><\/span><\/span><\/p>\n<p align=\"JUSTIFY\"><span style=\"font-family: Arial,sans-serif\">On a constat\u00e9 le d\u00e9veloppement de l&rsquo;activit\u00e9 \u00ab\u00a0Urgence et Secourisme\u00a0\u00bb. C&rsquo;est l&rsquo;une des principales activit\u00e9s men\u00e9es par la Croix-Rouge aujourd&rsquo;hui. Cette activit\u00e9 s&rsquo;est d\u00e9velopp\u00e9e avec la cr\u00e9ation \u00ab\u00a0d&rsquo;une direction centrale des groupes secouristes\u00a0\u00bb en 1944. Les moniteurs apprennent aux secouristes \u00e0 r\u00e9aliser \u00ab\u00a0les bandages, le transport des bless\u00e9s, les m\u00e9thodes de respiration artificielle et la connaissance du corps humain\u00a0\u00bb. <\/span><\/p>\n<figure style=\"width: 192px\" class=\"wp-caption alignleft\"><a href=\"http:\/\/blogs.univ-jfc.fr\/projetcroixrouge\/wp-content\/uploads\/sites\/40\/2015\/03\/10836273_901471653196983_1383143299_n.jpg\"><img loading=\"lazy\" class=\"   \" alt=\"\" src=\"http:\/\/blogs.univ-jfc.fr\/projetcroixrouge\/wp-content\/uploads\/sites\/40\/2015\/03\/10836273_901471653196983_1383143299_n-300x300.jpg\" width=\"192\" height=\"192\" \/><\/a><figcaption class=\"wp-caption-text\">Miguel Palhares, formateur de la Croix-Rouge<\/figcaption><\/figure>\n<p align=\"JUSTIFY\">\u00a0<span style=\"font-family: Arial,sans-serif\"><span style=\"color: #000000\"><span style=\"font-size: medium\">La Croi<\/span><\/span><\/span><span style=\"font-family: Arial,sans-serif\"><span style=\"color: #000000\"><span style=\"font-size: medium\">x-Ro<\/span><\/span><\/span><span style=\"font-family: Arial,sans-serif\"><span style=\"color: #000000\"><span style=\"font-size: medium\">uge <\/span><\/span><\/span><span style=\"font-family: Arial,sans-serif\"><span style=\"color: #000000\"><span style=\"font-size: medium\">fran\u00e7aise est le p<\/span><\/span><\/span><span style=\"font-family: Arial,sans-serif\"><span style=\"color: #000000\"><span style=\"font-size: medium\">remier organisme qui forme aux gestes qui sauvent. C&rsquo;est en 1966 que la Croix-Rouge met en place les gestes qui sauvent \u00ab\u00a04 gestes pour une vie\u00a0\u00bb. La Croix-Rouge assure plus de 50\u00a0% des formations pour le grand public. Pr\u00e8s de 3\u00a0000 formateurs apprennent les gestes de base \u00e0 200\u00a0000 personnes par an. Les 10\u00a0500 secouristes b\u00e9n\u00e9voles fran\u00e7ais font l&rsquo;objet de r\u00e9visions de formation tout les ans. <a title=\"Guillaume Bouyssou\" href=\"http:\/\/blogs.univ-jfc.fr\/projetcroixrouge\/la-croix-rouge-tarnaise-des-hommes-et-des-femmes\/les-benevoles-de-la-croix-rouge-tarnaise-2\/guillaume-bouyssou\/\" target=\"_blank\">Guillaume Bouyssou<\/a>, annonce\u00a0:\u00a0\u00ab\u00a0Tous les ans, il y a un recyclage dans les personnes et leur niveau de formation. Si des personnes ont des difficult\u00e9s \u00e0 valider leur formation, elle ne leur est pas renouvel\u00e9e et ils doivent la repasser\u00a0\u00bb. La <a title=\"F\u00e9d\u00e9ration Internationale des Soci\u00e9t\u00e9s de la Croix-Rouge et du Croissant-Rouge\" href=\"http:\/\/blogs.univ-jfc.fr\/projetcroixrouge\/la-croix-rouge-tarnaise-des-hommes-et-des-femmes\/les-benevoles-de-la-croix-rouge-tarnaise-2\/federation-internationale-des-societes-de-la-croix-rouge-et-du-croissant-rouge\/\" target=\"_blank\">F\u00e9d\u00e9ration Internationale des Soci\u00e9t\u00e9s de la Croix-Rouge et du Croissant-Rouge <\/a>parle de l&rsquo;enseignement des premiers secours comme \u00ab\u00a0la pierre angulaire du mouvement\u00a0\u00bb. <\/span><\/span><span style=\"font-size: medium\">Pour <a title=\"Guillaume Bouyssou\" href=\"http:\/\/blogs.univ-jfc.fr\/projetcroixrouge\/la-croix-rouge-tarnaise-des-hommes-et-des-femmes\/les-benevoles-de-la-croix-rouge-tarnaise-2\/guillaume-bouyssou\/\" target=\"_blank\">Guillaume Bouyssou<\/a>, ce que font les b\u00e9n\u00e9voles est cr\u00e9dible aux yeux du grand public du fait que \u00ab\u00a0nous avons les m\u00eames formations que les pompiers.\u00bb Il ajoute : \u00ab\u00a0Mon fr\u00e8re qui est pompier volontaire, me r\u00e9p\u00e8te souvent qu&rsquo;en terme de mat\u00e9riels et d\u2019\u00e9quipements des v\u00e9hicules, la Croix-Rouge n&rsquo;a rien \u00e0 envier aux Pompiers\u00a0!\u00bb <\/span><span style=\"color: #000000\"><span style=\"font-size: medium\">L&rsquo;action des secouristes b\u00e9n\u00e9voles fran\u00e7ais n&rsquo;est pas n\u00e9gligeable. Les secouristes tiennent principalement des postes de secours lors d&rsquo;un rassemblement de personnes, pour un \u00e9v\u00e9nement sportif -cyclisme, sport automobile&#8230;- ou bien lors d&rsquo;un congr\u00e8s ou une manifestation. Leur r\u00f4le est de prot\u00e9ger la victime, alerter les secours, secourir la victime avec les gestes de premiers secours. Chaque ann\u00e9e, 15\u00a0000 secouristes b\u00e9n\u00e9voles portent secours \u00e0 pr\u00e8s de 200\u00a0000 personnes. Au sein m\u00eame des b\u00e9n\u00e9voles, on se sent utile, on prend son action \u00e0 c\u0153ur\u00a0:\u00a0\u00a0\u00ab Nous sommes encore utile pour la soci\u00e9t\u00e9 et les personnes. Les pouvoirs publics n&rsquo;assurent pas tous les postes de secours, c&rsquo;est \u00e0 nous de nous en en charger. Mais chacun a une utilit\u00e9 \u00e0 condition qu&rsquo;il soit form\u00e9 \u00bb affirme <a title=\"Guillaume Bouyssou\" href=\"http:\/\/blogs.univ-jfc.fr\/projetcroixrouge\/la-croix-rouge-tarnaise-des-hommes-et-des-femmes\/les-benevoles-de-la-croix-rouge-tarnaise-2\/guillaume-bouyssou\/\" target=\"_blank\">Guillaume Bouyssou<\/a>. Certains chiffres de 2013 ont \u00e9t\u00e9 donn\u00e9 par la Croix-Rouge tarnaise dans le domaine de l&rsquo;Urgence et du Secourisme. Ils comptabilisent 33\u00a0658 heures de b\u00e9n\u00e9volat, pour 583 interventions et 195 postes de secours assur\u00e9s. Il s&rsquo;agit de chiffres importants montrant l&rsquo;activit\u00e9 incessante de l&rsquo;association. Mais outre l&rsquo;intensification des actions de promotion des premiers secours, la Croix-Rouge ne veut pas oublier ses autres secteurs d&rsquo;activit\u00e9s comme les actions sociales, o\u00f9 chaque ann\u00e9e, 35\u00a0000 b\u00e9n\u00e9voles aident un million de personnes en situation de pr\u00e9carit\u00e9. <\/span><\/span><\/span><\/p>\n<p><strong><span style=\"font-family: Arial,sans-serif\">Sensibiliser les jeunes\u00a0: le futur de la Croix-Rouge.<\/span><\/strong><\/p>\n<p align=\"JUSTIFY\"><strong><\/strong><span style=\"font-family: Arial,sans-serif\"><span style=\"color: #000000\"><span style=\"font-size: medium\">\u00ab Nous voulons faire une place particuli\u00e8re aux jeunes. La capacit\u00e9 d\u2019engagement des jeunes est sans limite. Ils repr\u00e9sentent une force vitale, une capacit\u00e9 de g\u00e9n\u00e9rosit\u00e9 et d\u2019initiatives, une stimulation et une rel\u00e8ve que nous voulons mettre en avant \u00bb. Dans les jeunes d&rsquo;aujourd&rsquo;hui se trouvent les b\u00e9n\u00e9voles de demain. Il s&rsquo;av\u00e8re alors indispensable pour la Croix-Rouge de les sensibiliser, de les int\u00e9resser, de mani\u00e8re \u00e0 en faire les prochains b\u00e9n\u00e9voles. Pour attirer les jeunes, la Croix-Rouge d\u00e9crit le b\u00e9n\u00e9volat comme un acte citoyen, donnant de l\u2019exp\u00e9rience, des responsabilit\u00e9s nouvelles.<\/span><\/span><\/span><\/p>\n<p align=\"JUSTIFY\"><span style=\"color: #000000\"><span style=\"font-family: Arial,sans-serif\"><span style=\"font-size: medium\">D\u00e8s 16 ans, les jeunes peuvent devenir b\u00e9n\u00e9voles \u00e0 la Croix-Rouge. De 16 \u00e0 25 ans, la Croix-Rouge re\u00e7oit les volontaires dans le cadre du Service Civique. Aujourd&rsquo;hui en France, on compte pr\u00e8s de 13 000 jeunes b\u00e9n\u00e9voles, qui agissent sur le territoire fran\u00e7ais.<\/span><\/span><\/span><\/p>\n<p align=\"JUSTIFY\"><span style=\"color: #000000\"><span style=\"font-family: Arial,sans-serif\"><span style=\"font-size: medium\">Cette importance accord\u00e9e \u00e0 la jeunesse a \u00e9t\u00e9 renouvel\u00e9e au travers de deux textes fondateurs\u00a0: le Projet Jeunesse et la D\u00e9claration Jeunesse. Ces deux textes d\u00e9terminent les grands enjeux de la dynamique jeunesse pour relever les d\u00e9fis futurs. Le projet Jeunesse date de mars 2009 et d\u00e9termine les bases de la politique jeunesse de la Croix-Rouge fran\u00e7aise. Il souhaite am\u00e9liorer l&rsquo;int\u00e9gration des jeunes de moins de 30 ans. La D\u00e9claration Jeunesse a, elle, \u00e9t\u00e9 r\u00e9dig\u00e9e par les jeunes lors des Assises de la Jeunesse en 2010. Elle d\u00e9veloppe les souhaits d&rsquo;actions des jeunes de la Croix-Rouge en termes de<span style=\"color: #000000\"> solidarit\u00e9, sant\u00e9, citoyennet\u00e9, inter-culturel et environnemental.<\/span><\/span><\/span><\/span><\/p>\n<p align=\"JUSTIFY\"><span style=\"color: #000000\"><span style=\"font-family: Arial,sans-serif\"><span style=\"font-size: medium\">L&rsquo;int\u00e9r\u00eat de la Croix-Rouge pour la jeunesse ne date pas d&rsquo;aujourd&rsquo;hui. Tr\u00e8s t\u00f4t, la Croix-Rouge fran\u00e7aise a senti l&rsquo;importance d&rsquo;\u00e9duquer les jeunes vers le b\u00e9n\u00e9volat. Entre 1922 et 1940, la <a title=\"La Croix-Rouge de la Jeunesse \u2013 CRJ -\" href=\"http:\/\/blogs.univ-jfc.fr\/projetcroixrouge\/la-croix-rouge-tarnaise-des-hommes-et-des-femmes\/les-benevoles-de-la-croix-rouge-tarnaise-2\/la-croix-rouge-de-la-jeunesse-crj\/\" target=\"_blank\">Croix-Rouge de la Jeunesse &#8211; CRJ &#8211;<\/a> se lie avec les \u00e9coles. La CRJ donne aux instituteurs des missions\u00a0: ils doivent d\u00e9velopper des programmes d&rsquo;apprentissage de l&rsquo;hygi\u00e8ne et de la solidarit\u00e9. Tr\u00e8s vite, les \u00e9tablissements d&rsquo;enseignement secondaire rejoignent ce mouvement. Par exemple \u00e0 Paris, les lyc\u00e9es F\u00e9n\u00e9lon et Lamartine. \u00ab\u00a0Les \u00e9l\u00e8ves des lyc\u00e9es et coll\u00e8ges de France, gagn\u00e9s de longue date \u00e0 l\u2019id\u00e9e d\u2019entraide, apparaissent pr\u00eats \u00e0 renoncer \u00e0 leur travail isol\u00e9 et \u00e0 agir de concert avec ces amis inconnus de la Croix-Rouge de la Jeunesse qui se tendent la main \u00e0 travers le monde entier.\u00a0\u00bb disait Mlle Caron, en 1930, alors directrice du Lyc\u00e9e F\u00e9n\u00e9lon.<\/span><\/span><\/span><\/p>\n<p style=\"text-align: justify\" align=\"JUSTIFY\"><span style=\"font-family: Arial,sans-serif\"><span style=\"color: #000000\"><span style=\"font-size: medium\"><a title=\"Miguel Palhares\" href=\"http:\/\/blogs.univ-jfc.fr\/projetcroixrouge\/miguel-palhares\/\" target=\"_blank\">Miguel Palhares<\/a> fait partie de ces personnes qui ont commenc\u00e9 le b\u00e9n\u00e9volat \u00e0 la Croix-Rouge tr\u00e8s t\u00f4t. <\/span><\/span><span style=\"color: #000000\"><span style=\"font-size: medium\">\u00ab\u00a0J&rsquo;ai d\u00e9marr\u00e9 en juillet 2010, \u00e0 l&rsquo;\u00e2ge de 16 ans\u00a0\u00bb dit-il. <a title=\"Guillaume Bouyssou\" href=\"http:\/\/blogs.univ-jfc.fr\/projetcroixrouge\/la-croix-rouge-tarnaise-des-hommes-et-des-femmes\/les-benevoles-de-la-croix-rouge-tarnaise-2\/guillaume-bouyssou\/\" target=\"_blank\">Guillaume Bouyssou<\/a> d<\/span><\/span><span style=\"color: #000000\"><span style=\"font-size: medium\">\u00e8s 1981, \u00e9tait tout juste \u00e2g\u00e9 de 18 ans quand il a int\u00e9gr\u00e9 l&rsquo;\u00e9quipe des b\u00e9n\u00e9voles de l&rsquo;unit\u00e9 d&rsquo;Albi. Il d\u00e9taille\u00a0: \u00ab <\/span><\/span><\/span>\u00c0 <span style=\"font-family: Arial,sans-serif\"><span style=\"color: #000000\"><span style=\"font-size: medium\">l&rsquo;\u00e9poque il se disait que pour passer le permis il faudrait le Brevet National de Secouriste. Alors j&rsquo;ai rejoint la Croix-Rouge\u00a0\u00bb. Son entr\u00e9e \u00e0 la Croix-Rouge a \u00e9t\u00e9 facilit\u00e9e par son contexte familial\u00a0: \u00ab\u00a0 Ma m\u00e8re et ma s\u0153ur a\u00een\u00e9e \u00e9taient d\u00e9j\u00e0 b\u00e9n\u00e9voles, ce qui m&rsquo;a incit\u00e9 encore un peu plus \u00e0 m&rsquo;engager. Pendant ma jeunesse j&rsquo;ai baign\u00e9 dans la Croix-Rouge\u00a0\u00bb. Mais, entre une vie professionnelle et priv\u00e9e bien charg\u00e9e, il est parfois compliqu\u00e9 pour lui de remplir pleinement son activit\u00e9 de b\u00e9n\u00e9vole. \u00ab\u00a0<\/span><\/span><span style=\"color: #000000\"><span style=\"font-size: medium\">Je consacre moins de temps aujourd&rsquo;hui qu&rsquo;\u00e0 l&rsquo;\u00e9poque \u00e0 la Croix-Rouge. On intervient selon nos disponibilit\u00e9s.\u00a0\u00bb La Croix-Rouge est d\u00e9pendante de ses b\u00e9n\u00e9voles. <a title=\"Guillaume Bouyssou\" href=\"http:\/\/blogs.univ-jfc.fr\/projetcroixrouge\/la-croix-rouge-tarnaise-des-hommes-et-des-femmes\/les-benevoles-de-la-croix-rouge-tarnaise-2\/guillaume-bouyssou\/\" target=\"_blank\">Guillaume Bouyssou <\/a>\u00e9voque l&rsquo;importance d&rsquo;int\u00e9resser les jeunes\u00a0: \u00abAvant nous intervenions dans les \u00e9coles, au cours d&rsquo;une journ\u00e9e de sensibilisation avec la Police, les associations de lutte contre les addictions. Mais l\u2019\u00c9ducation Nationale nous proscrit d&rsquo;intervenir, ils ont pour principe qu&rsquo;il y a des personnes form\u00e9es pour \u00e7a\u00a0: les instituteurs.\u00a0\u00bb<\/span><\/span><\/span><\/p>\n<p><strong><span style=\"font-family: Arial,sans-serif\">Les retrait\u00e9s, une activit\u00e9 incessante au service de la Croix-Rouge.<\/span><\/strong><\/p>\n<p align=\"JUSTIFY\"><strong><\/strong><span style=\"font-family: Arial,sans-serif\">Les retrait\u00e9s sont la pierre angulaire de la Croix-Rouge fran\u00e7aise. Les plus de 60 ans repr\u00e9sentent 30\u00a0% de l&rsquo;effectif des b\u00e9n\u00e9voles. <span style=\"color: #000000\"><span style=\"font-size: medium\">Les retrait\u00e9s sont actifs le plus souvent sur le plan social. <\/span><\/span>Du fait de leur non-activit\u00e9 professionnelle, ce sont eux qui sont le plus \u00e0 m\u00eame de mener des actions b\u00e9n\u00e9voles au sein de l&rsquo;association. Leur libert\u00e9 est un enjeu consid\u00e9rable pour la Croix-Rouge. La Croix-Rouge fran\u00e7aise cherche \u00e0 sensibiliser les retrait\u00e9s afin de les inviter \u00e0 \u00eatre membre de l&rsquo;association. <\/span><\/p>\n<p align=\"JUSTIFY\"><span style=\"font-family: Arial,sans-serif\">Nous avons rencontr\u00e9 un de ces nombreux b\u00e9n\u00e9voles de la Croix-Rouge fran\u00e7aise\u00a0: <a title=\"Jacques Caminade\" href=\"http:\/\/blogs.univ-jfc.fr\/projetcroixrouge\/la-croix-rouge-tarnaise-des-hommes-et-des-femmes\/figures-tarn\/jacques-caminade\/\" target=\"_blank\">Jacques Caminade<\/a>. Pr\u00eatre \u00e0 Albi, il s&rsquo;est engag\u00e9 et investi dans la Croix-Rouge pendant quarante ans, de 1967 \u00e0 2007. \u00ab\u00a0Je suis rentr\u00e9 en 1967 \u00e0 la Croix-Rouge. Avec un copain, nous venions de fonder le centre professionnel St Jean \u00e0 Albi. C&rsquo;est une \u00e9cole pour des jeunes en difficult\u00e9 de 14 \u00e0 21 ans, pour essayer de leur apprendre un m\u00e9tier. On a donc rejoint la Croix-Rouge au cas o\u00f9 il y aurait un p\u00e9pin\u00bb d\u00e9taille <a title=\"Jacques Caminade\" href=\"http:\/\/blogs.univ-jfc.fr\/projetcroixrouge\/la-croix-rouge-tarnaise-des-hommes-et-des-femmes\/figures-tarn\/jacques-caminade\/\" target=\"_blank\">Jacques Caminade<\/a>. La Croix-Rouge est une association prenante, o\u00f9 une fois qu&rsquo;on y est rentr\u00e9, on devient de plus en plus actif. <a title=\"Jacques Caminade\" href=\"http:\/\/blogs.univ-jfc.fr\/projetcroixrouge\/la-croix-rouge-tarnaise-des-hommes-et-des-femmes\/figures-tarn\/jacques-caminade\/\" target=\"_blank\">Jacques Caminade <\/a>en a fait la preuve\u00a0:\u00ab\u00a0J&rsquo;ai commenc\u00e9 \u00e0 m&rsquo;impliquer que tr\u00e8s peu, puis mon implication est devenue de plus en plus grande.\u00a0\u00bb <a title=\"Jacques Caminade\" href=\"http:\/\/blogs.univ-jfc.fr\/projetcroixrouge\/la-croix-rouge-tarnaise-des-hommes-et-des-femmes\/figures-tarn\/jacques-caminade\/\" target=\"_blank\">Jacques Caminade<\/a> n&rsquo;est plus actif \u00e0 la Croix-Rouge depuis 2007, apr\u00e8s quarante ann\u00e9es pleines, il a choisi de d\u00e9laisser ses fonctions de b\u00e9n\u00e9vole. Pendant ses longues ann\u00e9es de b\u00e9n\u00e9volat, <a title=\"Jacques Caminade\" href=\"http:\/\/blogs.univ-jfc.fr\/projetcroixrouge\/la-croix-rouge-tarnaise-des-hommes-et-des-femmes\/figures-tarn\/jacques-caminade\/\" target=\"_blank\">l&rsquo;abb\u00e9 Caminade<\/a> a \u00e9t\u00e9 tr\u00e8s actif, notamment dans le domaine de l&rsquo;Urgence et du Secourisme. \u00abIl y avait des activit\u00e9s li\u00e9es \u00e0 la formation appel\u00e9es \u00ab\u00a0Aide \u00e0 la formation\u00a0\u00bb. On tenait \u00e9galement des postes de secours notamment pour les dons du sang. Nous \u00e9tions aussi sur le terrain pour s&rsquo;occuper des activit\u00e9s sportives comme le football, le rugby, le moto-cross, les courses cyclistes&#8230; Nous avons \u00e9galement \u00e9t\u00e9 pr\u00e9sents sur les Circuits d&rsquo;Albi et de Nogaro pour les grands prix.\u00bb explique-t-il. Apr\u00e8s quarante ann\u00e9es de b\u00e9n\u00e9volat, il a pu constater une r\u00e9elle \u00e9volution dans les mat\u00e9riaux utilis\u00e9s ainsi que dans les techniques du secourisme. \u00ab\u00a0Les formations ont \u00e9volu\u00e9. Avant pour d\u00e9sincarc\u00e9rer une personne, on le faisait \u00e0 la hache, puis apr\u00e8s on nous a pr\u00eat\u00e9 des cisailles \u00e9lectriques. Pour immobiliser une personne, on utilisait de simples planches en bois. Maintenant sont apparus les attelles, les matelats-coquilles\u00a0\u00bb. Ces \u00e9volutions ont permis une meilleure prise en charges des victimes pour un meilleur secours d&rsquo;urgence. Pour lui, le principal dans le b\u00e9n\u00e9volat est le don de soi, le don de son temps: \u00ab\u00a0Ce qui est d\u00e9licat c&rsquo;est que dans une activit\u00e9 b\u00e9n\u00e9vole, il faut savoir donner de son temps gratuitement pendant que les autres s&rsquo;amusent ou se reposent.\u00a0\u00bb.<\/span><\/p>\n<p align=\"JUSTIFY\"><span style=\"font-family: Arial,sans-serif\"><a title=\"Bibliographie\" href=\"http:\/\/blogs.univ-jfc.fr\/projetcroixrouge\/bibliographie-2\/\" target=\"_blank\">Pour en savoir plus<\/a>\u00a0<b> <\/b><\/span><\/p>\n","protected":false},"excerpt":{"rendered":"<p>Les b\u00e9n\u00e9voles et le d\u00e9veloppement de l&rsquo;activit\u00e9 Urgence et Secourisme. \u00ab\u00a0L&rsquo;urgence regroupe toutes les actions men\u00e9es lors des situations d&rsquo;urgence, inondations, incendies&#8230; Le secourisme c&rsquo;est \u00eatre pr\u00e9sent \u00e0 la demande d&rsquo;un organisateur sur des manifestations sportives, culturelles. Les b\u00e9n\u00e9voles ont pour but d&rsquo;\u00eatre une sorte de vigiles, \u00eatre sur les lieux au cas o\u00f9 il &hellip; <a href=\"https:\/\/blogs.univ-jfc.fr\/projetcroixrouge\/la-croix-rouge-tarnaise-des-hommes-et-des-femmes\/les-benevoles-de-la-croix-rouge-tarnaise-2\/les-benevoles-de-la-croix-rouge-demain\/\" class=\"more-link\">Continuer la lecture de <span class=\"screen-reader-text\">Les b\u00e9n\u00e9voles de la Croix-Rouge demain ?<\/span> <span class=\"meta-nav\">&rarr;<\/span><\/a><\/p>\n","protected":false},"author":85,"featured_media":0,"parent":2249,"menu_order":3,"comment_status":"closed","ping_status":"open","template":"","meta":[],"_links":{"self":[{"href":"https:\/\/blogs.univ-jfc.fr\/projetcroixrouge\/wp-json\/wp\/v2\/pages\/1850"}],"collection":[{"href":"https:\/\/blogs.univ-jfc.fr\/projetcroixrouge\/wp-json\/wp\/v2\/pages"}],"about":[{"href":"https:\/\/blogs.univ-jfc.fr\/projetcroixrouge\/wp-json\/wp\/v2\/types\/page"}],"author":[{"embeddable":true,"href":"https:\/\/blogs.univ-jfc.fr\/projetcroixrouge\/wp-json\/wp\/v2\/users\/85"}],"replies":[{"embeddable":true,"href":"https:\/\/blogs.univ-jfc.fr\/projetcroixrouge\/wp-json\/wp\/v2\/comments?post=1850"}],"version-history":[{"count":31,"href":"https:\/\/blogs.univ-jfc.fr\/projetcroixrouge\/wp-json\/wp\/v2\/pages\/1850\/revisions"}],"predecessor-version":[{"id":3823,"href":"https:\/\/blogs.univ-jfc.fr\/projetcroixrouge\/wp-json\/wp\/v2\/pages\/1850\/revisions\/3823"}],"up":[{"embeddable":true,"href":"https:\/\/blogs.univ-jfc.fr\/projetcroixrouge\/wp-json\/wp\/v2\/pages\/2249"}],"wp:attachment":[{"href":"https:\/\/blogs.univ-jfc.fr\/projetcroixrouge\/wp-json\/wp\/v2\/media?parent=1850"}],"curies":[{"name":"wp","href":"https:\/\/api.w.org\/{rel}","templated":true}]}}