{"id":1887,"date":"2015-03-15T12:07:45","date_gmt":"2015-03-15T11:07:45","guid":{"rendered":"http:\/\/blogs.univ-jfc.fr\/projetcroixrouge\/?page_id=1887"},"modified":"2015-04-04T10:13:22","modified_gmt":"2015-04-04T09:13:22","slug":"intensification-des-liens-internationaux-de-la-croix-rouge","status":"publish","type":"page","link":"https:\/\/blogs.univ-jfc.fr\/projetcroixrouge\/la-croix-rouge-dans-les-guerres-mondiales\/la-croix-rouge-sur-le-front-1914-1918\/intensification-des-liens-internationaux-de-la-croix-rouge\/","title":{"rendered":"Intensification des liens internationaux de la Croix-Rouge"},"content":{"rendered":"<h2><span style=\"font-family: Arial, sans-serif\"><span style=\"color: #000000\"><b>L&rsquo; appui du Droit <\/b><\/span><span style=\"color: #000000\"><b>I<\/b><\/span><span style=\"color: #000000\"><b>nternational <\/b><\/span><span style=\"color: #000000\"><b>H<\/b><\/span><span style=\"color: #000000\"><b>umanitaire.<\/b><\/span><\/span><\/h2>\n<p align=\"justify\"><span style=\"color: #000000\"><span style=\"font-family: Arial, sans-serif\"><span><span style=\"font-family: Arial, sans-serif\">\u00a0 \u00a0 \u00a0 \u00a0La premi\u00e8re convention de Gen\u00e8ve est promulgu\u00e9e en 1864. <\/span><span style=\"font-family: Arial, sans-serif\">E<\/span><span style=\"font-family: Arial, sans-serif\">lle est r\u00e9vis\u00e9e en 1906. <\/span><span style=\"font-family: Arial, sans-serif\">E<\/span><span style=\"font-family: Arial, sans-serif\">lle est \u00e0 l&rsquo;origine du\u00a0<\/span><\/span><\/span><\/span><span style=\"color: #000000\"><span style=\"font-family: Arial, sans-serif\"><span><a title=\"Droit International Humanitaire\" href=\"http:\/\/blogs.univ-jfc.fr\/projetcroixrouge\/lhumanitaire-en-questions\/la-philosophie-le-droit-et-laction-humanitaire\/philosophie-droit-et-action-humanitaire\/\" target=\"_blank\">Droit International Humanitaire<\/a>\u00a0<\/span><\/span><\/span><span style=\"color: #000000\"><span style=\"font-family: Arial, sans-serif\"><span>(DIH). Le <\/span><span>D<\/span><span>roit <\/span><span>I<\/span><span>nternational <\/span><span>H<\/span><span>umanitaire r\u00e9git les lois mondiales <\/span><span>pour prot\u00e9ger l&rsquo;\u00eatre humain<\/span><span> et <\/span><span>r\u00e9glementer <\/span><span> l&rsquo;utilisation d&rsquo;armes dans un conflit. La Croix-Rouge s&rsquo;appuie sur le DIH, mais aussi sur les conventions de la Haye de 1907, r\u00e9gissant, entre autre, les droits maritimes pour faire pression sur les <\/span><span>\u00c9tats<\/span><span> bellig\u00e9rants. Plus pr\u00e9cis\u00e9ment, le\u00a0<\/span><\/span><\/span><span style=\"color: #000000\"><span style=\"font-family: Arial, sans-serif\"><a title=\"Le CICR\" href=\"http:\/\/blogs.univ-jfc.fr\/projetcroixrouge\/le-cicr\/\" target=\"_blank\">Comit\u00e9 International de la Croix-Rouge<\/a> (CICR)\u00a0<\/span><\/span><span style=\"color: #000000\"><span style=\"font-family: Arial, sans-serif\">s&rsquo;appuie sur l&rsquo;article 12 de la Convention de Gen\u00e8ve de 1906. Celui-ci stipule que les membres de sant\u00e9, ainsi que les services de sant\u00e9, doivent b\u00e9n\u00e9ficier de rapatriements lorsque leurs soins ne sont plus indispensables aux bless\u00e9s. Il s&rsquo;appuie \u00e9galement sur l&rsquo;article 2 qui pr\u00e9voit le rapatriement en s\u00e9curit\u00e9 des militaires tr\u00e8s gravement bless\u00e9s ou malades. Les \u00c9tats bellig\u00e9rants ayant ratifi\u00e9 la Convention de Gen\u00e8ve doivent la respecter. Mais le d\u00e9but du conflit montre un manquement de certains\u00a0\u00c9tats. Le r\u00f4le du CICR est alors de veiller au respect de cette convention. Pour cela la Croix-Rouge peut aussi compter sur le soutient du Vatican, des pays comme la Su\u00e8de, l\u2019Espagne et les organismes humanitaires protestants. L&rsquo;historienne\u00a0<\/span><\/span><span style=\"color: #000000\"><span style=\"font-family: Arial, sans-serif\"><a href=\"http:\/\/www.franceinter.fr\/personne-annette-becker\" target=\"_blank\">Annette\u00a0Becker<\/a>\u00a0<\/span><\/span><span style=\"font-family: Arial, sans-serif\">insiste sur l&rsquo;importance du soutien des organi<\/span><span style=\"font-family: Arial, sans-serif\">sations\u00a0<\/span><span style=\"font-family: Arial, sans-serif\">religieuses,<\/span><span style=\"font-family: Arial, sans-serif\"> car la pression venant de <\/span><span style=\"font-family: Arial, sans-serif\">celles-ci<\/span><span style=\"font-family: Arial, sans-serif\"> a plus d&rsquo;incidence du fait que les <\/span><span style=\"font-family: Arial, sans-serif\">soldats<\/span><span style=\"font-family: Arial, sans-serif\">\u00a0\u00e9taient<\/span><span style=\"font-family: Arial, sans-serif\">\u00a0souvent catholiques ou protestants. Cependant, <\/span><span style=\"font-family: Arial, sans-serif\">Annette<\/span><span style=\"font-family: Arial, sans-serif\"> Becker note aussi que la cohabitation entre aide protestante et catholique cr\u00e9\u00e9 des tensions entre le CICR et le Vatican.<\/span><\/p>\n<p align=\"justify\"><span style=\"font-family: Arial, sans-serif\"><span><span style=\"color: #000000\">Cette action de la Croix-Rouge aupr\u00e8s des <\/span><span style=\"color: #000000\">\u00c9tats<\/span><span style=\"color: #000000\"> a plusieurs applications directes <\/span><span style=\"color: #000000\">notamment<\/span><span style=\"color: #000000\"> le respect du secours aux bless\u00e9s et l&rsquo;am\u00e9lioration des conditions de vie des prisonniers. <\/span><span style=\"color: #000000\">Annette<\/span><span style=\"color: #000000\"> Becker note aussi que toutes les actions du CICR sont <\/span><span style=\"color: #000000\">voulues<\/span><span style=\"color: #000000\"> neutres. D\u00e8s mars 1915, <\/span><span style=\"color: #000000\">le CICR<\/span><span style=\"color: #000000\"> obtien<\/span><span style=\"color: #000000\">t<\/span><span style=\"color: #000000\"> l&rsquo;accord de la France ainsi que de L&rsquo;Allemagne pour que des convois de bless\u00e9s puissent transiter sur le territoire suisse afin d&rsquo;obtenir des soins. Cependant, <\/span><span style=\"color: #000000\">l&rsquo;historien\u00a0<\/span><\/span><\/span><span style=\"color: #000000\"><span style=\"font-family: Arial, sans-serif\"><a href=\"http:\/\/www.hion.ch\/daniel_palmieri\" target=\"_blank\">Daniel Palmieri<\/a>\u00a0<\/span><\/span><span style=\"color: #000000\"><span style=\"font-family: Arial, sans-serif\">souligne que la Croix-Rouge ne peut pas toujours effectuer ces rapatriements en s\u00e9curit\u00e9. En effet,\u00a0il\u00a0met en exergue le fait que la Croix-Rouge doit faire face aux bombardements des installations sanitaires\u00a0et\u00a0des ambulances.\u00a0Il s&rsquo;av\u00e8re m\u00eame que certains \u00e9tats utilisent l&#8217;embl\u00e8me de la Croix-Rouge \u00e0 des fins militaires.<\/span><\/span><\/p>\n<h2><span style=\"font-family: Arial, sans-serif\"><span style=\"color: #000000\"><b>I<\/b><\/span><span style=\"color: #000000\"><b>ntervention des Croix-Rouge nationales et r\u00e9gionales<\/b><\/span><\/span><\/h2>\n<p align=\"justify\"><span style=\"font-family: Arial, sans-serif\"><span><span style=\"color: #000000\">\u00a0 \u00a0 \u00a0 \u00a0Pour comprendre quel a \u00e9t\u00e9 le r\u00f4le des Croix-Rouge nationales et r\u00e9gionales, il est important de faire la distinction entre le <\/span><span style=\"color: #800000\">Comit\u00e9 <\/span><span style=\"color: #800000\">I<\/span><span style=\"color: #800000\">nternational de la Croix-Rouge<\/span><span style=\"color: #000000\"> (CICR), dont le si\u00e8ge est situ\u00e9 \u00e0 Gen\u00e8ve, et les Croix-Rouge nationales. Par exemple, lorsque il y a violation des accords de Gen\u00e8ve, ce sont les Croix-Rouge nationales qui <\/span><span style=\"color: #000000\">d\u00e9pose<\/span><span style=\"color: #000000\">nt<\/span><span style=\"color: #000000\"> la plainte aupr\u00e8s du CICR, <\/span><span style=\"color: #000000\">lequel<\/span><span style=\"color: #000000\"> fait le relai<\/span><span style=\"color: #000000\">s<\/span><span style=\"color: #000000\"> aupr\u00e8s des autorit\u00e9s politiques et militaires. L&rsquo;action des Croix-Rouge nationales reste ind\u00e9pendante, mais s&rsquo;inscrit g\u00e9n\u00e9ralement dans <\/span><span style=\"color: #000000\">le cadre d&rsquo;intervention<\/span><span style=\"color: #000000\"> du CICR.<\/span><\/span><\/span><\/p>\n<figure id=\"attachment_1937\" aria-describedby=\"caption-attachment-1937\" style=\"width: 250px\" class=\"wp-caption alignright\"><a href=\"http:\/\/www.croix-rouge.fr\/La-Croix-Rouge\/La-Croix-Rouge-francaise\/Historique\/Creation-et-developpement-de-la-Croix-Rouge-francaise\/Combat-pour-l-engagement-1280\" target=\"_blank\"><img loading=\"lazy\" class=\" wp-image-1937   \" title=\"Infirmi\u00e8res devant la D\u00e9l\u00e9gation G\u00e9n\u00e9rale de la Croix-Rouge, 1914\" alt=\"Infirmi\u00e8res devant la D\u00e9l\u00e9gation G\u00e9n\u00e9rale de la Croix-Rouge, 1914\" src=\"http:\/\/blogs.univ-jfc.fr\/projetcroixrouge\/wp-content\/uploads\/sites\/40\/2015\/03\/syuiop-150x150.jpg\" width=\"250\" height=\"150\" \/><\/a><figcaption id=\"caption-attachment-1937\" class=\"wp-caption-text\">Infirmi\u00e8res de la Croix-Rouge<\/figcaption><\/figure>\n<p align=\"justify\"><span style=\"font-family: Arial, sans-serif\"><span style=\"color: #000000\">Le CICR informe toutes les Croix-Rouge nationales de ses interventions et actions par le <\/span><span style=\"color: #000000\">biais<\/span><span style=\"color: #000000\"> du\u00a0<\/span><\/span><span style=\"color: #000000\"><span style=\"font-family: Arial, sans-serif\"><a href=\"https:\/\/www.icrc.org\/fre\/resources\/international-review\/index.jsp\" target=\"_blank\">Bulletin international de la Croix-Rouge<\/a><\/span><\/span><span style=\"color: #000000\">.\u00a0<\/span><span style=\"color: #000000\"><span style=\"font-family: Arial, sans-serif\">On peut donc voir l&rsquo;action des Croix-Rouge nationales comme le relai des d\u00e9cisions internationales du CICR. Le CICR obtient donc un r\u00f4le de coordinateur\u00a0de l&rsquo;action des Croix-Rouge nationales. Comme nous l&rsquo;avons vu lors\u00a0de la Premi\u00e8re\u00a0Guerre mondiale, le CICR s&rsquo;appuie donc sur les Croix-Rouge nationales pour intervenir sur le pays en conflit. On peut prendre,\u00a0comme\u00a0exemple, l&rsquo;action de la Croix-Rouge\u00a0japonaise dans le conflit pour comprendre comment la Croix-Rouge intervient. \u00a0<\/span><\/span><span style=\"color: #000000\"><span style=\"font-family: Arial, sans-serif\">C&rsquo;est le ministre de la guerre\u00a0japonaise Oka Ichinosuke qui est charg\u00e9 d&rsquo;encadrer l&rsquo;aide de la Croix-Rouge aux pays alli\u00e9s, notamment la Russie, la France et l&rsquo;Angleterre. La Croix-Rouge japonaise s\u00e9lectionne son personnel avec beaucoup d&rsquo;attention.\u00a0Ses\u00a0effectifs\u00a0se composent\u00a0d&rsquo;une infirmi\u00e8re en chef ainsi que d\u00a0\u00bbun m\u00e9decin en chef, un pharmacien et de personnels\u00a0administratifs. Le 7 f\u00e9vrier 1915, il est envoy\u00e9e en France une mission japonaise compos\u00e9e de\u00a0ces\u00a0membres d&rsquo;encadrement et comprenant trente et une personnes. Cette \u00e9quipe vient en France \u00e0 Paris et fonde\u00a0\u00ab\u00a0H\u00f4pital de la Croix-Rouge militaire Japonaise \u00bb \u00e0 l&rsquo;h\u00f4tel Astoria, rue du Persbourg<\/span><\/span><span style=\"color: #000000;line-height: 1.5\">.<\/span><\/p>\n<p align=\"justify\"><span style=\"font-family: Arial, sans-serif\"><span><span style=\"color: #000000\">La Croix-Rouge s\u2019implante aussi au niveau r\u00e9gional. C&rsquo;est le cas du Tarn, <\/span><span style=\"color: #000000\">o\u00f9 <\/span><span style=\"color: #000000\">l&rsquo;aide humanitaire est implant\u00e9e \u00e0 Albi et se nomme \u00ab Comit\u00e9 de Secours aux bless\u00e9s et aux victimes de la guerre \u00bb. Cette association a pour but de r\u00e9colter de l&rsquo;argent ou des biens mat\u00e9riels comme des v\u00eatements <\/span><span style=\"color: #000000\">afin<\/span><span style=\"color: #000000\"> de les redistribuer ensuite dans ses diff\u00e9rents p\u00f4les d&rsquo;actions, <\/span><span style=\"color: #000000\">m<\/span><span style=\"color: #000000\">ais aussi dans des h\u00f4pitaux de la Croix-Rouge, implant\u00e9s dans le Tarn, comme \u00e0 Castres par exemple. L\u2019intervention r\u00e9gionale prend une dimension internationale dans l&rsquo;ann\u00e9e 1917, avec l&rsquo;entr\u00e9e en guerre des <\/span><span style=\"color: #000000\">\u00c9tats-Unis.<\/span><span style=\"color: #000000\"> En effet, l&rsquo;\u00e9tude de documents d&rsquo;archive<\/span><span style=\"color: #000000\">s<a href=\"#sdfootnote1sym\" name=\"sdfootnote1anc\"><sup>1<\/sup><\/a><\/span><span style=\"color: #000000\">r\u00e9v\u00e8le<\/span><span style=\"color: #000000\"> l&rsquo;arriv\u00e9e <\/span><span style=\"color: #000000\">\u00e0 Albi<\/span><span style=\"color: #000000\"> de Mr Hamilton, professeur de <\/span><span style=\"color: #000000\">S<\/span><span style=\"color: #000000\">ociologie \u00e0 New York et membre de la Croix-Rouge am\u00e9ricaine. Il entre en fonction d\u00e9but 1917, et cr\u00e9e un si\u00e8ge de la Croix-Rouge <\/span><span style=\"color: #000000\">t<\/span><span style=\"color: #000000\">arnaise, qui <\/span><span style=\"color: #000000\">se situe<\/span><span style=\"color: #000000\"> au deuxi\u00e8me \u00e9tage de l&rsquo;immeuble Rodier, rue du pont neuf \u00e0 Albi. Durant cette p\u00e9riode, il y a une intensification des apports en biens mat\u00e9riels vers les h\u00f4pitaux de la Croix-Rouge. Dans <\/span><span style=\"color: #000000\">les documents,<\/span><span style=\"color: #000000\"> il est fait mention d&rsquo;un <\/span><span style=\"color: #000000\">\u00e9v\u00e9nement<\/span><span style=\"color: #000000\"> qui montre le lien symbolique entre l&rsquo;association <\/span><span style=\"color: #000000\">t<\/span><span style=\"color: #000000\">arnaise de secours au<\/span><span style=\"color: #000000\">x<\/span><span style=\"color: #000000\"> bless\u00e9<\/span><span style=\"color: #000000\">s<\/span><span style=\"color: #000000\"> et la Croix-Rouge. En <\/span><span style=\"color: #000000\">effet, en<\/span><span style=\"color: #000000\"> juillet lors d&rsquo;un rassemblement o\u00f9 <\/span><span style=\"color: #000000\">sont<\/span><span style=\"color: #000000\"> pr\u00e9sent Mr Hamilton et le maire d&rsquo;Albi, une \u0153uvre de l&rsquo;\u00e9b\u00e9niste Mr P\u00e9ri<\/span><span style=\"color: #000000\">er est pr\u00e9sent\u00e9<\/span><span style=\"color: #000000\">e<\/span><span style=\"color: #000000\">, <\/span><span style=\"color: #000000\">s<\/span><span style=\"color: #000000\">ur <\/span><span style=\"color: #000000\">laquelle<\/span><span style=\"color: #000000\"> figure le nom de l&rsquo;association \u00ab\u00a0Comit\u00e9 de <\/span><span style=\"color: #000000\">Secours<\/span><span style=\"color: #000000\"> aux bless\u00e9s et aux victimes de la guerre\u00a0\u00bb <\/span><span style=\"color: #000000\">au cot\u00e9 du<\/span><span style=\"color: #000000\"> sigle de la Croix-Rouge am\u00e9ricaine.<\/span><\/span><\/span><\/p>\n<p align=\"justify\"><span style=\"color: #000000\"><span style=\"font-family: Arial, sans-serif\"><span>On voit donc que le CICR pendant la Premi\u00e8re Guerre mondiale s\u2019appuie sur les diff\u00e9rentes Croix-Rouge nationales pour intervenir. La dimension internationale du conflit va donc de pair avec l&rsquo;internationalit\u00e9 de l&rsquo;intervention. Nous avons vu que l&rsquo;intervention des membres des Croix-Rouges am\u00e9ricaine ou japonaise fonctionne par missions et quelles ont une importance capitale dans l&rsquo;organisation de l&rsquo;aide sur les territoires o\u00f9 la guerre a lieu.<\/span><\/span><\/span><\/p>\n<h2><span style=\"font-family: Arial, sans-serif\"><span style=\"color: #000000\"><b>L&rsquo;AIP<\/b><\/span><span style=\"color: #000000\"><b>G<\/b><\/span><span style=\"color: #000000\"><b> et la protection des prisonniers.<\/b><\/span><\/span><\/h2>\n<p align=\"justify\"><span style=\"color: #000000\"><span style=\"font-family: Arial, sans-serif\">\u00a0 \u00a0 \u00a0 \u00a0Suite \u00e0 la Bataille de la Marne de septembre 1914, le CICR comprend que la guerre va durer, ce qui implique que la captivit\u00e9 des soldats s&rsquo;annonce longue. Au d\u00e9part, les prisonniers de guerre sont prot\u00e9g\u00e9s par les\u00a0<\/span><\/span><span style=\"color: #000000\"><span style=\"font-family: Arial, sans-serif\"><span><a href=\"https:\/\/www.google.fr\/url?sa=t&amp;rct=j&amp;q=&amp;esrc=s&amp;source=web&amp;cd=5&amp;cad=rja&amp;uact=8&amp;sqi=2&amp;ved=0CDgQFjAE&amp;url=http%3A%2F%2Fwww.pca-cpa.org%2Fshowfile.asp%3Ffil_id%3D288&amp;ei=SsgTVaaLKoqAU5WKgJAI&amp;usg=AFQjCNFiVmtOdDpTUhkdg_nrQlKEF2HWRw&amp;bvm=bv.89217033,d.d24\" target=\"_blank\">Conventions de la Haye<\/a><\/span><\/span><\/span><span style=\"color: #000000\"><span style=\"font-family: Arial, sans-serif\">\u00a0de 1907, mais le conflit est rapidement vecteur d&rsquo;in\u00e9galit\u00e9 et de non respect des conventions pour les prisonniers.<\/span><\/span><\/p>\n<p align=\"justify\"><span style=\"font-family: Arial, sans-serif\"><span><span style=\"color: #000000\">Le CICR est \u00e0 l&rsquo;\u00e9poque dirig\u00e9 par Gustave Ador, homme politique suisse. Il est conscient<\/span><\/span><\/span><\/p>\n<figure id=\"attachment_1942\" aria-describedby=\"caption-attachment-1942\" style=\"width: 250px\" class=\"wp-caption alignleft\"><a href=\"http:\/\/www.swissinfo.ch\/fre\/14-18--l-%C3%A9preuve-du-feu-pour-le-cicr\/38363054\" target=\"_blank\"><img loading=\"lazy\" class=\" wp-image-1942    \" title=\"Agence Internationale des Prisonniers de Guerre,  septembre 1914, Mus\u00e9e Rath\" alt=\" Agence Internationale des Prisonniers de Guerre,  septembre 1914, Gen\u00e8ve\" src=\"http:\/\/blogs.univ-jfc.fr\/projetcroixrouge\/wp-content\/uploads\/sites\/40\/2015\/03\/xcvbhd-150x150.jpg\" width=\"250\" height=\"150\" \/><\/a><figcaption id=\"caption-attachment-1942\" class=\"wp-caption-text\">Agence Internationale des Prisonniers de Guerre<\/figcaption><\/figure>\n<p align=\"justify\"><span style=\"font-family: Arial, sans-serif\"><span style=\"color: #000000\">de la situation des prisonniers et cr\u00e9e le 21 ao\u00fbt 1914. L&rsquo; <a title=\"Les \u00e9volutions \u00e0 travers les conflits\" href=\"http:\/\/blogs.univ-jfc.fr\/projetcroixrouge\/le-cicr\/evolutions\/\" target=\"_blank\">Agence Internationale des Prisonniers de Guerre<\/a> (l&rsquo;AIPG). Au d\u00e9part, environ 1200 personnes travaillent au sein de l&rsquo;AIPG mais au cours de la guerre elle accueille 3000 autres collaborateurs. Elle est structur\u00e9e <\/span><span style=\"color: #000000\">en<\/span><span style=\"color: #000000\"> plusieurs services nationaux. <\/span><span style=\"color: #000000\">L<\/span><span style=\"color: #000000\">eur nombre <\/span><span style=\"color: #000000\">augmente<\/span><span style=\"color: #000000\"> au fur et \u00e0 mesure de l&rsquo;entr\u00e9e en guerre des <\/span><span style=\"color: #000000\">\u00c9tats.\u00a0<\/span><span style=\"color: #000000\">A<\/span><span style=\"color: #000000\">u final <\/span><span style=\"color: #000000\">les \u00c9tats au nombre<\/span><span style=\"color: #000000\"> sont 14,\u00a0<\/span><span style=\"color: #000000\">franco-belge, britannique, italien, grec, am\u00e9ricain, br\u00e9silien, portugais, serbe, roumain, russe, allemand, bulgare, turc, Austro-Hongrois. Leur objectif de d\u00e9part est d&rsquo;obtenir des informations sur les <\/span><span style=\"color: #000000\">conditions de d\u00e9tentions des<\/span><span style=\"color: #000000\"> prisonniers de guerre aupr\u00e8s des <\/span><span style=\"color: #000000\">\u00c9tats<\/span><span style=\"color: #000000\"> bellig\u00e9rants. <\/span><span style=\"color: #000000\">Il<\/span><span style=\"color: #000000\"> cr\u00e9<\/span><span style=\"color: #000000\">\u00e9\u00a0<\/span><span style=\"color: #000000\">alors <\/span><span style=\"color: #000000\">des fiches pour le recensement des prisonnier<\/span><span style=\"color: #000000\">s et pour <\/span><span style=\"color: #000000\">faire le<\/span><span style=\"color: #000000\"> lien avec les familles. A la fin de la guerre, l&rsquo;AIPG de Gen\u00e8ve stocke plus de six millions de fiches (qui concernent environ deux millions et demi d&rsquo;individus). <\/span><span style=\"color: #000000\">Ceci constitue <\/span><span style=\"color: #000000\">une base de donn\u00e9es importante pour l&rsquo;\u00e9poque, m\u00eame si certains fichiers nationaux restent incomplets.<\/span><\/span><\/p>\n<p align=\"justify\"><span style=\"font-family: Arial, sans-serif\"><span style=\"color: #000000\"><span>Le CICR se rend ensuite tr\u00e8s vite compte qu&rsquo;<\/span><\/span><span style=\"color: #000000\"><span>il<\/span><\/span><span style=\"color: #000000\"><span> ne peut limiter son action au recensement des prisonniers, car cette action <\/span><\/span><span style=\"color: #000000\"><span>ne suffit pas \u00e0 combler\u00a0<\/span><\/span><span style=\"color: #000000\"><span>l<\/span><\/span><span style=\"color: #000000\"><span>es manquements des Etats bellig\u00e9rants <\/span><\/span><span style=\"color: #000000\"><span>et<\/span><\/span><span style=\"color: #000000\"><span> entra\u00eene m\u00eame des d\u00e9rives.<\/span><\/span><span style=\"color: #000000\"><span> En effet on assiste d&rsquo;apr\u00e8s Francois Bun<\/span><\/span><span style=\"color: #000000\"><span>i<\/span><\/span><span style=\"color: #000000\"><span>on \u00e0 \u00ab un m\u00e9canisme des mesures de repr\u00e9sailles \u00bb, <\/span><\/span><span style=\"color: #000000\"><span>qui <\/span><\/span><span style=\"color: #000000\"><span>consiste \u00e0 retirer des privil\u00e8ges (nourriture, solde) aux prisonniers en <\/span><\/span><span style=\"color: #000000\"><span>les <\/span><\/span><span style=\"color: #000000\"><span>comparant <\/span><\/span><span style=\"color: #000000\"><span>avec <\/span><\/span><span style=\"color: #000000\"><span>le traitement des prisonniers adverses. Suite \u00e0 cette prise de conscience, Gustave Ador propose aux \u00e9tats <\/span><\/span><span style=\"color: #000000\"><span>a<\/span><\/span><span style=\"color: #000000\"><span>llemand, <\/span><\/span><span style=\"color: #000000\"><span>a<\/span><\/span><span style=\"color: #000000\"><span>nglais, <\/span><\/span><span style=\"color: #000000\"><span>f<\/span><\/span><span style=\"color: #000000\"><span>ran\u00e7ais, <\/span><\/span><span style=\"color: #000000\"><span>i<\/span><\/span><span style=\"color: #000000\"><span>talien la mise en place de missions de visites des camps de prisonniers par des d\u00e9l\u00e9gu\u00e9s du CICR. Gustave Ador est all\u00e9 n\u00e9gocier personnellement pour la mise en place de ces missions aupr\u00e8s du gouvernement <\/span><\/span><span style=\"color: #000000\"><span>f<\/span><\/span><span style=\"color: #000000\"><span>ran\u00e7ais et <\/span><\/span><span style=\"color: #000000\"><span>a<\/span><\/span><span style=\"color: #000000\"><span>llemand et participe aux premi\u00e8res visites des camps de prisonniers. Suite \u00e0 ces d\u00e9marches diplomatiques d\u00e8s <\/span><\/span><span style=\"color: #000000\"><span>j<\/span><\/span><span style=\"color: #000000\"><span>anvier 1915, le CICR est en mesure d&rsquo;inspecter les camps d&rsquo;internements d&rsquo;Allemagne, Grande-Bretagne et France, puis cette mesure s&rsquo;\u00e9tend au fil de la guerre \u00e0 tous les Etats bellig\u00e9rants. Au final, le CICR env<\/span><\/span><span style=\"color: #000000\"><span>oi<\/span><\/span><span style=\"color: #000000\"><span>e<\/span><\/span><span style=\"color: #000000\"><span> 54 missions itin\u00e9rantes qui visite<\/span><\/span><span style=\"color: #000000\"><span>nt<\/span><\/span><span style=\"color: #000000\"><span> 524 camps de prisonniers en Europe, mais aussi au Moyen-Orient, en Afrique du Nord et en Asie. A la suite de <\/span><\/span><span style=\"color: #000000\"><span>ces<\/span><\/span><span style=\"color: #000000\"><span> visites, un rapport est r\u00e9dig\u00e9 par les puissances protectrices neutres, l&rsquo;Espagne, les Pays-Bas, la Suisse, mais aussi les <\/span><\/span><span style=\"color: #000000\"><span>\u00c9tats-Unis<\/span><\/span><span style=\"color: #000000\"><span> jusqu\u2019\u00e0 leur entr\u00e9e en guerre en 1917, et le Vatican. Les rapports sont ensuite publi\u00e9s, le but <\/span><\/span><span style=\"color: #000000\"><span>est<\/span><\/span><span style=\"color: #000000\"><span> de montrer la r\u00e9alit\u00e9 <\/span><\/span><span style=\"color: #000000\"><span>des camps <\/span><\/span><span style=\"color: #000000\"><span>aux <\/span><\/span><span style=\"color: #000000\"><span>\u00c9tats<\/span><\/span><span style=\"color: #000000\"><span> bellig\u00e9rants et ainsi faire pression pour l&rsquo;am\u00e9lioration des conditions de vie des prisonniers. <\/span><\/span><\/span><\/p>\n<div id=\"sdfootnote1\">\n<p align=\"justify\"><span style=\"color: #000000\"><a href=\"#sdfootnote1anc\" name=\"sdfootnote1sym\">1<\/a>\u00a0Archive d\u00e9partementale du Tarn, BIBC 2246<\/span><\/p>\n<p><span style=\"color: #ffffff\">h<\/span><\/p>\n<p align=\"justify\"><a title=\"Bibliographie\" href=\"http:\/\/blogs.univ-jfc.fr\/projetcroixrouge\/bibliographie-2\/\" target=\"_blank\">En savoir plus &#8230;<\/a><\/p>\n<\/div>\n","protected":false},"excerpt":{"rendered":"<p>L&rsquo; appui du Droit International Humanitaire. \u00a0 \u00a0 \u00a0 \u00a0La premi\u00e8re convention de Gen\u00e8ve est promulgu\u00e9e en 1864. Elle est r\u00e9vis\u00e9e en 1906. Elle est \u00e0 l&rsquo;origine du\u00a0Droit International Humanitaire\u00a0(DIH). Le Droit International Humanitaire r\u00e9git les lois mondiales pour prot\u00e9ger l&rsquo;\u00eatre humain et r\u00e9glementer l&rsquo;utilisation d&rsquo;armes dans un conflit. La Croix-Rouge s&rsquo;appuie sur le DIH, &hellip; <a href=\"https:\/\/blogs.univ-jfc.fr\/projetcroixrouge\/la-croix-rouge-dans-les-guerres-mondiales\/la-croix-rouge-sur-le-front-1914-1918\/intensification-des-liens-internationaux-de-la-croix-rouge\/\" class=\"more-link\">Continuer la lecture de <span class=\"screen-reader-text\">Intensification des liens internationaux de la Croix-Rouge<\/span> <span class=\"meta-nav\">&rarr;<\/span><\/a><\/p>\n","protected":false},"author":127,"featured_media":0,"parent":84,"menu_order":1,"comment_status":"closed","ping_status":"open","template":"","meta":[],"_links":{"self":[{"href":"https:\/\/blogs.univ-jfc.fr\/projetcroixrouge\/wp-json\/wp\/v2\/pages\/1887"}],"collection":[{"href":"https:\/\/blogs.univ-jfc.fr\/projetcroixrouge\/wp-json\/wp\/v2\/pages"}],"about":[{"href":"https:\/\/blogs.univ-jfc.fr\/projetcroixrouge\/wp-json\/wp\/v2\/types\/page"}],"author":[{"embeddable":true,"href":"https:\/\/blogs.univ-jfc.fr\/projetcroixrouge\/wp-json\/wp\/v2\/users\/127"}],"replies":[{"embeddable":true,"href":"https:\/\/blogs.univ-jfc.fr\/projetcroixrouge\/wp-json\/wp\/v2\/comments?post=1887"}],"version-history":[{"count":17,"href":"https:\/\/blogs.univ-jfc.fr\/projetcroixrouge\/wp-json\/wp\/v2\/pages\/1887\/revisions"}],"predecessor-version":[{"id":3862,"href":"https:\/\/blogs.univ-jfc.fr\/projetcroixrouge\/wp-json\/wp\/v2\/pages\/1887\/revisions\/3862"}],"up":[{"embeddable":true,"href":"https:\/\/blogs.univ-jfc.fr\/projetcroixrouge\/wp-json\/wp\/v2\/pages\/84"}],"wp:attachment":[{"href":"https:\/\/blogs.univ-jfc.fr\/projetcroixrouge\/wp-json\/wp\/v2\/media?parent=1887"}],"curies":[{"name":"wp","href":"https:\/\/api.w.org\/{rel}","templated":true}]}}