{"id":1895,"date":"2015-03-15T12:14:18","date_gmt":"2015-03-15T11:14:18","guid":{"rendered":"http:\/\/blogs.univ-jfc.fr\/projetcroixrouge\/?page_id=1895"},"modified":"2015-04-04T10:40:34","modified_gmt":"2015-04-04T09:40:34","slug":"les-mutations-de-la-croix-rouge-et-son-avenir-apres-la-grande-guerre","status":"publish","type":"page","link":"https:\/\/blogs.univ-jfc.fr\/projetcroixrouge\/la-croix-rouge-dans-les-guerres-mondiales\/la-croix-rouge-sur-le-front-1914-1918\/les-mutations-de-la-croix-rouge-et-son-avenir-apres-la-grande-guerre\/","title":{"rendered":"Les mutations de la Croix-Rouge et son avenir apr\u00e8s la Grande Guerre"},"content":{"rendered":"<p align=\"justify\"><strong><span style=\"color: #000000\">La gestion des prisonniers militaires par la Croix-Rouge durant la guerre.<\/span><\/strong><\/p>\n<figure id=\"attachment_2681\" aria-describedby=\"caption-attachment-2681\" style=\"width: 250px\" class=\"wp-caption alignright\"><a href=\"https:\/\/www.icrc.org\/fre\/resources\/documents\/photo-gallery\/2014\/150-years-aipg-ww1.htm\" target=\"_blank\"><img loading=\"lazy\" class=\" wp-image-2681   \" title=\"Agence internationale des prisonniers de guerre. Service de l'arriv\u00e9e et du tri du courrier. \u00a9 Phototh\u00e8que CICR (DR) \/ Boissonnas \/ hist-00580-27\" alt=\"Agence internationale des prisonniers de guerre\" src=\"http:\/\/blogs.univ-jfc.fr\/projetcroixrouge\/wp-content\/uploads\/sites\/40\/2015\/03\/dfgdyuio-150x150.jpg\" width=\"250\" height=\"250\" \/><\/a><figcaption id=\"caption-attachment-2681\" class=\"wp-caption-text\">Agence internationale des prisonniers de guerre<\/figcaption><\/figure>\n<p lang=\"zxx\" align=\"justify\"><span style=\"font-family: Arial, sans-serif\"><span style=\"color: #000000\">\u00a0 \u00a0 \u00a0 \u00a0L&rsquo;<a title=\"Les \u00e9volutions \u00e0 travers les conflits\" href=\"http:\/\/blogs.univ-jfc.fr\/projetcroixrouge\/le-cicr\/evolutions\/\" target=\"_blank\">AIPG<\/a> est utile pour le lien entre les prisonniers et leurs familles via colis et lettres, en contournant les obstacles entre les nations prenant part au conflit. L&rsquo;AIPG, \u00e0 ses d\u00e9buts, ne comporte que 10 membres pour un bureau dans le local du Comit\u00e9 International Ath\u00e9n\u00e9e \u00e0 Gen\u00e8ve. Le comit\u00e9 se souvient, dans rapport sur la p\u00e9riode\u00a0: \u00ab\u00a0<a href=\"https:\/\/www.icrc.org\/fre\/resources\/documents\/misc\/5qkl9w.htm\" target=\"_blank\">Ce furent les temps h\u00e9ro\u00efques de l&rsquo;agence. Personne ne pouvait pr\u00e9voir l&rsquo;importance mondiale que l\u2019\u0153uvre allait prendre. On ne savait m\u00eame pas quelle m\u00e9thode de travail pr\u00e9coniser. Tout \u00e9tait nouveau<\/a>\u00a0\u00bb.<a href=\"#sdfootnote1sym\" name=\"sdfootnote1anc\"><sup><br \/>\n<\/sup><\/a><\/span><\/span><\/p>\n<p lang=\"zxx\" align=\"justify\"><span style=\"color: #000000\"><span style=\"font-family: Arial, sans-serif\"><span>Le 7 septembre 1914, une premi\u00e8re liste de prisonniers arrive d&rsquo;Allemagne, et le bureau commence enfin son travail. \u00c0 peine un mois plus tard, l&rsquo;AIPG comprenait pr\u00e8s de 200 collaborateurs et membres, et \u00e0 la fin de l&rsquo;ann\u00e9e, 1\u00a0200. L&rsquo;organisme d\u00e9m\u00e9nage rapidement, passant d&rsquo;un simple bureau \u00e0 l&rsquo;occupation du Mus\u00e9e Rath, toujours \u00e0 Gen\u00e8ve, afin de disposer de l&rsquo;espace n\u00e9cessaire au traitement des milliers de lettres envoy\u00e9es des quatre coins de l&rsquo;Europe. Six mois apr\u00e8s le d\u00e9but des hostilit\u00e9s, le CICR se met \u00e0 organiser des visites de camps de prisonniers afin de tenter de d\u00e9samorcer une escalade des repr\u00e9sailles entre pays bellig\u00e9rants sur les prisonniers ennemis. Les nations en guerre accueillent ces visites sans probl\u00e8mes car elles leur permettent de mettre fin aux accusations port\u00e9es contre elles sur le traitement des prisonniers. Les visites se poursuivent tout au long de la guerre, amenant le CICR \u00e0 prendre en compte les demandes des prisonniers civils et militaires. En effet, plus la guerre avance et plus la qualit\u00e9 de vie au sein des camps se d\u00e9t\u00e9riore. Un manque de budget est avanc\u00e9 par les pays pour justifier l&rsquo;\u00e9tat des camps, ainsi que des contraintes telles que le blocus de l&rsquo;Allemagne, qui vint \u00e0 manquer de c\u00e9r\u00e9ales et donc de pain.<\/span><\/span><\/span><\/p>\n<p lang=\"zxx\" align=\"justify\"><span style=\"color: #000000\"><span style=\"font-family: Arial, sans-serif\"><span>Ce soutien aux prisonniers de guerre ne s&rsquo;arr\u00eata pas avec l&rsquo;armistice. Suite \u00e0 la victoire de la Triple Entente, le CICR intervient en faveur des prisonniers \u00ab\u00a0oubli\u00e9s\u00a0\u00bb, ceux qui sont dans les camps d&rsquo;Europe de l&rsquo;Est et Centrale, et ceux venant de ces \u00c9tats. Les dits pays \u00e9tant plong\u00e9s dans des r\u00e9volutions et des guerres civiles, ils ne peuvent se permettre de perdre du temps \u00e0 organiser le rapatriement de leurs prisonniers. C&rsquo;est donc la Croix-Rouge qui prendra en charge l&rsquo;organisation de ces rapatriements, en envoyant des d\u00e9l\u00e9gations dans tous les pays o\u00f9 il est n\u00e9cessaire d&rsquo;intervenir.<\/span><\/span><\/span><\/p>\n<p align=\"justify\"><strong><span style=\"color: #000000\"><span style=\"font-family: 'Helvetica Neue', Helvetica, Arial, sans-serif\"><span>Les limites de l&rsquo;action de la Croix-Rouge et les d\u00e9buts de sa mutation suite au premier grand conflit mondial<\/span><\/span><\/span><\/strong><\/p>\n<figure id=\"attachment_2702\" aria-describedby=\"caption-attachment-2702\" style=\"width: 250px\" class=\"wp-caption alignleft\"><a href=\"https:\/\/www.icrc.org\/fre\/who-we-are\/history\/first-world-war\/overview-first-world-war.htm\" target=\"_blank\"><img loading=\"lazy\" class=\" wp-image-2702  \" title=\"Bataille de l'Estaire : des soldats aveugl\u00e9s par les gaz attendent devant un poste de premier secours pr\u00e8s de B\u00e9thune, 10 avril 1918. \u00a9 Imperial War Museum London \/ hist-03088-25\" alt=\"ertyui\" src=\"http:\/\/blogs.univ-jfc.fr\/projetcroixrouge\/wp-content\/uploads\/sites\/40\/2015\/03\/ertyui-150x150.jpg\" width=\"250\" height=\"250\" \/><\/a><figcaption id=\"caption-attachment-2702\" class=\"wp-caption-text\">Soldats aveugl\u00e9s par les gaz<\/figcaption><\/figure>\n<p lang=\"zxx\" align=\"justify\"><span style=\"color: #000000\"> <span style=\"font-family: Arial, sans-serif\"><span><br \/>\nL&rsquo;une des autres grandes limites de la Croix-Rouge durant la guerre est son incapacit\u00e9 \u00e0 prot\u00e9ger ses membres. En effet, les brancardiers se faisaient souvent abattre malgr\u00e9 la convention de Gen\u00e8ve, et les bombardements et pilonnages d&rsquo;artillerie dits \u00ab\u00a0aveugles\u00a0\u00bb transform\u00e8rent certains h\u00f4pitaux en charnier. La Croix-Rouge tenta malgr\u00e9 tout une protection symbolique, en faisant porter \u00e0 ses membres sur le front des brassards portant le symbole m\u00eame de la Croix-Rouge, mais ce ne fut jamais suffisant. De plus, les b\u00e9n\u00e9voles de la Croix-Rouge, et de tous les services humanitaires en g\u00e9n\u00e9ral, d\u00e9tenus en tant que prisonniers de guerre se retrouvaient bloqu\u00e9s. Le CICR faisait alors pression sur les gouvernements pour obtenir leur lib\u00e9ration, conform\u00e9ment \u00e0 la convention de Gen\u00e8ve sign\u00e9e en 1906<a href=\"#sdfootnote2sym\" name=\"sdfootnote2anc\"><sup>2<\/sup><\/a>. Les pays finirent par c\u00e9der officiellement, mais les convois d&rsquo;anciens prisonniers furent r\u00e9guli\u00e8rement arr\u00eat\u00e9s.<\/span><\/span><\/span><\/p>\n<p lang=\"zxx\" align=\"justify\"><span style=\"color: #000000\"><span style=\"font-family: Arial, sans-serif\"><span>Ces limites, bien que nombreuses, n\u2019emp\u00each\u00e8rent pas la Croix-Rouge d&rsquo;avancer, et de tenter par tous les moyens possibles de secourir les hommes et les femmes que la Guerre. Un d\u00e9ploiement massif d&rsquo;\u00e9quipes m\u00e9dicales \u00e0 eu lieu sur tout les fronts, et la Croix-Rouge fut de plus en plus souvent amen\u00e9e \u00e0 s&rsquo;occuper de bless\u00e9s civils.<\/span><\/span><\/span><\/p>\n<div id=\"sdfootnote1\">\n<p lang=\"zxx\"><a href=\"#sdfootnote1anc\" name=\"sdfootnote1sym\"><\/a><\/p>\n<p><strong>L&rsquo;imm\u00e9diat apr\u00e8s-guerre et les nouvelles directives de la Croix-Rouge.<\/strong><\/p>\n<\/div>\n<p lang=\"zxx\" align=\"justify\"><span style=\"color: #000000\"><span style=\"font-family: Arial, sans-serif\"><span>\u00a0 \u00a0 \u00a0 \u00a0\u00c0 la fin de la guerre, la Croix-Rouge se retrouve \u00e0 devoir g\u00e9rer les milliers de prisonniers, de bless\u00e9s et de malades engendr\u00e9s par cette derni\u00e8re. D\u00e8s 1917, le CICR lance un appel aux gouvernements pour permettre le rapatriement des prisonniers de guerre, \u00e0 commencer par ceux ayant \u00e9t\u00e9 incarc\u00e9r\u00e9s le plus longtemps. Au sortir de la guerre, les \u00e9tats vainqueurs obtiennent dans les trait\u00e9s de paix le retour de leurs prisonniers, mais certains pays, notamment la Russie, sont en pleine r\u00e9volution et ne peuvent se pr\u00e9occuper des prisonniers pr\u00e9sents sur leur territoire, ni de ceux des leurs qui sont enferm\u00e9s dans les camps de l&rsquo;ancien ennemi. C&rsquo;est l\u00e0 que le CICR intervient, organisant d&rsquo;abord des trait\u00e9s bilat\u00e9raux entre les pays, puis en rapatriant par terre et mer les prisonniers. Leur plus gros travail consista \u00e0 ramener les quelques cinq-cent milles prisonniers russes vers leur patrie, et \u00e0 ramener les Allemands chez eux. D\u00e8s 1920, ils r\u00e9ussirent \u00e0 commencer le rapatriement, qui ne s&rsquo;acheva qu&rsquo;en 1922. La Croix-Rouge travailla \u00e0 cette occasion avec de nombreux pays, notamment d&rsquo;Europe centrale, ce qui lui permit de s&rsquo;installer parfois durablement dans ces pays.<\/span><\/span><\/span><\/p>\n<p lang=\"zxx\" align=\"justify\"><span style=\"color: #000000\"><span style=\"font-family: Arial, sans-serif\">En 1919-1920, la Croix-Rouge fait un constat alarmant\u00a0: la famine guette en Europe centrale et les maladies risquent de se r\u00e9pandre \u00e0 une vitesse fulgurante. Les d\u00e9l\u00e9gations du CICR, initialement envoy\u00e9es dans le but de rapatrier les prisonniers, prennent \u00e0 leur charge ces nouvelles menaces. Elles mettent en place, avec le \u00ab\u00a0save the children fund\u00a0\u00bb, l&rsquo;<a href=\"http:\/\/etat.geneve.ch\/dt\/archives\/union_internationale_secours_aux_enfants-66-2193-1069.html\" target=\"_blank\">Union Internationale de Secours aux Enfants<\/a>. La Croix-Rouge propose aussi, d\u00e8s 1919, la constitution d&rsquo;un bureau central de lutte contre les \u00e9pid\u00e9mies. Ce bureau sera cr\u00e9\u00e9 dans l&rsquo;\u00e9t\u00e9 suivant \u00e0 Vienne et plac\u00e9 sous la direction du Dr Ferri\u00e8re. L&rsquo;organisation s&rsquo;investit aussi dans le secours des r\u00e9fugi\u00e9s russes et arm\u00e9niens \u00e0 Constantinople et Ath\u00e8nes, en leur fournissant nourriture, m\u00e9dicaments et la possibilit\u00e9 d&rsquo;\u00e9migrer vers d&rsquo;autres pays.<\/span><\/span><\/p>\n<p lang=\"zxx\" align=\"justify\"><span style=\"color: #000000\"><span style=\"font-family: Arial, sans-serif\"><span>La Croix-Rouge n&rsquo;a malheureusement plus les fonds ni les hommes et femmes n\u00e9cessaires pour s&rsquo;occuper de toutes ces missions d&rsquo;apr\u00e8s guerre. En effet, lors de la Premi\u00e8re Guerre mondiale, une galaxie de petites organisations s&rsquo;\u00e9tait mise sous l&rsquo;\u00e9gide de la Croix-Rouge pour gagner en efficacit\u00e9, mais cette union a vol\u00e9 en \u00e9clat d\u00e8s l&rsquo;armistice. Le CICR se retrouve donc avec seulement quelques centaines de membres, ce qui l&rsquo;am\u00e8ne \u00e0 travailler en collaboration avec d&rsquo;autres organismes locaux, nationaux ou internationaux comme le Bureau International du Travail ou la Soci\u00e9t\u00e9 des Nations. C&rsquo;est au cours des ann\u00e9es 20 que le CICR se forme v\u00e9ritablement, avec une refonte de ses missions. Il ne se cantonnera plus aux missions d&rsquo;aides aux militaires.<\/span><\/span><\/span><\/p>\n<p lang=\"zxx\" align=\"justify\"><span style=\"color: #000000\"><span style=\"font-family: Arial, sans-serif\"><span>Dans cette p\u00e9riode troubl\u00e9e d&rsquo;apr\u00e8s guerre, le CICR intervient sur de nombreux tableaux, notamment aupr\u00e8s des populations civiles, qui jusqu&rsquo;\u00e0 pr\u00e9sent n&rsquo;\u00e9taient pas ou peu prises en compte. La Croix-Rouge interviendra ainsi au cours de conflits internes \u00e0 des nations, en Russie, en Ukraine, en Sil\u00e9sie etc. Ces changements dans l&rsquo;attitude de la Croix-Rouge dur\u00e8rent longtemps, et sont encore d&rsquo;actualit\u00e9. D&rsquo;une petite organisation d&rsquo;aide aux bless\u00e9s militaires, la Croix-Rouge devient une puissance internationale pour le respect des droits des militaires, pour l&rsquo;aide aux bless\u00e9s de toutes les nationalit\u00e9s, et devient un symbole du service humanitaire de part le monde \u00e0 la suite de la Premi\u00e8re Guerre mondiale et de ses actions d&rsquo;imm\u00e9diat apr\u00e8s-guerre.<\/span><\/span><\/span><\/p>\n<p><span style=\"color: #ffffff\">h<\/span><\/p>\n<div id=\"sdfootnote1\">\n<p lang=\"zxx\"><a title=\"Bibliographie\" href=\"http:\/\/blogs.univ-jfc.fr\/projetcroixrouge\/bibliographie-2\/\" target=\"_blank\">\u00a0En savoir plus &#8230;<\/a><\/p>\n<\/div>\n","protected":false},"excerpt":{"rendered":"<p>La gestion des prisonniers militaires par la Croix-Rouge durant la guerre. \u00a0 \u00a0 \u00a0 \u00a0L&rsquo;AIPG est utile pour le lien entre les prisonniers et leurs familles via colis et lettres, en contournant les obstacles entre les nations prenant part au conflit. L&rsquo;AIPG, \u00e0 ses d\u00e9buts, ne comporte que 10 membres pour un bureau dans le &hellip; <a href=\"https:\/\/blogs.univ-jfc.fr\/projetcroixrouge\/la-croix-rouge-dans-les-guerres-mondiales\/la-croix-rouge-sur-le-front-1914-1918\/les-mutations-de-la-croix-rouge-et-son-avenir-apres-la-grande-guerre\/\" class=\"more-link\">Continuer la lecture de <span class=\"screen-reader-text\">Les mutations de la Croix-Rouge et son avenir apr\u00e8s la Grande Guerre<\/span> <span class=\"meta-nav\">&rarr;<\/span><\/a><\/p>\n","protected":false},"author":127,"featured_media":0,"parent":84,"menu_order":3,"comment_status":"closed","ping_status":"open","template":"","meta":[],"_links":{"self":[{"href":"https:\/\/blogs.univ-jfc.fr\/projetcroixrouge\/wp-json\/wp\/v2\/pages\/1895"}],"collection":[{"href":"https:\/\/blogs.univ-jfc.fr\/projetcroixrouge\/wp-json\/wp\/v2\/pages"}],"about":[{"href":"https:\/\/blogs.univ-jfc.fr\/projetcroixrouge\/wp-json\/wp\/v2\/types\/page"}],"author":[{"embeddable":true,"href":"https:\/\/blogs.univ-jfc.fr\/projetcroixrouge\/wp-json\/wp\/v2\/users\/127"}],"replies":[{"embeddable":true,"href":"https:\/\/blogs.univ-jfc.fr\/projetcroixrouge\/wp-json\/wp\/v2\/comments?post=1895"}],"version-history":[{"count":12,"href":"https:\/\/blogs.univ-jfc.fr\/projetcroixrouge\/wp-json\/wp\/v2\/pages\/1895\/revisions"}],"predecessor-version":[{"id":3866,"href":"https:\/\/blogs.univ-jfc.fr\/projetcroixrouge\/wp-json\/wp\/v2\/pages\/1895\/revisions\/3866"}],"up":[{"embeddable":true,"href":"https:\/\/blogs.univ-jfc.fr\/projetcroixrouge\/wp-json\/wp\/v2\/pages\/84"}],"wp:attachment":[{"href":"https:\/\/blogs.univ-jfc.fr\/projetcroixrouge\/wp-json\/wp\/v2\/media?parent=1895"}],"curies":[{"name":"wp","href":"https:\/\/api.w.org\/{rel}","templated":true}]}}