{"id":1991,"date":"2015-03-16T21:56:18","date_gmt":"2015-03-16T20:56:18","guid":{"rendered":"http:\/\/blogs.univ-jfc.fr\/projetcroixrouge\/?page_id=1991"},"modified":"2015-04-01T18:56:21","modified_gmt":"2015-04-01T17:56:21","slug":"lucette-guillemart","status":"publish","type":"page","link":"https:\/\/blogs.univ-jfc.fr\/projetcroixrouge\/lucette-guillemart\/","title":{"rendered":"Lucette Guillemart"},"content":{"rendered":"<dl class=\"wp-caption aligncenter\" id=\"attachment_2006\" style=\"width: 310px\">\n<dt class=\"wp-caption-dt\"><\/dt>\n<\/dl>\n<p style=\"text-align: justify;padding-left: 30px\"><a href=\"http:\/\/blogs.univ-jfc.fr\/projetcroixrouge\/wp-content\/uploads\/sites\/40\/2015\/03\/Sans-titre.png\"><img loading=\"lazy\" class=\"size-medium wp-image-2200 alignleft\" alt=\"Sans titre\" src=\"http:\/\/blogs.univ-jfc.fr\/projetcroixrouge\/wp-content\/uploads\/sites\/40\/2015\/03\/Sans-titre-139x300.png\" width=\"139\" height=\"300\" \/><\/a>Lucette Guillemart s&rsquo;engage comme infirmi\u00e8re au Comit\u00e9 de la Croix-Rouge de Castres d\u00e8s 1943 sous l&rsquo;Occupation. Elle est d\u00e9cor\u00e9e de la m\u00e9daille de Bronze et de la m\u00e9daille Vermeille par la Croix Rouge pour ses actions et pour son anciennet\u00e9. Elle se pr\u00e9sente alors \u00e0 Mme Daveau, pr\u00e9sidente du comit\u00e9 d\u00e9partemental de la Croix-Rouge du Tarn \u00e0 ce moment l\u00e0. Depuis, elle n&rsquo;a jamais quitt\u00e9 la Croix-Rouge.<\/p>\n<p style=\"text-align: justify\">En effet, Madame Guillemart participe au mouvement d&rsquo;aide aux r\u00e9fugi\u00e9s et personnes d\u00e9port\u00e9es mis en place par la UNRRA (United Nations Relief and Rehabilitation Administration), sous direction am\u00e9ricaine, notamment aux personnes d\u00e9port\u00e9es en camp \u00e0 Munich. Puis, elle participe \u00e0 l&rsquo;envoi de colis en Indochine et en Alg\u00e9rie, elle enseigne le secourisme, elle travaille aux services m\u00e9dico-sociaux dans les entreprises lanc\u00e9s par la Croix-Rouge, rue des Porches \u00e0 Castres, avec la pr\u00e9sidente du comit\u00e9 de l&rsquo;\u00e9poque, Mme Boyer. De plus, Mme Daveau la fait \u00e9lire au conseil d\u00e9partemental, et lors d&rsquo;une Assembl\u00e9e G\u00e9n\u00e9rale de la Croix-Rouge \u00e0 Paris, Mme Guillemart propose le projet d&rsquo;animation en milieu hospitalier et en maison de retraite. Ce projet a donc d\u00e9marr\u00e9 \u00e0 Castres avec l&rsquo;aide du Docteur Martel, directeur de l&rsquo;h\u00f4pital de Castres. Ce projet d&rsquo;animation d\u00e9bute avec les visites et la mise \u00e0 disposition en 1970 de biblioth\u00e8ques pour les patients des h\u00f4pitaux, puis on commence \u00e0 f\u00eater les grands anniversaires des personnes hospitalis\u00e9es ce qui a entra\u00eene la cr\u00e9ation d&rsquo;un lien social en milieu hospitalier. Ainsi, Madame Guillemart a aid\u00e9 \u00e0 la mise en place de cours de gym, de chant et d&rsquo;autres activit\u00e9s mensuelles dans les h\u00f4pitaux et a form\u00e9 le premier animateur salari\u00e9 de la Croix-Rouge : M. Boulanger. Pour cela elle a re\u00e7u les remerciements de la Croix-Rouge. Elle a aussi particip\u00e9 au 60<sup>\u00e8me<\/sup> anniversaire de la Bataille de Verdun en tant que repr\u00e9sentante des services sanitaires et sociaux de la Croix-Rouge. Lors de cet \u00e9v\u00e9nement, un train d&rsquo;anciens combattants, accompagn\u00e9 par les pompiers est envoy\u00e9 sur le lieu de la bataille de Verdun dans les m\u00eames conditions qu&rsquo;en 1914. Mme Guillemart est donc partie accompagner ce train \u00e0 l&rsquo;int\u00e9rieur duquel on donnait au passager tout ce qui \u00e9tait fourni aux anciens combattants lorsqu&rsquo;ils partaient au front lors de la Premi\u00e8re Guerre Mondiale. Ils furent accueillis \u00e0 Verdun par le pr\u00e9sident Val\u00e9ry Giscard d&rsquo;Estaing. De cette mani\u00e8re, Mme Guillemart fait partie des infirmi\u00e8res d\u00e9vou\u00e9es qui ont marqu\u00e9 et qui ont fait \u00e9voluer l&rsquo;Histoire de la Croix-Rouge Tarnaise et Nationale.<\/p>\n<p style=\"text-align: justify\">\n","protected":false},"excerpt":{"rendered":"<p>Lucette Guillemart s&rsquo;engage comme infirmi\u00e8re au Comit\u00e9 de la Croix-Rouge de Castres d\u00e8s 1943 sous l&rsquo;Occupation. Elle est d\u00e9cor\u00e9e de la m\u00e9daille de Bronze et de la m\u00e9daille Vermeille par la Croix Rouge pour ses actions et pour son anciennet\u00e9. Elle se pr\u00e9sente alors \u00e0 Mme Daveau, pr\u00e9sidente du comit\u00e9 d\u00e9partemental de la Croix-Rouge du &hellip; <a href=\"https:\/\/blogs.univ-jfc.fr\/projetcroixrouge\/lucette-guillemart\/\" class=\"more-link\">Continuer la lecture de <span class=\"screen-reader-text\">Lucette Guillemart<\/span> <span class=\"meta-nav\">&rarr;<\/span><\/a><\/p>\n","protected":false},"author":56,"featured_media":0,"parent":0,"menu_order":3,"comment_status":"closed","ping_status":"open","template":"","meta":[],"_links":{"self":[{"href":"https:\/\/blogs.univ-jfc.fr\/projetcroixrouge\/wp-json\/wp\/v2\/pages\/1991"}],"collection":[{"href":"https:\/\/blogs.univ-jfc.fr\/projetcroixrouge\/wp-json\/wp\/v2\/pages"}],"about":[{"href":"https:\/\/blogs.univ-jfc.fr\/projetcroixrouge\/wp-json\/wp\/v2\/types\/page"}],"author":[{"embeddable":true,"href":"https:\/\/blogs.univ-jfc.fr\/projetcroixrouge\/wp-json\/wp\/v2\/users\/56"}],"replies":[{"embeddable":true,"href":"https:\/\/blogs.univ-jfc.fr\/projetcroixrouge\/wp-json\/wp\/v2\/comments?post=1991"}],"version-history":[{"count":10,"href":"https:\/\/blogs.univ-jfc.fr\/projetcroixrouge\/wp-json\/wp\/v2\/pages\/1991\/revisions"}],"predecessor-version":[{"id":3651,"href":"https:\/\/blogs.univ-jfc.fr\/projetcroixrouge\/wp-json\/wp\/v2\/pages\/1991\/revisions\/3651"}],"wp:attachment":[{"href":"https:\/\/blogs.univ-jfc.fr\/projetcroixrouge\/wp-json\/wp\/v2\/media?parent=1991"}],"curies":[{"name":"wp","href":"https:\/\/api.w.org\/{rel}","templated":true}]}}