{"id":1996,"date":"2015-03-16T22:00:26","date_gmt":"2015-03-16T21:00:26","guid":{"rendered":"http:\/\/blogs.univ-jfc.fr\/projetcroixrouge\/?page_id=1996"},"modified":"2015-04-01T18:55:32","modified_gmt":"2015-04-01T17:55:32","slug":"juliette-dallot-2","status":"publish","type":"page","link":"https:\/\/blogs.univ-jfc.fr\/projetcroixrouge\/juliette-dallot-2\/","title":{"rendered":"Juliette Dallot"},"content":{"rendered":"<p style=\"text-align: justify\"><a href=\"http:\/\/blogs.univ-jfc.fr\/projetcroixrouge\/wp-content\/uploads\/sites\/40\/2015\/03\/IMG_1350.jpg\"><img loading=\"lazy\" class=\"size-medium wp-image-2005 alignright\" alt=\"IMG_1350\" src=\"http:\/\/blogs.univ-jfc.fr\/projetcroixrouge\/wp-content\/uploads\/sites\/40\/2015\/03\/IMG_1350-178x300.jpg\" width=\"178\" height=\"300\" srcset=\"https:\/\/blogs.univ-jfc.fr\/projetcroixrouge\/wp-content\/uploads\/sites\/40\/2015\/03\/IMG_1350-178x300.jpg 178w, https:\/\/blogs.univ-jfc.fr\/projetcroixrouge\/wp-content\/uploads\/sites\/40\/2015\/03\/IMG_1350.jpg 597w\" sizes=\"(max-width: 178px) 100vw, 178px\" \/><\/a>Juliette Dallot, ancienne infirmi\u00e8re dipl\u00f4m\u00e9e d&rsquo;Etat s\u2019engage dans la Croix-Rouge en 1940, parce que pour elle, la Croix-Rouge est quelque chose d&rsquo;universel, utile et unique. Elle y reste pendant 65 ans.<\/p>\n<p style=\"text-align: justify\">Elle fait partie des infirmi\u00e8res les plus d\u00e9vou\u00e9es de la Croix-Rouge. En effet, elle fait partie du conseil d\u00e9partemental pr\u00e9sid\u00e9 \u00e0 l&rsquo;\u00e9poque par Madame Sauni\u00e8res : elle fait rentrer la Croix-Rouge \u00e0 l&rsquo;\u00e9ducation nationale pour la premi\u00e8re fois et va donner des cours de secourisme dans les \u00e9coles, coll\u00e8ges et lyc\u00e9es de tout le d\u00e9partement jusqu&rsquo;\u00e0 Saint-Ju\u00e9ry. Elle a aussi \u00e9t\u00e9 directrice d&rsquo;un d\u00e9p\u00f4t du comit\u00e9 de la Croix-Rouge de Castres nomm\u00e9 par Paris pour aider la Croix-Rouge fran\u00e7aise dans les p\u00e9riodes de conflits. De plus, elle pr\u00eate sa voiture comme ambulance \u00e0 la Croix-Rouge parce qu&rsquo;\u00e0 l&rsquo;\u00e9poque, la Croix-Rouge \u00e9tait auxiliaire des pouvoirs publics, mais cela demandait des moyens et aujourd&rsquo;hui ce sont les pompiers qui occupent ce r\u00f4le. D&rsquo;autre part, elle forme et fait passer des examens pour les auxiliaires et les infirmi\u00e8res. Puis elle participe \u00e0 l&rsquo;envoi de colis en Inde et en Indochine pendant la guerre de d\u00e9colonisation (1946-1954) aux c\u00f4t\u00e9s du comit\u00e9 de la Croix-Rouge de Castres. N\u00e9anmoins, au fil de ses ann\u00e9es pass\u00e9es \u00e0 la Croix-Rouge elle constate une baisse des engagements \u00e0 la Croix- Rouge qui selon elle serait due au fait que les gens sont de moins en moins d\u00e9vou\u00e9s et solidaires.<\/p>\n<p style=\"text-align: justify\">Ainsi, pour ses actions\u00a0<span style=\"line-height: 1.5\">et son anciennet\u00e9 au sein de la Croix-Rouge Madame Dallot a \u00e9t\u00e9 d\u00e9cor\u00e9e de la Croix de Vermeille : \u00ab\u00a0On a toujours une part de Croix-Rouge en nous\u00a0\u00bb dit-elle avec \u00e9motion.<\/span><\/p>\n<figure id=\"attachment_2135\" aria-describedby=\"caption-attachment-2135\" style=\"width: 225px\" class=\"wp-caption aligncenter\"><img loading=\"lazy\" class=\"size-medium wp-image-2135 \" style=\"line-height: 1.5\" alt=\"Broche\" src=\"http:\/\/blogs.univ-jfc.fr\/projetcroixrouge\/wp-content\/uploads\/sites\/40\/2015\/03\/Broche--225x300.jpg\" width=\"225\" height=\"300\" srcset=\"https:\/\/blogs.univ-jfc.fr\/projetcroixrouge\/wp-content\/uploads\/sites\/40\/2015\/03\/Broche--225x300.jpg 225w, https:\/\/blogs.univ-jfc.fr\/projetcroixrouge\/wp-content\/uploads\/sites\/40\/2015\/03\/Broche--768x1024.jpg 768w\" sizes=\"(max-width: 225px) 100vw, 225px\" \/><figcaption id=\"caption-attachment-2135\" class=\"wp-caption-text\">Broche et \u00e9cusson de veste appartenant \u00e0 la tenue d&rsquo;infirmi\u00e8re de Mme Dallot<\/figcaption><\/figure>\n","protected":false},"excerpt":{"rendered":"<p>Juliette Dallot, ancienne infirmi\u00e8re dipl\u00f4m\u00e9e d&rsquo;Etat s\u2019engage dans la Croix-Rouge en 1940, parce que pour elle, la Croix-Rouge est quelque chose d&rsquo;universel, utile et unique. Elle y reste pendant 65 ans. Elle fait partie des infirmi\u00e8res les plus d\u00e9vou\u00e9es de la Croix-Rouge. En effet, elle fait partie du conseil d\u00e9partemental pr\u00e9sid\u00e9 \u00e0 l&rsquo;\u00e9poque par Madame &hellip; <a href=\"https:\/\/blogs.univ-jfc.fr\/projetcroixrouge\/juliette-dallot-2\/\" class=\"more-link\">Continuer la lecture de <span class=\"screen-reader-text\">Juliette Dallot<\/span> <span class=\"meta-nav\">&rarr;<\/span><\/a><\/p>\n","protected":false},"author":56,"featured_media":0,"parent":0,"menu_order":3,"comment_status":"closed","ping_status":"open","template":"","meta":[],"_links":{"self":[{"href":"https:\/\/blogs.univ-jfc.fr\/projetcroixrouge\/wp-json\/wp\/v2\/pages\/1996"}],"collection":[{"href":"https:\/\/blogs.univ-jfc.fr\/projetcroixrouge\/wp-json\/wp\/v2\/pages"}],"about":[{"href":"https:\/\/blogs.univ-jfc.fr\/projetcroixrouge\/wp-json\/wp\/v2\/types\/page"}],"author":[{"embeddable":true,"href":"https:\/\/blogs.univ-jfc.fr\/projetcroixrouge\/wp-json\/wp\/v2\/users\/56"}],"replies":[{"embeddable":true,"href":"https:\/\/blogs.univ-jfc.fr\/projetcroixrouge\/wp-json\/wp\/v2\/comments?post=1996"}],"version-history":[{"count":8,"href":"https:\/\/blogs.univ-jfc.fr\/projetcroixrouge\/wp-json\/wp\/v2\/pages\/1996\/revisions"}],"predecessor-version":[{"id":3650,"href":"https:\/\/blogs.univ-jfc.fr\/projetcroixrouge\/wp-json\/wp\/v2\/pages\/1996\/revisions\/3650"}],"wp:attachment":[{"href":"https:\/\/blogs.univ-jfc.fr\/projetcroixrouge\/wp-json\/wp\/v2\/media?parent=1996"}],"curies":[{"name":"wp","href":"https:\/\/api.w.org\/{rel}","templated":true}]}}