{"id":2076,"date":"2015-03-19T09:59:20","date_gmt":"2015-03-19T08:59:20","guid":{"rendered":"http:\/\/blogs.univ-jfc.fr\/projetcroixrouge\/?page_id=2076"},"modified":"2015-04-02T09:01:42","modified_gmt":"2015-04-02T08:01:42","slug":"344-benevoles-tarnais-aujourdhui-annexes-chiffrees","status":"publish","type":"page","link":"https:\/\/blogs.univ-jfc.fr\/projetcroixrouge\/la-croix-rouge-tarnaise-des-hommes-et-des-femmes\/les-benevoles-de-la-croix-rouge-tarnaise-2\/344-benevoles-tarnais-aujourdhui-annexes-chiffrees\/","title":{"rendered":"344 b\u00e9n\u00e9voles tarnais aujourd&rsquo;hui : annexes chiffr\u00e9es"},"content":{"rendered":"<p align=\"JUSTIFY\"><span style=\"font-family: Arial,sans-serif\">Dans le Tarn, on trouve la D\u00e9l\u00e9gation D\u00e9partementale du Tarn et six unit\u00e9s : l&rsquo;Unit\u00e9 d&rsquo;Albi, l&rsquo;Unit\u00e9 de Castres-Mazamet, l&rsquo;Unit\u00e9 de Lavaur, l&rsquo;Unit\u00e9 de R\u00e9almont, l&rsquo;Unit\u00e9 de Graulhet et l&rsquo;Unit\u00e9 de Gaillac. Des hommes, des femmes de tout \u00e2ges sont b\u00e9n\u00e9voles.<\/span><\/p>\n<h2 align=\"JUSTIFY\"><span style=\"font-size: medium\">Un profil-type\u00a0du b\u00e9n\u00e9vole\u00a0: une femme n\u00e9e entre 1940 et 1959 travaillant \u00e0 l&rsquo;Unit\u00e9 d&rsquo;Albi.<\/span><\/h2>\n<p><a href=\"http:\/\/blogs.univ-jfc.fr\/projetcroixrouge\/wp-content\/uploads\/sites\/40\/2015\/03\/Effectifs-des-b\u00e9n\u00e9voles-selon-le-sexe-2.jpg\"><img loading=\"lazy\" alt=\"Effectifs des b\u00e9n\u00e9voles selon le sexe 2\" src=\"http:\/\/blogs.univ-jfc.fr\/projetcroixrouge\/wp-content\/uploads\/sites\/40\/2015\/03\/Effectifs-des-b\u00e9n\u00e9voles-selon-le-sexe-2-300x229.jpg\" width=\"300\" height=\"229\" \/><\/a><a href=\"http:\/\/blogs.univ-jfc.fr\/projetcroixrouge\/wp-content\/uploads\/sites\/40\/2015\/03\/Effectifs-des-b\u00e9n\u00e9voles-du-Tarn-par-leur-ann\u00e9e-denaissance-selon-le-sexe.jpg\"><img loading=\"lazy\" alt=\"Effectifs des b\u00e9n\u00e9voles du Tarn par leur ann\u00e9e denaissance selon le sexe\" src=\"http:\/\/blogs.univ-jfc.fr\/projetcroixrouge\/wp-content\/uploads\/sites\/40\/2015\/03\/Effectifs-des-b\u00e9n\u00e9voles-du-Tarn-par-leur-ann\u00e9e-denaissance-selon-le-sexe-300x168.jpg\" width=\"300\" height=\"168\" \/><\/a><\/p>\n<p align=\"JUSTIFY\"><a href=\"http:\/\/blogs.univ-jfc.fr\/projetcroixrouge\/wp-content\/uploads\/sites\/40\/2015\/03\/Effectifs-de-b\u00e9n\u00e9voles-par-unit\u00e9.jpg\"><img loading=\"lazy\" alt=\"Effectifs de b\u00e9n\u00e9voles par unit\u00e9\" src=\"http:\/\/blogs.univ-jfc.fr\/projetcroixrouge\/wp-content\/uploads\/sites\/40\/2015\/03\/Effectifs-de-b\u00e9n\u00e9voles-par-unit\u00e9-300x183.jpg\" width=\"300\" height=\"183\" \/><\/a><a href=\"http:\/\/blogs.univ-jfc.fr\/projetcroixrouge\/wp-content\/uploads\/sites\/40\/2015\/03\/Nombre-de-b\u00e9n\u00e9vles-dans-chaque-unit\u00e9-selon-le-sexe.jpg\"><img loading=\"lazy\" alt=\"Nombre de b\u00e9n\u00e9vles dans chaque unit\u00e9 selon le sexe\" src=\"http:\/\/blogs.univ-jfc.fr\/projetcroixrouge\/wp-content\/uploads\/sites\/40\/2015\/03\/Nombre-de-b\u00e9n\u00e9vles-dans-chaque-unit\u00e9-selon-le-sexe-300x191.jpg\" width=\"300\" height=\"191\" \/><\/a><\/p>\n<p align=\"JUSTIFY\"><span style=\"font-family: Arial,sans-serif\">344 b\u00e9n\u00e9voles sont pr\u00e9sents \u00e0 la Croix-Rouge Tarnaise, 343 sont actifs. Les b\u00e9n\u00e9voles sont majoritairement des femmes avec 228 femmes pour 115 hommes. <\/span><\/p>\n<p align=\"JUSTIFY\"><span style=\"font-family: Arial,sans-serif\">Par ailleurs, l&rsquo;Unit\u00e9 locale d&rsquo;Albi, l&rsquo;Unit\u00e9 locale de Castres-Mazamet et Lavaur comptent 275 b\u00e9n\u00e9voles sur les 344 b\u00e9n\u00e9voles actifs. En effet, l&rsquo;Unit\u00e9 locale d&rsquo;Albi compte 139 b\u00e9n\u00e9voles, plus pr\u00e9cis\u00e9ment 92 femmes et 47 hommes sont b\u00e9n\u00e9voles. C&rsquo;est l&rsquo;unit\u00e9 qui compte la majorit\u00e9 de b\u00e9n\u00e9voles. L&rsquo;Unit\u00e9 locale de Castres-Mazamet comprend 77 b\u00e9n\u00e9voles, plus pr\u00e9cis\u00e9ment 55 femmes contre 22 hommes. On peut constater qu&rsquo;il existe un grand \u00e9cart entre le nombre d&rsquo;hommes et de femmes dans ces unit\u00e9s. L&rsquo;Unit\u00e9 locale de Lavaur quant \u00e0 elle compte 59 b\u00e9n\u00e9voles. On peut donc en conclure que ces trois unit\u00e9s concentrent la majeure partie des b\u00e9n\u00e9voles actifs de la Croix-Rouge tarnaise.<\/span><\/p>\n<p align=\"JUSTIFY\"><span style=\"font-family: Arial,sans-serif\">La majorit\u00e9s des b\u00e9n\u00e9voles sont n\u00e9s entre 1940 et 1959, 96 femmes et 41 hommes, ce qui repr\u00e9sente 137 b\u00e9n\u00e9voles actifs sur les 343 b\u00e9n\u00e9voles actifs. On peut dire ainsi qu&rsquo;ils repr\u00e9sentent plus d&rsquo;un tiers des b\u00e9n\u00e9voles. Sur ces 137 b\u00e9n\u00e9voles, 51 travaillent \u00e0 l&rsquo;Unit\u00e9 locale d&rsquo;Albi, ce qui est consid\u00e9rable. Par ailleurs, il existe une grande diff\u00e9rence entre le nombre d&rsquo;hommes et de femmes n\u00e9s entre 1926-1939 et 1940-1959. En effet, entre 1926 et 1939, sur les 60 b\u00e9n\u00e9voles, 49 sont des femmes et 11 sont des hommes. De m\u00eame, sur les b\u00e9n\u00e9voles n\u00e9s entre 1940-1959, 96 sont des femmes et 41 sont des hommes. Les b\u00e9n\u00e9voles sont nombreux \u00e0 \u00eatre ensuite n\u00e9s entre 1960 et 1979 avec un total de 79 b\u00e9n\u00e9voles. La g\u00e9n\u00e9ration 1980-1999 est surtout b\u00e9n\u00e9vole dans les grandes unit\u00e9s\u00a0: Unit\u00e9 locale d&rsquo;Albi et de Castres-Mazamet avec 33 \u00e0 Albi et 18 b\u00e9n\u00e9voles \u00e0 Castres-Mazamet.<\/span><\/p>\n<p align=\"JUSTIFY\"><span style=\"font-family: Arial,sans-serif\">Les b\u00e9n\u00e9voles n&rsquo;effectuent pas toujours une activit\u00e9 dans leur unit\u00e9 d&rsquo;origine. Ils peuvent l&rsquo;effectuer dans une autre unit\u00e9. \u00c0 la D\u00e9l\u00e9gation D\u00e9partementale du Tarn situ\u00e9e \u00e0 R\u00e9almont, deux b\u00e9n\u00e9voles sont de Albi, trois personnes sont de Castres-Mazamet, deux sont de Lavaur.\u00a0\u00c0 l&rsquo;exception de ce nombre important de b\u00e9n\u00e9vole travaillant \u00e0 la D\u00e9l\u00e9gation D\u00e9partementale du Tarn, peu de b\u00e9n\u00e9voles travaillent dans une autre unit\u00e9 que celle \u00e0 proximit\u00e9 de leur domicile. Par exemple, \u00e0 Albi, parmi les 139 b\u00e9n\u00e9voles qui travaillent \u00e0 l&rsquo;unit\u00e9 d&rsquo;Albi, une personne est de R\u00e9almont.<\/span><\/p>\n<h2 align=\"JUSTIFY\"><span style=\"font-family: Arial,sans-serif\"><span style=\"font-size: medium\">Quatre missions, une activit\u00e9 majeure\u00a0: \u00ab\u00a0Actions sociales\u00a0\u00bb.<\/span><\/span><\/h2>\n<p align=\"JUSTIFY\"><span style=\"font-family: Arial,sans-serif\"><span style=\"font-size: medium\">\u00c0 la Croix-Rouge fran\u00e7aise, quatre activit\u00e9s existent\u00a0: \u00ab\u00a0Actions sociales\u00a0\u00bb, \u00ab\u00a0Elus\u00a0\u00bb, \u00ab\u00a0Soutien aux activit\u00e9s\u00a0\u00bb et \u00ab\u00a0Urgence et Secourisme\u00a0\u00bb. Tout d&rsquo;abord, les diff\u00e9rentes activit\u00e9s seront d\u00e9crites avant de voir les activit\u00e9s pr\u00e9sentes au sein de la Croix-Rouge Tarnaise.<\/span><\/span><\/p>\n<p align=\"JUSTIFY\"><a href=\"http:\/\/blogs.univ-jfc.fr\/projetcroixrouge\/wp-content\/uploads\/sites\/40\/2015\/03\/Effectifs-de-b\u00e9n\u00e9voles-par-activit\u00e9s-selon-le-sexe_2.jpg\"><img loading=\"lazy\" alt=\"Effectifs de b\u00e9n\u00e9voles par activit\u00e9s selon le sexe_2\" src=\"http:\/\/blogs.univ-jfc.fr\/projetcroixrouge\/wp-content\/uploads\/sites\/40\/2015\/03\/Effectifs-de-b\u00e9n\u00e9voles-par-activit\u00e9s-selon-le-sexe_2-300x190.jpg\" width=\"300\" height=\"190\" \/><\/a><a href=\"http:\/\/blogs.univ-jfc.fr\/projetcroixrouge\/wp-content\/uploads\/sites\/40\/2015\/03\/Effectifs-des-b\u00e9n\u00e9voles-par-activit\u00e9s_2.jpg\"><img loading=\"lazy\" class=\"alignnone size-medium wp-image-2862\" alt=\"Effectifs des b\u00e9n\u00e9voles par activit\u00e9s_2\" src=\"http:\/\/blogs.univ-jfc.fr\/projetcroixrouge\/wp-content\/uploads\/sites\/40\/2015\/03\/Effectifs-des-b\u00e9n\u00e9voles-par-activit\u00e9s_2-300x159.jpg\" width=\"300\" height=\"159\" srcset=\"https:\/\/blogs.univ-jfc.fr\/projetcroixrouge\/wp-content\/uploads\/sites\/40\/2015\/03\/Effectifs-des-b\u00e9n\u00e9voles-par-activit\u00e9s_2-300x159.jpg 300w, https:\/\/blogs.univ-jfc.fr\/projetcroixrouge\/wp-content\/uploads\/sites\/40\/2015\/03\/Effectifs-des-b\u00e9n\u00e9voles-par-activit\u00e9s_2.jpg 550w\" sizes=\"(max-width: 300px) 100vw, 300px\" \/><\/a><\/p>\n<p align=\"JUSTIFY\"><a href=\"http:\/\/blogs.univ-jfc.fr\/projetcroixrouge\/wp-content\/uploads\/sites\/40\/2015\/03\/Nombre-de-b\u00e9n\u00e9voles-effectuant-chaque-activit\u00e9-selon-le-lieu-o\u00f9-ils-exercent-une-activit\u00e9.jpg\"><img loading=\"lazy\" alt=\"Nombre de b\u00e9n\u00e9voles effectuant chaque activit\u00e9 selon le lieu o\u00f9 ils exercent une activit\u00e9\" src=\"http:\/\/blogs.univ-jfc.fr\/projetcroixrouge\/wp-content\/uploads\/sites\/40\/2015\/03\/Nombre-de-b\u00e9n\u00e9voles-effectuant-chaque-activit\u00e9-selon-le-lieu-o\u00f9-ils-exercent-une-activit\u00e9-300x156.jpg\" width=\"300\" height=\"156\" \/><\/a><a href=\"http:\/\/blogs.univ-jfc.fr\/projetcroixrouge\/wp-content\/uploads\/sites\/40\/2015\/03\/Effectifs-de-b\u00e9n\u00e9voles-pour-chaque-activit\u00e9-selon-leur-ann\u00e9e-de-naissance_copy.jpg\"><img loading=\"lazy\" alt=\"Effectifs de b\u00e9n\u00e9voles pour chaque activit\u00e9 selon leur ann\u00e9e de naissance_copy\" src=\"http:\/\/blogs.univ-jfc.fr\/projetcroixrouge\/wp-content\/uploads\/sites\/40\/2015\/03\/Effectifs-de-b\u00e9n\u00e9voles-pour-chaque-activit\u00e9-selon-leur-ann\u00e9e-de-naissance_copy-300x159.jpg\" width=\"300\" height=\"159\" \/><\/a><\/p>\n<p align=\"JUSTIFY\"><a href=\"http:\/\/blogs.univ-jfc.fr\/projetcroixrouge\/wp-content\/uploads\/sites\/40\/2015\/03\/Effectifs-des-b\u00e9n\u00e9voles-dans-chaque-unit\u00e9-o\u00f9-ils-exercent-une-activit\u00e9-par-rapport-\u00e0-leur-unit\u00e9-dorigine.jpg\"><img loading=\"lazy\" alt=\"Effectifs des b\u00e9n\u00e9voles dans chaque unit\u00e9 o\u00f9 ils exercent une activit\u00e9 par rapport \u00e0 leur unit\u00e9 d'origine\" src=\"http:\/\/blogs.univ-jfc.fr\/projetcroixrouge\/wp-content\/uploads\/sites\/40\/2015\/03\/Effectifs-des-b\u00e9n\u00e9voles-dans-chaque-unit\u00e9-o\u00f9-ils-exercent-une-activit\u00e9-par-rapport-\u00e0-leur-unit\u00e9-dorigine-300x128.jpg\" width=\"300\" height=\"128\" \/><\/a><\/p>\n<p align=\"JUSTIFY\"><span style=\"font-family: Arial,sans-serif\"><span style=\"font-size: medium\">Les femmes travaillent majoritairement dans l&rsquo;activit\u00e9 \u00ab\u00a0Actions sociales\u00a0\u00bb, elles sont au nombre de 164. Elles travaillent ensuite principalement dans l&rsquo;activit\u00e9 \u00ab\u00a0Soutien aux activit\u00e9s\u00a0\u00bb, elles sont 35. Quant aux hommes, ils travaillent principalement dans l&rsquo;activit\u00e9 \u00ab\u00a0Actions sociales\u00a0\u00bb, ils sont au nombre de 62. Ils travaillent ensuite dans l&rsquo;activit\u00e9 \u00ab\u00a0Urgence et Secourisme\u00a0\u00bb, ils sont au nombre de 27.<\/span><\/span><\/p>\n<p align=\"JUSTIFY\"><span style=\"font-family: Arial,sans-serif\"><span style=\"font-size: medium\">Par ailleurs, dans le Tarn, 226 b\u00e9n\u00e9voles travaillent dans l&rsquo;activit\u00e9 \u00ab\u00a0Actions sociales\u00a0\u00bb, ce qui est consid\u00e9rable sur le nombre total de b\u00e9n\u00e9voles. Les b\u00e9n\u00e9voles travaillant dans cette activit\u00e9 travaillent majoritairement \u00e0 l&rsquo;Unit\u00e9 locale d&rsquo;Albi, ils sont 102. Mais \u00e0 l&rsquo;exception de la D\u00e9l\u00e9gation D\u00e9partementale du Tarn, toutes les unit\u00e9s du Tarn comptent des b\u00e9n\u00e9voles dans cette activit\u00e9. Toutes les g\u00e9n\u00e9rations mise \u00e0 part la g\u00e9n\u00e9ration 1980-1999 travaillent principalement dans cette activit\u00e9. C&rsquo;est les b\u00e9n\u00e9voles n\u00e9s entre 1940 et 1959 qui travaillent principalement dans l&rsquo;activit\u00e9 \u00ab\u00a0Actions sociales\u00a0\u00bb, ils sont au nombre de 107. 15 b\u00e9n\u00e9voles sont des <\/span><\/span>\u00c9<span style=\"font-family: Arial,sans-serif\"><span style=\"font-size: medium\">lus, \u00e0 la D\u00e9l\u00e9gation D\u00e9partementale du Tarn sept b\u00e9n\u00e9voles sont \u00ab\u00a0<\/span><\/span>\u00c9<span style=\"font-family: Arial,sans-serif\"><span style=\"font-size: medium\">lus\u00a0\u00bb, ce qui repr\u00e9sente pas loin de la moiti\u00e9 du nombre total de b\u00e9n\u00e9voles travaillant dans cette activit\u00e9. Aucun b\u00e9n\u00e9vole n&rsquo;est \u00ab <\/span><\/span>\u00c9<span style=\"font-family: Arial,sans-serif\"><span style=\"font-size: medium\">lus\u00a0\u00bb \u00e0 l&rsquo;Unit\u00e9 locale d&rsquo;Albi, \u00e0 l&rsquo;Unit\u00e9 locale de Gaillac, \u00e0 l&rsquo;Unit\u00e9 locale de Graulhet. Ces sept b\u00e9n\u00e9voles sont n\u00e9s entre 1960 et 1979, Les b\u00e9n\u00e9voles qui sont des \u00ab\u00a0<\/span><\/span>\u00c9<span style=\"font-family: Arial,sans-serif\"><span style=\"font-size: medium\">lus\u00a0\u00bb sont<span style=\"color: #000000\"> principalement des personnes n\u00e9es entre 1960 et 1979.<\/span><span style=\"color: #000000\"> Miguel Palhares, responsable D\u00e9partemental Jeunesse pour la D\u00e9l\u00e9gation D\u00e9partementale du Tarn nous explique \u00ab\u00a0Assez peu de jeunes sont \u00ab\u00a0<\/span><\/span><\/span>\u00c9<span style=\"font-family: Arial,sans-serif\"><span style=\"font-size: medium\"><span style=\"color: #000000\">lus\u00a0\u00bb. Peut-\u00eatre, est-ce parce qu&rsquo;ils manquent de temps. Car avoir un mandat demande encore plus qu&rsquo;une mission b\u00e9n\u00e9vole\u00a0\u00bb<a href=\"#sdfootnote1sym\" name=\"sdfootnote1anc\"><\/a>.<\/span> 50 travaillent dans l&rsquo;activit\u00e9 \u00ab\u00a0Soutien aux activit\u00e9s\u00a0\u00bb, ils travaillent principalement \u00e0 l&rsquo;Unit\u00e9 locale d&rsquo;Albi, de Lavaur et de Graulhet. Les b\u00e9n\u00e9voles qui travaillent dans cette activit\u00e9 sont principalement n\u00e9s entre 1940 et 1959, qui sont nombre de 17 et entre 1980 et 1999, qui sont au nombre de 15.<\/span><\/span><\/p>\n<p align=\"JUSTIFY\"><span style=\"font-family: Arial,sans-serif\"><span style=\"font-size: medium\">52 travaillent dans l&rsquo;activit\u00e9 \u00ab\u00a0Urgence et Secourisme\u00a0\u00bb. Plus pr\u00e9cis\u00e9ment, c&rsquo;est l&rsquo;Unit\u00e9 locale de Castres-Mazamet avec ses 21 b\u00e9n\u00e9voles, l&rsquo;Unit\u00e9 locale de Lavaur avec ses 13 b\u00e9n\u00e9voles qui comptent la majorit\u00e9 des b\u00e9n\u00e9voles qui travaillent dans cette activit\u00e9. C&rsquo;est les b\u00e9n\u00e9voles qui sont n\u00e9s entre 1980 et 1999 qui travaillent majoritairement dans l&rsquo;activit\u00e9 \u00ab\u00a0Urgence et Secourisme\u00a0\u00bb, ils sont 26. <\/span><\/span><\/p>\n<p align=\"JUSTIFY\"><span style=\"font-family: Arial,sans-serif\"><span style=\"font-size: medium\">Ainsi, on peut voir que l&rsquo;activit\u00e9 principale de la Croix-Rouge tarnaise est l&rsquo;activit\u00e9 \u00ab\u00a0Actions sociales\u00a0\u00bb mais que l&rsquo;activit\u00e9 \u00ab\u00a0Urgence et Secourisme\u00a0\u00bb tend \u00e0 se d\u00e9velopper.<\/span><\/span><\/p>\n<p align=\"JUSTIFY\"><span style=\"font-family: Arial,sans-serif\">\u00a0<\/span><\/p>\n<p align=\"JUSTIFY\"><span style=\"font-family: Arial,sans-serif\">\u00a0<\/span><\/p>\n","protected":false},"excerpt":{"rendered":"<p>Dans le Tarn, on trouve la D\u00e9l\u00e9gation D\u00e9partementale du Tarn et six unit\u00e9s : l&rsquo;Unit\u00e9 d&rsquo;Albi, l&rsquo;Unit\u00e9 de Castres-Mazamet, l&rsquo;Unit\u00e9 de Lavaur, l&rsquo;Unit\u00e9 de R\u00e9almont, l&rsquo;Unit\u00e9 de Graulhet et l&rsquo;Unit\u00e9 de Gaillac. Des hommes, des femmes de tout \u00e2ges sont b\u00e9n\u00e9voles. Un profil-type\u00a0du b\u00e9n\u00e9vole\u00a0: une femme n\u00e9e entre 1940 et 1959 travaillant \u00e0 l&rsquo;Unit\u00e9 d&rsquo;Albi. &hellip; <a href=\"https:\/\/blogs.univ-jfc.fr\/projetcroixrouge\/la-croix-rouge-tarnaise-des-hommes-et-des-femmes\/les-benevoles-de-la-croix-rouge-tarnaise-2\/344-benevoles-tarnais-aujourdhui-annexes-chiffrees\/\" class=\"more-link\">Continuer la lecture de <span class=\"screen-reader-text\">344 b\u00e9n\u00e9voles tarnais aujourd&rsquo;hui : annexes chiffr\u00e9es<\/span> <span class=\"meta-nav\">&rarr;<\/span><\/a><\/p>\n","protected":false},"author":85,"featured_media":0,"parent":2249,"menu_order":3,"comment_status":"closed","ping_status":"open","template":"","meta":[],"_links":{"self":[{"href":"https:\/\/blogs.univ-jfc.fr\/projetcroixrouge\/wp-json\/wp\/v2\/pages\/2076"}],"collection":[{"href":"https:\/\/blogs.univ-jfc.fr\/projetcroixrouge\/wp-json\/wp\/v2\/pages"}],"about":[{"href":"https:\/\/blogs.univ-jfc.fr\/projetcroixrouge\/wp-json\/wp\/v2\/types\/page"}],"author":[{"embeddable":true,"href":"https:\/\/blogs.univ-jfc.fr\/projetcroixrouge\/wp-json\/wp\/v2\/users\/85"}],"replies":[{"embeddable":true,"href":"https:\/\/blogs.univ-jfc.fr\/projetcroixrouge\/wp-json\/wp\/v2\/comments?post=2076"}],"version-history":[{"count":15,"href":"https:\/\/blogs.univ-jfc.fr\/projetcroixrouge\/wp-json\/wp\/v2\/pages\/2076\/revisions"}],"predecessor-version":[{"id":3805,"href":"https:\/\/blogs.univ-jfc.fr\/projetcroixrouge\/wp-json\/wp\/v2\/pages\/2076\/revisions\/3805"}],"up":[{"embeddable":true,"href":"https:\/\/blogs.univ-jfc.fr\/projetcroixrouge\/wp-json\/wp\/v2\/pages\/2249"}],"wp:attachment":[{"href":"https:\/\/blogs.univ-jfc.fr\/projetcroixrouge\/wp-json\/wp\/v2\/media?parent=2076"}],"curies":[{"name":"wp","href":"https:\/\/api.w.org\/{rel}","templated":true}]}}