{"id":2103,"date":"2015-03-18T16:49:12","date_gmt":"2015-03-18T15:49:12","guid":{"rendered":"http:\/\/blogs.univ-jfc.fr\/projetcroixrouge\/?page_id=2103"},"modified":"2015-03-19T09:27:18","modified_gmt":"2015-03-19T08:27:18","slug":"en-savoir-plus-les-premices-de-la-croix-rouge-dans-le-tarn-1864-1940","status":"publish","type":"page","link":"https:\/\/blogs.univ-jfc.fr\/projetcroixrouge\/la-croix-rouge-tarnaise-hommes-et-institutions\/les-origines\/en-savoir-plus-les-premices-de-la-croix-rouge-dans-le-tarn-1864-1940\/","title":{"rendered":"En savoir plus : Les pr\u00e9mices de la Croix-Rouge dans le Tarn (1864-1940)"},"content":{"rendered":"<p><span style=\"font-family: Arial, sans-serif\">Fr\u00e9d\u00e9ric PINEAU, <\/span><span style=\"font-family: Arial, sans-serif\"><i>La Croix-Rouge fran\u00e7aise: 150 ans d&rsquo;histoire, <\/i><\/span><span style=\"font-family: Arial, sans-serif\">Paris, Autrement, 2014, 222p. <\/span><\/p>\n<p>\u00a0<span style=\"font-family: Arial, sans-serif\">V\u00e9ronique HAROUEL\u00a0&#8211;\u00a0BURELOUP, <\/span><span style=\"font-family: Arial, sans-serif\"><i>Histoire de la Croix-Rouge<\/i><\/span><span style=\"font-family: Arial, sans-serif\">, QJS n\u00b0831, Paris, PUF, 1999, 127p.<\/span><\/p>\n<p align=\"justify\">\u00a0<\/p>\n<p align=\"justify\">\u00a0<\/p>\n","protected":false},"excerpt":{"rendered":"<p>Fr\u00e9d\u00e9ric PINEAU, La Croix-Rouge fran\u00e7aise: 150 ans d&rsquo;histoire, Paris, Autrement, 2014, 222p. \u00a0V\u00e9ronique HAROUEL\u00a0&#8211;\u00a0BURELOUP, Histoire de la Croix-Rouge, QJS n\u00b0831, Paris, PUF, 1999, 127p. \u00a0 \u00a0<\/p>\n","protected":false},"author":19,"featured_media":0,"parent":62,"menu_order":4,"comment_status":"closed","ping_status":"open","template":"","meta":[],"_links":{"self":[{"href":"https:\/\/blogs.univ-jfc.fr\/projetcroixrouge\/wp-json\/wp\/v2\/pages\/2103"}],"collection":[{"href":"https:\/\/blogs.univ-jfc.fr\/projetcroixrouge\/wp-json\/wp\/v2\/pages"}],"about":[{"href":"https:\/\/blogs.univ-jfc.fr\/projetcroixrouge\/wp-json\/wp\/v2\/types\/page"}],"author":[{"embeddable":true,"href":"https:\/\/blogs.univ-jfc.fr\/projetcroixrouge\/wp-json\/wp\/v2\/users\/19"}],"replies":[{"embeddable":true,"href":"https:\/\/blogs.univ-jfc.fr\/projetcroixrouge\/wp-json\/wp\/v2\/comments?post=2103"}],"version-history":[{"count":4,"href":"https:\/\/blogs.univ-jfc.fr\/projetcroixrouge\/wp-json\/wp\/v2\/pages\/2103\/revisions"}],"predecessor-version":[{"id":2430,"href":"https:\/\/blogs.univ-jfc.fr\/projetcroixrouge\/wp-json\/wp\/v2\/pages\/2103\/revisions\/2430"}],"up":[{"embeddable":true,"href":"https:\/\/blogs.univ-jfc.fr\/projetcroixrouge\/wp-json\/wp\/v2\/pages\/62"}],"wp:attachment":[{"href":"https:\/\/blogs.univ-jfc.fr\/projetcroixrouge\/wp-json\/wp\/v2\/media?parent=2103"}],"curies":[{"name":"wp","href":"https:\/\/api.w.org\/{rel}","templated":true}]}}