{"id":2110,"date":"2015-03-18T16:54:53","date_gmt":"2015-03-18T15:54:53","guid":{"rendered":"http:\/\/blogs.univ-jfc.fr\/projetcroixrouge\/?page_id=2110"},"modified":"2015-03-19T10:12:47","modified_gmt":"2015-03-19T09:12:47","slug":"en-savoir-plus-encadrer-les-benevoles-de-la-croix-rouge-tarnaise","status":"publish","type":"page","link":"https:\/\/blogs.univ-jfc.fr\/projetcroixrouge\/la-croix-rouge-tarnaise-des-hommes-et-des-femmes\/les-benevoles-de-la-croix-rouge-tarnaise\/en-savoir-plus-encadrer-les-benevoles-de-la-croix-rouge-tarnaise\/","title":{"rendered":"En savoir plus : encadrer les b\u00e9n\u00e9voles de la Croix-Rouge tarnaise"},"content":{"rendered":"<p>Bibliographie:<\/p>\n<p>BENNETT Angela, <i>L&rsquo;histoire cach\u00e9e de la croix-rouge<\/i>, Suisse, \u00e9dition Favre, 1989, p 222<\/p>\n<p>CAZOLS R\u00e9mi, <i>Histoire de Castres-Mazamet la montagne<\/i>, \u00e9dition Privat, 1992, p 320<\/p>\n<p>DEVAUX Olivier, <i>Politique, \u00e9conomie et soci\u00e9t\u00e9 dans l\u2019albigeois et le d\u00e9partement du Tarn<\/i> (XIX<sup><i>e<\/i><\/sup>-XX<sup><i>e<\/i><\/sup> si\u00e8cle), Toulouse, \u00e9dition universit\u00e9 des sciences sociales de Toulouse, 2000, 376p<\/p>\n<p>Docteur GUILLEMAND Jean, <i>Croix-rouge fran\u00e7aise, histoire des infirmi\u00e8res<\/i>, Paris, \u00e9dition France-s\u00e9lection,1988, 404p<\/p>\n<p align=\"JUSTIFY\">PINEAU Fr\u00e9d\u00e9ric, <i>La croix-rouge fran\u00e7aise\u00a0: 150 ans d&rsquo;histoire<\/i>, Paris, \u00e9dition Autrement, 222p<\/p>\n<p align=\"JUSTIFY\">\n","protected":false},"excerpt":{"rendered":"<p>Bibliographie: BENNETT Angela, L&rsquo;histoire cach\u00e9e de la croix-rouge, Suisse, \u00e9dition Favre, 1989, p 222 CAZOLS R\u00e9mi, Histoire de Castres-Mazamet la montagne, \u00e9dition Privat, 1992, p 320 DEVAUX Olivier, Politique, \u00e9conomie et soci\u00e9t\u00e9 dans l\u2019albigeois et le d\u00e9partement du Tarn (XIXe-XXe si\u00e8cle), Toulouse, \u00e9dition universit\u00e9 des sciences sociales de Toulouse, 2000, 376p Docteur GUILLEMAND Jean, Croix-rouge &hellip; <a href=\"https:\/\/blogs.univ-jfc.fr\/projetcroixrouge\/la-croix-rouge-tarnaise-des-hommes-et-des-femmes\/les-benevoles-de-la-croix-rouge-tarnaise\/en-savoir-plus-encadrer-les-benevoles-de-la-croix-rouge-tarnaise\/\" class=\"more-link\">Continuer la lecture de <span class=\"screen-reader-text\">En savoir plus : encadrer les b\u00e9n\u00e9voles de la Croix-Rouge tarnaise<\/span> <span class=\"meta-nav\">&rarr;<\/span><\/a><\/p>\n","protected":false},"author":19,"featured_media":0,"parent":576,"menu_order":4,"comment_status":"closed","ping_status":"open","template":"","meta":[],"_links":{"self":[{"href":"https:\/\/blogs.univ-jfc.fr\/projetcroixrouge\/wp-json\/wp\/v2\/pages\/2110"}],"collection":[{"href":"https:\/\/blogs.univ-jfc.fr\/projetcroixrouge\/wp-json\/wp\/v2\/pages"}],"about":[{"href":"https:\/\/blogs.univ-jfc.fr\/projetcroixrouge\/wp-json\/wp\/v2\/types\/page"}],"author":[{"embeddable":true,"href":"https:\/\/blogs.univ-jfc.fr\/projetcroixrouge\/wp-json\/wp\/v2\/users\/19"}],"replies":[{"embeddable":true,"href":"https:\/\/blogs.univ-jfc.fr\/projetcroixrouge\/wp-json\/wp\/v2\/comments?post=2110"}],"version-history":[{"count":2,"href":"https:\/\/blogs.univ-jfc.fr\/projetcroixrouge\/wp-json\/wp\/v2\/pages\/2110\/revisions"}],"predecessor-version":[{"id":2650,"href":"https:\/\/blogs.univ-jfc.fr\/projetcroixrouge\/wp-json\/wp\/v2\/pages\/2110\/revisions\/2650"}],"up":[{"embeddable":true,"href":"https:\/\/blogs.univ-jfc.fr\/projetcroixrouge\/wp-json\/wp\/v2\/pages\/576"}],"wp:attachment":[{"href":"https:\/\/blogs.univ-jfc.fr\/projetcroixrouge\/wp-json\/wp\/v2\/media?parent=2110"}],"curies":[{"name":"wp","href":"https:\/\/api.w.org\/{rel}","templated":true}]}}