{"id":2117,"date":"2015-03-18T17:02:22","date_gmt":"2015-03-18T16:02:22","guid":{"rendered":"http:\/\/blogs.univ-jfc.fr\/projetcroixrouge\/?page_id=2117"},"modified":"2015-03-22T13:00:51","modified_gmt":"2015-03-22T12:00:51","slug":"en-savoir-plus-les-formations-de-la-croix-rouge","status":"publish","type":"page","link":"https:\/\/blogs.univ-jfc.fr\/projetcroixrouge\/formations-et-professions\/la-croix-rouge-et-ses-formations-2\/en-savoir-plus-les-formations-de-la-croix-rouge\/","title":{"rendered":"En savoir plus : Les formations de la Croix-Rouge"},"content":{"rendered":"<p style=\"text-align: justify\">&#8211; CHARDON Camille,\u00a0<em>Catastrophes naturelles, quand l&rsquo;appel se fait cri: une secouriste \u00a0b\u00e9n\u00e9vole raconte<\/em>, \u00e9dition l&rsquo;Harmattan, 2012.<\/p>\n<p style=\"text-align: justify\">&#8211; FAURE Olivier, <em>Les fran\u00e7ais et leur m\u00e9decine au XIXe si\u00e8cle<\/em>, \u00e9dition Belin, 1993.<\/p>\n<p style=\"text-align: justify\">&#8211; GROSS (Docteur), <em>Manuel du Brancardier<\/em>, \u00e9dition Cr\u00e9pin Leblond, 1884.<\/p>\n<p style=\"text-align: justify\">&#8211; GUILLERMAND Jean,\u00a0<em>Histoire des infirmi\u00e8re: de la naissance de la Croix Rouge \u00e0 l\u2019institution \u00a0de la profession<\/em>, \u00e9dition France Collection, 1988.<\/p>\n<p style=\"text-align: justify\">&#8211; LARCAN Alain, <em>Le service de soins aux arm\u00e9es pendant la Premi\u00e8re Guerre mondiale<\/em>, \u00a0 \u00a0\u00e9dition Lbn, 2008.<\/p>\n<p style=\"text-align: justify\">&#8211; PINEAU Fr\u00e9deric, ELEDJAN Jean-Jacques,\u00a0<em>La Croix Rouge 150 ans d&rsquo;histoire<\/em>, \u00e9dition \u00a0Autrement, 2014.<\/p>\n","protected":false},"excerpt":{"rendered":"<p>&#8211; CHARDON Camille,\u00a0Catastrophes naturelles, quand l&rsquo;appel se fait cri: une secouriste \u00a0b\u00e9n\u00e9vole raconte, \u00e9dition l&rsquo;Harmattan, 2012. &#8211; FAURE Olivier, Les fran\u00e7ais et leur m\u00e9decine au XIXe si\u00e8cle, \u00e9dition Belin, 1993. &#8211; GROSS (Docteur), Manuel du Brancardier, \u00e9dition Cr\u00e9pin Leblond, 1884. &#8211; GUILLERMAND Jean,\u00a0Histoire des infirmi\u00e8re: de la naissance de la Croix Rouge \u00e0 l\u2019institution \u00a0de &hellip; <a href=\"https:\/\/blogs.univ-jfc.fr\/projetcroixrouge\/formations-et-professions\/la-croix-rouge-et-ses-formations-2\/en-savoir-plus-les-formations-de-la-croix-rouge\/\" class=\"more-link\">Continuer la lecture de <span class=\"screen-reader-text\">En savoir plus : Les formations de la Croix-Rouge<\/span> <span class=\"meta-nav\">&rarr;<\/span><\/a><\/p>\n","protected":false},"author":19,"featured_media":0,"parent":59,"menu_order":4,"comment_status":"closed","ping_status":"open","template":"","meta":[],"_links":{"self":[{"href":"https:\/\/blogs.univ-jfc.fr\/projetcroixrouge\/wp-json\/wp\/v2\/pages\/2117"}],"collection":[{"href":"https:\/\/blogs.univ-jfc.fr\/projetcroixrouge\/wp-json\/wp\/v2\/pages"}],"about":[{"href":"https:\/\/blogs.univ-jfc.fr\/projetcroixrouge\/wp-json\/wp\/v2\/types\/page"}],"author":[{"embeddable":true,"href":"https:\/\/blogs.univ-jfc.fr\/projetcroixrouge\/wp-json\/wp\/v2\/users\/19"}],"replies":[{"embeddable":true,"href":"https:\/\/blogs.univ-jfc.fr\/projetcroixrouge\/wp-json\/wp\/v2\/comments?post=2117"}],"version-history":[{"count":6,"href":"https:\/\/blogs.univ-jfc.fr\/projetcroixrouge\/wp-json\/wp\/v2\/pages\/2117\/revisions"}],"predecessor-version":[{"id":2822,"href":"https:\/\/blogs.univ-jfc.fr\/projetcroixrouge\/wp-json\/wp\/v2\/pages\/2117\/revisions\/2822"}],"up":[{"embeddable":true,"href":"https:\/\/blogs.univ-jfc.fr\/projetcroixrouge\/wp-json\/wp\/v2\/pages\/59"}],"wp:attachment":[{"href":"https:\/\/blogs.univ-jfc.fr\/projetcroixrouge\/wp-json\/wp\/v2\/media?parent=2117"}],"curies":[{"name":"wp","href":"https:\/\/api.w.org\/{rel}","templated":true}]}}