{"id":214,"date":"2015-01-29T08:50:14","date_gmt":"2015-01-29T07:50:14","guid":{"rendered":"http:\/\/blogs.univ-jfc.fr\/projetcroixrouge\/?page_id=214"},"modified":"2015-04-12T10:00:13","modified_gmt":"2015-04-12T09:00:13","slug":"la-crf-au-sortir-de-la-guerre","status":"publish","type":"page","link":"https:\/\/blogs.univ-jfc.fr\/projetcroixrouge\/pauvrete-action-sanitaire-et-sociale\/laction-sanitaire-et-sociale-de-la-croix-rouge-depuis-1945\/la-crf-au-sortir-de-la-guerre\/","title":{"rendered":"La Croix Rouge fran\u00e7aise au sortir de la guerre"},"content":{"rendered":"<p align=\"JUSTIFY\"><strong><span style=\"font-family: Arial, sans-serif\"><span style=\"font-size: medium\"><span style=\"color: #000000\">Une position d\u00e9licate<\/span><\/span><\/span><\/strong><\/p>\n<p align=\"JUSTIFY\"><span style=\"font-family: Arial, sans-serif\"><span style=\"font-size: medium\"><span style=\"color: #000000\">\u00a0 \u00a0 En 1945, l<\/span><span style=\"color: #000000\">a Croix-rouge fran\u00e7aise <\/span><span style=\"color: #000000\">se trouve<\/span><span style=\"color: #000000\"> dans une position tr\u00e8s d\u00e9licate. En effet, m\u00eame si durant la Seconde Guerre mondiale son action humanitaire a \u00e9t\u00e9 plus que pr\u00e9sente (notamment en faveur des prisonniers de guerre), action qui sera d&rsquo;ailleurs largement salu\u00e9e et lui vaudra m\u00eame une reconnaissance internationale au travers d&rsquo;un Prix Nobel de la Paix, la <\/span><span style=\"color: #000000\">C<\/span><span style=\"color: #000000\">roix-<\/span><span style=\"color: #000000\">R<\/span><span style=\"color: #000000\">ouge fran\u00e7aise sera vivement critiqu\u00e9e. En effet, beaucoup lui reprochent son inefficacit\u00e9 et m\u00eame parfois son inaction par rapport aux millions de victimes de <\/span><span style=\"color: #000000\">la Shoah, <\/span><span style=\"color: #000000\">notamment sa maigre intervention lors de la Rafle du Vel d&rsquo;Hiv.<\/span><span style=\"color: #000000\"> On accuse <\/span><span style=\"color: #000000\">aussi<\/span><span style=\"color: #000000\"> la Croix-rouge fran\u00e7aise d&rsquo;avoir appliqu\u00e9 la l\u00e9gislation antis\u00e9mite de Vichy, ou du moins de fa\u00e7on certaine, de ne pas s&rsquo;y \u00eatre oppos\u00e9e. Ces constatations <\/span><span style=\"color: #000000\">sont <\/span><span style=\"color: #000000\">faites parfois en d\u00e9pit d&rsquo;autres actions effectu\u00e9es par la Croix Rouge comme notamment le sauvetage et la prise en charge d&rsquo;enfants juifs en zone sud en 1943<a href=\"#sdfootnote1sym\" name=\"sdfootnote1anc\"><sup>1<\/sup><\/a>. En plus de cela, la <\/span><span style=\"color: #000000\">C<\/span><span style=\"color: #000000\">roix-<\/span><span style=\"color: #000000\">R<\/span><span style=\"color: #000000\">ouge s&rsquo;est engag\u00e9e \u00e0 apporter son aide \u00e0 tou<\/span><span style=\"color: #000000\">s<\/span><span style=\"color: #000000\"> ceux que la guerre a laiss\u00e9 dans le besoin, y compris donc les populations des pays vaincus, pays qui avaient \u00e9t\u00e9 les instigateurs de cette guerre. Ainsi la <\/span><span style=\"color: #000000\">C<\/span><span style=\"color: #000000\">roix-<\/span><span style=\"color: #000000\">R<\/span><span style=\"color: #000000\">ouge est critiqu\u00e9e<\/span><span style=\"color: #000000\">\u00a0de par cette volont\u00e9 dans l&rsquo;imm\u00e9diat apr\u00e8s-guerre de porter secours aux populations vaincues, notamment en Allemagne. <\/span><\/span><\/span><\/p>\n<p align=\"JUSTIFY\"><span style=\"color: #000000\"><span style=\"font-family: Arial, sans-serif\"><span style=\"font-size: medium\">\u00a0 \u00a0 En plus de voir sa r\u00e9putation ternie, la CRF<a href=\"#sdfootnote2sym\" name=\"sdfootnote2anc\"><sup>2<\/sup><\/a> doit affronter une situation financi\u00e8re tr\u00e8s difficile. Elle est en effet sortie compl\u00e8tement ruin\u00e9e<a href=\"#sdfootnote3sym\" name=\"sdfootnote3anc\"><sup>3<\/sup><\/a> de la guerre. S&rsquo;ajoute \u00e0 cela le fait qu&rsquo;en 1946, la Croix-Rouge fran\u00e7aise se voit priv\u00e9e de subvention publique : elle doit ainsi fortement freiner ses d\u00e9penses, alors que son action est plus que n\u00e9cessaire. <\/span><\/span><\/span><\/p>\n<p align=\"JUSTIFY\"><span style=\"color: #000000\"><span style=\"font-family: Arial, sans-serif\"><span style=\"font-size: medium\">\u00a0 \u00a0 Ainsi, ces critiques ainsi que sa situation financi\u00e8re tr\u00e8s difficile constituent les d\u00e9fis que l&rsquo;association doit relever si elle veut continuer \u00e0 assurer sa p\u00e9rennit\u00e9 au lendemain du conflit.<\/span><\/span><\/span><\/p>\n<p align=\"LEFT\"><strong><span style=\"color: #000000\"><span style=\"font-family: Arial, sans-serif\"><span style=\"font-size: medium\">Des d\u00e9fis \u00e0 relever<\/span><\/span><\/span><\/strong><\/p>\n<p align=\"JUSTIFY\"><span style=\"color: #000000\"><span style=\"font-family: Arial, sans-serif\"><span style=\"font-size: medium\">\u00a0 \u00a0 Au lendemain de la Seconde Guerre mondiale, se pose pour la Croix-Rouge fran\u00e7aise la question de son r\u00f4le dans la soci\u00e9t\u00e9 d\u2019apr\u00e8s-guerre. Elle doit l\u00e9gitimer son existence et trouver des ressources pour fonctionner en temps de paix. <\/span><\/span><\/span><\/p>\n<p align=\"JUSTIFY\"><span style=\"font-family: Arial, sans-serif\"><span style=\"font-size: medium\"><span style=\"color: #000000\">\u00a0 \u00a0 Au vu du degr\u00e9 de violence dont la Seconde Guerre mondiale a fait preuve ainsi que des lacunes du droit humanitaire, <\/span>la Croix-Rouge fran\u00e7aise se lance dans un processus de r\u00e9vision et d&rsquo;\u00e9largissement des Conventions de Gen\u00e8ve avec l&rsquo;aide du CICR . La Croix-Rouge fran\u00e7aise esp\u00e8re et exprime sa volont\u00e9 alors d\u2019emp\u00eacher que les horreurs s&rsquo;\u00e9tant produites durant cette guerre se produisent \u00e0 nouveau. Il est ainsi apparu n\u00e9cessaire d&rsquo;\u00e9tablir de nouvelles r\u00e8gles juridiques. Les Conventions de Gen\u00e8ve sont r\u00e9vis\u00e9es et renforc\u00e9es. Cela aboutira en ao\u00fbt 1949 \u00e0 l&rsquo;adoption <span style=\"color: #000000\"> par une conf\u00e9rence diplomatique de quatre textes fondamentaux, dont l&rsquo;un pr\u00e9cise explicitement les devoirs qu&rsquo;ont les bellig\u00e9rants \u00e0 l&rsquo;\u00e9gard de la population civile. La <\/span><span style=\"color: #000000\">CRF<\/span><span style=\"color: #000000\">, en faisant de cette action une de ses priorit\u00e9s majeures au sortir de la guerre, montre et exprime ses regrets pour son inaction au vu de la tournure <\/span><span style=\"color: #000000\">d<\/span><span style=\"color: #000000\">es \u00e9v\u00e9nements.<\/span><\/span><\/span><\/p>\n<figure id=\"attachment_464\" aria-describedby=\"caption-attachment-464\" style=\"width: 400px\" class=\"wp-caption alignleft\"><a href=\"http:\/\/blogs.univ-jfc.fr\/projetcroixrouge\/wp-content\/uploads\/sites\/40\/2015\/01\/propagande-affiche1.jpg\"><img loading=\"lazy\" class=\"size-full wp-image-464\" style=\"border: 1px solid black\" title=\"Affiche de campagne de la Croix-Rouge fran\u00e7aise mettant en image une infirmi\u00e8re pour r\u00e9colter des fonds, 1951 (site officiel de la Croix Rouge fran\u00e7aise)\" alt=\"\" src=\"http:\/\/blogs.univ-jfc.fr\/projetcroixrouge\/wp-content\/uploads\/sites\/40\/2015\/01\/propagande-affiche1.jpg\" width=\"400\" height=\"540\" srcset=\"https:\/\/blogs.univ-jfc.fr\/projetcroixrouge\/wp-content\/uploads\/sites\/40\/2015\/01\/propagande-affiche1.jpg 400w, https:\/\/blogs.univ-jfc.fr\/projetcroixrouge\/wp-content\/uploads\/sites\/40\/2015\/01\/propagande-affiche1-222x300.jpg 222w\" sizes=\"(max-width: 400px) 100vw, 400px\" \/><\/a><figcaption id=\"caption-attachment-464\" class=\"wp-caption-text\">Le besoin de financement de la Croix Rouge fran\u00e7aise<\/figcaption><\/figure>\n<p align=\"JUSTIFY\"><span style=\"color: #000000\">\u00a0 \u00a0Le service de propagande fait \u00e9galement le constat <\/span><span style=\"font-size: medium;font-family: Arial, sans-serif;line-height: 1.5\">que peu de Fran\u00e7ais connaissent r\u00e9ellement les activit\u00e9s de l\u2019association, chose \u00e0 ne pas n\u00e9gliger, particuli\u00e8rement \u00e0 un moment o\u00f9 son existence est remise en question. Il appara\u00eet alors la n\u00e9cessit\u00e9 de les \u00e9voquer bien plus concr\u00e8tement , \u00ab\u00a0car la meilleure propagande que la Croix-Rouge puisse faire, c\u2019est son action elle-m\u00eame, c\u2019est le d\u00e9veloppement de son action et c\u2019est la manifestation de son action\u00a0\u00bb<\/span><a style=\"font-size: medium;font-family: Arial, sans-serif;line-height: 1.5\" href=\"#sdfootnote5sym\" name=\"sdfootnote5anc\"><sup>5<\/sup><\/a><span style=\"font-size: medium;font-family: Arial, sans-serif;line-height: 1.5\">. Malgr\u00e9 cela, la Croix-Rouge fran\u00e7aise mettra plusieurs ann\u00e9es, voire plusieurs d\u00e9cennies, avant de retrouver une situation financi\u00e8re correcte.<\/span><\/p>\n<p align=\"JUSTIFY\"><strong><span style=\"font-family: Arial, sans-serif\"><span style=\"font-size: medium\">L&rsquo;action sanitaire et sociale plus que jamais pr\u00e9sente<\/span><\/span><\/strong><\/p>\n<p align=\"JUSTIFY\"><span style=\"font-family: Arial, sans-serif\"><span style=\"font-size: medium\">\u00a0 \u00a0 La Croix-Rouge fran\u00e7aise est sortie quasiment ruin\u00e9e de la Deuxi\u00e8me Guerre mondiale et a eu beaucoup de difficult\u00e9s \u00e0 r\u00e9colter des fonds durant les ann\u00e9es, voire les d\u00e9cennies, suivantes. Elle s&rsquo;est pourtant efforc\u00e9e de d\u00e9ployer ses activit\u00e9s dans les principaux conflits qui ont suivi la d\u00e9flagration mondiale, mais \u00e9galement en d\u00e9veloppant son aide \u00e0 la personne. <\/span><\/span><\/p>\n<p align=\"JUSTIFY\"><span style=\"font-family: Arial, sans-serif\"><span style=\"font-size: medium\">\u00a0 \u00a0 En France, le 22 mai 1945, les premiers services infirmiers de la Croix-Rouge sont cr\u00e9\u00e9s en prison, apr\u00e8s accord avec l&rsquo;administration p\u00e9nitentiaire. <\/span><\/span><\/p>\n<p align=\"JUSTIFY\"><span style=\"font-family: Arial, sans-serif\"><span style=\"font-size: medium\">\u00a0 \u00a0 Cet \u00e9v\u00e9nement sera suivi par l&rsquo;adoption le 2 novembre 1945 d&rsquo;une ordonnance sur la protection maternelle et infantile (PMI), visant \u00e0 enrayer la mortalit\u00e9 infantile et maternelle encore bien pr\u00e9sente au lendemain de la guerre. La Croix-Rouge fran\u00e7aise cherche alors \u00e0 \u00e9duquer les m\u00e8res afin de lutter contre l&rsquo;ignorance et le manque d&rsquo;hygi\u00e8ne. Elle se bat pour que la m\u00e8re puisse avoir acc\u00e8s \u00e0 des consultations pr\u00e9 ou postnatales gratuitement et que l&rsquo;enfant puisse avoir un bon suivi, notamment gr\u00e2ce \u00e0 un carnet de sant\u00e9. Ces deux projets sont donc mis en place en parall\u00e8le de son action en France dans l&rsquo;imm\u00e9diat apr\u00e8s guerre, o\u00f9 elle tente toujours d&rsquo;aider les plus d\u00e9munis, o\u00f9 elle aide et assiste les victimes de la\u00a0<\/span><\/span><span style=\"font-family: Arial, sans-serif\"><span style=\"font-size: medium\">guerre, tout en apportant une aide sanitaire pour lutter contre la tuberculose.<\/span><\/span><\/p>\n<p align=\"JUSTIFY\"><span style=\"font-family: Arial, sans-serif\"><span style=\"font-size: medium\">\u00a0 \u00a0 Le 1<sup>er<\/sup> d\u00e9cembre 1945, une aide sanitaire est apport\u00e9e aux prisonniers lib\u00e9r\u00e9s en zone d&rsquo;occupation fran\u00e7aise en Allemagne, notamment en ouvrant des sanatoriums sp\u00e9cialis\u00e9s dans le traitement de la tuberculose. Prisonniers et d\u00e9port\u00e9s malades y sont ainsi soign\u00e9s avant leur rapatriement en France.<\/span><\/span><\/p>\n<p align=\"JUSTIFY\"><span style=\"font-family: Arial, sans-serif\"><span style=\"font-size: medium\">\u00a0 \u00a0 Cependant, la Croix-Rouge fran\u00e7aise, apr\u00e8s la guerre, se consacre beaucoup \u00e0 la recherche des personnes disparues durant le conflit. Alors que l&rsquo;action vise en premier lieu les militaires et les prisonniers de guerre, elle ne tarde pas \u00e0 concerner les civils ou bien les d\u00e9port\u00e9s. Elle cr\u00e9e alors un service sur le mod\u00e8le de l&rsquo;agence de recherche du CICR en France pour une action permanente et on recherche les disparus fran\u00e7ais li\u00e9 \u00e0 la guerre, esp\u00e9rant ainsi r\u00e9ussir des regroupements familiaux, puisque des milliers de familles ont \u00e9t\u00e9 s\u00e9par\u00e9es par ce conflit. Ceci permettait alors de r\u00e9pondre \u00e0 une n\u00e9cessit\u00e9 humaine et sociale.\u00a0<\/span><\/span><\/p>\n<figure id=\"attachment_498\" aria-describedby=\"caption-attachment-498\" style=\"width: 500px\" class=\"wp-caption aligncenter\"><a href=\"http:\/\/blogs.univ-jfc.fr\/projetcroixrouge\/wp-content\/uploads\/sites\/40\/2015\/01\/crf.jpg\"><img loading=\"lazy\" class=\"size-full wp-image-498    \" style=\"border: 1px solid black\" title=\"Bureau de service de la Croix Rouge fran\u00e7aise de recherche de personnes disparues durant la Seconde Guerre mondiale (site officiel de la Croix Rouge)\" alt=\"\" src=\"http:\/\/blogs.univ-jfc.fr\/projetcroixrouge\/wp-content\/uploads\/sites\/40\/2015\/01\/crf.jpg\" width=\"500\" height=\"333\" srcset=\"https:\/\/blogs.univ-jfc.fr\/projetcroixrouge\/wp-content\/uploads\/sites\/40\/2015\/01\/crf.jpg 500w, https:\/\/blogs.univ-jfc.fr\/projetcroixrouge\/wp-content\/uploads\/sites\/40\/2015\/01\/crf-300x199.jpg 300w\" sizes=\"(max-width: 500px) 100vw, 500px\" \/><\/a><figcaption id=\"caption-attachment-498\" class=\"wp-caption-text\">La Croix Rouge fran\u00e7aise au service des regroupements familiaux<\/figcaption><\/figure>\n<p align=\"JUSTIFY\"><span style=\"font-family: Arial, sans-serif\"><span style=\"font-size: medium\">Mais l&rsquo;action sociale continue dans cette p\u00e9riode de transition vers la paix. Elle va alors s&rsquo;orienter vers d&rsquo;autres types de personnes, celles qui en ont le plus besoin en p\u00e9riode de paix.\u00a0<\/span><\/span><\/p>\n<p align=\"JUSTIFY\"><span style=\"font-family: Arial, sans-serif\"><span style=\"font-size: medium\">\u00a0 \u00a0 Ainsi, malgr\u00e9 ses difficult\u00e9s financi\u00e8re, la Croix-Rouge fran\u00e7aise persiste dans l&rsquo;aide \u00e0 la personne. Elle r\u00e9ussit ainsi \u00e0 confirmer son efficacit\u00e9 ainsi que la n\u00e9cessit\u00e9 de son action en temps de conflits comme en temps de paix, continuant \u00e0 aider sans cesse les populations dans le besoin.<\/span><\/span><\/p>\n<p style=\"text-align: right\" align=\"JUSTIFY\"><a title=\"Sp\u00e9cialisation et formation dans un \u00ab\u00a0contexte favorable\u00a0\u00bb\" href=\"http:\/\/blogs.univ-jfc.fr\/projetcroixrouge\/pauvrete-action-sanitaire-et-sociale\/laction-sanitaire-et-sociale-de-la-croix-rouge-depuis-1945\/specialisation-et-formation-dans-un-contexte-favorable\/\">Suite<\/a><\/p>\n<p style=\"text-align: center\" align=\"JUSTIFY\">___________________________________________________________________________<\/p>\n<div id=\"sdfootnote1\">\n<p><a href=\"#sdfootnote1anc\" name=\"sdfootnote1sym\">1<\/a>\u00a0Sabine Zeitoun, <em>L\u2019\u0152uvre de secours aux enfants (OSE) sous l\u2019occupation en France<\/em>, Paris, L\u2019Harmattan, 1990.<\/p>\n<\/div>\n<p><a href=\"#sdfootnote2anc\" name=\"sdfootnote2sym\">2<\/a>\u00a0Croix-Rouge fran\u00e7aise<\/p>\n<p><a href=\"#sdfootnote3anc\" name=\"sdfootnote3sym\">3<\/a>\u00a0Selon le site officiel de la Croix Rouge\u00a0: www.Croix-Rouge.fr<\/p>\n<p><a href=\"#sdfootnote4anc\" name=\"sdfootnote4sym\">4<\/a>\u00a0<em>Vie et bont\u00e9<\/em>, 1953<\/p>\n<div id=\"sdfootnote5\">\n<p><a href=\"#sdfootnote5anc\" name=\"sdfootnote5sym\">5<\/a>\u00a0Assembl\u00e9e G\u00e9n\u00e9rale, 1953<\/p>\n<\/div>\n","protected":false},"excerpt":{"rendered":"<p>Une position d\u00e9licate \u00a0 \u00a0 En 1945, la Croix-rouge fran\u00e7aise se trouve dans une position tr\u00e8s d\u00e9licate. En effet, m\u00eame si durant la Seconde Guerre mondiale son action humanitaire a \u00e9t\u00e9 plus que pr\u00e9sente (notamment en faveur des prisonniers de guerre), action qui sera d&rsquo;ailleurs largement salu\u00e9e et lui vaudra m\u00eame une reconnaissance internationale au &hellip; <a href=\"https:\/\/blogs.univ-jfc.fr\/projetcroixrouge\/pauvrete-action-sanitaire-et-sociale\/laction-sanitaire-et-sociale-de-la-croix-rouge-depuis-1945\/la-crf-au-sortir-de-la-guerre\/\" class=\"more-link\">Continuer la lecture de <span class=\"screen-reader-text\">La Croix Rouge fran\u00e7aise au sortir de la guerre<\/span> <span class=\"meta-nav\">&rarr;<\/span><\/a><\/p>\n","protected":false},"author":53,"featured_media":0,"parent":102,"menu_order":1,"comment_status":"closed","ping_status":"open","template":"","meta":[],"_links":{"self":[{"href":"https:\/\/blogs.univ-jfc.fr\/projetcroixrouge\/wp-json\/wp\/v2\/pages\/214"}],"collection":[{"href":"https:\/\/blogs.univ-jfc.fr\/projetcroixrouge\/wp-json\/wp\/v2\/pages"}],"about":[{"href":"https:\/\/blogs.univ-jfc.fr\/projetcroixrouge\/wp-json\/wp\/v2\/types\/page"}],"author":[{"embeddable":true,"href":"https:\/\/blogs.univ-jfc.fr\/projetcroixrouge\/wp-json\/wp\/v2\/users\/53"}],"replies":[{"embeddable":true,"href":"https:\/\/blogs.univ-jfc.fr\/projetcroixrouge\/wp-json\/wp\/v2\/comments?post=214"}],"version-history":[{"count":23,"href":"https:\/\/blogs.univ-jfc.fr\/projetcroixrouge\/wp-json\/wp\/v2\/pages\/214\/revisions"}],"predecessor-version":[{"id":3919,"href":"https:\/\/blogs.univ-jfc.fr\/projetcroixrouge\/wp-json\/wp\/v2\/pages\/214\/revisions\/3919"}],"up":[{"embeddable":true,"href":"https:\/\/blogs.univ-jfc.fr\/projetcroixrouge\/wp-json\/wp\/v2\/pages\/102"}],"wp:attachment":[{"href":"https:\/\/blogs.univ-jfc.fr\/projetcroixrouge\/wp-json\/wp\/v2\/media?parent=214"}],"curies":[{"name":"wp","href":"https:\/\/api.w.org\/{rel}","templated":true}]}}