{"id":219,"date":"2015-01-29T08:52:09","date_gmt":"2015-01-29T07:52:09","guid":{"rendered":"http:\/\/blogs.univ-jfc.fr\/projetcroixrouge\/?page_id=219"},"modified":"2015-04-12T10:14:17","modified_gmt":"2015-04-12T09:14:17","slug":"faire-face-a-la-crise-1974-2014","status":"publish","type":"page","link":"https:\/\/blogs.univ-jfc.fr\/projetcroixrouge\/pauvrete-action-sanitaire-et-sociale\/laction-sanitaire-et-sociale-de-la-croix-rouge-depuis-1945\/faire-face-a-la-crise-1974-2014\/","title":{"rendered":"Faire face \u00e0 la crise (1974-2014)"},"content":{"rendered":"<p><strong><span style=\"color: #000000\"><span style=\"font-family: Arial, sans-serif\"><span style=\"font-size: medium\"><b>L\u2019action sociale, la priorit\u00e9 de la Croix-Rouge dans un contexte de crise<\/b><\/span><\/span><\/span><\/strong><\/p>\n<p align=\"JUSTIFY\"><span style=\"color: #000000\"><span style=\"font-family: Arial, sans-serif\"><span style=\"font-size: medium\">\u00a0 \u00a0 Une crise \u00e9conomique a \u00e9t\u00e9 engendr\u00e9e par les chocs p\u00e9troliers de 1973 et 1975 plongeant de nombreuses familles modestes dans la pr\u00e9carit\u00e9.\u00a0La Croix-Rouge fran\u00e7aise tient donc ici son d\u00e9fi\u00a0: se consacrer \u00e0 la r\u00e9solution des probl\u00e8mes li\u00e9s \u00e0 la pr\u00e9carit\u00e9 tout en continuant d\u2019assurer l\u2019action sanitaire et les activit\u00e9s de secourisme. Elle choisit pour cela d\u2019organiser m\u00e9thodiquement ce dispositif en se concentrant sur cinq points centraux :\u00a0la famille qui a besoin d\u2019une \u00e9coute, la lutte contre les discriminations,\u00a0l\u2019\u00e9ducation civique et humanitaire (les droits de l\u2019Homme,\u00a0l\u2019\u00e9ducation pour la sant\u00e9),\u00a0l\u2019ins\u00e9curit\u00e9 (r\u00e9insertion des d\u00e9tenus), et enfin\u00a0l\u2019accompagnement des retrait\u00e9s.<\/span><\/span><\/span><\/p>\n<figure id=\"attachment_616\" aria-describedby=\"caption-attachment-616\" style=\"width: 460px\" class=\"wp-caption aligncenter\"><a href=\"http:\/\/blogs.univ-jfc.fr\/projetcroixrouge\/wp-content\/uploads\/sites\/40\/2015\/01\/cr1.jpg\"><img loading=\"lazy\" class=\"size-full wp-image-616 \" style=\"border: 1px solid black\" title=\"Une b\u00e9n\u00e9vole dans la Croix-Rouge fran\u00e7aise accompagnant des \u00e9trangers arriv\u00e9s en France. (www.croix-rouge.fr)\" alt=\"\" src=\"http:\/\/blogs.univ-jfc.fr\/projetcroixrouge\/wp-content\/uploads\/sites\/40\/2015\/01\/cr1.jpg\" width=\"460\" height=\"291\" srcset=\"https:\/\/blogs.univ-jfc.fr\/projetcroixrouge\/wp-content\/uploads\/sites\/40\/2015\/01\/cr1.jpg 460w, https:\/\/blogs.univ-jfc.fr\/projetcroixrouge\/wp-content\/uploads\/sites\/40\/2015\/01\/cr1-300x189.jpg 300w\" sizes=\"(max-width: 460px) 100vw, 460px\" \/><\/a><figcaption id=\"caption-attachment-616\" class=\"wp-caption-text\">L&rsquo;aide aux migrants<\/figcaption><\/figure>\n<p style=\"text-align: justify\" align=\"JUSTIFY\"><span style=\"color: #000000\">\u00a0 \u00a0 Apr\u00e8s les \u00e9v\u00e9nements de mai 68, la Croix-Rouge va devoir s\u2019adapter aux nouvelles conditions de vie d\u2019un monde plus moderne. Elle se remet en question. Elle renouvelle ainsi une r\u00e9flexion sur son pass\u00e9, son pr\u00e9sent et l\u2019avenir de ses activit\u00e9s. La Croix-Rouge entreprend alors de nouveaux projets impuls\u00e9s par la vague r\u00e9volutionnaire de mai 68\u00a0: elle modernise ses \u00e9tablissements, elle r\u00e9forme l\u2019enseignement en donnant un nouveau souffle \u00e0 la vocation d\u2019infirmi\u00e8re et en cr\u00e9ant de nouvelles p\u00e9dagogies. Elle am\u00e9liore sa communication. La Croix-Rouge entame \u00e9galement dans les ann\u00e9es 1970 des efforts de d\u00e9mocratisation, de rajeunissement et de renouvellement dans ses effectifs. Le congr\u00e8s national de mai 1975 appara\u00eet comme un tournant dans les directives de la Croix-Rouge\u00a0: \u00ab\u00a0une Croix-Rouge fran\u00e7aise dynamique et jeune, au service des plus d\u00e9sh\u00e9rit\u00e9s et tourn\u00e9e vers l\u2019an 2000\u00a0\u00bb<a href=\"#sdfootnote1sym\"><sup>1<\/sup><\/a>.<\/span><span style=\"color: #000000\"><br \/>\n<\/span><\/p>\n<p align=\"JUSTIFY\"><span style=\"color: #000000\"><span style=\"font-family: Arial, sans-serif\"><span style=\"font-size: medium\"><b>Des moyens mis \u00e0 disposition pour contrer une pauvret\u00e9 de plus en plus pr\u00e9sente<\/b><\/span><\/span><\/span><\/p>\n<p align=\"JUSTIFY\"><span style=\"color: #000000\"><span style=\"font-family: Arial, sans-serif\"><span style=\"font-size: medium\">\u00a0 \u00a0 La Croix-Rouge doit faire face \u00e0 un monde qui change : les soci\u00e9t\u00e9s et les populations apparaissent de plus en plus fragiles. C\u2019est pourquoi, l\u2019association se doit d\u2019accentuer et d\u2019intensifier son aide sociale,\u00a0et plus particuli\u00e8rement envers des personnes d\u00e9j\u00e0 tr\u00e8s sensibles. Parmi\u00a0celles ci,\u00a0les ch\u00f4meurs, les travailleurs pr\u00e9caires, les migrants, les r\u00e9fugi\u00e9s ou encore les malades.<\/span><\/span><\/span><\/p>\n<p align=\"JUSTIFY\"><span style=\"color: #000000\"><span style=\"font-family: Arial, sans-serif\"><span style=\"font-size: medium\">\u00a0 \u00a0 Cependant l\u2019organisme poursuit son action dans le sanitaire notamment \u00e0 l\u2019\u00e9chelle internationale comme dans le cadre de la lutte contre la tuberculose au Cambodge en 1992 ou \u00e0 l\u2019\u00e9chelle nationale, en France, avec\u00a0 en 1990 la cr\u00e9ation d\u2019une unit\u00e9 de soins palliatifs pour accompagner les malades en fin de vie. La Croix-Rouge m\u00e8ne \u00e9galement un combat pour am\u00e9liorer l\u2019acc\u00e8s \u00e0 l\u2019eau, dans les pays africains notamment. Elle y intervient aussi pour assurer la s\u00e9curit\u00e9 alimentaire et la sant\u00e9 aupr\u00e8s de ces populations vuln\u00e9rables.<\/span><\/span><\/span><\/p>\n<p align=\"JUSTIFY\"><span style=\"font-family: Arial, sans-serif\"><span style=\"font-size: medium\"><span style=\"color: #000000\">\u00a0 \u00a0 Parmi les moyens mis en \u0153uvre pour lutter contre la pauvret\u00e9, on trouve tout d\u2019abord les moyens humains : les b\u00e9n\u00e9voles,\u00a0on en\u00a0compte en 2014 pr\u00e8s de 54 000, majoritairement des femmes (62%) mais les postes \u00e0 responsabilit\u00e9s (pr\u00e9sident des d\u00e9l\u00e9gations locales, pr\u00e9sident de conseil d\u2019administration par exemple), eux, sont occup\u00e9s par des hommes. Toutes les tranches d\u2019\u00e2ge sont repr\u00e9sent\u00e9es. Les activit\u00e9s au sein\u00a0de la Croix-Rouge sont r\u00e9parties de la mani\u00e8re suivante : 37%\u00a0de volontaires\u00a0dans l\u2019action sociale et 33% dans l\u2019urgence et le secourisme, les deux principaux champs d\u2019action de l\u2019association<a href=\"#sdfootnote2sym\" name=\"sdfootnote2anc\"><sup>2<\/sup><\/a>.\u00a0Enfin il existe aussi des personnes qui travaillent en tant que salari\u00e9es dans la Croix-Rouge, 18 000 environ.<\/span><\/span><\/span><\/p>\n<p align=\"JUSTIFY\"><span style=\"color: #000000\"><span style=\"font-family: Arial, sans-serif\"><span style=\"font-size: medium\">\u00a0 \u00a0 La Croix-Rouge d\u00e9ploie \u00e9galement des moyens financiers dans la formation. La Journ\u00e9e d\u2019Appel \u00e0 la Participation et \u00e0 la D\u00e9fense, journ\u00e9e durant laquelle les jeunes de 16 \u00e0 18 ans peuvent apprendre les premiers gestes de secours en est un bon exemple, tout comme\u00a0les centres de formation au secourisme cr\u00e9\u00e9s un peu partout en France par Fran\u00e7ois Novellino en 1982.<\/span><\/span><\/span><\/p>\n<p align=\"JUSTIFY\"><span style=\"color: #000000\"><span style=\"font-family: Arial, sans-serif\"><span style=\"font-size: medium\">\u00a0 \u00a0 La communication appara\u00eet comme \u00e9tant un autre moyen important. En effet, la Croix-Rouge doit faire parler d\u2019elle pour pallier le manque de financements accord\u00e9s par les pouvoirs publics ainsi qu\u2019une \u00e9volution structurelle du b\u00e9n\u00e9volat et des dons priv\u00e9s toujours tr\u00e8s difficiles \u00e0 solliciter. Elle utilise pour cela diverses campagnes con\u00e7ues pour attirer le regard sur l\u2019association et les probl\u00e8mes qu\u2019elle souhaite soulever.<\/span><\/span><\/span><\/p>\n<figure id=\"attachment_632\" aria-describedby=\"caption-attachment-632\" style=\"width: 1960px\" class=\"wp-caption aligncenter\"><a style=\"line-height: 1.5\" href=\"http:\/\/blogs.univ-jfc.fr\/projetcroixrouge\/wp-content\/uploads\/sites\/40\/2015\/01\/faire-face-\u00e0-la-crise.jpg\"><img loading=\"lazy\" class=\"wp-image-632   \" title=\"Les c\u00e9l\u00e9brit\u00e9s se mobilisent et mettent \u00e0 disposition leur popularit\u00e9 pour la Croix-Rouge. (www.croix-rouge.fr)\" alt=\"\" src=\"http:\/\/blogs.univ-jfc.fr\/projetcroixrouge\/wp-content\/uploads\/sites\/40\/2015\/01\/faire-face-\u00e0-la-crise.jpg\" width=\"1960\" height=\"960\" srcset=\"https:\/\/blogs.univ-jfc.fr\/projetcroixrouge\/wp-content\/uploads\/sites\/40\/2015\/01\/faire-face-\u00e0-la-crise.jpg 1960w, https:\/\/blogs.univ-jfc.fr\/projetcroixrouge\/wp-content\/uploads\/sites\/40\/2015\/01\/faire-face-\u00e0-la-crise-300x146.jpg 300w, https:\/\/blogs.univ-jfc.fr\/projetcroixrouge\/wp-content\/uploads\/sites\/40\/2015\/01\/faire-face-\u00e0-la-crise-1024x501.jpg 1024w\" sizes=\"(max-width: 1960px) 100vw, 1960px\" \/><\/a><figcaption id=\"caption-attachment-632\" class=\"wp-caption-text\">Les vedettes m\u00e9diatiques au service de la Croix-rouge.<\/figcaption><\/figure>\n<p style=\"text-align: justify\" align=\"JUSTIFY\"><strong style=\"line-height: 1.5\"><span style=\"color: #000000\"><span style=\"font-family: Arial, sans-serif\"><span style=\"font-size: medium\"><b>La Croix-Rouge, une association \u00e0 l\u2019\u00e9coute de toutes les populations<\/b><\/span><\/span><\/span><\/strong><\/p>\n<p align=\"JUSTIFY\"><span style=\"color: #000000\"><span style=\"font-family: Arial, sans-serif\"><span style=\"font-size: medium\">\u00a0 \u00a0 L\u2019ambition de la Croix-Rouge a grandi\u00a0: elle se tourne d\u00e9sormais vers toutes les demandes d\u2019aide, et se soucie de toutes les difficult\u00e9s ressenties individuellement ou collectivement. Mais cet engagement aupr\u00e8s des plus marginalis\u00e9s n\u2019est pas nouveau. D\u00e8s la Lib\u00e9ration, des mesures avaient \u00e9t\u00e9 prises pour venir en aide \u00e0 ces populations pauvres et souvent stigmatis\u00e9es. L\u2019 action en faveur de ces derni\u00e8res s\u2019inscrit donc dans la continuit\u00e9 de celle r\u00e9alis\u00e9e lors des Trente Glorieuses. Ainsi, aujourd\u2019hui, une action est men\u00e9e pour chaque type de population\u00a0: toutes les personnes en difficult\u00e9 sont prises en charge.<\/span><\/span><\/span><\/p>\n<p align=\"JUSTIFY\"><span style=\"color: #000000\"><span style=\"font-family: Arial, sans-serif\"><span style=\"font-size: medium\">\u00a0 \u00a0 La crise \u00e9conomique et ses cons\u00e9quences n\u00e9fastes sur les populations fragiles ont particip\u00e9 \u00e0 l\u2019\u00e9mergence de ce que l\u2019on appelle, les \u00ab\u00a0nouveaux pauvres\u00a0\u00bb. Parmi ces derniers, on trouve des personnes vuln\u00e9rables tels que des jeunes, des \u00e9trangers en situation irr\u00e9guli\u00e8re ou encore des ch\u00f4meurs en fin de droit ayant eu un incident de parcours, un accident du travail par exemple.<\/span><\/span><\/span><\/p>\n<p align=\"JUSTIFY\"><span style=\"font-family: Arial, sans-serif\"><span style=\"font-size: medium\"><span style=\"color: #000000\">\u00a0 \u00a0 Ainsi, aujourd\u2019hui, l\u2019aide aux plus d\u00e9munis appara\u00eet comme l\u2019un des axes majeurs de la Croix-Rouge. Celle ci m\u00e8ne des actions pour les personnes en situation de handicap :\u00a0mise en place en 1974 de centres sp\u00e9cialis\u00e9s (on en compte 95 au total r\u00e9partis dans 32 d\u00e9partements<sup><a href=\"#sdfootnote3sym\" name=\"sdfootnote3anc\">3<\/a><\/sup><\/span><\/span><\/span><span style=\"font-family: Arial, sans-serif\">). Les\u00a0<\/span><span style=\"color: #000000\">personnes immigr\u00e9es, qu&rsquo;il s&rsquo;agisse de migrants politiques, \u00e9conomiques ou familiaux, ont aujourd\u2019hui, elles aussi, leur aide personnalis\u00e9e de la Croix-Rouge :\u00a06 centres d\u2019accueil pour demandeurs d\u2019asile (498 places) et 9 centres d\u2019h\u00e9bergement d\u2019urgence pour les demandeurs d\u2019asile (519 places).\u00a0De plus, les toxicomanes, habituellement mis \u00e0 l\u2019\u00e9cart car consid\u00e9r\u00e9s comme dangereux peuvent, eux aussi, b\u00e9n\u00e9ficier d\u2019un droit d\u2019accompagnement\u00a0 gr\u00e2ce \u00e0 plusieurs centres d\u2019h\u00e9bergement et de r\u00e9insertion sociale (CHRS) implant\u00e9s un peu partout en France. Enfin\u00a0avec l\u2019allongement de l\u2019esp\u00e9rance de vie, \u00a0la question de l\u2019isolement social est devenu un v\u00e9ritable enjeu de soci\u00e9t\u00e9. On compte aujourd\u2019hui, en France, 1,4 million de\u00a0personnes \u00e2g\u00e9es en perte d\u2019autonomie. Respecter leur souhait de vivre chez elles est devenu un grand d\u00e9fi, que la Croix-Rouge souhaite relever. L\u2018association veut donc mobiliser pour sensibiliser les fran\u00e7ais sur la question et d\u00e9noncer les services d\u2019aide \u00e0 la personne qui ne cessent de se d\u00e9grader. C\u2019est dans ce cadre l\u00e0 que la Croix-Rouge lance r\u00e9guli\u00e8rement diverses campagnes chocs comme celle d\u2019octobre 2014 intitul\u00e9e\u00a0: \u00ab\u00a0Les vieux feraient mieux de rester chez eux\u00a0\u00bb ayant pour but de cr\u00e9er l\u2019\u00e9tonnement du publi<\/span><span style=\"color: #000000\">c<\/span><span style=\"color: #000000\">.<\/span><\/p>\n<figure id=\"attachment_636\" aria-describedby=\"caption-attachment-636\" style=\"width: 782px\" class=\"wp-caption aligncenter\"><a href=\"http:\/\/blogs.univ-jfc.fr\/projetcroixrouge\/wp-content\/uploads\/sites\/40\/2015\/01\/vieux.jpg\"><img loading=\"lazy\" class=\"wp-image-636  \" title=\"L\u2019\u0153uvre du &quot;street artist&quot; am\u00e9ricain Mark Jenkins repr\u00e9sentant une   vieille dame, face au slogan de la campagne. Un temps d'arr\u00eat est marqu\u00e9, on peut alors imaginer que cette personne \u00e2g\u00e9e est d\u00e9sempar\u00e9e.   (www.croix-rouge.fr)\" alt=\"\" src=\"http:\/\/blogs.univ-jfc.fr\/projetcroixrouge\/wp-content\/uploads\/sites\/40\/2015\/01\/vieux.jpg\" width=\"782\" height=\"495\" srcset=\"https:\/\/blogs.univ-jfc.fr\/projetcroixrouge\/wp-content\/uploads\/sites\/40\/2015\/01\/vieux.jpg 782w, https:\/\/blogs.univ-jfc.fr\/projetcroixrouge\/wp-content\/uploads\/sites\/40\/2015\/01\/vieux-300x189.jpg 300w\" sizes=\"(max-width: 782px) 100vw, 782px\" \/><\/a><figcaption id=\"caption-attachment-636\" class=\"wp-caption-text\">Choquer pour sensibiliser<\/figcaption><\/figure>\n<p style=\"text-align: justify\" align=\"CENTER\"><span style=\"font-family: Arial, sans-serif\"><span style=\"font-size: medium\">\u00a0 \u00a0 La Croix-rouge fran\u00e7aise agit depuis de nombreuses ann\u00e9es en France pour aider les populations dans le besoin. Elle r\u00e9alise ses actions en apportant des moyens humains et mat\u00e9riels pour assurer ses principales missions\u00a0: le secourisme, l&rsquo;aide \u00e0 la personne et la prise en charge sanitaire. Aussi, la multiplication des probl\u00e8mes sanitaires et sociaux a incit\u00e9 l&rsquo;association \u00e0 se tourner vers de nouvelles m\u00e9thodes, la communication par exemple et \u00e0 \u00e9largir son champs d&rsquo;action.\u00a0<\/span><\/span><span style=\"font-family: Arial, sans-serif\"><span style=\"font-size: medium\">Au fil du temps, la Croix-Rouge a du se renouveler pour s&rsquo;adapter aux \u00e9volutions des soci\u00e9t\u00e9s\u00a0: les reconstructions de l&rsquo;apr\u00e8s-guerre, les changements socio-culturels des Trente Glorieuses, la crise \u00e9conomique de 1970 \u00e0 nos jours et cela dans un seul et ultime but\u00a0: lutter contre une pauvret\u00e9 de plus en plus pr\u00e9sente.<\/span><\/span><\/p>\n<p align=\"JUSTIFY\">\u00a0___________________________________________________________________________<\/p>\n<div id=\"sdfootnote1\">\n<p><a href=\"#sdfootnote1anc\" name=\"sdfootnote1sym\">1<\/a>\u00a0Fr\u00e9d\u00e9ric PINEAU,\u00a0<i>La Croix-Rouge fran\u00e7aise\u00a0: 150 ans d\u2019histoire<\/i>, \u00c9dition Autrement, 12 mars 2014<\/p>\n<\/div>\n<div id=\"sdfootnote2\">\n<p><a href=\"#sdfootnote2anc\" name=\"sdfootnote2sym\">2<\/a>\u00a0Dossier de presse\u00a0:\u00a0<i>1864-2014, 150 ans Croix-Rouge fran\u00e7aise<\/i>, mars 2014, site internet de la Croix-Rouge<\/p>\n<\/div>\n<div id=\"sdfootnote3\">\n<p><a href=\"#sdfootnote3anc\" name=\"sdfootnote3sym\">3<\/a>\u00a0Dossier de presse\u00a0:\u00a0<i>1864-2014 150 ans Croix-Rouge fran\u00e7aise<\/i>, mars 2014, site internet de la Croix-Rouge<\/p>\n<\/div>\n<p>&nbsp;<\/p>\n","protected":false},"excerpt":{"rendered":"<p>L\u2019action sociale, la priorit\u00e9 de la Croix-Rouge dans un contexte de crise \u00a0 \u00a0 Une crise \u00e9conomique a \u00e9t\u00e9 engendr\u00e9e par les chocs p\u00e9troliers de 1973 et 1975 plongeant de nombreuses familles modestes dans la pr\u00e9carit\u00e9.\u00a0La Croix-Rouge fran\u00e7aise tient donc ici son d\u00e9fi\u00a0: se consacrer \u00e0 la r\u00e9solution des probl\u00e8mes li\u00e9s \u00e0 la pr\u00e9carit\u00e9 tout &hellip; <a href=\"https:\/\/blogs.univ-jfc.fr\/projetcroixrouge\/pauvrete-action-sanitaire-et-sociale\/laction-sanitaire-et-sociale-de-la-croix-rouge-depuis-1945\/faire-face-a-la-crise-1974-2014\/\" class=\"more-link\">Continuer la lecture de <span class=\"screen-reader-text\">Faire face \u00e0 la crise (1974-2014)<\/span> <span class=\"meta-nav\">&rarr;<\/span><\/a><\/p>\n","protected":false},"author":53,"featured_media":0,"parent":102,"menu_order":3,"comment_status":"closed","ping_status":"open","template":"","meta":[],"_links":{"self":[{"href":"https:\/\/blogs.univ-jfc.fr\/projetcroixrouge\/wp-json\/wp\/v2\/pages\/219"}],"collection":[{"href":"https:\/\/blogs.univ-jfc.fr\/projetcroixrouge\/wp-json\/wp\/v2\/pages"}],"about":[{"href":"https:\/\/blogs.univ-jfc.fr\/projetcroixrouge\/wp-json\/wp\/v2\/types\/page"}],"author":[{"embeddable":true,"href":"https:\/\/blogs.univ-jfc.fr\/projetcroixrouge\/wp-json\/wp\/v2\/users\/53"}],"replies":[{"embeddable":true,"href":"https:\/\/blogs.univ-jfc.fr\/projetcroixrouge\/wp-json\/wp\/v2\/comments?post=219"}],"version-history":[{"count":34,"href":"https:\/\/blogs.univ-jfc.fr\/projetcroixrouge\/wp-json\/wp\/v2\/pages\/219\/revisions"}],"predecessor-version":[{"id":3925,"href":"https:\/\/blogs.univ-jfc.fr\/projetcroixrouge\/wp-json\/wp\/v2\/pages\/219\/revisions\/3925"}],"up":[{"embeddable":true,"href":"https:\/\/blogs.univ-jfc.fr\/projetcroixrouge\/wp-json\/wp\/v2\/pages\/102"}],"wp:attachment":[{"href":"https:\/\/blogs.univ-jfc.fr\/projetcroixrouge\/wp-json\/wp\/v2\/media?parent=219"}],"curies":[{"name":"wp","href":"https:\/\/api.w.org\/{rel}","templated":true}]}}