{"id":2233,"date":"2015-03-18T23:41:51","date_gmt":"2015-03-18T22:41:51","guid":{"rendered":"http:\/\/blogs.univ-jfc.fr\/projetcroixrouge\/?page_id=2233"},"modified":"2015-04-01T18:48:26","modified_gmt":"2015-04-01T17:48:26","slug":"colis-dapprovisionnement-pour-les-combattants-francais-2","status":"publish","type":"page","link":"https:\/\/blogs.univ-jfc.fr\/projetcroixrouge\/la-croix-rouge-tarnaise-hommes-et-institutions\/la-croix-rouge-action-sociale-et-interventions-medicales\/colis-dapprovisionnement-pour-les-combattants-francais-2\/","title":{"rendered":"Colis d&rsquo;approvisionnement pour les combattants fran\u00e7ais"},"content":{"rendered":"<p style=\"text-align: justify\">Pendant la Guerre d&rsquo;Indochine et la Guerre d&rsquo;Alg\u00e9rie, comme tous les autres comit\u00e9s locaux de la Croix-Rouge fran\u00e7aise, la Croix-Rouge tarnaise s&rsquo;est mobilis\u00e9e pour venir en aide aux populations civiles et militaires. Cette aide s&rsquo;est surtout mise en place autour de l&rsquo;envoi de colis. Ainsi, nous remarquons que la guerre d&rsquo;Indochine (1946-1954) a suscit\u00e9 la mobilisation du comit\u00e9 de Castres qui a envoy\u00e9 vingt-quatre colis (dont certains venaient du comit\u00e9 d&rsquo;Albi) d&rsquo;une valeur approchant les 96 000 francs. Le comit\u00e9 de la Croix-Rouge de Castres a aussi lanc\u00e9 un appel aux dons d&rsquo;argent aux civils pour l&rsquo;aide aux combattants d&rsquo;Indochine apr\u00e8s avoir constat\u00e9 que les dons de denr\u00e9es alimentaires et vestimentaires \u00e9taient superflus compte-tenu de la longue distance entre la France et l&rsquo;Indochine. Suite \u00e0 ces envois de colis, la ville de Castres a re\u00e7u des lettres de remerciement datant de 1951, des combattants pour ce geste de solidarit\u00e9. D&rsquo;autre part, pendant la Guerre d&rsquo;Alg\u00e9rie (1954-1962), la Croix-Rouge Tarnaise s&rsquo;est mobilis\u00e9e pour aider autant les populations civiles que militaires. Par exemple, la ville et le comit\u00e9 de la Croix-Rouge de Graulhet, ont envoy\u00e9 des colis aux combattants en Alg\u00e9rie pour les f\u00eates de No\u00ebl et de P\u00e2ques. Ces soldats ont d&rsquo;ailleurs envoy\u00e9 des lettres en 1957 pour remercier cette ville et son comit\u00e9 pour leur geste r\u00e9confortant.<\/p>\n<figure id=\"attachment_2217\" aria-describedby=\"caption-attachment-2217\" style=\"width: 270px\" class=\"wp-caption aligncenter\"><a href=\"http:\/\/blogs.univ-jfc.fr\/projetcroixrouge\/wp-content\/uploads\/sites\/40\/2015\/03\/Alg\u00e9rie-5.jpg\"><img loading=\"lazy\" class=\" wp-image-2217 \" title=\" \" alt=\"Alg\u00e9rie 5\" src=\"http:\/\/blogs.univ-jfc.fr\/projetcroixrouge\/wp-content\/uploads\/sites\/40\/2015\/03\/Alg\u00e9rie-5-300x239.jpg\" width=\"270\" height=\"215\" srcset=\"https:\/\/blogs.univ-jfc.fr\/projetcroixrouge\/wp-content\/uploads\/sites\/40\/2015\/03\/Alg\u00e9rie-5-300x239.jpg 300w, https:\/\/blogs.univ-jfc.fr\/projetcroixrouge\/wp-content\/uploads\/sites\/40\/2015\/03\/Alg\u00e9rie-5-1024x817.jpg 1024w\" sizes=\"(max-width: 270px) 100vw, 270px\" \/><\/a><figcaption id=\"caption-attachment-2217\" class=\"wp-caption-text\">Lettre de remerciement d&rsquo;un combattant fran\u00e7ais durant la guerre d&rsquo;Alg\u00e9rie.<br \/>\u00a9 Archives personnelles du comit\u00e9 Croix-Rouge de Graulhet<\/figcaption><\/figure>\n<p style=\"text-align: justify\">En effet, ces <a title=\"Lettres de remerciement pour les colis re\u00e7us\" href=\"http:\/\/blogs.univ-jfc.fr\/projetcroixrouge\/la-croix-rouge-tarnaise-hommes-et-institutions\/la-croix-rouge-action-sociale-et-interventions-medicales\/colis-dapprovisionnement-pour-les-combattants-francais\/lettres-de-remerciement-pour-les-colis-recus\/\">lettres de remerciement<\/a> retrouv\u00e9es dans les archives des villes de Castres et de Graulhet sont les principaux t\u00e9moins des sentiments de r\u00e9confort qu&rsquo;ont les combattants quand ils re\u00e7oivent ces colis et de reconnaissance qu&rsquo;ils ont \u00e0 l&rsquo;\u00e9gard de la Croix- Rouge et qu&rsquo;ils traduisent en \u00e9crivant ces lettres.<\/p>\n","protected":false},"excerpt":{"rendered":"<p>Pendant la Guerre d&rsquo;Indochine et la Guerre d&rsquo;Alg\u00e9rie, comme tous les autres comit\u00e9s locaux de la Croix-Rouge fran\u00e7aise, la Croix-Rouge tarnaise s&rsquo;est mobilis\u00e9e pour venir en aide aux populations civiles et militaires. Cette aide s&rsquo;est surtout mise en place autour de l&rsquo;envoi de colis. Ainsi, nous remarquons que la guerre d&rsquo;Indochine (1946-1954) a suscit\u00e9 la &hellip; <a href=\"https:\/\/blogs.univ-jfc.fr\/projetcroixrouge\/la-croix-rouge-tarnaise-hommes-et-institutions\/la-croix-rouge-action-sociale-et-interventions-medicales\/colis-dapprovisionnement-pour-les-combattants-francais-2\/\" class=\"more-link\">Continuer la lecture de <span class=\"screen-reader-text\">Colis d&rsquo;approvisionnement pour les combattants fran\u00e7ais<\/span> <span class=\"meta-nav\">&rarr;<\/span><\/a><\/p>\n","protected":false},"author":56,"featured_media":0,"parent":569,"menu_order":0,"comment_status":"closed","ping_status":"open","template":"","meta":[],"_links":{"self":[{"href":"https:\/\/blogs.univ-jfc.fr\/projetcroixrouge\/wp-json\/wp\/v2\/pages\/2233"}],"collection":[{"href":"https:\/\/blogs.univ-jfc.fr\/projetcroixrouge\/wp-json\/wp\/v2\/pages"}],"about":[{"href":"https:\/\/blogs.univ-jfc.fr\/projetcroixrouge\/wp-json\/wp\/v2\/types\/page"}],"author":[{"embeddable":true,"href":"https:\/\/blogs.univ-jfc.fr\/projetcroixrouge\/wp-json\/wp\/v2\/users\/56"}],"replies":[{"embeddable":true,"href":"https:\/\/blogs.univ-jfc.fr\/projetcroixrouge\/wp-json\/wp\/v2\/comments?post=2233"}],"version-history":[{"count":5,"href":"https:\/\/blogs.univ-jfc.fr\/projetcroixrouge\/wp-json\/wp\/v2\/pages\/2233\/revisions"}],"predecessor-version":[{"id":3645,"href":"https:\/\/blogs.univ-jfc.fr\/projetcroixrouge\/wp-json\/wp\/v2\/pages\/2233\/revisions\/3645"}],"up":[{"embeddable":true,"href":"https:\/\/blogs.univ-jfc.fr\/projetcroixrouge\/wp-json\/wp\/v2\/pages\/569"}],"wp:attachment":[{"href":"https:\/\/blogs.univ-jfc.fr\/projetcroixrouge\/wp-json\/wp\/v2\/media?parent=2233"}],"curies":[{"name":"wp","href":"https:\/\/api.w.org\/{rel}","templated":true}]}}