{"id":2244,"date":"2015-03-19T08:37:35","date_gmt":"2015-03-19T07:37:35","guid":{"rendered":"http:\/\/blogs.univ-jfc.fr\/projetcroixrouge\/?page_id=2244"},"modified":"2015-03-28T18:03:14","modified_gmt":"2015-03-28T17:03:14","slug":"lhumanitaire-face-aux-enjeux-du-xxieme-siecle","status":"publish","type":"page","link":"https:\/\/blogs.univ-jfc.fr\/projetcroixrouge\/lhumanitaire-en-questions\/la-notion-daction-humanitaire\/lhumanitaire-face-aux-enjeux-du-xxieme-siecle\/","title":{"rendered":"Mutation de la Croix-Rouge au contact des conflits mondiaux."},"content":{"rendered":"<p align=\"JUSTIFY\"><span style=\"color: #141412\"><span style=\"font-family: Arial, sans-serif\"><span style=\"font-size: medium\">Pour faire ressortir les \u00e9volutions de l&rsquo;action humanitaire de la Croix-Rouge, il est n\u00e9cessaire de montrer que ce mouvement, ax\u00e9 principalement sur les besoins humains, d\u00e9coule d&rsquo;une construction historique articul\u00e9e autour d&rsquo;une multitude de facteurs (conflit arm\u00e9, diplomatie, nouvelles conjonctures..). Quels sont les moments clefs qui ont permis ce d\u00e9veloppement\u00a0? Les d\u00e9buts du XX si\u00e8cle sont marqu\u00e9s par l&rsquo;\u00e9clatement de la<\/span><\/span><\/span><a href=\"http:\/\/blogs.univ-jfc.fr\/projetcroixrouge\/la-croix-rouge-dans-les-guerres-mondiales\/laction-aupres-des-populations-civiles-pendant-la-premiere-guerre-mondiale\/\"><span style=\"color: #ac0404\"><span style=\"font-family: Arial, sans-serif\"><span style=\"font-size: medium\">\u00a0<\/span><\/span><\/span><span style=\"color: #ac0404\"><span style=\"font-family: Arial, sans-serif\"><span style=\"font-size: medium\">Premi\u00e8re Guerre Mondiale<\/span><\/span><\/span><\/a><span style=\"color: #141412\"><span style=\"font-family: Arial, sans-serif\"><span style=\"font-size: medium\">, lors de laquelle la confrontation arm\u00e9e des nations sur le sol europ\u00e9en, entra\u00eene un v\u00e9ritable carnage. Dans un souci de r\u00e9pondre aux souffrances humaines, la Croix-Rouge va mettre en \u0153uvre son programme d&rsquo;intervention et de soins \u00e0 destination des civils et des soldats, quel que soit leur appartenance nationale.<\/span><\/span><\/span><\/p>\n<figure id=\"attachment_2981\" aria-describedby=\"caption-attachment-2981\" style=\"width: 145px\" class=\"wp-caption alignright\"><a href=\"http:\/\/blogs.univ-jfc.fr\/projetcroixrouge\/wp-content\/uploads\/sites\/40\/2015\/03\/TER2.jpg\"><img loading=\"lazy\" class=\"wp-image-2981     \" title=\"La Croix-Rouge\" alt=\"Carte postale de la guerre 1914 1918.\" src=\"http:\/\/blogs.univ-jfc.fr\/projetcroixrouge\/wp-content\/uploads\/sites\/40\/2015\/03\/TER2-189x300.jpg\" width=\"145\" height=\"231\" srcset=\"https:\/\/blogs.univ-jfc.fr\/projetcroixrouge\/wp-content\/uploads\/sites\/40\/2015\/03\/TER2-189x300.jpg 189w, https:\/\/blogs.univ-jfc.fr\/projetcroixrouge\/wp-content\/uploads\/sites\/40\/2015\/03\/TER2-645x1024.jpg 645w, https:\/\/blogs.univ-jfc.fr\/projetcroixrouge\/wp-content\/uploads\/sites\/40\/2015\/03\/TER2.jpg 974w\" sizes=\"(max-width: 145px) 100vw, 145px\" \/><\/a><figcaption id=\"caption-attachment-2981\" class=\"wp-caption-text\">Carte postale de la Croix-Rouge de 14-18: \u00ab\u00a0Courage et D\u00e9vouement\u00a0\u00bb.<\/figcaption><\/figure>\n<p align=\"JUSTIFY\"><span style=\"font-family: Arial, sans-serif\"><span style=\"color: #141412\"><span style=\"font-size: medium\">Mais d\u00e8s son \u00a0\u00bbbapt\u00eame du feu\u00a0\u00bb, le r\u00f4le de la Croix-Rouge ne se r\u00e9sume pas \u00e0 son engagement dans les conflits internationaux, elle s&rsquo;inscrit \u00e9galement dans un mouvement de changements soci\u00e9taux.<\/span><\/span><\/span><span style=\"font-family: Arial, sans-serif\"><span><span style=\"font-size: medium\">En effet, son action permet \u00e0 de nombreuses\u00a0<\/span><\/span><a href=\"http:\/\/blogs.univ-jfc.fr\/projetcroixrouge\/la-croix-rouge-tarnaise-des-hommes-et-des-femmes\/les-femmes-de-la-croix-rouge\/\"><span style=\"color: #ac0404\"><span style=\"font-size: medium\">femmes\u00a0<\/span><\/span><\/a><span><span style=\"font-size: medium\">(longtemps rel\u00e9gu\u00e9es \u00e0 des t\u00e2ches subalternes et domestiques) d\u2019incarner une nouvelle conception de l&rsquo;humanitaire. En pleine Premi\u00e8re Guerre Mondiale, la figure f\u00e9minine devient indispensable, que ce soit en tant qu&rsquo;infirmi\u00e8re ou au service des bless\u00e9s de guerre. La Croix Rouge devient ainsi pour les femmes un vecteur d&rsquo;ascension sociale au sein d&rsquo;un important mouvement d&rsquo;\u00e9mancipation.<\/span><\/span><\/span><\/p>\n<p align=\"JUSTIFY\"><span style=\"font-family: Arial, sans-serif\"><span style=\"color: #141412\"><span style=\"font-size: medium\">L&rsquo;entre-deux-guerres est marqu\u00e9 par des crises conjoncturelles et structurelles qui pr\u00e9parent l&rsquo;av\u00e8nement de la \u00ab\u00a0Dr\u00f4le de Guerre\u00a0\u00bb, et paralysent l&rsquo;humanitaire en fragilisant ses principes, en particulier sa neutralit\u00e9.\u00a0<\/span><\/span><a href=\"http:\/\/blogs.univ-jfc.fr\/projetcroixrouge\/la-croix-rouge-dans-les-guerres-mondiales\/la-croix-rouge-dans-loccupation\/\"><span style=\"color: #ac0404\"><span style=\"font-size: medium\">La Seconde Guerre Mondiale<\/span><\/span><\/a><span style=\"color: #141412\"><span style=\"font-size: medium\">, qui constitue un conflit \u00e0 la fois plus \u00e9tendu et plus marqu\u00e9 par les id\u00e9ologies, scinde le monde en deux. On consid\u00e8re souvent que ce moment charni\u00e8re de l&rsquo;Histoire engendra de nouvelles probl\u00e9matiques\u00a0: c\u2019est le cas pour l&rsquo;humanitaire, dont les principes (notamment ceux d&rsquo;intervention et de neutralit\u00e9) se trouvent remis en cause. Les acteurs de l&rsquo;humanitaire doivent faire face \u00e0 un nouveau dilemme\u00a0: d\u00e9noncer ouvertement les crimes des r\u00e9gimes\u00a0<\/span><\/span><a href=\"http:\/\/www.grotius.fr\/laide-humanitaire-sous-lunion-sovietique\/\" target=\"_blank\"><span style=\"color: #ac0404\"><span style=\"font-size: medium\">communiste\u00a0<\/span><\/span><\/a><span style=\"color: #141412\"><span style=\"font-size: medium\">et\u00a0<\/span><\/span><a href=\"http:\/\/www.cairn.info\/zen.php?ID_ARTICLE=VING_101_0149\" target=\"_blank\"><span style=\"color: #ac0404\"><span style=\"font-size: medium\">nazi<\/span><\/span><\/a><span style=\"color: #141412\"><span style=\"font-size: medium\">, ou s&rsquo;en tenir \u00e0 une stricte application du principe de neutralit\u00e9 au nom de l&rsquo;urgence de son action (aide alimentaire, m\u00e9dicamenteuse etc&#8230;). <\/span><\/span><\/span><\/p>\n<p align=\"JUSTIFY\"><span style=\"font-family: Arial, sans-serif\"><span style=\"color: #141412\"><span style=\"font-size: medium\">D\u00e8s la fin de la Seconde Guerre Mondiale, la Guerre Froide pose \u00e0 l\u2019humanitaire un nouveau d\u00e9fi, cette fois de nature philosophique. Durant cette p\u00e9riode, les acteurs de l\u2019humanitaire doivent faire face aux deux blocs qui tentent de manipuler \u00e0 leur profit l&rsquo;ing\u00e9rence humanitaire. L\u2019examen des situations de conflits entre les deux grands Blocs (Vietnam, Cor\u00e9e, Afghanistan) semble indiquer que la Croix-Rouge fasse (au moins passivement) le jeu de l&rsquo;anti-communisme, l\u2019un des fers de lance de cette nouvelle Am\u00e9rique sortie grandie du second conflit mondial. L&rsquo;organisation humanitaire se retrouvera ainsi critiqu\u00e9e pour son \u00ab\u00a0inf\u00e9odation\u00a0\u00bb doctrinale. <\/span><\/span><\/span><\/p>\n<p align=\"JUSTIFY\"><span style=\"font-family: Arial, sans-serif\"><span style=\"color: #141412\"><span style=\"font-size: medium\">Dans le monde multipolaire d&rsquo;aujourd&rsquo;hui, la Croix-Rouge cherche d\u00e9sormais \u00e0 acqu\u00e9rir, confirmer et renforcer son autonomie politique ainsi que sa libert\u00e9 dans le choix de ses interventions, afin de poursuivre pleinement la mission que lui a confi\u00e9 Henry Dunant.<\/span><\/span><\/span><\/p>\n<p><a href=\"http:\/\/blogs.univ-jfc.fr\/projetcroixrouge\/bibliographie-2\/\"><span style=\"font-family: Arial, sans-serif\">Pour aller plus loin:<\/span><\/a><\/p>\n<p><span style=\"color: #000000\"><span style=\"font-family: Arial, sans-serif\"><span style=\"font-size: medium\">Guarisco Tom\u00e1s<\/span><\/span><\/span><\/p>\n","protected":false},"excerpt":{"rendered":"<p>Pour faire ressortir les \u00e9volutions de l&rsquo;action humanitaire de la Croix-Rouge, il est n\u00e9cessaire de montrer que ce mouvement, ax\u00e9 principalement sur les besoins humains, d\u00e9coule d&rsquo;une construction historique articul\u00e9e autour d&rsquo;une multitude de facteurs (conflit arm\u00e9, diplomatie, nouvelles conjonctures..). Quels sont les moments clefs qui ont permis ce d\u00e9veloppement\u00a0? Les d\u00e9buts du XX si\u00e8cle &hellip; <a href=\"https:\/\/blogs.univ-jfc.fr\/projetcroixrouge\/lhumanitaire-en-questions\/la-notion-daction-humanitaire\/lhumanitaire-face-aux-enjeux-du-xxieme-siecle\/\" class=\"more-link\">Continuer la lecture de <span class=\"screen-reader-text\">Mutation de la Croix-Rouge au contact des conflits mondiaux.<\/span> <span class=\"meta-nav\">&rarr;<\/span><\/a><\/p>\n","protected":false},"author":97,"featured_media":0,"parent":626,"menu_order":0,"comment_status":"closed","ping_status":"open","template":"","meta":[],"_links":{"self":[{"href":"https:\/\/blogs.univ-jfc.fr\/projetcroixrouge\/wp-json\/wp\/v2\/pages\/2244"}],"collection":[{"href":"https:\/\/blogs.univ-jfc.fr\/projetcroixrouge\/wp-json\/wp\/v2\/pages"}],"about":[{"href":"https:\/\/blogs.univ-jfc.fr\/projetcroixrouge\/wp-json\/wp\/v2\/types\/page"}],"author":[{"embeddable":true,"href":"https:\/\/blogs.univ-jfc.fr\/projetcroixrouge\/wp-json\/wp\/v2\/users\/97"}],"replies":[{"embeddable":true,"href":"https:\/\/blogs.univ-jfc.fr\/projetcroixrouge\/wp-json\/wp\/v2\/comments?post=2244"}],"version-history":[{"count":28,"href":"https:\/\/blogs.univ-jfc.fr\/projetcroixrouge\/wp-json\/wp\/v2\/pages\/2244\/revisions"}],"predecessor-version":[{"id":3532,"href":"https:\/\/blogs.univ-jfc.fr\/projetcroixrouge\/wp-json\/wp\/v2\/pages\/2244\/revisions\/3532"}],"up":[{"embeddable":true,"href":"https:\/\/blogs.univ-jfc.fr\/projetcroixrouge\/wp-json\/wp\/v2\/pages\/626"}],"wp:attachment":[{"href":"https:\/\/blogs.univ-jfc.fr\/projetcroixrouge\/wp-json\/wp\/v2\/media?parent=2244"}],"curies":[{"name":"wp","href":"https:\/\/api.w.org\/{rel}","templated":true}]}}