{"id":2249,"date":"2015-03-19T08:40:03","date_gmt":"2015-03-19T07:40:03","guid":{"rendered":"http:\/\/blogs.univ-jfc.fr\/projetcroixrouge\/?page_id=2249"},"modified":"2015-04-04T07:57:14","modified_gmt":"2015-04-04T06:57:14","slug":"les-benevoles-de-la-croix-rouge-tarnaise-2","status":"publish","type":"page","link":"https:\/\/blogs.univ-jfc.fr\/projetcroixrouge\/la-croix-rouge-tarnaise-des-hommes-et-des-femmes\/les-benevoles-de-la-croix-rouge-tarnaise-2\/","title":{"rendered":"Les b\u00e9n\u00e9voles de la Croix-Rouge tarnaise"},"content":{"rendered":"<figure style=\"width: 240px\" class=\"wp-caption alignright\"><a href=\"http:\/\/blogs.univ-jfc.fr\/projetcroixrouge\/wp-content\/uploads\/sites\/40\/2015\/03\/Palhares.jpg\"><img loading=\"lazy\" alt=\"Palhares\" src=\"http:\/\/blogs.univ-jfc.fr\/projetcroixrouge\/wp-content\/uploads\/sites\/40\/2015\/03\/Palhares-300x225.jpg\" width=\"240\" height=\"180\" \/><\/a><figcaption class=\"wp-caption-text\">Miguel Palhares, b\u00e9n\u00e9vole \u00e0 la Croix-Rouge.<\/figcaption><\/figure>\n<p align=\"JUSTIFY\"><span style=\"font-family: Arial,sans-serif\">Aujourd&rsquo;hui, la Croix-Rouge compte plus de 54\u00a0000 b\u00e9n\u00e9voles et 18\u00a0000 salari\u00e9s agissant dans le domaine sanitaire, m\u00e9dico-social et de la formation. Au sein d&rsquo;une association, un b\u00e9n\u00e9vole est une personne accomplissant des actions de mani\u00e8re volontaire \u00e0 but non lucratif c&rsquo;est-\u00e0-dire non r\u00e9mun\u00e9r\u00e9. Leur motivation et leur but commun qui sont d&rsquo;aider renforcent le c\u00f4t\u00e9 humain de l&rsquo;association. Dans le Tarn, on compte <a title=\"344 b\u00e9n\u00e9voles tarnais\" href=\"http:\/\/blogs.univ-jfc.fr\/projetcroixrouge\/la-croix-rouge-tarnaise-des-hommes-et-des-femmes\/les-benevoles-de-la-croix-rouge-tarnaise-2\/344-benevoles-tarnais\/\" target=\"_blank\">344 b\u00e9n\u00e9voles actifs \u00e0 la Croix-Rouge fran\u00e7aise.<\/a> On peut se demander qui sont-ils, quelles activit\u00e9s exercent-ils et quel est leur r\u00f4le\u00a0?<\/span><\/p>\n<figure style=\"width: 240px\" class=\"wp-caption alignleft\"><a href=\"http:\/\/blogs.univ-jfc.fr\/projetcroixrouge\/wp-content\/uploads\/sites\/40\/2015\/03\/Les-benevoles-apportent-du-reconfort-et-des-boissons-chaudes_slideshow.jpg\"><img loading=\"lazy\" class=\" \" alt=\"Les-benevoles-apportent-du-reconfort-et-des-boissons-chaudes_slideshow\" src=\"http:\/\/blogs.univ-jfc.fr\/projetcroixrouge\/wp-content\/uploads\/sites\/40\/2015\/03\/Les-benevoles-apportent-du-reconfort-et-des-boissons-chaudes_slideshow-300x189.jpg\" width=\"240\" height=\"151\" \/><\/a><figcaption class=\"wp-caption-text\"><a href=\"http:\/\/www.croix-rouge.fr\/Actualite\/150-ans-d-engagement-humanitaire\/De-l-assistance-sociale-a-la-solidarite-active\" target=\"_blank\">Distribution de boissons chaudes<\/a> par les b\u00e9n\u00e9voles de la Croix-Rouge.<\/figcaption><\/figure>\n<p align=\"JUSTIFY\"><span style=\"color: #000000\"><span style=\"font-family: Arial,sans-serif\"><span style=\"font-size: medium\">Le b\u00e9n\u00e9volat a toujours \u00e9t\u00e9 un \u00e9l\u00e9ment essentiel au sein de la Croix-Rouge. Depuis sa cr\u00e9ation, l&rsquo;association a toujours b\u00e9n\u00e9fici\u00e9 du d\u00e9vouement de ses adh\u00e9rents, mais ces b\u00e9n\u00e9voles ont chang\u00e9 au fil du temps arborant une identit\u00e9 diff\u00e9rente selon les \u00e9poques. Cette \u00e9volution est le r\u00e9sultat de conflits, de crises, de changements des mentalit\u00e9s ainsi que des habitudes sociales. <a title=\"Retour sur l\u2019\u00e9volution du profil des b\u00e9n\u00e9voles depuis sa cr\u00e9ation\" href=\"http:\/\/blogs.univ-jfc.fr\/projetcroixrouge\/la-croix-rouge-tarnaise-des-hommes-et-des-femmes\/les-benevoles-de-la-croix-rouge-tarnaise-2\/retour-sur-levolution-du-profil-des-benevoles-depuis-sa-creation\/\" target=\"_blank\">Quelle est l&rsquo;\u00e9volution du profil du b\u00e9n\u00e9vole de la Croix-Rouge depuis la cr\u00e9ation de cette association \u00e0 aujourd\u2019hui\u00a0?<\/a><\/span><\/span><\/span><\/p>\n<figure id=\"attachment_1855\" aria-describedby=\"caption-attachment-1855\" style=\"width: 240px\" class=\"wp-caption alignright\"><a href=\"http:\/\/blogs.univ-jfc.fr\/projetcroixrouge\/wp-content\/uploads\/sites\/40\/2015\/03\/10866860_901471659863649_1647397131_n.jpg\"><img loading=\"lazy\" class=\"wp-image-1855 \" alt=\"10866860_901471659863649_1647397131_n\" src=\"http:\/\/blogs.univ-jfc.fr\/projetcroixrouge\/wp-content\/uploads\/sites\/40\/2015\/03\/10866860_901471659863649_1647397131_n-300x182.jpg\" width=\"240\" height=\"146\" srcset=\"https:\/\/blogs.univ-jfc.fr\/projetcroixrouge\/wp-content\/uploads\/sites\/40\/2015\/03\/10866860_901471659863649_1647397131_n-300x182.jpg 300w, https:\/\/blogs.univ-jfc.fr\/projetcroixrouge\/wp-content\/uploads\/sites\/40\/2015\/03\/10866860_901471659863649_1647397131_n.jpg 763w\" sizes=\"(max-width: 240px) 100vw, 240px\" \/><\/a><figcaption id=\"caption-attachment-1855\" class=\"wp-caption-text\">Miguel Palhares, intervenant avec d&rsquo;autres b\u00e9n\u00e9voles sur un match de rugby : Castres-Olympique-Montpellier pour un joueur de Montpellier.<\/figcaption><\/figure>\n<p align=\"JUSTIFY\"><span style=\"font-family: Arial,sans-serif\">Il appara\u00eet clairement que la Croix-Rouge a \u00e9volu\u00e9. Depuis sa cr\u00e9ation le 25 Mai 1864 par Henri Dunant. On peut se demander quel sera le futur de la Croix-Rouge,<a title=\"Les b\u00e9n\u00e9voles de la Croix-Rouge demain ?\" href=\"http:\/\/blogs.univ-jfc.fr\/projetcroixrouge\/les-benevoles-de-la-croix-rouge-demain\/\" target=\"_blank\"> comment sera la Croix-Rouge demain\u00a0?<\/a> La Croix-Rouge a d\u00e9velopp\u00e9 l&rsquo;activit\u00e9 \u00ab\u00a0Urgence et Secourisme\u00a0\u00bb, derni\u00e8re activit\u00e9 cr\u00e9\u00e9e apr\u00e8s la Seconde Guerre mondiale. Dans un souhait de recherche de b\u00e9n\u00e9voles, la Croix-Rouge essaye de donner envie aux jeunes et aux retrait\u00e9s de s&rsquo;engager.<\/span><\/p>\n<p align=\"JUSTIFY\">R\u00e9dacteurs : BRAZ Kelly, DELBRUEL Vincent, MASSOL Lucas<\/p>\n<div>\n<p>&nbsp;<\/p>\n<\/div>\n","protected":false},"excerpt":{"rendered":"<p>Aujourd&rsquo;hui, la Croix-Rouge compte plus de 54\u00a0000 b\u00e9n\u00e9voles et 18\u00a0000 salari\u00e9s agissant dans le domaine sanitaire, m\u00e9dico-social et de la formation. Au sein d&rsquo;une association, un b\u00e9n\u00e9vole est une personne accomplissant des actions de mani\u00e8re volontaire \u00e0 but non lucratif c&rsquo;est-\u00e0-dire non r\u00e9mun\u00e9r\u00e9. Leur motivation et leur but commun qui sont d&rsquo;aider renforcent le c\u00f4t\u00e9 &hellip; <a href=\"https:\/\/blogs.univ-jfc.fr\/projetcroixrouge\/la-croix-rouge-tarnaise-des-hommes-et-des-femmes\/les-benevoles-de-la-croix-rouge-tarnaise-2\/\" class=\"more-link\">Continuer la lecture de <span class=\"screen-reader-text\">Les b\u00e9n\u00e9voles de la Croix-Rouge tarnaise<\/span> <span class=\"meta-nav\">&rarr;<\/span><\/a><\/p>\n","protected":false},"author":20,"featured_media":0,"parent":1045,"menu_order":2,"comment_status":"closed","ping_status":"open","template":"","meta":[],"_links":{"self":[{"href":"https:\/\/blogs.univ-jfc.fr\/projetcroixrouge\/wp-json\/wp\/v2\/pages\/2249"}],"collection":[{"href":"https:\/\/blogs.univ-jfc.fr\/projetcroixrouge\/wp-json\/wp\/v2\/pages"}],"about":[{"href":"https:\/\/blogs.univ-jfc.fr\/projetcroixrouge\/wp-json\/wp\/v2\/types\/page"}],"author":[{"embeddable":true,"href":"https:\/\/blogs.univ-jfc.fr\/projetcroixrouge\/wp-json\/wp\/v2\/users\/20"}],"replies":[{"embeddable":true,"href":"https:\/\/blogs.univ-jfc.fr\/projetcroixrouge\/wp-json\/wp\/v2\/comments?post=2249"}],"version-history":[{"count":27,"href":"https:\/\/blogs.univ-jfc.fr\/projetcroixrouge\/wp-json\/wp\/v2\/pages\/2249\/revisions"}],"predecessor-version":[{"id":3818,"href":"https:\/\/blogs.univ-jfc.fr\/projetcroixrouge\/wp-json\/wp\/v2\/pages\/2249\/revisions\/3818"}],"up":[{"embeddable":true,"href":"https:\/\/blogs.univ-jfc.fr\/projetcroixrouge\/wp-json\/wp\/v2\/pages\/1045"}],"wp:attachment":[{"href":"https:\/\/blogs.univ-jfc.fr\/projetcroixrouge\/wp-json\/wp\/v2\/media?parent=2249"}],"curies":[{"name":"wp","href":"https:\/\/api.w.org\/{rel}","templated":true}]}}