{"id":2299,"date":"2015-03-19T08:53:31","date_gmt":"2015-03-19T07:53:31","guid":{"rendered":"http:\/\/blogs.univ-jfc.fr\/projetcroixrouge\/?page_id=2299"},"modified":"2015-03-19T09:31:55","modified_gmt":"2015-03-19T08:31:55","slug":"en-savoir-plus-sur-la-croix-rouge-tarnaise-dans-le-reseau-national-au-debut-du-xxie-siecle","status":"publish","type":"page","link":"https:\/\/blogs.univ-jfc.fr\/projetcroixrouge\/en-savoir-plus-sur-la-croix-rouge-tarnaise-dans-le-reseau-national-au-debut-du-xxie-siecle\/","title":{"rendered":"En savoir plus sur : La Croix-Rouge tarnaise dans le r\u00e9seau national au d\u00e9but du XXIe si\u00e8cle"},"content":{"rendered":"<p align=\"LEFT\"><span style=\"color: #000000\">\u2666 Fr\u00e9d\u00e9ric Pineau,<i> La Croix-Rouge fran\u00e7aise<\/i>, 150 ans d\u2019histoire, Ed autrement, Paris, 2014.<\/span><\/p>\n<p align=\"LEFT\"><span style=\"color: #000000\">\u2666 <span style=\"font-size: medium\">La <\/span><span style=\"font-size: medium\">Croix-Rouge, <i>R\u00e8glement int\u00e9rieur<\/i>, 2012<\/span><\/span><\/p>\n<p align=\"LEFT\">\u2666 <span style=\"font-size: medium\">La Croix-Rouge,<i> Les statuts<\/i>, 2012<\/span><\/p>\n<p align=\"LEFT\"><span style=\"color: #000000\">\u2666 La Croix-Rouge,<i> Le projet associatif de la Croix-<\/i><i>R<\/i><i>ouge fran\u00e7aise<\/i><\/span><\/p>\n<p align=\"LEFT\">Vous pouvez trouver ces trois derniers documents sur le site suivant: http:\/\/www.croix-rouge.fr\/<\/p>\n","protected":false},"excerpt":{"rendered":"<p>\u2666 Fr\u00e9d\u00e9ric Pineau, La Croix-Rouge fran\u00e7aise, 150 ans d\u2019histoire, Ed autrement, Paris, 2014. \u2666 La Croix-Rouge, R\u00e8glement int\u00e9rieur, 2012 \u2666 La Croix-Rouge, Les statuts, 2012 \u2666 La Croix-Rouge, Le projet associatif de la Croix-Rouge fran\u00e7aise Vous pouvez trouver ces trois derniers documents sur le site suivant: http:\/\/www.croix-rouge.fr\/<\/p>\n","protected":false},"author":157,"featured_media":0,"parent":0,"menu_order":0,"comment_status":"closed","ping_status":"open","template":"","meta":[],"_links":{"self":[{"href":"https:\/\/blogs.univ-jfc.fr\/projetcroixrouge\/wp-json\/wp\/v2\/pages\/2299"}],"collection":[{"href":"https:\/\/blogs.univ-jfc.fr\/projetcroixrouge\/wp-json\/wp\/v2\/pages"}],"about":[{"href":"https:\/\/blogs.univ-jfc.fr\/projetcroixrouge\/wp-json\/wp\/v2\/types\/page"}],"author":[{"embeddable":true,"href":"https:\/\/blogs.univ-jfc.fr\/projetcroixrouge\/wp-json\/wp\/v2\/users\/157"}],"replies":[{"embeddable":true,"href":"https:\/\/blogs.univ-jfc.fr\/projetcroixrouge\/wp-json\/wp\/v2\/comments?post=2299"}],"version-history":[{"count":6,"href":"https:\/\/blogs.univ-jfc.fr\/projetcroixrouge\/wp-json\/wp\/v2\/pages\/2299\/revisions"}],"predecessor-version":[{"id":2455,"href":"https:\/\/blogs.univ-jfc.fr\/projetcroixrouge\/wp-json\/wp\/v2\/pages\/2299\/revisions\/2455"}],"wp:attachment":[{"href":"https:\/\/blogs.univ-jfc.fr\/projetcroixrouge\/wp-json\/wp\/v2\/media?parent=2299"}],"curies":[{"name":"wp","href":"https:\/\/api.w.org\/{rel}","templated":true}]}}