{"id":2311,"date":"2015-03-19T10:18:56","date_gmt":"2015-03-19T09:18:56","guid":{"rendered":"http:\/\/blogs.univ-jfc.fr\/projetcroixrouge\/?page_id=2311"},"modified":"2015-03-26T09:59:50","modified_gmt":"2015-03-26T08:59:50","slug":"i-lhistoire-des-ong-et-des-oi","status":"publish","type":"page","link":"https:\/\/blogs.univ-jfc.fr\/projetcroixrouge\/la-croix-rouge-et-le-monde\/la-croix-rouge-et-les-ong\/i-lhistoire-des-ong-et-des-oi\/","title":{"rendered":"I\/ L&rsquo;Histoire des ONG et des OI:"},"content":{"rendered":"<p style=\"text-align: justify\" align=\"justify\"><span style=\"font-family: Arial,sans-serif\"><span style=\"font-size: medium\">Les ONG (Organisations Non Gouvernementales) et les OI (Organisations Internationales), jouent depuis plus d&rsquo;un si\u00e8cle un r\u00f4le important dans les relations internationales. Elles ont connu au cours du XXe si\u00e8cle un d\u00e9veloppement notable qu&rsquo;illustre le tableaux ci-dessous.<\/span><\/span><\/p>\n<table border=\"0\" cellspacing=\"0\">\n<tbody>\n<tr>\n<td align=\"center\" height=\"29\"><b>\u00a0<\/b><\/td>\n<td align=\"center\"><b>1909<\/b><\/td>\n<td align=\"center\"><b>1956<\/b><\/td>\n<td align=\"center\"><b>1960<\/b><\/td>\n<td align=\"center\"><b>1968<\/b><\/td>\n<td align=\"center\"><b>1981<\/b><\/td>\n<td align=\"center\"><b>1985<\/b><\/td>\n<td align=\"center\"><b>1987<\/b><\/td>\n<td align=\"center\"><b>1992<\/b><\/td>\n<td align=\"center\"><b>2000<\/b><\/td>\n<td align=\"center\"><b>2004<\/b><\/td>\n<td align=\"center\"><b>2008<\/b><\/td>\n<\/tr>\n<tr>\n<td align=\"center\" height=\"27\"><b>OIG<\/b><\/td>\n<td align=\"center\">37<\/td>\n<td align=\"center\">132<\/td>\n<td align=\"center\">154<\/td>\n<td align=\"center\">222<\/td>\n<td align=\"center\">337<\/td>\n<td align=\"center\">378<\/td>\n<td align=\"center\">311<\/td>\n<td align=\"center\">286<\/td>\n<td align=\"center\">243<\/td>\n<td align=\"center\">246<\/td>\n<td align=\"center\">247<\/td>\n<\/tr>\n<tr>\n<td align=\"center\" height=\"28\"><b>ONG<\/b><\/td>\n<td align=\"center\">176<\/td>\n<td align=\"center\">973<\/td>\n<td align=\"center\">1255<\/td>\n<td align=\"center\">1899<\/td>\n<td align=\"center\">4265<\/td>\n<td align=\"center\">4676<\/td>\n<td align=\"center\">4546<\/td>\n<td align=\"center\">4696<\/td>\n<td align=\"center\">6357<\/td>\n<td align=\"center\">7306<\/td>\n<td align=\"center\">8003<\/td>\n<\/tr>\n<\/tbody>\n<\/table>\n<p style=\"text-align: justify\" align=\"left\"><span style=\"font-family: Times New Roman,serif\"><span style=\"font-size: medium\"><i>DEVIN Guillaume et SMOUTS Marie-Claude, <span style=\"text-decoration: underline\">Les Organisations Internationales<\/span>, 2011, Armand Colin, Paris, collection U.<\/i><\/span><\/span><\/p>\n<p align=\"justify\"><span style=\"font-family: Arial,sans-serif\"><span style=\"font-size: medium\">Cette \u00e9volution est d\u00fb \u00e0 des liens entre ONG et OI (le nom \u00ab\u00a0ONG\u00a0\u00bb est reconnu en 1945, ce qui pousse \u00e0 la cr\u00e9ation des ONG) mais peut \u00eatre aussi d\u00fb \u00e0 des diff\u00e9rends (les pays se d\u00e9tournent des OI pour financer l&rsquo;ONU), ce qui donne des chiffres en perp\u00e9tuel mouvement. On voit ainsi une diff\u00e9rence de d\u00e9veloppement entre les ONG et les OI. D\u00e9j\u00e0 au d\u00e9but du XXe si\u00e8cle, le nombre des ONG \u00e9tait sup\u00e9rieur \u00e0 celui des OI. De plus, le nombre des ONG ne cesse de cro\u00eetre jusqu&rsquo;en 2008, alors que celui des OI chute de 1985 \u00e0 2008. Ces \u00e9volutions diff\u00e9rentes peuvent s&rsquo;expliquer de plusieurs mani\u00e8res. Tout d&rsquo;abord, la cr\u00e9ation de l&rsquo;ONU en 1946, date \u00e0 partir de laquelle les pays se d\u00e9tournent de certaines OI pour l&rsquo;ONU\u00a0: les OI d\u00e9pendant du financement des \u00c9tats se retrouvent donc sans argent, et donc sans champs d&rsquo;action possible car elles n&rsquo;ont plus de moyens financiers pour r\u00e9agir et pour intervenir. Cela entra\u00eene la disparition de certaines OI ne pouvant survivre. Cette diff\u00e9rence entre ONG et OI peut aussi s&rsquo;expliquer par le changement de statut des ONG. En effet, le terme \u00ab\u00a0ONG\u00a0\u00bb est reconnu dans le vocabulaire international \u00e0 partir de 1945 dans l&rsquo;article 71 de la Charte des Nations Unies. Ce changement de statut permet ainsi aux ONG d&rsquo;avoir une plus grande influence sur les pays et donc de r\u00e9agir de mani\u00e8re plus dynamique puisqu&rsquo;elles sont reconnus dans les relations internationales\u00a0: elles poss\u00e8dent un statut au m\u00eame titre que les OI. De plus, de nouveaux enjeux apparaissent apr\u00e8s la Seconde Guerre Mondiale comme l&rsquo;\u00e9cologie notamment qui prend de plus en plus de place dans les affaires internationales (comme la cr\u00e9ation de l&rsquo;ONG Greenpeace fond\u00e9e en 1970, ou WWF, World Wildlife Fund, en 1961 qu&rsquo;on peut traduire en fran\u00e7ais par, \u00ab\u00a0les fonds mondiaux pour la nature\u00a0\u00bb pour la protection de l&rsquo;environnement).<\/span><\/span><\/p>\n<p align=\"justify\"><span style=\"font-family: Arial,sans-serif\"><span style=\"font-size: medium\"><a href=\"http:\/\/blogs.univ-jfc.fr\/projetcroixrouge\/wp-content\/uploads\/sites\/40\/2015\/03\/torture__801.jpg\"><img loading=\"lazy\" class=\"size-medium wp-image-2622 alignleft\" alt=\"Iggy Pop et la pub d'Amnesty International.\" src=\"http:\/\/blogs.univ-jfc.fr\/projetcroixrouge\/wp-content\/uploads\/sites\/40\/2015\/03\/torture__801-211x300.jpg\" width=\"211\" height=\"300\" srcset=\"https:\/\/blogs.univ-jfc.fr\/projetcroixrouge\/wp-content\/uploads\/sites\/40\/2015\/03\/torture__801-211x300.jpg 211w, https:\/\/blogs.univ-jfc.fr\/projetcroixrouge\/wp-content\/uploads\/sites\/40\/2015\/03\/torture__801.jpg 501w\" sizes=\"(max-width: 211px) 100vw, 211px\" \/><\/a><\/span><\/span><span style=\"font-family: Arial,sans-serif\"><span style=\"font-size: medium\">Les OI doivent \u00e9galement faire appel aux ONG pour r\u00e9agir. En effet apr\u00e8s la Seconde Guerre Mondiale, on voit que des ONG (comme Oxfam ou Care) ainsi que des OI (comme le CICR) participent ensemble \u00e0 la reconstruction de l&rsquo;Europe. Mais on peut aussi voir que ONG et OI collaborent lors des conventions comme la convention de Gen\u00e8ve de 1949, qui traite du droit des prisonniers de guerre et des malades et bless\u00e9s des forces arm\u00e9es sur terre. Cependant, le fait que le nombre des ONG soit plus important tient aussi de l&rsquo;argent des donateurs qui les rendent plus puissantes et donc de r\u00e9agir sur plusieurs fronts. En effet, avec l&rsquo;argent, les ONG peuvent investir dans de la nourriture et\/ou dans des abris ou autres, se qui permet d&rsquo;intervenir de mani\u00e8re efficace et rapidement. On peut ainsi prendre plusieurs exemples. Tout d&rsquo;abord celui d&rsquo;Action contre la Faim, qui a produit un disque avec des artistes connus de la m\u00eame fa\u00e7on que les Restos du C\u0153ur avec les Enfoir\u00e9s. Certaines ONG comme Amnesty International optent pour une campagne dite \u00ab\u00a0choc\u00a0\u00bb pour marquer les esprits et pousser les gens \u00e0 donner, au point d&rsquo;utiliser l&rsquo;image de certaines stars sans m\u00eame demander leur permission (d&rsquo;autres photos sont aussi apparues avec le Dala\u00ee Lama et Karl Lagerfeld). Mais cette fa\u00e7on de se m\u00e9diatiser en ne prenant pas compte du droit \u00e0 l&rsquo;image par Amnesty Internartional peut se comprendre, car en r\u00e9agissant de cette mani\u00e8re, en plus de marquer les esprits ils font parler d&rsquo;eux. Au final, avec la m\u00eame image, on parle de l&rsquo;ONG deux fois plus\u00a0: \u00e0 la fois pour l&rsquo;aspect choquant et pour le c\u00f4t\u00e9 \u00ab\u00a0rebelle\u00a0\u00bb. Mais cela peut se comprendre, car leur but est de toucher l&rsquo;opinion public et pousser les gens \u00e0 donner, car c&rsquo;est ainsi qu&rsquo;ils peuvent survivre et r\u00e9agir.<\/span><\/span><\/p>\n<p align=\"justify\"><a title=\"Bibliographie\" href=\"http:\/\/blogs.univ-jfc.fr\/projetcroixrouge\/bibliographie-2\/\" target=\"_blank\"><em>Pour aller plus loin<\/em><\/a><\/p>\n","protected":false},"excerpt":{"rendered":"<p>Les ONG (Organisations Non Gouvernementales) et les OI (Organisations Internationales), jouent depuis plus d&rsquo;un si\u00e8cle un r\u00f4le important dans les relations internationales. Elles ont connu au cours du XXe si\u00e8cle un d\u00e9veloppement notable qu&rsquo;illustre le tableaux ci-dessous. \u00a0 1909 1956 1960 1968 1981 1985 1987 1992 2000 2004 2008 OIG 37 132 154 222 337 &hellip; <a href=\"https:\/\/blogs.univ-jfc.fr\/projetcroixrouge\/la-croix-rouge-et-le-monde\/la-croix-rouge-et-les-ong\/i-lhistoire-des-ong-et-des-oi\/\" class=\"more-link\">Continuer la lecture de <span class=\"screen-reader-text\">I\/ L&rsquo;Histoire des ONG et des OI:<\/span> <span class=\"meta-nav\">&rarr;<\/span><\/a><\/p>\n","protected":false},"author":126,"featured_media":0,"parent":112,"menu_order":3,"comment_status":"closed","ping_status":"open","template":"","meta":[],"_links":{"self":[{"href":"https:\/\/blogs.univ-jfc.fr\/projetcroixrouge\/wp-json\/wp\/v2\/pages\/2311"}],"collection":[{"href":"https:\/\/blogs.univ-jfc.fr\/projetcroixrouge\/wp-json\/wp\/v2\/pages"}],"about":[{"href":"https:\/\/blogs.univ-jfc.fr\/projetcroixrouge\/wp-json\/wp\/v2\/types\/page"}],"author":[{"embeddable":true,"href":"https:\/\/blogs.univ-jfc.fr\/projetcroixrouge\/wp-json\/wp\/v2\/users\/126"}],"replies":[{"embeddable":true,"href":"https:\/\/blogs.univ-jfc.fr\/projetcroixrouge\/wp-json\/wp\/v2\/comments?post=2311"}],"version-history":[{"count":4,"href":"https:\/\/blogs.univ-jfc.fr\/projetcroixrouge\/wp-json\/wp\/v2\/pages\/2311\/revisions"}],"predecessor-version":[{"id":2699,"href":"https:\/\/blogs.univ-jfc.fr\/projetcroixrouge\/wp-json\/wp\/v2\/pages\/2311\/revisions\/2699"}],"up":[{"embeddable":true,"href":"https:\/\/blogs.univ-jfc.fr\/projetcroixrouge\/wp-json\/wp\/v2\/pages\/112"}],"wp:attachment":[{"href":"https:\/\/blogs.univ-jfc.fr\/projetcroixrouge\/wp-json\/wp\/v2\/media?parent=2311"}],"curies":[{"name":"wp","href":"https:\/\/api.w.org\/{rel}","templated":true}]}}