{"id":2321,"date":"2015-03-19T09:19:05","date_gmt":"2015-03-19T08:19:05","guid":{"rendered":"http:\/\/blogs.univ-jfc.fr\/projetcroixrouge\/?page_id=2321"},"modified":"2015-04-04T09:13:59","modified_gmt":"2015-04-04T08:13:59","slug":"levolution-du-statut-des-femmes-dans-la-croix-rouge","status":"publish","type":"page","link":"https:\/\/blogs.univ-jfc.fr\/projetcroixrouge\/la-croix-rouge-tarnaise-des-hommes-et-des-femmes\/les-femmes-de-la-croix-rouge\/levolution-du-statut-des-femmes-dans-la-croix-rouge\/","title":{"rendered":"L&rsquo;\u00e9volution du statut des femmes dans la Croix-Rouge"},"content":{"rendered":"<p align=\"JUSTIFY\"><span style=\"font-family: Arial, sans-serif\"><span style=\"font-size: medium\"><b>Deux organisations fondatrices\u00a0:<\/b><b> L&rsquo;Association des Dames Fran\u00e7aises et l&rsquo;Union des Femmes de Franc<\/b><b>e<\/b><\/span><\/span><\/p>\n<p align=\"JUSTIFY\"><span style=\"font-family: Arial, sans-serif\"><span style=\"font-size: medium\">A sa cr\u00e9ation, l<\/span><\/span><span style=\"font-family: Arial, sans-serif\"><span style=\"font-size: medium\">a <\/span><\/span><span style=\"font-family: Arial, sans-serif\"><span style=\"font-size: medium\">Soci\u00e9t\u00e9 de Secours aux Bless\u00e9s militaires &#8211; SSBM &#8211;<\/span><\/span><span style=\"font-family: Arial, sans-serif\"><span style=\"font-size: medium\">,<\/span><\/span><span style=\"font-family: Arial, sans-serif\"><span style=\"font-size: medium\"> est dirig\u00e9e par un conseil central compos\u00e9 de cinquante membres exclusivement masculins. Mais les femmes ne sont pas totalement exclues de la direction. Effectivement, le conseil nomme un \u00ab\u00a0comit\u00e9 des dames\u00a0\u00bb de cinquante personnes, \u00e0 la t\u00eate duquel sont plac\u00e9es plusieurs <\/span><\/span><span style=\"font-family: Arial, sans-serif\"><span style=\"font-size: medium\">vice-pr\u00e9sidentes et une pr\u00e9sidente g\u00e9n\u00e9rale. Malgr\u00e9 cela, les fonctions exerc\u00e9es par les femmes sont secondaires et soumises aux directives du conseil masculin. Les femmes poss\u00e8dent des t\u00e2ches administratives et pratiques et leur avis n&rsquo;est quasiment pas consult\u00e9 dans la politique de l&rsquo;\u0153uvre.<\/span><\/span><\/p>\n<p align=\"JUSTIFY\"><span style=\"font-family: Arial, sans-serif\"><span style=\"font-size: medium\">En prenant l&rsquo;exemple de l&rsquo;Union patriotique des Dames Allemandes, le docteur <span style=\"color: #000000\">Auguste Duchausso<\/span><span style=\"color: #000000\">y<\/span>, professeur agr\u00e9g\u00e9 \u00e0 la facult\u00e9 de m\u00e9decine, cr\u00e9e avec <span style=\"color: #0000ff\"><a title=\"Emma Koechlin-Swartch\" href=\"http:\/\/blogs.univ-jfc.fr\/projetcroixrouge\/la-croix-rouge-tarnaise-des-hommes-et-des-femmes\/les-femmes-de-la-croix-rouge\/levolution-du-statut-des-femmes-dans-la-croix-rouge\/emma-koechlin-swartch\/\">Emma Keochlin-Schwartz<\/a>,<\/span>\u00a0l&rsquo;Association des Dames Fran\u00e7aises &#8211; ADF &#8211; en 1879, afin d&rsquo;int\u00e9grer les femmes dans la Croix-Rouge et pour qu&rsquo;elles n&rsquo;aient plus un r\u00f4le figuratif au sein du groupe. L&rsquo;ADF accorde une place plus importante aux femmes, en particulier dans les prises de d\u00e9cisions du conseil central. <\/span><\/span><\/p>\n<p align=\"JUSTIFY\"><span style=\"font-family: Arial, sans-serif\"><span style=\"font-size: medium\">En revanche, en 1881 appara\u00eet des d\u00e9saccords sur la conception de l\u2019ADF. La m\u00e9thode de l&rsquo;enseignement ne convenant pas et la place non suffisante des femmes dans la Croix-Rouge, pousse Emme Koechlin-Schwartz \u00e0 cr\u00e9er l&rsquo;Union des Femmes de France -UFF-. Cette association, exclusivement dirig\u00e9e par des femmes, r\u00e9sulte d&rsquo;une r\u00e9elle volont\u00e9 de diriger et de prendre des d\u00e9cisions de mani\u00e8re libre.<\/span><\/span><\/p>\n<p align=\"JUSTIFY\"><span style=\"font-family: Arial, sans-serif\"><span style=\"font-size: medium\">La cr\u00e9ation de ces deux institutions au sein de la Croix-Rouge pousse donc la SSBM \u00e0 prendre en compte de mani\u00e8re plus importante le r\u00f4le des femmes. L&rsquo;\u00e9laboration de ces associations permet en effet d\u2019accepter de leur procurer de nouveaux statuts. Il faut savoir qu&rsquo;auparavant la SSBM n&rsquo;\u00e9tait pas convaincue de l&rsquo;utilit\u00e9 des dames de la <span style=\"color: #000000\">Croix- Rouge.<\/span><a href=\"#sdfootnote1sym\"><sup><br \/>\n<\/sup><\/a><\/span><\/span><\/p>\n<p align=\"JUSTIFY\"><span style=\"font-family: Arial, sans-serif\"><span style=\"font-size: medium\">Cependant, Daniel Palmeri dans son article <i>Guerre, humanit\u00e9 et f\u00e9minit\u00e9: le Comit\u00e9 international de la Croix-Rouge et les femmes (1861-1965)<\/i> extrait du livre<i> Femmes et relations internationales au XX<\/i><\/span><\/span><span style=\"color: #000000\"><span style=\"font-family: 'Times New Roman', serif\"><span style=\"font-size: medium\"><em><sup><span style=\"font-family: Arial, sans-serif\">e\u00a0<\/span><\/sup><\/em><\/span><\/span><\/span><span style=\"font-family: Arial, sans-serif\"><span style=\"font-size: medium\"><i>si\u00e8cle <\/i>met notamment en avant que les femmes \u00e9lues au sein du CICR ne seraient pas le fruit du hasard. En effet selon lui, l&rsquo;\u00e9lection des femmes dans le CICR r\u00e9pond \u00e0 des crit\u00e8res bien pr\u00e9cis comme notamment celui de la religion, de la nationalit\u00e9, le milieu social, et la tradition familiale. L&rsquo;acceptation des femmes au sein de la Croix-Rouge semble donc pendant un certain temps bas\u00e9 sur le statut plut\u00f4t que sur le sexe.<\/span><\/span><\/p>\n<p><strong><span style=\"font-family: Arial, sans-serif\">Les femmes dans les conflits\u00a0: un renouveau de la condition f\u00e9minine<\/span><\/strong><\/p>\n<p style=\"text-align: justify\"><span style=\"font-family: Arial, sans-serif\"><span style=\"font-family: 'Source Sans Pro', Helvetica, sans-serif;font-size: 16px;line-height: 1.5;color: #000000\"><span style=\"font-family: Arial, sans-serif\"><span style=\"font-size: medium\">A l&rsquo;issu des deux conflits mondiaux de 1914 \u00e0 1945, on observe que les femmes tendent \u00e0 une \u00e9mancipation politique, \u00e9conomique et sociale. En effet, lors de la Premi\u00e8re Guerre mondiale,<\/span><\/span><\/span><span style=\"font-size: 16px;line-height: 1.5\"> la cr\u00e9ation d&rsquo;un nouveau mouvement f\u00e9ministe accro\u00eet leurs revendications d&rsquo;instruction et d&rsquo;acc\u00e8s au droit de vote. Les femmes se mettent en avant et veulent se faire entendre tant \u00e0 la Croix-Rouge, en ayant la volont\u00e9 d&rsquo;acc\u00e8s aux formations et \u00e0 des postes \u00e0 responsabilit\u00e9, que dans la vie de la soci\u00e9t\u00e9 de l&rsquo;\u00e9poque. Cette augmentation du nombre de travailleuses r\u00e9volutionne l&rsquo;image de la femme traditionnelle au foyer, m\u00eame si elles ont toujours exerc\u00e9 une activit\u00e9 professionnelle. N\u00e9anmoins, <\/span><span style=\"font-family: 'Source Sans Pro', Helvetica, sans-serif;font-size: 16px;line-height: 1.5;color: #000000\"><span style=\"font-family: Arial, sans-serif\"><span style=\"font-size: medium\">l&rsquo;engagement des femmes n&rsquo;a pas emp\u00each\u00e9 les hommes de reprendre leurs emplois, lors de l&rsquo;entre-deux guerres, les remettant face \u00e0 leur r\u00f4le traditionnel d&rsquo;\u00e9pouses et de m\u00e8res. <\/span><\/span><\/span><span style=\"font-family: 'Source Sans Pro', Helvetica, sans-serif;font-size: 16px;line-height: 1.5;color: #000000\"><span style=\"font-family: Arial, sans-serif\"><span style=\"font-size: medium\">C&rsquo;est la raison pour laquelle Fran\u00e7oise Battagliola dans<\/span><\/span><\/span><span style=\"font-family: 'Source Sans Pro', Helvetica, sans-serif;font-size: 16px;line-height: 1.5;color: #000000\"><span style=\"font-family: Arial, sans-serif\"><span style=\"font-size: medium\"><i> Histoire du travail des Femmes<\/i><\/span><\/span><\/span><span style=\"font-family: 'Source Sans Pro', Helvetica, sans-serif;font-size: 16px;line-height: 1.5;color: #000000\"><span style=\"font-family: Arial, sans-serif\"><span style=\"font-size: medium\">\u00a0explique que les historiens des ann\u00e9es 1980 parlent de relativiser cette \u00e9volution soudaine du statut des femmes et que cet impact n&rsquo;est en r\u00e9alit\u00e9 pas durable. <\/span><\/span><\/span><\/span><\/p>\n<p style=\"text-align: justify\"><span style=\"font-family: Arial, sans-serif\"><span style=\"font-family: 'Source Sans Pro', Helvetica, sans-serif;font-size: 16px;line-height: 1.5;color: #000000\"><span style=\"font-family: Arial, sans-serif\"><span style=\"font-size: medium\">Lors de la Seconde Guerre mondiale, les femmes se voient confier de nouvelles t\u00e2ches.\u00a0<\/span><\/span><\/span><\/span><span style=\"color: #000000\"><span style=\"font-family: Arial, sans-serif\"><span style=\"font-size: medium\">Elles sont \u00e0 l\u2019origine de la cr\u00e9ation des fameuses sections d\u2019IPSA -Infirmi\u00e8res pilotes secouristes de l\u2019air- en 1934. Elles suivent \u00e9galement les arm\u00e9es alli\u00e9es et participent au d\u00e9barquement, \u00e0 la Lib\u00e9ration et aux rapatriements des prisonniers et des d\u00e9port\u00e9s.\u00a0<\/span><\/span><\/span><span style=\"font-family: Arial, sans-serif\"><span style=\"font-size: medium\">Le deuxi\u00e8me conflit mondial marque \u00e9galement la fusion des trois associations UFF, ADF et SSBM qui prendront le nom de la Croix-Rouge en 1940. Loin d&rsquo;\u00eatre anodine, la r\u00e9union de ces trois associations marque l&rsquo;int\u00e9gration des femmes dans l&rsquo;institution et fait passer le message d&rsquo;une reconnaissance envers leurs efforts. <\/span><\/span><span style=\"color: #000000\"><span style=\"font-family: Arial, sans-serif\"><span style=\"font-size: medium\">La fin de la Seconde Guerre mondiale pose le principe de l&rsquo;\u00e9galit\u00e9 des sexes. L&rsquo;ordonnance du 21 avril 1944 pr\u00e9par\u00e9 \u00e0 Alger par le CFLN -Comit\u00e9 Fran\u00e7ais de la Lib\u00e9ration Nationale- et sign\u00e9 par De Gaulle donne le droit de vote aux femmes tant r\u00e9clam\u00e9 depuis les ann\u00e9es vingt et trente. De plus lors du pr\u00e9ambule de la constitution de la Quatri\u00e8me R\u00e9publique, \u00ab\u00a0la loi garantit \u00e0 la femme, dans tous les domaines, des droits \u00e9gaux \u00e0 ceux de l&rsquo;homme\u00a0\u00bb. En revanche il faut attendre l&rsquo;\u00e9pisode de mai 1968 pour qu&rsquo;elles connaissent une v\u00e9ritable <\/span><\/span><\/span><span style=\"color: #000000\"><span style=\"font-family: Arial, sans-serif\"><span style=\"font-size: medium\">ascension sociale.<\/span><\/span><\/span><\/p>\n<div>\n<p align=\"JUSTIFY\"><span style=\"color: #000000\"><span style=\"font-family: Arial, sans-serif\"><span style=\"font-size: medium\"><b>Les femmes de la Croix-Rouge depuis 1968<\/b><\/span><\/span><\/span><\/p>\n<figure id=\"attachment_2920\" aria-describedby=\"caption-attachment-2920\" style=\"width: 150px\" class=\"wp-caption alignright\"><a href=\"http:\/\/blogs.univ-jfc.fr\/projetcroixrouge\/wp-content\/uploads\/sites\/40\/2015\/03\/C-Roger-Viollet_medium-187.jpg\"><img loading=\"lazy\" class=\"size-full wp-image-2920 \" title=\"\u00c9vacuation d'un \u00e9tudiant dans le Quartier Latin \u00e0 Paris, mai 1968\" alt=\"Photographie de Roger Viollet, mai 1968\" src=\"http:\/\/blogs.univ-jfc.fr\/projetcroixrouge\/wp-content\/uploads\/sites\/40\/2015\/03\/C-Roger-Viollet_medium-187.jpg\" width=\"150\" height=\"220\" \/><\/a><figcaption id=\"caption-attachment-2920\" class=\"wp-caption-text\">Photographie de Roger Viollet, mai 1968<\/figcaption><\/figure>\n<p style=\"text-align: justify\"><span style=\"color: #000000\"><span style=\"font-family: Arial, sans-serif\"><span style=\"font-size: medium\">La femme de la Croix-Rouge n&rsquo;est plus consid\u00e9r\u00e9e comme inf\u00e9rieure aujourd&rsquo;hui et elle est int\u00e9gr\u00e9e de la m\u00eame fa\u00e7on que les hommes. Elle a m\u00eame l&rsquo;avantage du nombre, toujours tr\u00e8s largement majoritaire. En revanche, avant d&rsquo;en arriver l\u00e0, il a fallu qu&rsquo;elles affrontent un \u00e9pisode particuli\u00e8rement important pour leur ascension dans la soci\u00e9t\u00e9 et par cons\u00e9quent dans la Croix-Rouge\u00a0: la crise de mai 1968.<\/span><\/span><\/span><\/p>\n<p align=\"JUSTIFY\"><span style=\"color: #000000\"><span style=\"font-family: Arial, sans-serif\"><span style=\"font-size: medium\">La Croix-Rouge agit en neutralit\u00e9 en portant secours autant aux manifestants qu&rsquo;aux forces de l&rsquo;ordre. 450 interventions, 150 \u00e9vacuations et pr\u00e8s de 250 secouristes ont \u00e9t\u00e9 pr\u00e9sents, et leur aide fut bien pr\u00e9cieuse notamment lors de la violente manifestation du Quartier Latin qui se d\u00e9roula la nuit du 24 mai au 25 mai 1968. Les revendications de mai 1968 pass\u00e9es, elles peuvent d\u00e9sormais porter un pantalon, symbole d&rsquo;\u00e9volution des m\u0153urs, de lib\u00e9ration et de r\u00e9volution sexuelle.\u00a0<\/span><\/span><\/span><\/p>\n<p align=\"JUSTIFY\"><span style=\"color: #000000\"><span style=\"font-family: Arial, sans-serif\"><span style=\"font-size: medium\">La nouvelle femme de l&rsquo;apr\u00e8s 1968 est celle qui conna\u00eet une ascension. En effet elles n&rsquo;acc\u00e8dent plus seulement \u00e0 des postes directionnels gr\u00e2ce \u00e0 leur talent, mais sont d\u00e9sormais des femmes qui partent \u00e0 travers le monde et qui peuvent exercer leur m\u00e9tier sans opposition.<\/span><\/span><\/span><span style=\"font-size: medium;font-family: Arial, sans-serif;color: #000000;line-height: 1.5\">\u00a0C&rsquo;est la femme qui peut \u00eatre directrice, sans avoir besoin d&rsquo;avoir \u00e9t\u00e9 la plus courageuse des r\u00e9sistantes lors des conflits mondiaux, ou qui n&rsquo;est pas forc\u00e9ment issue de l&rsquo;aristocratie ou d&rsquo;une bonne famille. La nouvelle femme de la Croix-Rouge, c&rsquo;est la femme qui apr\u00e8s tant de lutte, peut acc\u00e9der \u00e0 un pouvoir et obtenir une reconnaissanc<\/span><span style=\"font-size: medium;font-family: Arial, sans-serif;color: #000000;line-height: 1.5\">e.\u00a0<\/span><span style=\"color: #000000\"><span style=\"font-size: medium\"><span style=\"font-family: Arial, sans-serif\">Le r\u00f4le et le statut des femmes au sein de la Croix-Rouge s&rsquo;affirment, puisque le r\u00f4le traditionnel de la femme infirmi\u00e8re laisse place \u00e0 la femme chef de projet, plus du tout cantonn\u00e9e au foyer mais voyageant \u00e0 travers le monde<\/span>.<\/span><\/span><\/p>\n<p align=\"JUSTIFY\"><span style=\"color: #000000\"><span style=\"font-family: 'Times New Roman', serif\"><span style=\"font-size: medium\"><span style=\"font-family: Arial, sans-serif\">Les femmes sont toujours st\u00e9r\u00e9otyp\u00e9es, n\u00e9anmoins elles sont associ\u00e9es aux d\u00e9cisions. \u00ab\u00a0Plus de 45 % des fonctions de pr\u00e9sidents d\u2019unit\u00e9s locales (605 au total) et 30 % de celles des pr\u00e9sidents de d\u00e9l\u00e9gation d\u00e9partementales sont tenues par des femmes \u00e0 la Croix-Rouge fran\u00e7aise\u00a0\u00bb. Par ces chiffres, on voit qu&rsquo;elles n&rsquo;atteignent pas encore l&rsquo;\u00e9galit\u00e9 avec les hommes. En revanche, lorsque l&rsquo;on regarde la liste des\u00a0<\/span><\/span><\/span><\/span><span style=\"color: #0000ff\"><span style=\"font-family: Arial, sans-serif\"><a title=\"Tableau des pr\u00e9sidents d\u00e9partementaux de la Croix-Rouge du Tarn\" href=\"http:\/\/blogs.univ-jfc.fr\/projetcroixrouge\/la-croix-rouge-tarnaise-des-hommes-et-des-femmes\/les-femmes-de-la-croix-rouge\/egalite-et-parite-homme-femme-la-croix-rouge-reflet-de-la-societe\/tableau-des-presidents-departementaux-de-la-croix-rouge-du-tarn\/\">pr\u00e9sidents d\u00e9partementaux de la Croix-Rouge du Tarn<\/a><\/span><\/span><span style=\"font-family: Arial, sans-serif\">, on remarque qu&rsquo;une femme est pr\u00e9sidente de 1970 \u00e0 1979, Mme Henriette Daveau qui succ\u00e8de \u00e0 la crise de 1968 et depuis 2010 c&rsquo;est \u00e9galement une femme qui pr\u00e9side l&rsquo;association\u00a0: Mme Caroline Durand<\/span><\/p>\n<p><a title=\"Bibliographie\" href=\"http:\/\/blogs.univ-jfc.fr\/projetcroixrouge\/bibliographie-2\/\"><span style=\"color: #000000\"><span style=\"font-size: medium\"><span style=\"font-family: Arial, sans-serif\">Pour en savoir plus\u00a0<\/span><\/span><\/span><\/a><\/p>\n<p>&nbsp;<\/p>\n<\/div>\n","protected":false},"excerpt":{"rendered":"<p>Deux organisations fondatrices\u00a0: L&rsquo;Association des Dames Fran\u00e7aises et l&rsquo;Union des Femmes de France A sa cr\u00e9ation, la Soci\u00e9t\u00e9 de Secours aux Bless\u00e9s militaires &#8211; SSBM &#8211;, est dirig\u00e9e par un conseil central compos\u00e9 de cinquante membres exclusivement masculins. Mais les femmes ne sont pas totalement exclues de la direction. Effectivement, le conseil nomme un \u00ab\u00a0comit\u00e9 &hellip; <a href=\"https:\/\/blogs.univ-jfc.fr\/projetcroixrouge\/la-croix-rouge-tarnaise-des-hommes-et-des-femmes\/les-femmes-de-la-croix-rouge\/levolution-du-statut-des-femmes-dans-la-croix-rouge\/\" class=\"more-link\">Continuer la lecture de <span class=\"screen-reader-text\">L&rsquo;\u00e9volution du statut des femmes dans la Croix-Rouge<\/span> <span class=\"meta-nav\">&rarr;<\/span><\/a><\/p>\n","protected":false},"author":129,"featured_media":0,"parent":566,"menu_order":3,"comment_status":"closed","ping_status":"open","template":"","meta":[],"_links":{"self":[{"href":"https:\/\/blogs.univ-jfc.fr\/projetcroixrouge\/wp-json\/wp\/v2\/pages\/2321"}],"collection":[{"href":"https:\/\/blogs.univ-jfc.fr\/projetcroixrouge\/wp-json\/wp\/v2\/pages"}],"about":[{"href":"https:\/\/blogs.univ-jfc.fr\/projetcroixrouge\/wp-json\/wp\/v2\/types\/page"}],"author":[{"embeddable":true,"href":"https:\/\/blogs.univ-jfc.fr\/projetcroixrouge\/wp-json\/wp\/v2\/users\/129"}],"replies":[{"embeddable":true,"href":"https:\/\/blogs.univ-jfc.fr\/projetcroixrouge\/wp-json\/wp\/v2\/comments?post=2321"}],"version-history":[{"count":19,"href":"https:\/\/blogs.univ-jfc.fr\/projetcroixrouge\/wp-json\/wp\/v2\/pages\/2321\/revisions"}],"predecessor-version":[{"id":3844,"href":"https:\/\/blogs.univ-jfc.fr\/projetcroixrouge\/wp-json\/wp\/v2\/pages\/2321\/revisions\/3844"}],"up":[{"embeddable":true,"href":"https:\/\/blogs.univ-jfc.fr\/projetcroixrouge\/wp-json\/wp\/v2\/pages\/566"}],"wp:attachment":[{"href":"https:\/\/blogs.univ-jfc.fr\/projetcroixrouge\/wp-json\/wp\/v2\/media?parent=2321"}],"curies":[{"name":"wp","href":"https:\/\/api.w.org\/{rel}","templated":true}]}}