{"id":2342,"date":"2015-03-19T09:08:15","date_gmt":"2015-03-19T08:08:15","guid":{"rendered":"http:\/\/blogs.univ-jfc.fr\/projetcroixrouge\/?page_id=2342"},"modified":"2015-03-28T16:34:41","modified_gmt":"2015-03-28T15:34:41","slug":"en-savoir-plus-sur-les-ecoles-de-la-croix-rouge","status":"publish","type":"page","link":"https:\/\/blogs.univ-jfc.fr\/projetcroixrouge\/formations-et-professions\/la-croix-rouge-et-ses-ecoles\/en-savoir-plus-sur-les-ecoles-de-la-croix-rouge\/","title":{"rendered":"En savoir plus sur les \u00e9coles de la Croix-Rouge"},"content":{"rendered":"<p><span style=\"color: #000000\"><span style=\"font-family: 'Liberation Serif', serif\">Y. Bellamy,\u00a0<i>Croix rouge Fran\u00e7aise, histoire des infirmi\u00e8res<\/i>, France s\u00e9lection, 1991.<\/span><\/span><\/p>\n<p><span style=\"color: #000000\"><span style=\"font-family: 'Liberation Serif', serif\">J. Guillermand, <i>Histoire des infirmi\u00e8res tome 1 et tome 2<\/i>, \u00e9dition Lamarre, 1998 404 p. <\/span><\/span><\/p>\n<p><span style=\"color: #000000\"><span style=\"font-family: 'Liberation Serif', serif\">Knibiehler,\u00a0<i>Histoire des infirmi\u00e8res en France au XX<\/i><i>e<\/i><i>\u00a0si\u00e8cle,<\/i>\u00a0Paris, Hachette, 2011, 441p.<\/span><\/span><\/p>\n<p align=\"justify\"><span style=\"color: #000000\"><span style=\"font-family: 'Liberation Serif', serif\"><span>A-C.de Pistoye,<i> La s\u0153ur de la charit\u00e9,<\/i> H. Plon \u00e9diteur, 1863, volume 1, 352 p.<\/span><\/span><\/span><\/p>\n<p align=\"justify\"><span style=\"color: #000000\"><span style=\"font-family: 'Liberation Serif', serif\"><span>L. Tichadou<i>, Infirmi\u00e8re en 1914 journal d&rsquo;une volontaire,\u00a0<\/i>Gaussen\u00a0, 2014.<\/span><\/span><\/span><\/p>\n","protected":false},"excerpt":{"rendered":"<p>Y. Bellamy,\u00a0Croix rouge Fran\u00e7aise, histoire des infirmi\u00e8res, France s\u00e9lection, 1991. J. Guillermand, Histoire des infirmi\u00e8res tome 1 et tome 2, \u00e9dition Lamarre, 1998 404 p. Knibiehler,\u00a0Histoire des infirmi\u00e8res en France au XXe\u00a0si\u00e8cle,\u00a0Paris, Hachette, 2011, 441p. A-C.de Pistoye, La s\u0153ur de la charit\u00e9, H. Plon \u00e9diteur, 1863, volume 1, 352 p. L. Tichadou, Infirmi\u00e8re en 1914 &hellip; <a href=\"https:\/\/blogs.univ-jfc.fr\/projetcroixrouge\/formations-et-professions\/la-croix-rouge-et-ses-ecoles\/en-savoir-plus-sur-les-ecoles-de-la-croix-rouge\/\" class=\"more-link\">Continuer la lecture de <span class=\"screen-reader-text\">En savoir plus sur les \u00e9coles de la Croix-Rouge<\/span> <span class=\"meta-nav\">&rarr;<\/span><\/a><\/p>\n","protected":false},"author":19,"featured_media":0,"parent":52,"menu_order":4,"comment_status":"closed","ping_status":"open","template":"","meta":[],"_links":{"self":[{"href":"https:\/\/blogs.univ-jfc.fr\/projetcroixrouge\/wp-json\/wp\/v2\/pages\/2342"}],"collection":[{"href":"https:\/\/blogs.univ-jfc.fr\/projetcroixrouge\/wp-json\/wp\/v2\/pages"}],"about":[{"href":"https:\/\/blogs.univ-jfc.fr\/projetcroixrouge\/wp-json\/wp\/v2\/types\/page"}],"author":[{"embeddable":true,"href":"https:\/\/blogs.univ-jfc.fr\/projetcroixrouge\/wp-json\/wp\/v2\/users\/19"}],"replies":[{"embeddable":true,"href":"https:\/\/blogs.univ-jfc.fr\/projetcroixrouge\/wp-json\/wp\/v2\/comments?post=2342"}],"version-history":[{"count":5,"href":"https:\/\/blogs.univ-jfc.fr\/projetcroixrouge\/wp-json\/wp\/v2\/pages\/2342\/revisions"}],"predecessor-version":[{"id":3522,"href":"https:\/\/blogs.univ-jfc.fr\/projetcroixrouge\/wp-json\/wp\/v2\/pages\/2342\/revisions\/3522"}],"up":[{"embeddable":true,"href":"https:\/\/blogs.univ-jfc.fr\/projetcroixrouge\/wp-json\/wp\/v2\/pages\/52"}],"wp:attachment":[{"href":"https:\/\/blogs.univ-jfc.fr\/projetcroixrouge\/wp-json\/wp\/v2\/media?parent=2342"}],"curies":[{"name":"wp","href":"https:\/\/api.w.org\/{rel}","templated":true}]}}