{"id":2369,"date":"2015-03-19T09:15:22","date_gmt":"2015-03-19T08:15:22","guid":{"rendered":"http:\/\/blogs.univ-jfc.fr\/projetcroixrouge\/?page_id=2369"},"modified":"2015-04-04T10:51:30","modified_gmt":"2015-04-04T09:51:30","slug":"une-croix-rouge-active","status":"publish","type":"page","link":"https:\/\/blogs.univ-jfc.fr\/projetcroixrouge\/la-croix-rouge-dans-les-guerres-mondiales\/la-croix-rouge-dans-loccupation\/une-croix-rouge-active\/","title":{"rendered":"Une Croix-Rouge active"},"content":{"rendered":"<p>&nbsp;<\/p>\n<p align=\"JUSTIFY\"><span style=\"font-family: Arial,sans-serif\"><b>Respect de la neutralit\u00e9 sur le champ de bataille<\/b><\/span><\/p>\n<p align=\"JUSTIFY\"><span style=\"font-family: Arial,sans-serif\">\u00a0 \u00a0 \u00a0 La Croix-Rouge fran\u00e7aise a \u00e9t\u00e9 active durant la Seconde Guerre mondiale, m\u00eame aupr\u00e8s des prisonniers de guerre, des civils ou des Juifs intern\u00e9s dans des camps en Allemagne. Mais durant la guerre, la Croix-Rouge ne fait pas l\u2019unanimit\u00e9 quant \u00e0 sa totale neutralit\u00e9. Cependant, la Croix-Rouge fran\u00e7aise avait des actions limit\u00e9es car la France \u00e9tant envahie par l\u2019Allemagne, Hitler contr\u00f4lait certains faits et gestes de la Croix-Rouge fran\u00e7aise comme par exemple les visites dans les camps de prisonniers.<\/span><\/p>\n<p align=\"JUSTIFY\"><span style=\"font-family: Arial,sans-serif\">\u00a0 \u00a0 \u00a0M\u00eame si la neutralit\u00e9 de la Croix-Rouge a soulev\u00e9 quelques interrogations dans les ann\u00e9es qui suivirent\u00a0la guerre, elle a quand m\u00eame eu des <a title=\"L\u2019action sanitaire et sociale de la Croix-Rouge pendant la Seconde Guerre mondiale\" href=\"http:\/\/blogs.univ-jfc.fr\/projetcroixrouge\/la-croix-rouge-dans-les-guerres-mondiales\/laction-sanitaire-et-sociale-de-la-croix-rouge-pendant-la-seconde-guerre-mondiale\/\" target=\"_blank\">actions<\/a> o\u00f9 elle a respect\u00e9 son v\u0153u de neutralit\u00e9. Par exemple, lors de la lib\u00e9ration de Paris, du 19 au 25 ao\u00fbt 1944, un t\u00e9moin de l\u2019\u00e9poque, le <a title=\"T\u00e9moignage du Dr Andr\u00e9 Meunier\" href=\"http:\/\/blogs.univ-jfc.fr\/projetcroixrouge\/la-croix-rouge-dans-les-guerres-mondiales\/la-croix-rouge-dans-loccupation\/temoignage-du-dr-andre-meunier\/\" target=\"_blank\">docteur Andr\u00e9 Meunier<\/a> nous raconte les actions de la Croix-Rouge sur le champ de bataille. Il nous dit ainsi que des b\u00e9n\u00e9voles venaient aider les membres de la Croix-Rouge ou encore que des lieux connus dans Paris ont \u00e9t\u00e9 r\u00e9quisitionn\u00e9s afin de soign\u00e9s les soldats fran\u00e7ais mais aussi allemands.<\/span><\/p>\n<p align=\"JUSTIFY\"><span style=\"font-family: Arial,sans-serif\"><b>Aide efficace aux prisonniers de guerre<br \/>\n<\/b><\/span><\/p>\n<figure id=\"attachment_2831\" aria-describedby=\"caption-attachment-2831\" style=\"width: 293px\" class=\"wp-caption alignleft\"><a title=\"CICR, L'humanit\u00e9 en guerre : photo du front depuis 1860, Lieux-Dits, Lyon, 2009\" href=\"http:\/\/blogs.univ-jfc.fr\/projetcroixrouge\/wp-content\/uploads\/sites\/40\/2015\/03\/colis1.jpg\"><img loading=\"lazy\" class=\"size-medium wp-image-2831 \" alt=\"colis1\" src=\"http:\/\/blogs.univ-jfc.fr\/projetcroixrouge\/wp-content\/uploads\/sites\/40\/2015\/03\/colis1-293x300.jpg\" width=\"293\" height=\"300\" srcset=\"https:\/\/blogs.univ-jfc.fr\/projetcroixrouge\/wp-content\/uploads\/sites\/40\/2015\/03\/colis1-293x300.jpg 293w, https:\/\/blogs.univ-jfc.fr\/projetcroixrouge\/wp-content\/uploads\/sites\/40\/2015\/03\/colis1.jpg 374w\" sizes=\"(max-width: 293px) 100vw, 293px\" \/><\/a><figcaption id=\"caption-attachment-2831\" class=\"wp-caption-text\">Colis de secours pour les prisonniers de guerre pr\u00e9par\u00e9s dans un entrep\u00f4t du CICR, \u00e0 B\u00e2le<\/figcaption><\/figure>\n<p align=\"JUSTIFY\"><span style=\"font-family: Arial,sans-serif\">\u00a0 \u00a0 \u00a0 Gr\u00e2ce \u00e0 l\u2019action pr\u00e9ventive du <a title=\"Le CICR\" href=\"http:\/\/blogs.univ-jfc.fr\/projetcroixrouge\/le-cicr\/\" target=\"_blank\">CICR<\/a>, les prisonniers de guerre b\u00e9n\u00e9ficient d\u2019une protection juridique au travers de la Convention de Gen\u00e8ve de 1929.\u00a0Ainsi, le CICR a pour premi\u00e8re mission de venir en aide aux prisonniers de guerre qui disparaissent de plus en plus. En mars 1941, les Soci\u00e9t\u00e9s nationales de la Croix-Rouge sont donc charg\u00e9es, avec les familles des prisonniers, de pr\u00e9parer des colis. Ces colis sont ensuite envoy\u00e9s \u00e0 Gen\u00e8ve qui les fait parvenir aux prisonniers dans les camps. C\u2019est une op\u00e9ration de tr\u00e8s grande ampleur, soutenue par les gouvernements et des donateurs individuels. Le CICR a effectu\u00e9 environ 11\u00a0000 visites de lieux de d\u00e9tention de soldats contre 500 pour la Premi\u00e8re Guerre mondiale.\u00a0<\/span><span style=\"font-family: Arial,sans-serif\">Les t\u00e2ches des b\u00e9n\u00e9voles sont d\u2019enregistrer les prisonniers avec des cartes\u00a0de captures, qui sont comme des fiches d\u2019identit\u00e9 des prisonniers, et de faire en sorte que ces m\u00eames prisonniers communiquent avec leurs familles. <\/span><\/p>\n<p align=\"JUSTIFY\"><span style=\"font-family: Arial,sans-serif\">\u00a0 \u00a0 \u00a0 Les colis vont permettre de ravitailler les hommes intern\u00e9s dans les camps de prisonniers. Les camps o\u00f9 r\u00e9sidaient les prisonniers de guerre re\u00e7urent donc des visites de d\u00e9l\u00e9gu\u00e9s du CICR qui purent leur donner de nombreux colis pour pallier leur manque de nourriture, de m\u00e9dicaments et de v\u00eatements. Par ailleurs, les membres du CICR essayaient d&rsquo;\u00e9viter le travail forc\u00e9 qui \u00e9tait impos\u00e9 aux prisonniers dans les camps. <\/span><span style=\"font-family: Arial,sans-serif\">Ensuite, la quasi-totalit\u00e9 des Juifs qui furent \u00e9pargn\u00e9s le furent gr\u00e2ce au CICR. En effet, ce dernier avait des cat\u00e9gories prot\u00e9g\u00e9es de soldats juifs ou de civils juifs qui furent \u00e9pargn\u00e9s du fait de la Convention de Gen\u00e8ve sign\u00e9e en 1929. Donc, malgr\u00e9 un important manque de moyens, le CICR s\u2019est toujours battu pour aider et prot\u00e9ger les prisonniers de guerre. Cette mission \u00e9tait en effet devenue la principale depuis la Convention de 1929, ce qui donne moins d&rsquo;importance au probl\u00e8me majeur du g\u00e9nocide juif.<\/span><\/p>\n<p align=\"JUSTIFY\"><span style=\"font-family: Arial,sans-serif\"><b>Les diff\u00e9rences entre les Croix-Rouge nationales<\/b><\/span><\/p>\n<p align=\"JUSTIFY\"><span style=\"font-family: Arial,sans-serif\">\u00a0 \u00a0 \u00a0 La Croix-Rouge fran\u00e7aise a essay\u00e9 d\u2019aider les prisonniers de guerre et d\u2019aider les civils par de nombreuses actions mais celles-ci \u00e9taient assez limit\u00e9es. Les Allemands faisaient en sorte que la Croix-Rouge fran\u00e7aise ait des actions assez restreintes, que ce soit sur le sol fran\u00e7ais ou dans les camps de prisonniers, en Allemagne. Mais la Croix-Rouge fran\u00e7aise n\u2019\u00e9tait pas la seule \u00e0 agir pendant la Seconde Guerre mondiale. En effet, d\u2019autres Croix-Rouge nationales s\u2019investissaient aupr\u00e8s des prisonniers de guerre lors des combats ou venaient en aide aux civils touch\u00e9s, comme en Grande-Bretagne par exemple. La Croix-Rouge canadienne entreprit des actions de grandes ampleurs, que ce soit pour les prisonniers militaires sur le champ de bataille ou encore pour aider les civils europ\u00e9ens qui furent victimes des combats. Pour les prisonniers de guerre, la Croix-Rouge canadienne r\u00e9colta des fonds afin de confectionner des v\u00eatements, acheter du mat\u00e9riel m\u00e9dical ou pour apporter des colis de ravitaillement. Ensuite, les b\u00e9n\u00e9voles de la Croix-Rouge canadienne furent d\u00e9ploy\u00e9s en Angleterre et ailleurs en Europe, o\u00f9 ils aid\u00e8rent les bless\u00e9s dans les h\u00f4pitaux, ainsi que les civils, l\u2019Angleterre subissant constamment des bombardements Allemands. Enfin, la Croix-Rouge canadienne re\u00e7u d\u2019innombrables poches de sang dont la population canadienne fit don. <\/span><\/p>\n<p align=\"JUSTIFY\"><span style=\"font-family: Arial,sans-serif\">\u00a0 \u00a0 \u00a0 Ensuite, en Allemagne, la Croix-Rouge s\u2019occupait des prisonniers de guerre russes. Par exemple, elle donnait des nouvelles de ceux-ci aux familles. Cela a commenc\u00e9 d\u00e8s 1939, lors du premier jour de la guerre, et continua jusqu\u2019\u00e0 la d\u00e9faite de l\u2019Allemagne. Enfin, la Croix-Rouge am\u00e9ricaine a eu un r\u00f4le important sur le champ de bataille lors de l\u2019attaque de Pearl Harbor ou encore lors des diff\u00e9rents d\u00e9barquements en France, en Italie ou en Afrique du Nord. Leurs interventions ont \u00e9t\u00e9 un peu plus compliqu\u00e9es lors de la guerre face au Japon car l\u2019acc\u00e8s aux soldats \u00e9tait difficile, notamment \u00e0 cause du terrain, dans la jungle et en montagne.<\/span><\/p>\n<p align=\"justify\"><a title=\"Bibliographie\" href=\"http:\/\/blogs.univ-jfc.fr\/projetcroixrouge\/bibliographie-2\/\" target=\"_blank\"><span style=\"font-family: Arial, sans-serif\">Pour en savoir plus.<\/span><\/a><\/p>\n","protected":false},"excerpt":{"rendered":"<p>&nbsp; Respect de la neutralit\u00e9 sur le champ de bataille \u00a0 \u00a0 \u00a0 La Croix-Rouge fran\u00e7aise a \u00e9t\u00e9 active durant la Seconde Guerre mondiale, m\u00eame aupr\u00e8s des prisonniers de guerre, des civils ou des Juifs intern\u00e9s dans des camps en Allemagne. Mais durant la guerre, la Croix-Rouge ne fait pas l\u2019unanimit\u00e9 quant \u00e0 sa totale &hellip; <a href=\"https:\/\/blogs.univ-jfc.fr\/projetcroixrouge\/la-croix-rouge-dans-les-guerres-mondiales\/la-croix-rouge-dans-loccupation\/une-croix-rouge-active\/\" class=\"more-link\">Continuer la lecture de <span class=\"screen-reader-text\">Une Croix-Rouge active<\/span> <span class=\"meta-nav\">&rarr;<\/span><\/a><\/p>\n","protected":false},"author":20,"featured_media":0,"parent":88,"menu_order":2,"comment_status":"closed","ping_status":"open","template":"","meta":[],"_links":{"self":[{"href":"https:\/\/blogs.univ-jfc.fr\/projetcroixrouge\/wp-json\/wp\/v2\/pages\/2369"}],"collection":[{"href":"https:\/\/blogs.univ-jfc.fr\/projetcroixrouge\/wp-json\/wp\/v2\/pages"}],"about":[{"href":"https:\/\/blogs.univ-jfc.fr\/projetcroixrouge\/wp-json\/wp\/v2\/types\/page"}],"author":[{"embeddable":true,"href":"https:\/\/blogs.univ-jfc.fr\/projetcroixrouge\/wp-json\/wp\/v2\/users\/20"}],"replies":[{"embeddable":true,"href":"https:\/\/blogs.univ-jfc.fr\/projetcroixrouge\/wp-json\/wp\/v2\/comments?post=2369"}],"version-history":[{"count":17,"href":"https:\/\/blogs.univ-jfc.fr\/projetcroixrouge\/wp-json\/wp\/v2\/pages\/2369\/revisions"}],"predecessor-version":[{"id":3870,"href":"https:\/\/blogs.univ-jfc.fr\/projetcroixrouge\/wp-json\/wp\/v2\/pages\/2369\/revisions\/3870"}],"up":[{"embeddable":true,"href":"https:\/\/blogs.univ-jfc.fr\/projetcroixrouge\/wp-json\/wp\/v2\/pages\/88"}],"wp:attachment":[{"href":"https:\/\/blogs.univ-jfc.fr\/projetcroixrouge\/wp-json\/wp\/v2\/media?parent=2369"}],"curies":[{"name":"wp","href":"https:\/\/api.w.org\/{rel}","templated":true}]}}