{"id":2373,"date":"2015-03-19T09:20:07","date_gmt":"2015-03-19T08:20:07","guid":{"rendered":"http:\/\/blogs.univ-jfc.fr\/projetcroixrouge\/?page_id=2373"},"modified":"2015-04-04T10:03:50","modified_gmt":"2015-04-04T09:03:50","slug":"2373-2","status":"publish","type":"page","link":"https:\/\/blogs.univ-jfc.fr\/projetcroixrouge\/risque-urgence-guerre\/histoire-du-risque\/2373-2\/","title":{"rendered":"Organisation structurel de la Croix-Rouge depuis 1930"},"content":{"rendered":"<h2><span style=\"color: #000000\"><span style=\"font-family: Arial,sans-serif\"><span style=\"font-size: medium\"><b>Pr\u00e9voir les catastrophes<\/b><\/span><\/span><\/span><\/h2>\n<p align=\"JUSTIFY\">\u00a0\u00a0 <span style=\"font-family: Arial,sans-serif\"><span style=\"font-size: medium\">C&rsquo;est \u00e0 la suite des grandes inondations du Sud-Ouest de la France, que l&rsquo;on met\u00a0 en \u00e9vidence la n\u00e9cessit\u00e9 de former le personnel. Appara\u00eet ainsi en 1934 la toute premi\u00e8re proc\u00e9dure d&rsquo;intervention d&rsquo;urgence. Cette proc\u00e9dure propose \u00e0 la France un projet pour s&rsquo;adapter \u00e0 n&rsquo;importe quel type de situation\u00a0 pour mieux cibler et coordonner les interventions.<\/span><\/span><\/p>\n<figure id=\"attachment_2641\" aria-describedby=\"caption-attachment-2641\" style=\"width: 284px\" class=\"wp-caption alignright\"><a href=\"http:\/\/blogs.univ-jfc.fr\/projetcroixrouge\/wp-content\/uploads\/sites\/40\/2015\/03\/569px-21_1930_03_inondat_Couthures_maison.jpg\"><img loading=\"lazy\" class=\"size-medium wp-image-2641 \" alt=\"Crue de la Garonne dans le village de Couthures (1930)\" src=\"http:\/\/blogs.univ-jfc.fr\/projetcroixrouge\/wp-content\/uploads\/sites\/40\/2015\/03\/569px-21_1930_03_inondat_Couthures_maison-284x300.jpg\" width=\"284\" height=\"300\" srcset=\"https:\/\/blogs.univ-jfc.fr\/projetcroixrouge\/wp-content\/uploads\/sites\/40\/2015\/03\/569px-21_1930_03_inondat_Couthures_maison-284x300.jpg 284w, https:\/\/blogs.univ-jfc.fr\/projetcroixrouge\/wp-content\/uploads\/sites\/40\/2015\/03\/569px-21_1930_03_inondat_Couthures_maison.jpg 569w\" sizes=\"(max-width: 284px) 100vw, 284px\" \/><\/a><figcaption id=\"caption-attachment-2641\" class=\"wp-caption-text\">Crue de la Garonne dans le village de Couthures (1930)<\/figcaption><\/figure>\n<p>&nbsp;<\/p>\n<dl>\n<dt><\/dt>\n<\/dl>\n<p align=\"JUSTIFY\">\u00a0<span style=\"font-family: Arial,sans-serif\"><span style=\"font-size: medium\">La Croix-Rouge intervient en coop\u00e9ration avec les autorit\u00e9s locales et nationales, pour sans cesse am\u00e9liorer la r\u00e9activit\u00e9 des secours en cas de situations impr\u00e9vues. La Croix-Rouge intervient \u00e9galement dans des situations nouvelles comme l\u2019assistance aux nourrissons, aux personnes \u00e2g\u00e9es.\u00a0 On voit la <\/span><\/span><span style=\"color: #000000\"><span style=\"font-family: Arial,sans-serif\"><span style=\"font-size: medium\">cr\u00e9ation des Infirmi\u00e8res Pilotes\/Parachutistes et Secouristes de l&rsquo;Air <a href=\"http:\/\/www.aeroclub-ipsa.org\/tradition\/historique_ipsa.html\">(IPSA)<\/a><\/span><\/span><\/span><span style=\"color: #000000\"><span style=\"font-family: Arial,sans-serif\"><span style=\"font-size: medium\"> en 1934<\/span><\/span><\/span><span style=\"font-family: Arial,sans-serif\"><span style=\"font-size: medium\">, des conductrices ambulanci\u00e8res et des cadres infirmiers. A partir de 1935, sont mont\u00e9es les neuf premi\u00e8res \u00e9quipes de secourisme d&rsquo;urgence.\u00a0<\/span><\/span><\/p>\n<p align=\"JUSTIFY\">\u00a0\u00a0 <span style=\"font-family: Arial,sans-serif\"><span style=\"font-size: medium\">Cependant le comit\u00e9 de la Croix-Rouge estime que ces mises en place s&rsquo;av\u00e8rent inefficaces,\u00a0 et d\u00e9cide d&rsquo;instituer au niveau national, un plan de secours, <a href=\"http:\/\/www.risquesetsavoirs.fr\/spip.php?article77\">le plan ORSEC<\/a><\/span><\/span><span style=\"font-family: Arial,sans-serif\"><span style=\"font-size: medium\">, en 1952. Ce plan regroupe tous les dispositifs n\u00e9cessaires \u00e0 la protection des populations civiles en danger.<\/span><\/span><\/p>\n<h2><span style=\"font-family: Arial,sans-serif\"><span style=\"font-size: medium\"><b>D\u00e9veloppement des champs d&rsquo;actions<\/b><\/span><\/span><\/h2>\n<p align=\"JUSTIFY\">\u00a0 \u00a0 <span style=\"font-family: Arial,sans-serif\">Lors des conflits arm\u00e9s, les secouristes portent un brassard avec une croix rouge sur fond blanc pour \u00eatre reconnaissable sur le champs de bataille. La qualit\u00e9 des secours est indissociable de la logistique, or la gestion des flux de bless\u00e9s, du personnel des secours et d\u2019approvisionnement m\u00e9dical est souvent probl\u00e9matique du fait des al\u00e9as et des risques propres au Front, qui font de l\u2019\u00e9vacuation un enjeu aussi vital que les soins. Elle offre \u00e9galement au besoin des soins aux populations touch\u00e9es par les conflits.<\/span><\/p>\n<figure id=\"attachment_2325\" aria-describedby=\"caption-attachment-2325\" style=\"width: 300px\" class=\"wp-caption aligncenter\"><a href=\"http:\/\/blogs.univ-jfc.fr\/projetcroixrouge\/wp-content\/uploads\/sites\/40\/2015\/03\/Exercice-de-secours-Nogent-sur-Marne-1947.jpg\"><img loading=\"lazy\" class=\"size-medium wp-image-2325 \" alt=\"Exercice de secours (Nogent-sur-Marne, 1947)\" src=\"http:\/\/blogs.univ-jfc.fr\/projetcroixrouge\/wp-content\/uploads\/sites\/40\/2015\/03\/Exercice-de-secours-Nogent-sur-Marne-1947-300x189.jpg\" width=\"300\" height=\"189\" srcset=\"https:\/\/blogs.univ-jfc.fr\/projetcroixrouge\/wp-content\/uploads\/sites\/40\/2015\/03\/Exercice-de-secours-Nogent-sur-Marne-1947-300x189.jpg 300w, https:\/\/blogs.univ-jfc.fr\/projetcroixrouge\/wp-content\/uploads\/sites\/40\/2015\/03\/Exercice-de-secours-Nogent-sur-Marne-1947.jpg 782w\" sizes=\"(max-width: 300px) 100vw, 300px\" \/><\/a><figcaption id=\"caption-attachment-2325\" class=\"wp-caption-text\">Exercice de secours (Nogent-sur-Marne, 1947)<\/figcaption><\/figure>\n<dl>\n<dt><\/dt>\n<\/dl>\n<p align=\"JUSTIFY\">\u00a0\u00a0 <span style=\"font-family: Arial,sans-serif\"><span style=\"font-size: medium\">L&rsquo;institution de la Croix-Rouge s&rsquo;est structur\u00e9e initialement gr\u00e2ce aux missions attribu\u00e9es au d\u00e9part par la Soci\u00e9t\u00e9 Des Nations qui la finance lors de ses champs d&rsquo;action.<\/span><\/span><\/p>\n<p style=\"text-align: justify\"><span style=\"color: #000000\">\u00a0\u00a0 <span style=\"font-family: Arial,sans-serif\"><span style=\"font-size: medium\">Les r\u00e9centes diversifications de ses champs d&rsquo;action\u00a0 lui a permis de s&rsquo;adapter \u00e0 l&rsquo;\u00e8re moderne qui a vu appara\u00eetre, les crises sociales ainsi que la pauvret\u00e9. Aujourd\u2019hui, ces champs d&rsquo;action portent surtout sur de l&rsquo;aide financi\u00e8re, l&rsquo;alphab\u00e9tisation et l&rsquo;aide alimentaire.<\/span><\/span><\/span><\/p>\n<h2><span style=\"font-family: Arial,sans-serif\"><span style=\"font-size: medium\"><b>L&rsquo;affirmation de la sp\u00e9cialisation<\/b><\/span><\/span><\/h2>\n<p align=\"JUSTIFY\">\u00a0\u00a0 <span style=\"font-family: Arial,sans-serif\"><span style=\"font-size: medium\">La formation professionnelle s&rsquo;adapte aux risques de l&rsquo;\u00e8re moderne,\u00a0 modifiant ses dispositifs.<\/span><\/span><\/p>\n<figure id=\"attachment_2324\" aria-describedby=\"caption-attachment-2324\" style=\"width: 210px\" class=\"wp-caption alignleft\"><a href=\"http:\/\/blogs.univ-jfc.fr\/projetcroixrouge\/wp-content\/uploads\/sites\/40\/2015\/03\/Affiche-pour-se-sp\u00e9cialis\u00e9-au-secourisme-montagnard-1970.jpg\"><img loading=\"lazy\" class=\"size-medium wp-image-2324  \" title=\"Affiche pour se sp\u00e9cialiser au secourisme montagnard (1970)\" alt=\"Affiche pour se sp\u00e9cialiser au secourisme montagnard (1970)\" src=\"http:\/\/blogs.univ-jfc.fr\/projetcroixrouge\/wp-content\/uploads\/sites\/40\/2015\/03\/Affiche-pour-se-sp\u00e9cialis\u00e9-au-secourisme-montagnard-1970-210x300.jpg\" width=\"210\" height=\"300\" srcset=\"https:\/\/blogs.univ-jfc.fr\/projetcroixrouge\/wp-content\/uploads\/sites\/40\/2015\/03\/Affiche-pour-se-sp\u00e9cialis\u00e9-au-secourisme-montagnard-1970-210x300.jpg 210w, https:\/\/blogs.univ-jfc.fr\/projetcroixrouge\/wp-content\/uploads\/sites\/40\/2015\/03\/Affiche-pour-se-sp\u00e9cialis\u00e9-au-secourisme-montagnard-1970.jpg 400w\" sizes=\"(max-width: 210px) 100vw, 210px\" \/><\/a><figcaption id=\"caption-attachment-2324\" class=\"wp-caption-text\">Affiche pour se sp\u00e9cialiser au secourisme montagnard (1970)<\/figcaption><\/figure>\n<dl>\n<dt><\/dt>\n<dd><\/dd>\n<\/dl>\n<p align=\"JUSTIFY\"><span style=\"font-family: Arial,sans-serif\"><span style=\"font-size: medium\">La Croix-Rouge op\u00e8re une restructuration de ses champs d&rsquo;action dans diff\u00e9rents secteurs, qui se composent de la r\u00e9\u00e9ducation, des maisons de retraite, des structures de soin \u00e0 domicile. Elle tend \u00e9galement \u00e0 participer activement \u00e0 la protection maternelle et infantile <a href=\"http:\/\/www.weka.fr\/action-sociale\/base-documentaire\/interventions-et-aides-sociales-wk015\/la-protection-maternelle-et-infantile-pmi-sl2410468\/historique-objectifs-et-missions-de-la-pmi-sl5511668.html\">(PMI)<\/a><\/span><\/span><span style=\"font-family: Arial,sans-serif\"><span style=\"font-size: medium\">.\u00a0<\/span><\/span><\/p>\n<p align=\"JUSTIFY\">\u00a0\u00a0 <span style=\"font-family: Arial,sans-serif\"><span style=\"font-size: medium\">Quand \u00e0 l\u2019action sociale, de plus en plus omnipr\u00e9sente depuis les ann\u00e9es 70, on assiste \u00e0 des changements majeurs. La structure sanitaire et sociale se d\u00e9veloppe davantage dans les grands ensembles immobiliers, nouvellement construits dans les banlieues o\u00f9 la crise de 1974 touche de plein fouet la population.<\/span><\/span><\/p>\n<p align=\"JUSTIFY\"><a href=\"http:\/\/blogs.univ-jfc.fr\/projetcroixrouge\/bibliographie-2\/\">Pour en savoir plus<\/a><\/p>\n","protected":false},"excerpt":{"rendered":"<p>Pr\u00e9voir les catastrophes \u00a0\u00a0 C&rsquo;est \u00e0 la suite des grandes inondations du Sud-Ouest de la France, que l&rsquo;on met\u00a0 en \u00e9vidence la n\u00e9cessit\u00e9 de former le personnel. Appara\u00eet ainsi en 1934 la toute premi\u00e8re proc\u00e9dure d&rsquo;intervention d&rsquo;urgence. Cette proc\u00e9dure propose \u00e0 la France un projet pour s&rsquo;adapter \u00e0 n&rsquo;importe quel type de situation\u00a0 pour mieux &hellip; <a href=\"https:\/\/blogs.univ-jfc.fr\/projetcroixrouge\/risque-urgence-guerre\/histoire-du-risque\/2373-2\/\" class=\"more-link\">Continuer la lecture de <span class=\"screen-reader-text\">Organisation structurel de la Croix-Rouge depuis 1930<\/span> <span class=\"meta-nav\">&rarr;<\/span><\/a><\/p>\n","protected":false},"author":89,"featured_media":0,"parent":77,"menu_order":0,"comment_status":"closed","ping_status":"open","template":"","meta":[],"_links":{"self":[{"href":"https:\/\/blogs.univ-jfc.fr\/projetcroixrouge\/wp-json\/wp\/v2\/pages\/2373"}],"collection":[{"href":"https:\/\/blogs.univ-jfc.fr\/projetcroixrouge\/wp-json\/wp\/v2\/pages"}],"about":[{"href":"https:\/\/blogs.univ-jfc.fr\/projetcroixrouge\/wp-json\/wp\/v2\/types\/page"}],"author":[{"embeddable":true,"href":"https:\/\/blogs.univ-jfc.fr\/projetcroixrouge\/wp-json\/wp\/v2\/users\/89"}],"replies":[{"embeddable":true,"href":"https:\/\/blogs.univ-jfc.fr\/projetcroixrouge\/wp-json\/wp\/v2\/comments?post=2373"}],"version-history":[{"count":35,"href":"https:\/\/blogs.univ-jfc.fr\/projetcroixrouge\/wp-json\/wp\/v2\/pages\/2373\/revisions"}],"predecessor-version":[{"id":3857,"href":"https:\/\/blogs.univ-jfc.fr\/projetcroixrouge\/wp-json\/wp\/v2\/pages\/2373\/revisions\/3857"}],"up":[{"embeddable":true,"href":"https:\/\/blogs.univ-jfc.fr\/projetcroixrouge\/wp-json\/wp\/v2\/pages\/77"}],"wp:attachment":[{"href":"https:\/\/blogs.univ-jfc.fr\/projetcroixrouge\/wp-json\/wp\/v2\/media?parent=2373"}],"curies":[{"name":"wp","href":"https:\/\/api.w.org\/{rel}","templated":true}]}}