{"id":2378,"date":"2015-03-19T09:17:50","date_gmt":"2015-03-19T08:17:50","guid":{"rendered":"http:\/\/blogs.univ-jfc.fr\/projetcroixrouge\/?page_id=2378"},"modified":"2015-04-02T08:24:32","modified_gmt":"2015-04-02T07:24:32","slug":"la-croix-rouge-critiquee","status":"publish","type":"page","link":"https:\/\/blogs.univ-jfc.fr\/projetcroixrouge\/la-croix-rouge-dans-les-guerres-mondiales\/la-croix-rouge-dans-loccupation\/la-croix-rouge-critiquee\/","title":{"rendered":"La Croix-Rouge critiqu\u00e9e"},"content":{"rendered":"<p align=\"JUSTIFY\"><span style=\"font-family: Arial,sans-serif\"><b>Pas de d\u00e9nonciation publique des camps<\/b> <\/span><\/p>\n<p align=\"JUSTIFY\"><span style=\"font-family: Arial,sans-serif\">\u00a0 \u00a0 \u00a0 Selon certains historiens, comme Gerald Steinacher, les employ\u00e9s du CICR savaient tr\u00e8s bien ce qui se passait r\u00e9ellement dans les camps. Par exemple, la Mar\u00e9chale P\u00e9tain, qui \u00e9tait la pr\u00e9sidente d&rsquo;honneur du comit\u00e9 central de la Croix-Rouge fran\u00e7aise, demande des informations sur un camp de concentration dans la zone libre. Ces informations ne semblent pas claires et paraissent \u00eatre masqu\u00e9es par des membres de la Croix-Rouge, comme le g\u00e9n\u00e9ral Verdier, qui \u00e9tait d\u00e9l\u00e9gu\u00e9 de la Croix-Rouge fran\u00e7aise dans la zone Sud et qui \u00e9crit dans ses rapport : \u00ab\u00a0conditions m\u00e9dicales : nous ne les connaissons pas\u00a0\u00bb, \u00ab\u00a0conditions de nourriture : nous ne les connaissons pas\u00a0\u00bb. <\/span><\/p>\n<p align=\"JUSTIFY\"><span style=\"font-family: Arial,sans-serif\">C&rsquo;est sans doute l\u00e0 le plus gros \u00e9chec de l&rsquo;organisation et ce pourquoi elle a \u00e9t\u00e9 remise en question d\u00e8s la fin de la guerre. D&rsquo;ailleurs, l&rsquo;une des critiques les plus virulentes prononc\u00e9es \u00e0 l&rsquo;\u00e9gard de la Croix-Rouge, et du CICR, a \u00e9t\u00e9 son manque d&rsquo;action et sa passivit\u00e9 alors que des milliers de personnes ont trouv\u00e9 la mort. Or, ce manque d&rsquo;action est d\u00fb, en particulier, \u00e0 l&rsquo;opposition de quelques hommes puissants et non de la volont\u00e9 des b\u00e9n\u00e9voles. <\/span><\/p>\n<p align=\"JUSTIFY\"><span style=\"font-family: Arial,sans-serif\"><b>Une Croix-Rouge qui est trop proche du r\u00e9gime nazi, selon certains historiens<\/b><\/span><\/p>\n<p align=\"JUSTIFY\"><span style=\"font-family: Arial,sans-serif\">\u00a0 \u00a0 \u00a0 Avant m\u00eame la Seconde Guerre mondiale, en 1938, peu apr\u00e8s la Nuit de cristal, Max Huber, le pr\u00e9sident du CICR de l&rsquo;\u00e9poque, qui est aussi le pr\u00e9sident du Tribunal international de la Haye, minimise la situation en soulignant que ce qui se raconte sur les camps et sur le sort des Juifs est exag\u00e9r\u00e9. Certains historiens, comme Gerald Steinacher, pensent que c&rsquo;est parce qu&rsquo;il est \u00e0 la t\u00eate de grandes entreprises suisses, notamment dans l&rsquo;acier et qu&rsquo;il fait de bonnes affaires avec l&rsquo;arm\u00e9e allemande. Le vice-pr\u00e9sident du CICR de l&rsquo;\u00e9poque, Carl Jacob Burckhardt est lui aussi proche du Reich et a vite oubli\u00e9 ses appr\u00e9hensions face aux nazis, qu&rsquo;il trouvait trop radicaux et violents. Il approuve notamment certains points de leur id\u00e9ologie, par exemple, l&rsquo;hostilit\u00e9 des nazis face aux communistes, comme beaucoup d&rsquo;hommes fortun\u00e9s de la premi\u00e8re moiti\u00e9 du XXe si\u00e8cle. <\/span><\/p>\n<figure id=\"attachment_2835\" aria-describedby=\"caption-attachment-2835\" style=\"width: 180px\" class=\"wp-caption alignright\"><a title=\"http:\/\/ookaboo.com\/o\/pictures\/topic\/13502633\/German_Red_Cross\" href=\"http:\/\/blogs.univ-jfc.fr\/projetcroixrouge\/wp-content\/uploads\/sites\/40\/2015\/03\/Deutche_Rote_Kreuz_wwii_s.jpg\"><img loading=\"lazy\" class=\"size-full wp-image-2835 \" alt=\"Deutche_Rote_Kreuz_wwii_s\" src=\"http:\/\/blogs.univ-jfc.fr\/projetcroixrouge\/wp-content\/uploads\/sites\/40\/2015\/03\/Deutche_Rote_Kreuz_wwii_s.jpg\" width=\"180\" height=\"240\" \/><\/a><figcaption id=\"caption-attachment-2835\" class=\"wp-caption-text\">Affiche de pub pour la Croix-Rouge allemande, d\u00e9pendante du Reich<\/figcaption><\/figure>\n<p align=\"JUSTIFY\"><span style=\"font-family: Arial,sans-serif\">Cependant c&rsquo;est la Rote-Kreuz, la Croix-Rouge allemande, qui a \u00e9t\u00e9 la plus vivement critiqu\u00e9e. En effet, le pr\u00e9sident de la Croix-Rouge allemande de l&rsquo;\u00e9poque, le docteur Grawitz, qui \u00e9tait le chef du service de sant\u00e9 de la SS, est lui-m\u00eame tr\u00e8s impliqu\u00e9 dans l&rsquo;assassinat des Juifs. Il est responsable, entres autres, du meurtre en masse des handicap\u00e9s et des exp\u00e9riences pseudo-m\u00e9dicales sur les d\u00e9tenus des camps de concentration de Sachsenhausen et de Dachau.<\/span><\/p>\n<p align=\"JUSTIFY\"><span style=\"color: #ffffff\">.<\/span><\/p>\n<p align=\"JUSTIFY\"><span style=\"color: #ffffff\">.<\/span><\/p>\n<p align=\"JUSTIFY\"><span style=\"color: #ffffff\">.<\/span><\/p>\n<p align=\"JUSTIFY\"><span style=\"font-family: Arial,sans-serif\"><b>Un exemple de l&rsquo;absence de la Croix-Rouge dans le Sud-Ouest de la France<\/b><\/span><\/p>\n<p align=\"JUSTIFY\"><span style=\"font-family: Arial,sans-serif\">\u00a0 \u00a0 \u00a0 Lors de la Seconde Guerre mondiale, des Juifs, fran\u00e7ais et \u00e9trangers, furent assign\u00e9s \u00e0 r\u00e9sidence \u00e0 Lacaune, dans le Tarn, pour \u00eatre surveill\u00e9s avant d&rsquo;\u00eatre, pour la plupart, d\u00e9port\u00e9s dans des camps d&rsquo;extermination. Lacaune \u00e9tait un endroit strat\u00e9gique pour l\u2019\u00c9tat fran\u00e7ais. En effet, cette ville \u00e9tant en altitude, la population de l&rsquo;\u00e9poque ne pouvait pas facilement \u00eatre en contact avec les d\u00e9tenus. Par ailleurs, en \u00e9tudiant les archives, on remarque que la Croix-Rouge a quasiment \u00e9t\u00e9 absente \u00e0 Lacaune. Cela s&rsquo;explique, par ailleurs, en raison de la situation g\u00e9ographique de la ville et des moyens de transports de l&rsquo;\u00e9poque qui ne permettaient pas une visite r\u00e9guli\u00e8re et efficace des camps, les Fran\u00e7ais se d\u00e9pla\u00e7ant principalement en bicyclette.<\/span><\/p>\n<p align=\"JUSTIFY\"><span style=\"font-family: Arial,sans-serif\"> Dans d&rsquo;autres camps, comme celui de No\u00e9 ou de Brens, des t\u00e9moignages montrent que l&rsquo;absence de la Croix-Rouge s&rsquo;est av\u00e9r\u00e9e pesante pour les intern\u00e9s, notamment en ce qui concerne les naissances, dans le camp de Brens, qui est le seul camp pour femmes de France, ou encore en ce qui concerne les maux dus aux mauvais traitements.<\/span><\/p>\n<p align=\"justify\"><span style=\"font-family: Arial, sans-serif\">Plus d&rsquo;informations sur <a title=\"L\u2019affirmation de la Croix-Rouge Fran\u00e7aise (1940-1980)\" href=\"http:\/\/blogs.univ-jfc.fr\/projetcroixrouge\/la-croix-rouge-tarnaise-hommes-et-institutions\/les-origines\/laffirmation-de-la-croix-rouge-francaise-1940-1980\/\" target=\"_blank\">la Croix-Rouge tarnaise pendant la Seconde Guerre mondiale<\/a> et sur la <a title=\"Pouponni\u00e8re de Castres\" href=\"http:\/\/blogs.univ-jfc.fr\/projetcroixrouge\/la-croix-rouge-tarnaise-hommes-et-institutions\/la-croix-rouge-action-sociale-et-interventions-medicales\/pouponniere-de-castres\/\" target=\"_blank\">Pouponni\u00e8re de Castres<\/a>.<\/span><\/p>\n<p align=\"justify\"><a title=\"Bibliographie\" href=\"http:\/\/blogs.univ-jfc.fr\/projetcroixrouge\/bibliographie-2\/\" target=\"_blank\"><span style=\"font-family: Arial, sans-serif\">Pour en savoir plus.<\/span><\/a><\/p>\n","protected":false},"excerpt":{"rendered":"<p>Pas de d\u00e9nonciation publique des camps \u00a0 \u00a0 \u00a0 Selon certains historiens, comme Gerald Steinacher, les employ\u00e9s du CICR savaient tr\u00e8s bien ce qui se passait r\u00e9ellement dans les camps. Par exemple, la Mar\u00e9chale P\u00e9tain, qui \u00e9tait la pr\u00e9sidente d&rsquo;honneur du comit\u00e9 central de la Croix-Rouge fran\u00e7aise, demande des informations sur un camp de concentration &hellip; <a href=\"https:\/\/blogs.univ-jfc.fr\/projetcroixrouge\/la-croix-rouge-dans-les-guerres-mondiales\/la-croix-rouge-dans-loccupation\/la-croix-rouge-critiquee\/\" class=\"more-link\">Continuer la lecture de <span class=\"screen-reader-text\">La Croix-Rouge critiqu\u00e9e<\/span> <span class=\"meta-nav\">&rarr;<\/span><\/a><\/p>\n","protected":false},"author":20,"featured_media":0,"parent":88,"menu_order":2,"comment_status":"closed","ping_status":"open","template":"","meta":[],"_links":{"self":[{"href":"https:\/\/blogs.univ-jfc.fr\/projetcroixrouge\/wp-json\/wp\/v2\/pages\/2378"}],"collection":[{"href":"https:\/\/blogs.univ-jfc.fr\/projetcroixrouge\/wp-json\/wp\/v2\/pages"}],"about":[{"href":"https:\/\/blogs.univ-jfc.fr\/projetcroixrouge\/wp-json\/wp\/v2\/types\/page"}],"author":[{"embeddable":true,"href":"https:\/\/blogs.univ-jfc.fr\/projetcroixrouge\/wp-json\/wp\/v2\/users\/20"}],"replies":[{"embeddable":true,"href":"https:\/\/blogs.univ-jfc.fr\/projetcroixrouge\/wp-json\/wp\/v2\/comments?post=2378"}],"version-history":[{"count":11,"href":"https:\/\/blogs.univ-jfc.fr\/projetcroixrouge\/wp-json\/wp\/v2\/pages\/2378\/revisions"}],"predecessor-version":[{"id":3778,"href":"https:\/\/blogs.univ-jfc.fr\/projetcroixrouge\/wp-json\/wp\/v2\/pages\/2378\/revisions\/3778"}],"up":[{"embeddable":true,"href":"https:\/\/blogs.univ-jfc.fr\/projetcroixrouge\/wp-json\/wp\/v2\/pages\/88"}],"wp:attachment":[{"href":"https:\/\/blogs.univ-jfc.fr\/projetcroixrouge\/wp-json\/wp\/v2\/media?parent=2378"}],"curies":[{"name":"wp","href":"https:\/\/api.w.org\/{rel}","templated":true}]}}