{"id":238,"date":"2015-01-29T09:26:07","date_gmt":"2015-01-29T08:26:07","guid":{"rendered":"http:\/\/blogs.univ-jfc.fr\/projetcroixrouge\/?page_id=238"},"modified":"2015-03-26T09:51:40","modified_gmt":"2015-03-26T08:51:40","slug":"financer-laction-humanitaire","status":"publish","type":"page","link":"https:\/\/blogs.univ-jfc.fr\/projetcroixrouge\/lhumanitaire-en-questions\/financer-laction-humanitaire\/","title":{"rendered":"Financer l&rsquo;action humanitaire"},"content":{"rendered":"<p style=\"text-align: justify\" align=\"JUSTIFY\"><span style=\"font-family: Arial, sans-serif\">Le fonctionnement, la r\u00e9ussite et l\u2019efficacit\u00e9 de l\u2019action humanitaire sont indubitablement li\u00e9s aux financements. Les partenariats financiers fournissent la majorit\u00e9 des dons mais leur irr\u00e9gularit\u00e9 engage les ONG \u00e0 faire fructifier la valeur des dons. Dans cette recherche active de financements, les moyens mis en \u0153uvre pour g\u00e9rer l\u2019argent ne sont pas toujours en ad\u00e9quation avec la morale pr\u00f4n\u00e9e par l\u2019action humanitaire. L\u2019urgence des situations n\u00e9cessitant une intervention rapide semble compenser et justifier certaines m\u00e9thodes de gestion. La responsabilit\u00e9 est double, puisqu\u2019il s\u2019agit de r\u00e9pondre \u00e0 une demande d\u2019aide humanitaire et de trouver les moyens de financer cette aide.<\/span><\/p>\n<figure id=\"attachment_3237\" aria-describedby=\"caption-attachment-3237\" style=\"width: 345px\" class=\"wp-caption aligncenter\"><a href=\"http:\/\/blogs.univ-jfc.fr\/projetcroixrouge\/wp-content\/uploads\/sites\/40\/2015\/01\/troncs-plusieurs_medium-187.jpg\"><img loading=\"lazy\" class=\" wp-image-3237   \" alt=\"Don croix-rouge\" src=\"http:\/\/blogs.univ-jfc.fr\/projetcroixrouge\/wp-content\/uploads\/sites\/40\/2015\/01\/troncs-plusieurs_medium-187.jpg\" width=\"345\" height=\"184\" \/><\/a><figcaption id=\"caption-attachment-3237\" class=\"wp-caption-text\">\u00a0 \u00a0 \u00a0 \u00a0 \u00a0 \u00a0 \u00a0 \u00a0 Troncs de don pour la croix-rouge<br \/>\u00a0 \u00a0 \u00a0 \u00a0 \u00a0(image tir\u00e9e du site www.croix-rouge.fr)<\/figcaption><\/figure>\n<p style=\"text-align: justify\"><span style=\"font-family: Arial, sans-serif\">La gestion de l\u2019argent doit-elle donc respecter \u00e0 la lettre les principes moraux, quitte \u00e0 limiter l\u2019action humanitaire\u00a0? Face \u00e0 cet enjeu \u00e9thique, les ONG ne recherchent pas un compromis mais tentent de faire face aux probl\u00e8mes moraux de gestion de l\u2019argent en \u00e9tant aussi transparentes et irr\u00e9prochables que possible.\u00a0<\/span><span style=\"font-family: Arial, sans-serif\">Apr\u00e8s avoir abord\u00e9 les diff\u00e9rents probl\u00e8mes rencontr\u00e9s par les ONG dans leurs <a title=\"Gestion et \u00e9thique\" href=\"http:\/\/blogs.univ-jfc.fr\/projetcroixrouge\/financer-laction-humanitaire\/financer-laction-internationale-gestion-et-ethique\/\" target=\"_blank\">modes de gestion<\/a> et les solutions qu\u2019elles tentent d\u2019apporter, on s&rsquo;int\u00e9ressera \u00e0 la <a title=\"Transparence\" href=\"http:\/\/blogs.univ-jfc.fr\/projetcroixrouge\/financer-laction-humanitaire\/financer-laction-internationale-transparence\/\" target=\"_blank\">transparence<\/a>\u00a0mise en place.<\/span><\/p>\n<p style=\"text-align: justify\"><span style=\"font-family: Arial,sans-serif\">L&rsquo;aide humanitaire d\u00e9signe les moyens mis en \u0153uvre pour r\u00e9pondre \u00e0 une situation ponctuelle ou durable, dans le but de sortir une population ou un pays de la difficult\u00e9. Elle peut prendre des formes tr\u00e8s vari\u00e9es, qui vont des prestations sanitaires aux denr\u00e9es alimentaires, en passant par les abris de fortune ou encore du personnel soignant. Il est important de noter ici que la proportion entre les diff\u00e9rentes formes d&rsquo;aide ont \u00e9volu\u00e9 depuis l&rsquo;apr\u00e8s 1945. Les modes de financement et les acteurs de financement ont aussi \u00e9volu\u00e9. Apr\u00e8s avoir \u00e9tudi\u00e9 les diff\u00e9rents <a title=\"Dons priv\u00e9s et investissements publics\u00a0: des in\u00e9galit\u00e9s d\u2019investissement sur le terrain\" href=\"http:\/\/blogs.univ-jfc.fr\/projetcroixrouge\/financer-laction-humanitaire\/dons-prives-et-investissements-publics-des-inegalites-dinvestissement-sur-le-terrain\/\">acteurs du financement de l&rsquo;aide humanitaire<\/a>, ainsi que l&rsquo;utilisation des ressources, nous \u00e9mettrons quelques r\u00e9serves en \u00e9tudiant les <a title=\"Remise en question de l\u2019humanitaire et gestion des probl\u00e8mes par les ONG\u00a0\" href=\"http:\/\/blogs.univ-jfc.fr\/projetcroixrouge\/financer-laction-humanitaire\/remise-en-question-de-lhumanitaire-et-gestion-des-problemes-par-les-ong\/\">\u00e9volutions<\/a> que les ONG ont du accepter pour continuer a exercer.<\/span><\/p>\n","protected":false},"excerpt":{"rendered":"<p>Le fonctionnement, la r\u00e9ussite et l\u2019efficacit\u00e9 de l\u2019action humanitaire sont indubitablement li\u00e9s aux financements. Les partenariats financiers fournissent la majorit\u00e9 des dons mais leur irr\u00e9gularit\u00e9 engage les ONG \u00e0 faire fructifier la valeur des dons. Dans cette recherche active de financements, les moyens mis en \u0153uvre pour g\u00e9rer l\u2019argent ne sont pas toujours en ad\u00e9quation &hellip; <a href=\"https:\/\/blogs.univ-jfc.fr\/projetcroixrouge\/lhumanitaire-en-questions\/financer-laction-humanitaire\/\" class=\"more-link\">Continuer la lecture de <span class=\"screen-reader-text\">Financer l&rsquo;action humanitaire<\/span> <span class=\"meta-nav\">&rarr;<\/span><\/a><\/p>\n","protected":false},"author":20,"featured_media":0,"parent":1186,"menu_order":0,"comment_status":"closed","ping_status":"open","template":"","meta":[],"_links":{"self":[{"href":"https:\/\/blogs.univ-jfc.fr\/projetcroixrouge\/wp-json\/wp\/v2\/pages\/238"}],"collection":[{"href":"https:\/\/blogs.univ-jfc.fr\/projetcroixrouge\/wp-json\/wp\/v2\/pages"}],"about":[{"href":"https:\/\/blogs.univ-jfc.fr\/projetcroixrouge\/wp-json\/wp\/v2\/types\/page"}],"author":[{"embeddable":true,"href":"https:\/\/blogs.univ-jfc.fr\/projetcroixrouge\/wp-json\/wp\/v2\/users\/20"}],"replies":[{"embeddable":true,"href":"https:\/\/blogs.univ-jfc.fr\/projetcroixrouge\/wp-json\/wp\/v2\/comments?post=238"}],"version-history":[{"count":18,"href":"https:\/\/blogs.univ-jfc.fr\/projetcroixrouge\/wp-json\/wp\/v2\/pages\/238\/revisions"}],"predecessor-version":[{"id":3349,"href":"https:\/\/blogs.univ-jfc.fr\/projetcroixrouge\/wp-json\/wp\/v2\/pages\/238\/revisions\/3349"}],"up":[{"embeddable":true,"href":"https:\/\/blogs.univ-jfc.fr\/projetcroixrouge\/wp-json\/wp\/v2\/pages\/1186"}],"wp:attachment":[{"href":"https:\/\/blogs.univ-jfc.fr\/projetcroixrouge\/wp-json\/wp\/v2\/media?parent=238"}],"curies":[{"name":"wp","href":"https:\/\/api.w.org\/{rel}","templated":true}]}}