{"id":2388,"date":"2015-03-19T10:12:42","date_gmt":"2015-03-19T09:12:42","guid":{"rendered":"http:\/\/blogs.univ-jfc.fr\/projetcroixrouge\/?page_id=2388"},"modified":"2015-04-02T08:53:36","modified_gmt":"2015-04-02T07:53:36","slug":"des-difficultes-a-agir","status":"publish","type":"page","link":"https:\/\/blogs.univ-jfc.fr\/projetcroixrouge\/la-croix-rouge-dans-les-guerres-mondiales\/la-croix-rouge-dans-loccupation\/des-difficultes-a-agir\/","title":{"rendered":"Des difficult\u00e9s \u00e0 agir"},"content":{"rendered":"<p>&nbsp;<\/p>\n<p align=\"JUSTIFY\"><span style=\"font-family: Arial,sans-serif\"><b>L&rsquo;indiff\u00e9rence et le manque d&rsquo;anticipation des Alli\u00e9s<\/b><\/span><\/p>\n<p align=\"JUSTIFY\"><span style=\"font-family: Arial,sans-serif\">\u00a0 \u00a0 \u00a0 Gr\u00e2ce \u00e0 la Convention de Gen\u00e8ve de 1929, les soldats prisonniers b\u00e9n\u00e9ficient d&rsquo;une certaines garantie de bons traitements dans les prisons et le <a title=\"Le CICR\" href=\"http:\/\/blogs.univ-jfc.fr\/projetcroixrouge\/le-cicr\/\" target=\"_blank\">CICR<\/a>, pendant l&rsquo;entre-deux guerres, veut tenter d&rsquo;obtenir le statut des prisonniers pour les civils intern\u00e9s afin qu&rsquo;ils b\u00e9n\u00e9ficient d&rsquo;une protection similaire, mais cela s&rsquo;est av\u00e9r\u00e9 impossible pour plusieurs raisons. <\/span><\/p>\n<p align=\"JUSTIFY\"><span style=\"font-family: Arial,sans-serif\">\u00a0 \u00a0 \u00a0En effet, ce projet est rejet\u00e9 plusieurs fois par les \u00c9tats dans les ann\u00e9es 20 lors de diff\u00e9rentes Conf\u00e9rences internationales de la Croix-Rouge, car les populations restent traumatis\u00e9es de la violence inou\u00efe de la Premi\u00e8re Guerre mondiale et ils ne veulent pas penser qu&rsquo;il puisse y avoir une nouvelle guerre. <\/span><\/p>\n<p align=\"JUSTIFY\"><span style=\"font-family: Arial,sans-serif\">\u00a0 \u00a0 \u00a0 En 1934, c&rsquo;est le refus du gouvernement fran\u00e7ais \u00e0 participer \u00e0 la conf\u00e9rence qui fait \u00e9chouer le projet. On peut se demander pourquoi la France a refus\u00e9 alors que Hitler \u00e9tait d\u00e9j\u00e0 au pouvoir et que le nombre de camps de concentration augmentait dangereusement. Ce comportement peut s&rsquo;expliquer par l&rsquo;\u00e9tat d&rsquo;esprit des Fran\u00e7ais \u00e0 la veille de la guerre. En effet, en France, \u00e0 ce moment-l\u00e0, il y a tr\u00e8s peu de d\u00e9nonciation du nazisme et il r\u00e8gne aussi une forte anglophobie, les Fran\u00e7ais ne seraient pas tous contre un rapprochement avec l&rsquo;Allemagne, nazie ou pas. \u00c0 cela s&rsquo;ajoute un certain antis\u00e9mitisme, une majorit\u00e9 de la population a donc plus peur du fait que les Allemands menacent leur \u00e9tat de paix que du fait qu&rsquo;ils aient une politique antis\u00e9mite. <\/span><\/p>\n<p align=\"JUSTIFY\"><span style=\"font-family: Arial,sans-serif\">\u00a0 \u00a0 \u00a0 En 1939, la Suisse obtient l&rsquo;accord des \u00c9tats occidentaux pour une conf\u00e9rence diplomatique traitant de ce probl\u00e8me mais la date en est fix\u00e9e en d\u00e9but 1940 et les Occidentaux sont rattrap\u00e9s par la guerre. Les \u00c9tats ont donc mal anticip\u00e9 la guerre malgr\u00e9 les appels au consensus du CICR. Ce dernier semble avoir ainsi rempli son r\u00f4le dans les limites politiques qui lui \u00e9taient donn\u00e9es mais on lui reproche encore de ne pas \u00eatre all\u00e9 beaucoup plus loin, de ne pas avoir sorti ces \u00c9tats de leur passivit\u00e9. <\/span><\/p>\n<p align=\"JUSTIFY\"><span style=\"font-family: Arial,sans-serif\">\u00a0 \u00a0 \u00a0 De plus, le 4 septembre 1939, le CICR relance un appel aux gouvernements occidentaux pour ce projet, il re\u00e7oit d&rsquo;abord la r\u00e9ponse de l&rsquo;Allemagne, puis celle des Alli\u00e9s qui acceptent d&rsquo;assimiler au r\u00e9gime des prisonniers de guerre celui des intern\u00e9s civils. Ainsi, les Allemands prisonniers sur le territoire d&rsquo;un des bellig\u00e9rants sont prot\u00e9g\u00e9s par le CICR et les civils des Alli\u00e9s emprisonn\u00e9s sur le sol allemand b\u00e9n\u00e9ficient eux aussi, officiellement, de cette aide humanitaire. Les civils des pays occup\u00e9s par l&rsquo;Allemagne, comme la Pologne par exemple, ne sont donc pas prot\u00e9g\u00e9s par cet accord. <\/span><\/p>\n<p align=\"JUSTIFY\"><span style=\"font-family: Arial,sans-serif\">\u00a0 \u00a0 \u00a0Par cons\u00e9quent, ce n&rsquo;est qu&rsquo;apr\u00e8s la guerre, le 12 ao\u00fbt 1949 que la Convention relative \u00e0 la protection des personnes civiles, de toutes nationalit\u00e9, en temps de guerre, est adopt\u00e9e. Nous pouvons donc dire que l&rsquo;indiff\u00e9rence des Alli\u00e9s a jou\u00e9 un r\u00f4le important dans la passivit\u00e9 et l&rsquo;attitude prudente du CICR puisque ce sont eux qui lui posent ses limites juridiques qui, elles, d\u00e9finissent le cadre de son action humanitaire.<\/span><\/p>\n<p align=\"JUSTIFY\"><span style=\"font-family: Arial,sans-serif\"><b>Plusieurs gouvernements ne collaborent pas avec le CICR : les probl\u00e8mes juridiques<\/b><\/span><\/p>\n<p align=\"JUSTIFY\"><span style=\"font-family: Arial,sans-serif\">\u00a0 \u00a0 \u00a0 L&rsquo;\u00c9tat sovi\u00e9tique et le Japon refusent de signer la Convention de Gen\u00e8ve de 1929 qui prot\u00e8ge les prisonniers de guerre. Or, ils sont tous deux impliqu\u00e9s dans la Seconde Guerre mondiale, des soldats de leur nation sont donc captur\u00e9s, et eux internent des soldats ennemis. Le CICR se trouve donc dans l&rsquo;incapacit\u00e9 de venir en aide \u00e0 tous ces soldats. Ainsi, trois des cinq millions de Russes captur\u00e9s par la Wehrmacht meurent de faim, de froid, de maladie ou de d\u00e9sespoir. <\/span><\/p>\n<p align=\"JUSTIFY\"><span style=\"font-family: Arial,sans-serif\">\u00a0 \u00a0 \u00a0 Le grand enjeu qui se pose avec ces conventions, c&rsquo;est qu&rsquo;elles sont comme une garantie minimale en temps de guerre car c&rsquo;est un moment o\u00f9 le respect de la personne n&rsquo;est plus assur\u00e9. De plus, l&rsquo;action humanitaire de la Croix-Rouge d\u00e9pend de ces Conventions qui se construisent \u00e0 partir de d\u00e9bats diplomatiques entre gouvernements et ceux qui ne signent pas ces Conventions emp\u00eachent une partie de cette action. <\/span><\/p>\n<p align=\"JUSTIFY\"><span style=\"font-family: Arial,sans-serif\">\u00a0 \u00a0 \u00a0 L&rsquo;Allemagne nazie, quant \u00e0 elle, s&rsquo;oppose totalement \u00e0 la protection des civils juifs et r\u00e9pond peu aux demandes humanitaires du CICR, ce qui les emp\u00eachait notamment d&rsquo;entrer dans leurs camps de concentration et d&rsquo;extermination, que les nazis consid\u00e9raient comme une entreprise priv\u00e9e. Il semblait donc tr\u00e8s difficile au CICR d&rsquo;agir en faveur des d\u00e9port\u00e9s face aux refus de ses demandes aupr\u00e8s de l&rsquo;\u00c9tat allemand et en plus, le CICR n&rsquo;a pas le pouvoir de contraindre un \u00c9tat \u00e0 faire telle ou telle action ou \u00e0 lui conc\u00e9der des droits. En 1942, l&rsquo;organisation humanitaire envoie au minist\u00e8re des Affaires \u00e9trang\u00e8res du Reich une demande d&rsquo;autorisation \u00e0 pouvoir effectuer, dans les camps de concentration et d&rsquo;extermination, ces missions ci-dessous :<\/span><\/p>\n<p align=\"JUSTIFY\"><span style=\"font-family: Arial,sans-serif\">&#8211; Transmission des informations qui permettraient au CICR de renseigner les familles des d\u00e9tenus.<\/span><\/p>\n<p align=\"JUSTIFY\"><span style=\"font-family: Arial,sans-serif\">&#8211; Possibilit\u00e9 pour les captifs d&rsquo;envoyer des nouvelles \u00e0 leurs familles.<\/span><\/p>\n<p align=\"JUSTIFY\"><span style=\"font-family: Arial,sans-serif\">&#8211; Possibilit\u00e9 pour les familles et les Soci\u00e9t\u00e9s nationales de la Croix-Rouge de faire parvenir des secours aux d\u00e9tenus.<\/span><\/p>\n<p align=\"JUSTIFY\"><span style=\"font-family: Arial,sans-serif\">&#8211; Autorisation donn\u00e9e aux d\u00e9l\u00e9gu\u00e9s du CICR de visiter les prisonniers.<\/span><\/p>\n<p align=\"JUSTIFY\"><span style=\"font-family: Arial,sans-serif\">Mais les Allemands refusent en bloc cette demande qui ne sera pas renouvel\u00e9e par le CICR, certains qu&rsquo;ils se retrouveraient encore face \u00e0 un refus et les prisonniers civils des camps ne re\u00e7urent pas de secours. L&rsquo;organisation humanitaire a longuement tent\u00e9 de faire accepter ce projet mais a finalement abandonn\u00e9, encore aujourd&rsquo;hui beaucoup se demandent : ont-ils bien fait ? Le CICR a donc remplit son r\u00f4le l\u00e9gal, mais \u00e9tant donn\u00e9 la situation terrible et les actions inhumaines des nazis, n&rsquo;aurait-il pas du \u00eatre plus actif dans les camps et faire des protestations officielles ? Le CICR et les Croix-Rouge nationales qui en d\u00e9pendent n&rsquo;auraient-ils pas d\u00fb agir dans l&rsquo;ill\u00e9galit\u00e9 vis \u00e0 vis de l&rsquo;\u00c9tat nazi ? Peut \u00eatre le CICR a-t-il craint que de s&rsquo;opposer aux Allemands risquait de les pousser \u00e0 \u00eatre encore plus ferm\u00e9s \u00e0 leurs initiatives humanitaires.<\/span><\/p>\n<p align=\"JUSTIFY\"><span style=\"font-family: Arial,sans-serif\"><b>Une cr\u00e9dibilit\u00e9 \u00e0 conserver pour pouvoir continuer \u00e0 agir<\/b><\/span><\/p>\n<p align=\"JUSTIFY\"><span style=\"font-family: Arial,sans-serif\">\u00a0 \u00a0 \u00a0 Le Mouvement des \u00c9claireuses et \u00c9claireurs de France \u00e9tait interdit dans la France occup\u00e9e, mais les scouts continuaient leurs actions en prenant, par exemple, le nom de \u00ab Jeunesse Croix-Rouge \u00bb pour ne pas que l&rsquo;on comprenne qu&rsquo;ils \u00e9taient scouts. Cela prouve bien le prestige qu&rsquo;avait la Croix-Rouge aupr\u00e8s des gouvernements des deux camps. Le CICR ne repr\u00e9sentait pas une menace pour le Reich puisqu&rsquo;il \u00e9tait cens\u00e9 respecter son v\u0153u de neutralit\u00e9 et il devait donc montrer \u00e0 tous qu&rsquo;il ne prenait pas partie pour les Alli\u00e9s dans la guerre et qu&rsquo;il ne favorisait pas le peuple juif dans ses actions humanitaires. <\/span><\/p>\n<p align=\"JUSTIFY\"><span style=\"font-family: Arial,sans-serif\">\u00a0 \u00a0 \u00a0La Croix-Rouge suisse avait envoy\u00e9 une d\u00e9l\u00e9gation \u00e0 Toulouse pour sauver les enfants du Sud de la France qui, dans un contexte de p\u00e9nurie alimentaire \u00e0 cause de la guerre, \u00e9taient sous-aliment\u00e9s. Mais en automne 1940, le D\u00e9l\u00e9gu\u00e9 de Toulouse a pris la d\u00e9cision de sauver 40 enfants juifs de la d\u00e9portation. Pour cela, la Croix-Rouge suisse\u2013Secours aux enfants fut fortement critiqu\u00e9e \u00e0 Berne car s&rsquo;opposer \u00e0 une d\u00e9cision du gouvernement est une violation du principe de neutralit\u00e9. Cette d\u00e9l\u00e9gation avait donc \u00e9t\u00e9 cr\u00e9\u00e9e seulement pour \u00ab adoucir la mis\u00e8re des enfants fran\u00e7ais \u00bb et non pour les sauver de la d\u00e9portation. <\/span><\/p>\n<p align=\"JUSTIFY\"><span style=\"font-family: Arial,sans-serif\">\u00a0 \u00a0 \u00a0 C&rsquo;est donc surtout le <a title=\"Droit International Humanitaire\" href=\"http:\/\/blogs.univ-jfc.fr\/projetcroixrouge\/lhumanitaire-en-questions\/la-philosophie-le-droit-et-laction-humanitaire\/philosophie-droit-et-action-humanitaire\/\" target=\"_blank\">v\u0153u de neutralit\u00e9<\/a> de l&rsquo;organisation qui a pos\u00e9 probl\u00e8me puisque le CICR ne pouvait pas se consacrer plus aux populations civiles juives qu&rsquo;aux autres civils et militaires. Le CICR a toujours refus\u00e9 aux organismes juifs comme le Congr\u00e8s juif mondial de reconna\u00eetre les Juifs pers\u00e9cut\u00e9s comme un groupe \u00e0 part dans ses actions. Ici, nous pouvons donc voir que le v\u0153u fondateur de la Croix-Rouge, sa plus grande valeur, qui lui donne toute sa l\u00e9gitimit\u00e9 sur un champ de bataille o\u00f9 s&rsquo;opposent plusieurs camps, nationalit\u00e9s ou m\u00eame religions, est devenu un probl\u00e8me dans une guerre avec un contexte aussi complexe, o\u00f9 tout un peuple d\u00e9finit par sa religion est victime de g\u00e9nocide.<\/span><\/p>\n<p align=\"justify\"><a title=\"Bibliographie\" href=\"http:\/\/blogs.univ-jfc.fr\/projetcroixrouge\/bibliographie-2\/\" target=\"_blank\"><span style=\"font-family: Arial, sans-serif\">Pour en savoir plus.<\/span><\/a><\/p>\n<p align=\"justify\"><span style=\"font-family: Arial, sans-serif\">\u00a0<\/span><\/p>\n","protected":false},"excerpt":{"rendered":"<p>&nbsp; L&rsquo;indiff\u00e9rence et le manque d&rsquo;anticipation des Alli\u00e9s \u00a0 \u00a0 \u00a0 Gr\u00e2ce \u00e0 la Convention de Gen\u00e8ve de 1929, les soldats prisonniers b\u00e9n\u00e9ficient d&rsquo;une certaines garantie de bons traitements dans les prisons et le CICR, pendant l&rsquo;entre-deux guerres, veut tenter d&rsquo;obtenir le statut des prisonniers pour les civils intern\u00e9s afin qu&rsquo;ils b\u00e9n\u00e9ficient d&rsquo;une protection similaire, &hellip; <a href=\"https:\/\/blogs.univ-jfc.fr\/projetcroixrouge\/la-croix-rouge-dans-les-guerres-mondiales\/la-croix-rouge-dans-loccupation\/des-difficultes-a-agir\/\" class=\"more-link\">Continuer la lecture de <span class=\"screen-reader-text\">Des difficult\u00e9s \u00e0 agir<\/span> <span class=\"meta-nav\">&rarr;<\/span><\/a><\/p>\n","protected":false},"author":20,"featured_media":0,"parent":88,"menu_order":2,"comment_status":"closed","ping_status":"open","template":"","meta":[],"_links":{"self":[{"href":"https:\/\/blogs.univ-jfc.fr\/projetcroixrouge\/wp-json\/wp\/v2\/pages\/2388"}],"collection":[{"href":"https:\/\/blogs.univ-jfc.fr\/projetcroixrouge\/wp-json\/wp\/v2\/pages"}],"about":[{"href":"https:\/\/blogs.univ-jfc.fr\/projetcroixrouge\/wp-json\/wp\/v2\/types\/page"}],"author":[{"embeddable":true,"href":"https:\/\/blogs.univ-jfc.fr\/projetcroixrouge\/wp-json\/wp\/v2\/users\/20"}],"replies":[{"embeddable":true,"href":"https:\/\/blogs.univ-jfc.fr\/projetcroixrouge\/wp-json\/wp\/v2\/comments?post=2388"}],"version-history":[{"count":10,"href":"https:\/\/blogs.univ-jfc.fr\/projetcroixrouge\/wp-json\/wp\/v2\/pages\/2388\/revisions"}],"predecessor-version":[{"id":3799,"href":"https:\/\/blogs.univ-jfc.fr\/projetcroixrouge\/wp-json\/wp\/v2\/pages\/2388\/revisions\/3799"}],"up":[{"embeddable":true,"href":"https:\/\/blogs.univ-jfc.fr\/projetcroixrouge\/wp-json\/wp\/v2\/pages\/88"}],"wp:attachment":[{"href":"https:\/\/blogs.univ-jfc.fr\/projetcroixrouge\/wp-json\/wp\/v2\/media?parent=2388"}],"curies":[{"name":"wp","href":"https:\/\/api.w.org\/{rel}","templated":true}]}}