{"id":2392,"date":"2015-03-19T09:24:39","date_gmt":"2015-03-19T08:24:39","guid":{"rendered":"http:\/\/blogs.univ-jfc.fr\/projetcroixrouge\/?page_id=2392"},"modified":"2015-03-26T08:56:11","modified_gmt":"2015-03-26T07:56:11","slug":"les-figures","status":"publish","type":"page","link":"https:\/\/blogs.univ-jfc.fr\/projetcroixrouge\/la-croix-rouge-tarnaise-des-hommes-et-des-femmes\/figures-tarn\/les-figures\/","title":{"rendered":"Les figures"},"content":{"rendered":"<p align=\"JUSTIFY\"><span style=\"font-family: Arial, sans-serif\"><span style=\"font-size: medium\"><a title=\"Jacques Caminade\" href=\"http:\/\/blogs.univ-jfc.fr\/projetcroixrouge\/la-croix-rouge-tarnaise-des-hommes-et-des-femmes\/figures-tarn\/jacques-caminade\/\">Jacques Caminade<\/a>\u00a0: Jacques Caminade est un des piliers de la Croix-Rouge Tarnaise. Il s&rsquo;est investi pendant quarante ans en tant que secouriste et continue encore aujourd&rsquo;hui \u00e0 lui venir en aide. <\/span><\/span><\/p>\n<p align=\"JUSTIFY\"><span style=\"font-family: Arial, sans-serif\"><span style=\"font-size: medium\"><a title=\"Jean Carensac\" href=\"http:\/\/blogs.univ-jfc.fr\/projetcroixrouge\/jean-carensac\/\">Jean Carensac<\/a>\u00a0: Investi au sein de l&rsquo;association depuis 1973 comme secouriste, il travailla beaucoup avec Jacques Caminade et a exerc\u00e9 de nombreuses fonctions au sein de l&rsquo;association.<\/span><\/span><\/p>\n<p align=\"JUSTIFY\"><span style=\"font-family: Arial, sans-serif\"><span style=\"font-size: medium\"><a title=\"Miguel Palhares\" href=\"http:\/\/blogs.univ-jfc.fr\/projetcroixrouge\/miguel-palhares\/\">Miguel Palhares<\/a>\u00a0: Entr\u00e9 en 2009 dans l&rsquo;association a seulement 16 ans, il est aujourd&rsquo;hui responsable d\u00e9partemental jeunesse et responsable communication du secteur Castres\/Mazamet.<\/span><\/span><\/p>\n<p align=\"JUSTIFY\"><span style=\"font-family: Arial, sans-serif\"><span style=\"font-size: medium\"><a title=\"M\u00e9lanie Ramade\" href=\"http:\/\/blogs.univ-jfc.fr\/projetcroixrouge\/melanie-ramade\/\">M\u00e9lanie Ramade<\/a>\u00a0: Engag\u00e9e depuis l&rsquo;\u00e2ge de 10 ans, elle obtint le prix de civisme et de d\u00e9vouement en 2001, a seulement 19 ans. Elle est aujourd&rsquo;hui secr\u00e9taire administrative \u00e0 la d\u00e9l\u00e9gation d\u00e9partementale.<\/span><\/span><\/p>\n","protected":false},"excerpt":{"rendered":"<p>Jacques Caminade\u00a0: Jacques Caminade est un des piliers de la Croix-Rouge Tarnaise. Il s&rsquo;est investi pendant quarante ans en tant que secouriste et continue encore aujourd&rsquo;hui \u00e0 lui venir en aide. Jean Carensac\u00a0: Investi au sein de l&rsquo;association depuis 1973 comme secouriste, il travailla beaucoup avec Jacques Caminade et a exerc\u00e9 de nombreuses fonctions au &hellip; <a href=\"https:\/\/blogs.univ-jfc.fr\/projetcroixrouge\/la-croix-rouge-tarnaise-des-hommes-et-des-femmes\/figures-tarn\/les-figures\/\" class=\"more-link\">Continuer la lecture de <span class=\"screen-reader-text\">Les figures<\/span> <span class=\"meta-nav\">&rarr;<\/span><\/a><\/p>\n","protected":false},"author":128,"featured_media":0,"parent":66,"menu_order":3,"comment_status":"closed","ping_status":"open","template":"","meta":[],"_links":{"self":[{"href":"https:\/\/blogs.univ-jfc.fr\/projetcroixrouge\/wp-json\/wp\/v2\/pages\/2392"}],"collection":[{"href":"https:\/\/blogs.univ-jfc.fr\/projetcroixrouge\/wp-json\/wp\/v2\/pages"}],"about":[{"href":"https:\/\/blogs.univ-jfc.fr\/projetcroixrouge\/wp-json\/wp\/v2\/types\/page"}],"author":[{"embeddable":true,"href":"https:\/\/blogs.univ-jfc.fr\/projetcroixrouge\/wp-json\/wp\/v2\/users\/128"}],"replies":[{"embeddable":true,"href":"https:\/\/blogs.univ-jfc.fr\/projetcroixrouge\/wp-json\/wp\/v2\/comments?post=2392"}],"version-history":[{"count":3,"href":"https:\/\/blogs.univ-jfc.fr\/projetcroixrouge\/wp-json\/wp\/v2\/pages\/2392\/revisions"}],"predecessor-version":[{"id":3136,"href":"https:\/\/blogs.univ-jfc.fr\/projetcroixrouge\/wp-json\/wp\/v2\/pages\/2392\/revisions\/3136"}],"up":[{"embeddable":true,"href":"https:\/\/blogs.univ-jfc.fr\/projetcroixrouge\/wp-json\/wp\/v2\/pages\/66"}],"wp:attachment":[{"href":"https:\/\/blogs.univ-jfc.fr\/projetcroixrouge\/wp-json\/wp\/v2\/media?parent=2392"}],"curies":[{"name":"wp","href":"https:\/\/api.w.org\/{rel}","templated":true}]}}