{"id":2393,"date":"2015-03-19T09:19:53","date_gmt":"2015-03-19T08:19:53","guid":{"rendered":"http:\/\/blogs.univ-jfc.fr\/projetcroixrouge\/?page_id=2393"},"modified":"2015-03-26T17:39:59","modified_gmt":"2015-03-26T16:39:59","slug":"temoignage-du-dr-andre-meunier","status":"publish","type":"page","link":"https:\/\/blogs.univ-jfc.fr\/projetcroixrouge\/la-croix-rouge-dans-les-guerres-mondiales\/la-croix-rouge-dans-loccupation\/temoignage-du-dr-andre-meunier\/","title":{"rendered":"T\u00e9moignage du Dr Andr\u00e9 Meunier"},"content":{"rendered":"<p align=\"justify\"><span style=\"font-family: Arial, sans-serif\"><a href=\"http:\/\/http:\/\/www.croix-rouge.fr\/La-Croix-Rouge\/La-Croix-Rouge-francaise\/Historique\/Seconde-Guerre-mondiale\/Aout-1944-liberation-de-Paris-le-poste-de-secours-de-la-Comedie-francaise-1791\" target=\"_blank\">Au d\u00e9but du mois d\u2019ao\u00fbt 1944<\/a>, il r\u00e8gne dans les rues de Paris une atmosph\u00e8re insurrectionnelle. Emmen\u00e9e par les FFI, la r\u00e9action int\u00e9rieure grandit : une gr\u00e8ve des policiers le 15 ao\u00fbt signale l\u2019imminence d\u2019une r\u00e9volte des parisiens contre les troupes allemandes en poste dans la capitale. Charles Danglade, Inspecteur G\u00e9n\u00e9ral \u00e0 la Banque de France, est alors pr\u00e9sident du comit\u00e9 CRF du 1er arrondissement de Paris. En pr\u00e9vision de combats meurtriers, il d\u00e9cide avec le docteur Andr\u00e9 Meunier, responsable des secouristes du 1er arrondissement depuis 1942, de monter 17 postes de secours r\u00e9partis dans l\u2019arrondissement. Leur mise en fonction a lieu le 17 ao\u00fbt. On hisse le drapeau Croix-Rouge dans les quelques cr\u00e8ches, dispensaires et \u00e9coles de l\u2019arrondissement mais aussi\u2026 dans le hall de la Com\u00e9die Fran\u00e7aise, place du Palais Royal. Personnels, artistes et com\u00e9diens du c\u00e9l\u00e8bre th\u00e9\u00e2tre s\u2019engagent sans tarder aupr\u00e8s des volontaires Croix-Rouge. Les nouveaux\u00a0secouristes s\u2019appellent Ren\u00e9 Alexandre, Jean Chevrier, Lise Delamare ou encore Jean-Paul Sartre (il fait jouer \u00e0 l\u2019\u00e9poque Huis-Clos). Dans la discr\u00e9tion, ils assistent les \u00e9quipes d\u2019urgence, s\u2019occupent de logistique et prodiguent parfois, comme Sartre, les premiers soins aux victimes. Mercanton, artiste-com\u00e9dien, prend possession d\u2019un autobus qui sert, pendant toute cette p\u00e9riode, de transport inter-postes et d\u2019ambulance annexe.<\/span><\/p>\n<p align=\"justify\"><span style=\"font-family: Arial, sans-serif\"><span>L\u2019insurrection des parisiens d\u00e9bute le 19 ao\u00fbt, au lendemain de l\u2019appel lanc\u00e9 par le colonel Rol. Pour am\u00e9liorer la couverture sanitaire dans l\u2019arrondissement, un nouveau\u00a0poste de secours est ouvert le 22 ao\u00fbt au Th\u00e9\u00e2tre Fran\u00e7ais, sur proposition de l\u2019administration de la Com\u00e9die Fran\u00e7aise. Les combats font rage sur la place du Palais-Royal : m\u00e9decins, infirmi\u00e8res et com\u00e9diens rel\u00e8vent plus de dix bless\u00e9s graves par jour, allemands comme combattants des FFI. \u00ab Bien que nous esp\u00e9rions tous l\u2019arriv\u00e9e rapide des troupes du g\u00e9n\u00e9ral Leclerc et le d\u00e9part de l\u2019occupant, nous portions assistance \u00e0 tous selon le principe de neutralit\u00e9, se souviendra Andr\u00e9 Meunier. Les bless\u00e9s, d\u2019ailleurs, \u00e9taient en majorit\u00e9 allemands. Nous devions le plus souvent arracher aux flammes des soldats presque enti\u00e8rement br\u00fbl\u00e9s, les amener au Service de Sant\u00e9 de leur arm\u00e9e ou, pour les plus graves, \u00e0 l\u2019H\u00f4tel Dieu \u00bb.<\/span><\/span><\/p>\n","protected":false},"excerpt":{"rendered":"<p>Au d\u00e9but du mois d\u2019ao\u00fbt 1944, il r\u00e8gne dans les rues de Paris une atmosph\u00e8re insurrectionnelle. Emmen\u00e9e par les FFI, la r\u00e9action int\u00e9rieure grandit : une gr\u00e8ve des policiers le 15 ao\u00fbt signale l\u2019imminence d\u2019une r\u00e9volte des parisiens contre les troupes allemandes en poste dans la capitale. Charles Danglade, Inspecteur G\u00e9n\u00e9ral \u00e0 la Banque de &hellip; <a href=\"https:\/\/blogs.univ-jfc.fr\/projetcroixrouge\/la-croix-rouge-dans-les-guerres-mondiales\/la-croix-rouge-dans-loccupation\/temoignage-du-dr-andre-meunier\/\" class=\"more-link\">Continuer la lecture de <span class=\"screen-reader-text\">T\u00e9moignage du Dr Andr\u00e9 Meunier<\/span> <span class=\"meta-nav\">&rarr;<\/span><\/a><\/p>\n","protected":false},"author":20,"featured_media":0,"parent":88,"menu_order":3,"comment_status":"closed","ping_status":"open","template":"","meta":[],"_links":{"self":[{"href":"https:\/\/blogs.univ-jfc.fr\/projetcroixrouge\/wp-json\/wp\/v2\/pages\/2393"}],"collection":[{"href":"https:\/\/blogs.univ-jfc.fr\/projetcroixrouge\/wp-json\/wp\/v2\/pages"}],"about":[{"href":"https:\/\/blogs.univ-jfc.fr\/projetcroixrouge\/wp-json\/wp\/v2\/types\/page"}],"author":[{"embeddable":true,"href":"https:\/\/blogs.univ-jfc.fr\/projetcroixrouge\/wp-json\/wp\/v2\/users\/20"}],"replies":[{"embeddable":true,"href":"https:\/\/blogs.univ-jfc.fr\/projetcroixrouge\/wp-json\/wp\/v2\/comments?post=2393"}],"version-history":[{"count":8,"href":"https:\/\/blogs.univ-jfc.fr\/projetcroixrouge\/wp-json\/wp\/v2\/pages\/2393\/revisions"}],"predecessor-version":[{"id":3493,"href":"https:\/\/blogs.univ-jfc.fr\/projetcroixrouge\/wp-json\/wp\/v2\/pages\/2393\/revisions\/3493"}],"up":[{"embeddable":true,"href":"https:\/\/blogs.univ-jfc.fr\/projetcroixrouge\/wp-json\/wp\/v2\/pages\/88"}],"wp:attachment":[{"href":"https:\/\/blogs.univ-jfc.fr\/projetcroixrouge\/wp-json\/wp\/v2\/media?parent=2393"}],"curies":[{"name":"wp","href":"https:\/\/api.w.org\/{rel}","templated":true}]}}