{"id":2496,"date":"2015-03-19T09:51:45","date_gmt":"2015-03-19T08:51:45","guid":{"rendered":"http:\/\/blogs.univ-jfc.fr\/projetcroixrouge\/?page_id=2496"},"modified":"2015-04-01T18:15:22","modified_gmt":"2015-04-01T17:15:22","slug":"image-et-representation-des-femmes-de-la-croix-rouge","status":"publish","type":"page","link":"https:\/\/blogs.univ-jfc.fr\/projetcroixrouge\/la-croix-rouge-tarnaise-des-hommes-et-des-femmes\/les-femmes-de-la-croix-rouge\/image-et-representation-des-femmes-de-la-croix-rouge\/","title":{"rendered":"Image et repr\u00e9sentation des femmes de la Croix-Rouge"},"content":{"rendered":"<p align=\"JUSTIFY\"><span style=\"font-family: Arial, sans-serif\"><span style=\"font-size: medium\"><b>Marie Curie : un parcours d&rsquo;exception<\/b><\/span><\/span><\/p>\n<figure id=\"attachment_2917\" aria-describedby=\"caption-attachment-2917\" style=\"width: 196px\" class=\"wp-caption alignleft\"><a href=\"http:\/\/blogs.univ-jfc.fr\/projetcroixrouge\/wp-content\/uploads\/sites\/40\/2015\/03\/12512-004-80322EC3.jpg\"><img loading=\"lazy\" class=\"size-medium wp-image-2917  \" title=\"Portrait de Marie Curie\" alt=\"Photographie de Marie Curie, The Granger Collection, New-York\" src=\"http:\/\/blogs.univ-jfc.fr\/projetcroixrouge\/wp-content\/uploads\/sites\/40\/2015\/03\/12512-004-80322EC3-196x300.jpg\" width=\"196\" height=\"300\" srcset=\"https:\/\/blogs.univ-jfc.fr\/projetcroixrouge\/wp-content\/uploads\/sites\/40\/2015\/03\/12512-004-80322EC3-196x300.jpg 196w, https:\/\/blogs.univ-jfc.fr\/projetcroixrouge\/wp-content\/uploads\/sites\/40\/2015\/03\/12512-004-80322EC3.jpg 295w\" sizes=\"(max-width: 196px) 100vw, 196px\" \/><\/a><figcaption id=\"caption-attachment-2917\" class=\"wp-caption-text\">Photographie de Marie Curie, The Granger Collection, New-York<\/figcaption><\/figure>\n<p align=\"JUSTIFY\"><span style=\"font-family: Arial, sans-serif\"><span style=\"font-size: medium\">Marie Curie na\u00eet Maria Sklodowska le 7 novembre <\/span><span style=\"font-size: medium\">1867 dans un vieux quartier de Varsovie, <\/span><span style=\"font-size: medium\">d<\/span><span style=\"font-size: medium\">&lsquo;un p\u00e8re professeur de math\u00e9matiques et de physique et d&rsquo;une m\u00e8re institutrice.<\/span><span style=\"color: #000000\"><span style=\"font-size: medium\"> La d\u00e9cision de Marie Curie de poursuivre une carri\u00e8re scientifique la confronte \u00e0 de multiples difficult\u00e9s. \u00c1 cette \u00e9poque, l\u2019acc\u00e8s aux \u00e9tudes scientifiques \u00e9ta<\/span><\/span><span style=\"color: #000000\"><span style=\"font-size: medium\">it<\/span><\/span><span style=\"color: #000000\"><span style=\"font-size: medium\"> peu commun pour une femm<\/span><\/span><span style=\"color: #000000\"><span style=\"font-size: medium\">e. En effet, <\/span><\/span><span style=\"color: #000000\"><span style=\"font-size: medium\">il \u00e9tait inconcevable qu&rsquo;une femme fa<\/span><\/span><span style=\"color: #000000\"><span style=\"font-size: medium\">sse<\/span><\/span><span style=\"color: #000000\"><span style=\"font-size: medium\"> un travail <\/span><\/span><span style=\"color: #000000\"><span style=\"font-size: medium\">habituellement r\u00e9serv\u00e9 aux hommes<\/span><\/span><span style=\"color: #000000\"><span style=\"font-size: medium\">.<\/span><\/span><\/span><\/p>\n<p align=\"JUSTIFY\"><span style=\"font-family: Arial, sans-serif\"><span style=\"font-size: medium\">Elle se maria avec Pierre Curie, le 26 juillet 1895, \u00e0 Sceaux. De cette union na\u00eet, en 1897, Ir\u00e8ne Curie qui comme sa m\u00e8re, d\u00e9croche un prix Nobel de chimie. La m\u00eame ann\u00e9e, elle entreprend des recherches sur un nouveau ph\u00e9nom\u00e8ne, la radioactivit\u00e9. Cette d\u00e9couverte lui vaut l\u2019attribution du prix Nobel de 1911. En 1909, elle est nomm\u00e9e professeur titulaire de physique g\u00e9n\u00e9rale et de radioactivit\u00e9.<\/span><\/span><\/p>\n<p align=\"JUSTIFY\"><span style=\"font-family: Arial, sans-serif\"><span style=\"font-size: medium\">En 1914, Marie Curie am\u00e9nage son laboratoire dans le tout nouvel Institut du radium. Elle d\u00e9cide de s\u2019engager \u00e0 son tour et met au service de la France ses connaissances scientifiques de radiologie et de radium-th\u00e9rapie. Elle va encore plus loin en mobilisant des ressources humaines, mat\u00e9rielles et financi\u00e8res au profit des<b> <\/b>bless\u00e9s, aid\u00e9 par le Patronage national des bless\u00e9s et par des donateurs. Parmi ces contributions on retrouve surtout les fameuses voitures appel\u00e9es les <span style=\"color: #0000ff\"><a title=\"Les petites Curies\" href=\"http:\/\/blogs.univ-jfc.fr\/projetcroixrouge\/la-croix-rouge-tarnaise-des-hommes-et-des-femmes\/les-femmes-de-la-croix-rouge\/image-et-representation-des-femmes-de-la-croix-rouge\/les-petites-curies\/\">\u00ab\u00a0petites Curie\u00a0\u00bb<\/a>.<\/span><\/span><\/span><\/p>\n<p align=\"JUSTIFY\"><span style=\"font-family: Arial, sans-serif\"><span style=\"font-size: medium\">Pendant la Premi\u00e8re Guerre mondiale, Marie Curie s\u2019implique beaucoup pour que la nouvelle technique de la radiographie soit disponible sur le front. Sa fille <span style=\"color: #0000ff\"><a title=\"Ir\u00e8ne Curie\" href=\"http:\/\/blogs.univ-jfc.fr\/projetcroixrouge\/la-croix-rouge-tarnaise-des-hommes-et-des-femmes\/les-femmes-de-la-croix-rouge\/image-et-representation-des-femmes-de-la-croix-rouge\/irene-curie\/\">Ir\u00e8ne<\/a><\/span>, l&rsquo;assiste, \u00e2g\u00e9e seulement de 17\/18 ans. <span style=\"color: #000000\">Apr\u00e8s la guerre, son exemple constitue une aide pr\u00e9cieuse dans les diff\u00e9rentes luttes pour la cause des femmes. Elle devient une figure m\u00e9diatique aux \u00c9tats-Unis, o\u00f9 elle fait campagne pour r\u00e9colter des fonds <\/span><span style=\"color: #000000\">dans le but d&rsquo;aider la <\/span><span style=\"color: #000000\">recherche scientifique.<\/span><\/span><\/span><\/p>\n<p align=\"JUSTIFY\"><span style=\"font-family: Arial, sans-serif\"><span style=\"font-size: medium\"><span style=\"color: #000000\">\u00a0<\/span><\/span><\/span><span style=\"font-family: Arial, sans-serif\"><span style=\"font-size: medium\"><span style=\"color: #000000\"><b>L\u2019instrumentalisation de la femme dans la <\/b><\/span><span style=\"color: #000000\"><b>propagande <\/b><\/span><span style=\"color: #000000\"><b>de la Grande Guerre<\/b><\/span><\/span><\/span><\/p>\n<p align=\"JUSTIFY\"><span style=\"font-size: medium\"><span style=\"color: #000000\"><span style=\"font-family: Arial, sans-serif\"> Bien qu&rsquo;il p\u00fbt y avoir des femmes de t\u00eate dans l&rsquo;Association, le souvenir de la Grande Guerre repose surtout sur ses infirmi\u00e8res en robe blanche qui apport\u00e8rent soutient moral et gu\u00e9rison au bless\u00e9s de guerre. Lors de la Premi\u00e8re Guerre mondiale, on les appelle les \u00abanges blancs\u00bb. E<\/span><\/span><span style=\"color: #000000\"><span style=\"font-family: Arial, sans-serif\">lles sont 68000 \u00e0 \u00eatre mobilis\u00e9es. L&rsquo;image de la femme se transforme en v\u00e9ritable ic\u00f4ne populaire et malgr\u00e9 le fait que la France reste encore tr\u00e8s conservatrice, elles sont d\u00e9sormais pass\u00e9es au front en fournissant un travail monumental \u00e0 l&rsquo;ombre des tranch\u00e9es.\u00a0<\/span><\/span><\/span><\/p>\n<p align=\"JUSTIFY\"><span style=\"font-size: medium\"><span style=\"color: #000000\"><span style=\"font-family: Arial, sans-serif\">Leur effectif cons\u00e9quent dans le b\u00e9n\u00e9volat \u00e0 la Croix-Rouge a pu les mettre en lumi\u00e8re l&rsquo;impact des femmes dans le conflit. Des monuments aux morts leur sont m\u00eame d\u00e9di\u00e9es dont le plus connu est celui des infirmi\u00e8res place Aristide Briand \u00e0 Reims. La \u00ab\u00a0<\/span><\/span><\/span><span style=\"font-size: medium\"><span style=\"color: #ff00ff\"><span style=\"font-family: Arial, sans-serif\"><a href=\"http:\/\/www.lefigaro.fr\/histoire\/centenaire-14-18\/2014\/08\/19\/26002-20140819ARTFIG00062-les-infirmieres-ou-la-quatrieme-armee-1915.php\">quatri\u00e8me arm\u00e9e<\/a><\/span><\/span><span style=\"color: #000000\"><span style=\"font-family: Arial, sans-serif\">\u00ab\u00a0, l&rsquo;<\/span><\/span><span style=\"color: #000000\"><span style=\"font-family: Arial, sans-serif\">h\u00e9ro\u00efne qui perdra son engagement d&rsquo;un lourd tribu<\/span><\/span><span style=\"color: #000000\"><span style=\"font-family: Arial, sans-serif\">\u00ab\u00a0, c&rsquo;est la femme de la Croix-Rouge.<\/span><\/span><span style=\"color: #000000\"><span style=\"font-family: Arial, sans-serif\">Plusieurs femmes r\u00e9sistantes ont ainsi \u00e9t\u00e9 m\u00e9diatis\u00e9 comme par exemple<\/span><\/span><span style=\"color: #000000\"><span style=\"color: #000000\"><span style=\"font-family: Arial, sans-serif\"><a title=\"Portraits de femmes r\u00e9sistantes\" href=\"http:\/\/blogs.univ-jfc.fr\/projetcroixrouge\/la-croix-rouge-tarnaise-des-hommes-et-des-femmes\/les-femmes-de-la-croix-rouge\/image-et-representation-des-femmes-de-la-croix-rouge\/portraits-de-femmes-resistantes\/\"> Edith Cavell<\/a><\/span><\/span><span style=\"font-family: Arial, sans-serif\">, <\/span><span style=\"color: #000000\"><span style=\"font-family: Arial, sans-serif\"><a title=\"Portraits de femmes r\u00e9sistantes\" href=\"http:\/\/blogs.univ-jfc.fr\/projetcroixrouge\/la-croix-rouge-tarnaise-des-hommes-et-des-femmes\/les-femmes-de-la-croix-rouge\/image-et-representation-des-femmes-de-la-croix-rouge\/portraits-de-femmes-resistantes\/\">Louise de Bottignies<\/a><\/span><\/span><span style=\"font-family: Arial, sans-serif\">\u00a0ou encore <\/span><span style=\"color: #000000\"><span style=\"font-family: Arial, sans-serif\"><a title=\"Portraits de femmes r\u00e9sistantes\" href=\"http:\/\/blogs.univ-jfc.fr\/projetcroixrouge\/la-croix-rouge-tarnaise-des-hommes-et-des-femmes\/les-femmes-de-la-croix-rouge\/image-et-representation-des-femmes-de-la-croix-rouge\/portraits-de-femmes-resistantes\/\">Gabrielle Petit<\/a><\/span><\/span><\/span><span style=\"color: #000000\"><span style=\"font-family: Arial, sans-serif\">, qui on vu leur tragique destin se transformer en r\u00e9volte nationale. <\/span><\/span><span style=\"color: #000000\"><span style=\"font-family: Arial, sans-serif\">Ces trois \u00ab\u00a0<\/span><\/span><span style=\"color: #ff00ff\"><span style=\"font-family: Arial, sans-serif\"><a href=\"http:\/\/rha.revues.org\/7793\">inconnues c\u00e9l\u00e8bres<\/a><\/span><\/span><span style=\"color: #000000\"><span style=\"font-family: Arial, sans-serif\">\u00ab\u00a0, originaires de Belgique, infirmi\u00e8res de la Croix-Rouge et espionnes pour les services secrets anglais, sont symbole d&rsquo;engagement dans une lutte pour la paix.\u00a0<\/span><\/span><\/span><\/p>\n<p align=\"JUSTIFY\"><span style=\"font-size: medium\"><span style=\"color: #000000\"><span style=\"font-family: Arial, sans-serif\">De plus, m\u00eame si des statues sont \u00e9rig\u00e9es en leur nom, elles n&rsquo;ont pas toujours une reconnaissance qui leur serait l\u00e9gitime. Concernant Edith Cavell on retient surtout l&rsquo;aveu de ses compagnons de r\u00e9seau aux Allemands plut\u00f4t que son r\u00f4le important dans les services secrets. <\/span><\/span><span style=\"color: #000000\"><span style=\"font-family: Arial, sans-serif\">Finalement, comme l&rsquo;explique Margaret Darrow dans <\/span><\/span><span style=\"color: #000000\"><span style=\"font-family: Arial, sans-serif\"><i>Les femmes dans la Grande Guerre<\/i><\/span><span style=\"font-family: Arial, sans-serif\">,\u00a0<\/span><em><span style=\"font-family: Arial, sans-serif\"><i>Histoires de guerre de l\u2019Arri\u00e8re<\/i><\/span><\/em><\/span><em><span style=\"color: #000000\"><span style=\"font-family: Arial, sans-serif\"><i>,\u00a0<\/i><\/span><\/span><\/em><span style=\"color: #000000\"><span style=\"font-family: Arial, sans-serif\">c&rsquo;est surtout le fait que les actes de r\u00e9sistance ou d&rsquo;espionnage de femmes \u00e9taient contraire au m\u0153urs de l&rsquo;\u00e9poque.<\/span><\/span><\/span><\/p>\n<div>\n<p align=\"JUSTIFY\"><span style=\"font-size: medium\"><span style=\"color: #000000\"><span style=\"font-family: Arial, sans-serif\"><b>Adriana Karembeu: une nouvelle image de la femme de la Croix-Rouge<\/b><\/span><\/span><em><\/em><\/span><\/p>\n<p align=\"JUSTIFY\"><span style=\"color: #000000\"><span style=\"font-family: 'Times New Roman', serif\"><span style=\"font-size: medium\"><span style=\"font-family: Arial, sans-serif\">L&rsquo;image des femmes a souvent \u00e9t\u00e9 utilis\u00e9 \u00e0 des fins sp\u00e9cifiques suivant l&rsquo;\u00e9poque et le contexte historique de la soci\u00e9t\u00e9. La publicit\u00e9 joue un r\u00f4le important et montre que les femmes ont toujours \u00e9t\u00e9 indispensables \u00e0 la Croix-Rouge tant par leurs actions que par leur image. <\/span><\/span><\/span><\/span><\/p>\n<p align=\"JUSTIFY\"><span style=\"color: #000000\"><span style=\"font-family: Arial, sans-serif\"><span style=\"font-size: medium\">Encore aujourd&rsquo;hui la femme est \u00e0 la une de l&rsquo;association. C&rsquo;est<span style=\"color: #0000ff\"><a title=\"Adriana Karembeu\" href=\"http:\/\/blogs.univ-jfc.fr\/projetcroixrouge\/la-croix-rouge-tarnaise-des-hommes-et-des-femmes\/les-femmes-de-la-croix-rouge\/image-et-representation-des-femmes-de-la-croix-rouge\/adriana-karembeu\/\"> Adriana Karembeu<\/a>\u00a0<\/span>qui endosse le r\u00f4le d&rsquo;ambassadrice. Le parcours de cette mannequin co\u00efncide parfaitement \u00e0 l&rsquo;image de l&rsquo;institution que l&rsquo;on peut r\u00e9sumer en quelques mots\u00a0: secours, sant\u00e9, humanit\u00e9 et femme. La <a title=\"Les femmes dans la publicit\u00e9\" href=\"http:\/\/blogs.univ-jfc.fr\/projetcroixrouge\/la-croix-rouge-tarnaise-des-hommes-et-des-femmes\/les-femmes-de-la-croix-rouge\/image-et-representation-des-femmes-de-la-croix-rouge\/les-femmes-dans-la-publicite\/\">publicit\u00e9<\/a> ayant m\u00eame servie de<span style=\"color: #000000\"> r\u00f4le de propagande<\/span>\u00a0autrefois, elle a encore aujourd&rsquo;hui un but pr\u00e9cis\u00a0: celui de donner envie aux citoyens de s&rsquo;engager ou de contribuer aux dons. La Croix-Rouge a parfaitement compris ce m\u00e9canisme et s&rsquo;en sert aujourd&rsquo;hui avec la c\u00e9l\u00e8bre mannequin. <\/span><\/span><\/span><\/p>\n<p align=\"JUSTIFY\">\n<p align=\"JUSTIFY\"><span style=\"color: #000000\"><span style=\"font-family: 'Times New Roman', serif\"><span style=\"font-size: medium\"><span style=\"font-family: Arial, sans-serif\">Adriana Karembeu repr\u00e9sente la nouvelle femme dans la Croix-Rouge non pas parce que c&rsquo;est un mod\u00e8le de femme pr\u00e9sente dans l&rsquo;association mais parce que sa pr\u00e9sence, en tant que femme, a eu \u00e9norm\u00e9ment d&rsquo;impact depuis qu&rsquo;elle est ambassadrice. En effet, elle est belle, c\u00e9l\u00e8bre et intelligente. Sa chevelure blonde est un v\u00e9ritable symbole, devenant l&rsquo;atout principal des campagnes publicitaires. L&rsquo;image qui ressort de la Croix-Rouge est celle d&rsquo;une famille, connue du grand public par le fait d&rsquo;avoir \u00e9t\u00e9 m\u00e9diatis\u00e9e par la c\u00e9l\u00e9brit\u00e9.<\/span><span style=\"color: #000000\"><span style=\"font-family: Arial, sans-serif\"> L&rsquo;impact d&rsquo;Adriana est d&rsquo;autant plus fort qu&rsquo;elle para\u00eet proche de son public et des b\u00e9n\u00e9voles, ce qui pla\u00eet aux gens qui se sentent plus acteurs et solidaires. <\/span><\/span><span style=\"font-family: Arial, sans-serif\">Le mannequin dit elle-m\u00eame qu&rsquo;il faut se servir de son image si cela peut apporter des dons, et \u00e7a marche. <\/span><span style=\"font-family: Arial, sans-serif\">Son r\u00f4le dans la Croix-Rouge depuis 15 ans a r\u00e9ellement apport\u00e9 des b\u00e9n\u00e9fices pour l&rsquo;Association. Les fonds r\u00e9colt\u00e9s ont augment\u00e9 de 10 % entre 2003 et 2006 rassemblant un total de 4 millions d&rsquo;euros depuis qu&rsquo;elle est l\u00e0, principalement gr\u00e2ce aux\u00a0<\/span><\/span><\/span><\/span><a style=\"font-family: Arial, sans-serif;font-size: medium;line-height: 1.5\" href=\"https:\/\/www.youtube.com\/watch?v=869tmRwTJ2A\">campagnes publicitaires<\/a><span style=\"font-family: Arial, sans-serif;color: #ff00ff;font-size: medium;line-height: 1.5\">.\u00a0<\/span><\/p>\n<p align=\"JUSTIFY\"><span style=\"color: #000000\"><span style=\"font-family: 'Times New Roman', serif\"><span style=\"font-size: medium\"><span style=\"color: #000000\"><span style=\"font-family: Arial, sans-serif\"><a title=\"Bibliographie\" href=\"http:\/\/blogs.univ-jfc.fr\/projetcroixrouge\/bibliographie-2\/\">Pour en savoir plus\u00a0<\/a>\u00a0<\/span><\/span><span style=\"font-family: Arial, sans-serif\"><br \/>\n<\/span><\/span><\/span><\/span><\/p>\n<\/div>\n","protected":false},"excerpt":{"rendered":"<p>Marie Curie : un parcours d&rsquo;exception Marie Curie na\u00eet Maria Sklodowska le 7 novembre 1867 dans un vieux quartier de Varsovie, d&lsquo;un p\u00e8re professeur de math\u00e9matiques et de physique et d&rsquo;une m\u00e8re institutrice. La d\u00e9cision de Marie Curie de poursuivre une carri\u00e8re scientifique la confronte \u00e0 de multiples difficult\u00e9s. \u00c1 cette \u00e9poque, l\u2019acc\u00e8s aux \u00e9tudes &hellip; <a href=\"https:\/\/blogs.univ-jfc.fr\/projetcroixrouge\/la-croix-rouge-tarnaise-des-hommes-et-des-femmes\/les-femmes-de-la-croix-rouge\/image-et-representation-des-femmes-de-la-croix-rouge\/\" class=\"more-link\">Continuer la lecture de <span class=\"screen-reader-text\">Image et repr\u00e9sentation des femmes de la Croix-Rouge<\/span> <span class=\"meta-nav\">&rarr;<\/span><\/a><\/p>\n","protected":false},"author":129,"featured_media":0,"parent":566,"menu_order":3,"comment_status":"closed","ping_status":"open","template":"","meta":[],"_links":{"self":[{"href":"https:\/\/blogs.univ-jfc.fr\/projetcroixrouge\/wp-json\/wp\/v2\/pages\/2496"}],"collection":[{"href":"https:\/\/blogs.univ-jfc.fr\/projetcroixrouge\/wp-json\/wp\/v2\/pages"}],"about":[{"href":"https:\/\/blogs.univ-jfc.fr\/projetcroixrouge\/wp-json\/wp\/v2\/types\/page"}],"author":[{"embeddable":true,"href":"https:\/\/blogs.univ-jfc.fr\/projetcroixrouge\/wp-json\/wp\/v2\/users\/129"}],"replies":[{"embeddable":true,"href":"https:\/\/blogs.univ-jfc.fr\/projetcroixrouge\/wp-json\/wp\/v2\/comments?post=2496"}],"version-history":[{"count":14,"href":"https:\/\/blogs.univ-jfc.fr\/projetcroixrouge\/wp-json\/wp\/v2\/pages\/2496\/revisions"}],"predecessor-version":[{"id":3631,"href":"https:\/\/blogs.univ-jfc.fr\/projetcroixrouge\/wp-json\/wp\/v2\/pages\/2496\/revisions\/3631"}],"up":[{"embeddable":true,"href":"https:\/\/blogs.univ-jfc.fr\/projetcroixrouge\/wp-json\/wp\/v2\/pages\/566"}],"wp:attachment":[{"href":"https:\/\/blogs.univ-jfc.fr\/projetcroixrouge\/wp-json\/wp\/v2\/media?parent=2496"}],"curies":[{"name":"wp","href":"https:\/\/api.w.org\/{rel}","templated":true}]}}