{"id":2512,"date":"2015-03-19T09:43:09","date_gmt":"2015-03-19T08:43:09","guid":{"rendered":"http:\/\/blogs.univ-jfc.fr\/projetcroixrouge\/?page_id=2512"},"modified":"2015-03-26T10:17:17","modified_gmt":"2015-03-26T09:17:17","slug":"biafra","status":"publish","type":"page","link":"https:\/\/blogs.univ-jfc.fr\/projetcroixrouge\/lhumanitaire-en-questions\/la-philosophie-le-droit-et-laction-humanitaire\/droit-dingerence\/biafra\/","title":{"rendered":"Biafra"},"content":{"rendered":"<p align=\"justify\"><span style=\"font-family: Arial,sans-serif\">La guerre du Biafra oppose une province s\u00e9cessionniste du Nigeria au pouvoir f\u00e9d\u00e9ral nig\u00e9rian, de 1967 \u00e0 1970\u00a0; il s&rsquo;agit de l&rsquo;un des plus graves conflits de l&rsquo;Afrique postcoloniale. Ce conflit sera fortement m\u00e9diatis\u00e9, et permettra \u00ab\u00a0la conqu\u00eate de l&rsquo;opinion publique\u00a0\u00bb<a href=\"#sdfootnote1sym\" name=\"sdfootnote1anc\"><sup>1<\/sup><\/a> \u00e0 la fois europ\u00e9enne et am\u00e9ricaine. Le photojournalisme alors en plein essor r\u00e9v\u00e8le au monde entier la famine dont est victime le Biafra. La forte m\u00e9diatisation de la crise sanitaire va donner naissance \u00e0 une nouvelle forme d&rsquo;action humanitaire. <\/span><\/p>\n<dl>\n<dt><a name=\"attachment_2687\"><\/a><\/dt>\n<\/dl>\n<figure id=\"attachment_2687\" aria-describedby=\"caption-attachment-2687\" style=\"width: 230px\" class=\"wp-caption alignleft\"><a href=\"http:\/\/blogs.univ-jfc.fr\/projetcroixrouge\/wp-content\/uploads\/sites\/40\/2015\/03\/Distribution-de-m\u00e9dicaments-pendant-la-guerre-du-Biafra.jpg\"><img loading=\"lazy\" class=\"size-full wp-image-2687  \" title=\"Distribution de m\u00e9dicaments pendant la guerre du Biafra\" alt=\"Photo: \u00a9H.D. Finck\/CICR\" src=\"http:\/\/blogs.univ-jfc.fr\/projetcroixrouge\/wp-content\/uploads\/sites\/40\/2015\/03\/Distribution-de-m\u00e9dicaments-pendant-la-guerre-du-Biafra.jpg\" width=\"230\" height=\"149\" \/><\/a><figcaption id=\"caption-attachment-2687\" class=\"wp-caption-text\">Distribution de m\u00e9dicaments pendant la guerre du Biafra<br \/>Photo: \u00a9H.D. Finck\/CICR<\/figcaption><\/figure>\n<p align=\"justify\"><span style=\"font-family: Arial,sans-serif\">Le Nigeria, ancienne colonie britannique ind\u00e9pendante depuis le 1<sup>er\u00a0<\/sup>octobre\u00a01960, est le pays le plus peupl\u00e9 d&rsquo;Afrique et poss\u00e8de d&rsquo;importantes richesses naturelles, notamment du p\u00e9trole. Trois grandes ethnies se partagent le territoire\u00a0: les Ibos (majoritairement chr\u00e9tiens et animistes) dominant l&rsquo;est du pays, les Haoussas (de confession musulmane) majoritaires dans le nord, et les Yorubas, \u00e9tablis \u00e0 l&rsquo;Ouest. Le r\u00e9gime favorise largement les Ibos, qui suivent le mod\u00e8le occidental au d\u00e9triment des autres ethnies, puisqu&rsquo;ils d\u00e9tiennent la plupart des postes de l&rsquo;administration et du commerce, ainsi que la majeure partie des ressources p\u00e9troli\u00e8res et mini\u00e8res du territoire.<\/span><\/p>\n<dl>\n<dt><a name=\"attachment_2688\"><\/a><\/dt>\n<\/dl>\n<p align=\"justify\"><span style=\"font-family: Arial,sans-serif\">Les Haoussas et Yorubas sont exclu et laiss\u00e9 de c\u00f4t\u00e9. Une division des forces du pays qui permet \u00e0 l&rsquo;administration britannique de garder une influence au sein de sont ancienne colonie. Ces in\u00e9galit\u00e9s vont entra\u00eener un climat d&rsquo;instabilit\u00e9 jusqu\u2019\u00e0 la prise du pouvoir des Yorubas qui s&rsquo;allient aux Haoussas pour mener un coup d&rsquo;\u00e9tat. <\/span><\/p>\n<p align=\"justify\"><span style=\"font-family: Arial,sans-serif\">L&rsquo;assassinat du Premier Ministre Johnson\u00a0Aguiyi-Irons et les massacres d&rsquo;Ibos cons\u00e9cutifs, en mai 1966, vont pousser ces derniers \u00e0 se r\u00e9fugier dans la r\u00e9gion oriental du Nigeria, le Biafra, et \u00e0 d\u00e9clarer leur ind\u00e9pendance le 30\u00a0mai\u00a01967. S&rsquo;ensuit une guerre opposant les s\u00e9cessionnistes biafrais au pouvoir f\u00e9d\u00e9ral nig\u00e9rian, qui durera trois ans (1967-1970). Suite au blocus terrestre et maritime du Biafra par les troupes gouvernementales, la r\u00e9gion est plong\u00e9e dans une famine dont les victimes sont estim\u00e9es entre un et deux millions de personnes, et qui va faire l&rsquo;objet d&rsquo;une importante m\u00e9diatisation.<\/span><\/p>\n<dl>\n<dt><\/dt>\n<\/dl>\n<figure id=\"attachment_1496\" aria-describedby=\"caption-attachment-1496\" style=\"width: 180px\" class=\"wp-caption alignleft\"><a href=\"http:\/\/blogs.univ-jfc.fr\/projetcroixrouge\/wp-content\/uploads\/sites\/40\/2015\/03\/Couverture-du-magazine-LIFE-consacr\u00e9e-au-BIAFRA.jpg\"><img loading=\"lazy\" class=\" wp-image-1496  \" title=\"Magazine LIFE, num\u00e9ro consacr\u00e9 au BIAFRA\" alt=\"Couverture du magazine LIFE consacr\u00e9e au BIAFRA\" src=\"http:\/\/blogs.univ-jfc.fr\/projetcroixrouge\/wp-content\/uploads\/sites\/40\/2015\/03\/Couverture-du-magazine-LIFE-consacr\u00e9e-au-BIAFRA-225x300.jpg\" width=\"180\" height=\"240\" srcset=\"https:\/\/blogs.univ-jfc.fr\/projetcroixrouge\/wp-content\/uploads\/sites\/40\/2015\/03\/Couverture-du-magazine-LIFE-consacr\u00e9e-au-BIAFRA-225x300.jpg 225w, https:\/\/blogs.univ-jfc.fr\/projetcroixrouge\/wp-content\/uploads\/sites\/40\/2015\/03\/Couverture-du-magazine-LIFE-consacr\u00e9e-au-BIAFRA.jpg 360w\" sizes=\"(max-width: 180px) 100vw, 180px\" \/><\/a><figcaption id=\"caption-attachment-1496\" class=\"wp-caption-text\">Couverture du magazine LIFE consacr\u00e9e au BIAFRA<\/figcaption><\/figure>\n<p align=\"justify\">\u00a0<span style=\"font-family: Arial,sans-serif\">La couverture m\u00e9diatique du conflit va entra\u00eener une prise de conscience internationale. Tandis que la Croix-Rouge demande \u00e0 ses m\u00e9decins b\u00e9n\u00e9voles envoy\u00e9s sur place de quitter le pays devenu trop dangereux, certains comme Bernard\u00a0Kouchner et Max\u00a0B\u00e9camier refusent d&rsquo;abandonner les victimes. Transgressant le devoir de r\u00e9serve qui leur est impos\u00e9, ils vont d\u00e9noncer dans les lettres adress\u00e9es \u00e0 la presse les horreurs dont ils ont \u00e9t\u00e9 t\u00e9moins, pour alerter l&rsquo;opinion publique sur les drames v\u00e9cus par les civils, et remettre ainsi en question l&rsquo;un des principes fondamentaux de l&rsquo;action humanitaire\u00a0: la \u00ab\u00a0neutralit\u00e9\u00a0\u00bb. <\/span><\/p>\n<p align=\"justify\"><span style=\"color: #ffffff\"><span style=\"font-family: Arial,sans-serif\">.<\/span><\/span><\/p>\n<p align=\"justify\"><span style=\"font-family: Arial,sans-serif\">Ces \u00e9v\u00e9nements entra\u00eeneront en 1971 la cr\u00e9ation de l&rsquo;ONG M\u00e9decins\u00a0Sans\u00a0Fronti\u00e8res, fond\u00e9e autour d&rsquo;une nouvelle approche de l&rsquo;action humanitaire comprenant ce que l&rsquo;on appelle alors le \u00ab\u00a0devoir d&rsquo;ing\u00e9rence\u00a0\u00bb. En 1999, les \u00ab\u00a0French\u00a0Doctors\u00a0\u00bb verront leurs efforts r\u00e9compens\u00e9s par le prix Nobel de la Paix. <\/span><\/p>\n<div id=\"sdfootnote1\">\n<p><a href=\"#sdfootnote1anc\" name=\"sdfootnote1sym\">1 <\/a>D&rsquo;apr\u00e8s le d\u00e9l\u00e9gu\u00e9 du Biafra, Ralph Uwechue<\/p>\n<\/div>\n","protected":false},"excerpt":{"rendered":"<p>La guerre du Biafra oppose une province s\u00e9cessionniste du Nigeria au pouvoir f\u00e9d\u00e9ral nig\u00e9rian, de 1967 \u00e0 1970\u00a0; il s&rsquo;agit de l&rsquo;un des plus graves conflits de l&rsquo;Afrique postcoloniale. Ce conflit sera fortement m\u00e9diatis\u00e9, et permettra \u00ab\u00a0la conqu\u00eate de l&rsquo;opinion publique\u00a0\u00bb1 \u00e0 la fois europ\u00e9enne et am\u00e9ricaine. Le photojournalisme alors en plein essor r\u00e9v\u00e8le au &hellip; <a href=\"https:\/\/blogs.univ-jfc.fr\/projetcroixrouge\/lhumanitaire-en-questions\/la-philosophie-le-droit-et-laction-humanitaire\/droit-dingerence\/biafra\/\" class=\"more-link\">Continuer la lecture de <span class=\"screen-reader-text\">Biafra<\/span> <span class=\"meta-nav\">&rarr;<\/span><\/a><\/p>\n","protected":false},"author":132,"featured_media":0,"parent":2423,"menu_order":0,"comment_status":"closed","ping_status":"open","template":"","meta":[],"_links":{"self":[{"href":"https:\/\/blogs.univ-jfc.fr\/projetcroixrouge\/wp-json\/wp\/v2\/pages\/2512"}],"collection":[{"href":"https:\/\/blogs.univ-jfc.fr\/projetcroixrouge\/wp-json\/wp\/v2\/pages"}],"about":[{"href":"https:\/\/blogs.univ-jfc.fr\/projetcroixrouge\/wp-json\/wp\/v2\/types\/page"}],"author":[{"embeddable":true,"href":"https:\/\/blogs.univ-jfc.fr\/projetcroixrouge\/wp-json\/wp\/v2\/users\/132"}],"replies":[{"embeddable":true,"href":"https:\/\/blogs.univ-jfc.fr\/projetcroixrouge\/wp-json\/wp\/v2\/comments?post=2512"}],"version-history":[{"count":8,"href":"https:\/\/blogs.univ-jfc.fr\/projetcroixrouge\/wp-json\/wp\/v2\/pages\/2512\/revisions"}],"predecessor-version":[{"id":3432,"href":"https:\/\/blogs.univ-jfc.fr\/projetcroixrouge\/wp-json\/wp\/v2\/pages\/2512\/revisions\/3432"}],"up":[{"embeddable":true,"href":"https:\/\/blogs.univ-jfc.fr\/projetcroixrouge\/wp-json\/wp\/v2\/pages\/2423"}],"wp:attachment":[{"href":"https:\/\/blogs.univ-jfc.fr\/projetcroixrouge\/wp-json\/wp\/v2\/media?parent=2512"}],"curies":[{"name":"wp","href":"https:\/\/api.w.org\/{rel}","templated":true}]}}