{"id":2582,"date":"2015-03-19T09:58:39","date_gmt":"2015-03-19T08:58:39","guid":{"rendered":"http:\/\/blogs.univ-jfc.fr\/projetcroixrouge\/?page_id=2582"},"modified":"2015-03-19T10:22:20","modified_gmt":"2015-03-19T09:22:20","slug":"en-savoir-plus-laffirmation-de-la-croix-rouge-francaise-1940-1980-2","status":"publish","type":"page","link":"https:\/\/blogs.univ-jfc.fr\/projetcroixrouge\/la-croix-rouge-tarnaise-hommes-et-institutions\/les-origines\/laffirmation-de-la-croix-rouge-francaise-1940-1980\/en-savoir-plus-laffirmation-de-la-croix-rouge-francaise-1940-1980-2\/","title":{"rendered":"En savoir plus : L\u2019affirmation de la Croix-Rouge Fran\u00e7aise (1940-1980)"},"content":{"rendered":"<p>1) DELVIT Philippe, <em>Le Tarn du Mar\u00e9chal<\/em>, Ed. Loubati\u00e8res, 1995, 126 p.<\/p>\n<p>2) DEVAUX Olivier, <em>Politique, \u00e9conomie et soci\u00e9t\u00e9 dans l&rsquo;albigeois et le d\u00e9partement du Tarn (XIX\u00e8me-XX\u00e8me si\u00e8cles), Toulouse, Presses de l&rsquo;Universit\u00e9 de Toulouse, 2000, 373 p.<\/em><\/p>\n","protected":false},"excerpt":{"rendered":"<p>1) DELVIT Philippe, Le Tarn du Mar\u00e9chal, Ed. Loubati\u00e8res, 1995, 126 p. 2) DEVAUX Olivier, Politique, \u00e9conomie et soci\u00e9t\u00e9 dans l&rsquo;albigeois et le d\u00e9partement du Tarn (XIX\u00e8me-XX\u00e8me si\u00e8cles), Toulouse, Presses de l&rsquo;Universit\u00e9 de Toulouse, 2000, 373 p.<\/p>\n","protected":false},"author":19,"featured_media":0,"parent":705,"menu_order":5,"comment_status":"closed","ping_status":"open","template":"","meta":[],"_links":{"self":[{"href":"https:\/\/blogs.univ-jfc.fr\/projetcroixrouge\/wp-json\/wp\/v2\/pages\/2582"}],"collection":[{"href":"https:\/\/blogs.univ-jfc.fr\/projetcroixrouge\/wp-json\/wp\/v2\/pages"}],"about":[{"href":"https:\/\/blogs.univ-jfc.fr\/projetcroixrouge\/wp-json\/wp\/v2\/types\/page"}],"author":[{"embeddable":true,"href":"https:\/\/blogs.univ-jfc.fr\/projetcroixrouge\/wp-json\/wp\/v2\/users\/19"}],"replies":[{"embeddable":true,"href":"https:\/\/blogs.univ-jfc.fr\/projetcroixrouge\/wp-json\/wp\/v2\/comments?post=2582"}],"version-history":[{"count":3,"href":"https:\/\/blogs.univ-jfc.fr\/projetcroixrouge\/wp-json\/wp\/v2\/pages\/2582\/revisions"}],"predecessor-version":[{"id":2694,"href":"https:\/\/blogs.univ-jfc.fr\/projetcroixrouge\/wp-json\/wp\/v2\/pages\/2582\/revisions\/2694"}],"up":[{"embeddable":true,"href":"https:\/\/blogs.univ-jfc.fr\/projetcroixrouge\/wp-json\/wp\/v2\/pages\/705"}],"wp:attachment":[{"href":"https:\/\/blogs.univ-jfc.fr\/projetcroixrouge\/wp-json\/wp\/v2\/media?parent=2582"}],"curies":[{"name":"wp","href":"https:\/\/api.w.org\/{rel}","templated":true}]}}