{"id":2589,"date":"2015-03-19T10:00:15","date_gmt":"2015-03-19T09:00:15","guid":{"rendered":"http:\/\/blogs.univ-jfc.fr\/projetcroixrouge\/?page_id=2589"},"modified":"2015-04-04T08:03:32","modified_gmt":"2015-04-04T07:03:32","slug":"344-benevoles-tarnais","status":"publish","type":"page","link":"https:\/\/blogs.univ-jfc.fr\/projetcroixrouge\/la-croix-rouge-tarnaise-des-hommes-et-des-femmes\/les-benevoles-de-la-croix-rouge-tarnaise-2\/344-benevoles-tarnais\/","title":{"rendered":"344 b\u00e9n\u00e9voles tarnais aujourd&rsquo;hui"},"content":{"rendered":"<p align=\"JUSTIFY\"><span style=\"font-family: Arial,sans-serif\">Aujourd&rsquo;hui, la Croix-Rouge tarnaise compte 344 b\u00e9n\u00e9voles dont 343 actifs. Ces b\u00e9n\u00e9voles sont majoritairement des femmes. Ces femmes sont n\u00e9es principalement entre 1940 et 1959. Les hommes sont eux n\u00e9s principalement entre 1960 et 1979. Les b\u00e9n\u00e9voles travaillent principalement dans l&rsquo;activit\u00e9 \u00ab\u00a0Actions sociales\u00a0\u00bb. Les femmes travaillent ensuite majoritairement dans l&rsquo;activit\u00e9 \u00ab\u00a0Soutien aux activit\u00e9s\u00a0\u00bb. Les hommes quant \u00e0 eux travaillent principalement dans le secteur \u00ab\u00a0Urgence et Secourisme\u00a0\u00bb. Les femmes \u00e9tant nombreuses aussi \u00e0 travailler dans cette activit\u00e9, l&rsquo;activit\u00e9 \u00ab\u00a0Urgence et Secourisme\u00a0\u00bb est ainsi la seconde activit\u00e9 dans laquelle les b\u00e9n\u00e9voles agissent. Les jeunes interviennent majoritairement\u00a0 dans l&rsquo;activit\u00e9 \u00ab\u00a0Urgence et Secourisme\u00a0\u00bb, qui tend ainsi \u00e0 se d\u00e9velopper. Par ailleurs, les b\u00e9n\u00e9voles sont principalement rattach\u00e9s \u00e0 l&rsquo;Unit\u00e9 d&rsquo;Albi, qui compte 139 b\u00e9n\u00e9voles. C&rsquo;est ensuite l&rsquo;Unit\u00e9 de Castres-Mazamet, puis l&rsquo;Unit\u00e9 de Lavaur qui comptent le plus de b\u00e9n\u00e9voles.<\/span><\/p>\n<p><span style=\"font-family: Arial,sans-serif\">Pour en savoir plus, <a href=\"http:\/\/blogs.univ-jfc.fr\/projetcroixrouge\/344-benevoles-tarnais-aujourdhui-annexes-chiffrees\/\" target=\"_blank\">l&rsquo;\u00e9tude graphique compl\u00e8te \u00e0 partir de la liste des adh\u00e9rents 2014.<\/a><\/span><\/p>\n<p><strong><span style=\"font-family: Arial,sans-serif\">Le secours aux personnes, une aide psychologique, sociale et sanitaire.<\/span><\/strong><\/p>\n<p align=\"JUSTIFY\"><span style=\"font-family: Arial,sans-serif\">Les b\u00e9n\u00e9voles cherchent \u00e0 pr\u00e9venir, all\u00e9ger la souffrance. Ils luttent contre la d\u00e9tresse. Ils apportent une assistance mat\u00e9rielle, m\u00e9dicale, sociale. Ils essayent de prot\u00e9ger la vie et la sant\u00e9 des personnes victimes de divers conflits. <a href=\"http:\/\/blogs.univ-jfc.fr\/projetcroixrouge\/miguel-palhares\/\" target=\"_blank\">Miguel Palhares<\/a> nous explique que les b\u00e9n\u00e9voles apportent \u00ab\u00a0du soutien, psychologique ou physique, de l\u2019accompagnement ou du bonheur, [\u2026] les b\u00e9n\u00e9voles essaient d\u2019humaniser la vie\u00a0\u00bb. En effet, comme nous le dit <a href=\"http:\/\/blogs.univ-jfc.fr\/projetcroixrouge\/miguel-palhares\/\" target=\"_blank\">Miguel Palhares<\/a>, ils cherchent \u00e0 apaiser les douleurs physiques et morales. Les b\u00e9n\u00e9voles essayent d\u2019am\u00e9liorer l\u2019hygi\u00e8ne des personnes, sensibiliser les personnes \u00e0 la vaccination, aux d\u00e9pistages pour diverses maladies. Ils aident les personnes \u00e0 s\u2019ins\u00e9rer socialement. Ils proposent par exemple aux prisonniers des formations. Les b\u00e9n\u00e9voles luttent contre l\u2019illettrisme, contre la pr\u00e9carit\u00e9 en distribuant de l\u2019alimentation, aident les personnes \u00e2g\u00e9es \u00e0 sortir de leur isolement. De plus, les b\u00e9n\u00e9voles ont un r\u00f4le d\u2019\u00e9coute, de protection, d\u2019assistance. Les b\u00e9n\u00e9voles s\u2019enrichissent par leurs rencontres, les personnes qu\u2019ils aident changent leurs mani\u00e8res de penser. Ils cr\u00e9ent une amiti\u00e9 avec les autres b\u00e9n\u00e9voles. C\u2019est ce que <a href=\"http:\/\/blogs.univ-jfc.fr\/projetcroixrouge\/miguel-palhares\/\" target=\"_blank\">Miguel Palhares<\/a> nous explique\u00a0: \u00ab Des contacts, le fait de me sentir utile, des amis aussi et de la joie. Puis, des comp\u00e9tences que je n\u2019aurais pas forc\u00e9ment pu acqu\u00e9rir ailleurs. Ou en tout cas, que je n\u2019aurais pas fait dans l\u2019imm\u00e9diat sans la Croix-Rouge\u00a0\u00bb. De plus, <a href=\"http:\/\/blogs.univ-jfc.fr\/projetcroixrouge\/la-croix-rouge-tarnaise-des-hommes-et-des-femmes\/figures-tarn\/jacques-caminade\/\" target=\"_blank\">Jacques Caminade<\/a>, ancien b\u00e9n\u00e9vole \u00e0 la Croix-Rouge, nous a dit\u00a0: \u00ab\u00a0C\u2019est le fait de rendre service au public, \u00e0 l\u2019Etat. Aussi, cela m\u2019a permis de faire la connaissance de personnes qui m\u2019ont inspir\u00e9 et marqu\u00e9. [&#8230;] Et quand on n\u2019est pas seul, si on y croit vraiment, qu\u2019on est vraiment motiv\u00e9, cela r\u00e9ussit toujours. Pour moi le plus important \u00e9tait de porter secours \u00e0 toute souffrance. Pour moi, le b\u00e9n\u00e9volat ne rime jamais avec incomp\u00e9tence, il faut s\u2019instruire et apprendre en participant \u00e0 des stages et des formations. C\u2019est n\u00e9cessaire\u00a0\u00bb. <\/span><\/p>\n<p align=\"JUSTIFY\"><span style=\"font-family: Arial,sans-serif\"><a title=\"Bibliographie\" href=\"http:\/\/blogs.univ-jfc.fr\/projetcroixrouge\/bibliographie-2\/\" target=\"_blank\">Pour en savoir plus <\/a><br \/>\n<\/span><\/p>\n","protected":false},"excerpt":{"rendered":"<p>Aujourd&rsquo;hui, la Croix-Rouge tarnaise compte 344 b\u00e9n\u00e9voles dont 343 actifs. Ces b\u00e9n\u00e9voles sont majoritairement des femmes. Ces femmes sont n\u00e9es principalement entre 1940 et 1959. Les hommes sont eux n\u00e9s principalement entre 1960 et 1979. Les b\u00e9n\u00e9voles travaillent principalement dans l&rsquo;activit\u00e9 \u00ab\u00a0Actions sociales\u00a0\u00bb. Les femmes travaillent ensuite majoritairement dans l&rsquo;activit\u00e9 \u00ab\u00a0Soutien aux activit\u00e9s\u00a0\u00bb. Les hommes &hellip; <a href=\"https:\/\/blogs.univ-jfc.fr\/projetcroixrouge\/la-croix-rouge-tarnaise-des-hommes-et-des-femmes\/les-benevoles-de-la-croix-rouge-tarnaise-2\/344-benevoles-tarnais\/\" class=\"more-link\">Continuer la lecture de <span class=\"screen-reader-text\">344 b\u00e9n\u00e9voles tarnais aujourd&rsquo;hui<\/span> <span class=\"meta-nav\">&rarr;<\/span><\/a><\/p>\n","protected":false},"author":20,"featured_media":0,"parent":2249,"menu_order":2,"comment_status":"closed","ping_status":"open","template":"","meta":[],"_links":{"self":[{"href":"https:\/\/blogs.univ-jfc.fr\/projetcroixrouge\/wp-json\/wp\/v2\/pages\/2589"}],"collection":[{"href":"https:\/\/blogs.univ-jfc.fr\/projetcroixrouge\/wp-json\/wp\/v2\/pages"}],"about":[{"href":"https:\/\/blogs.univ-jfc.fr\/projetcroixrouge\/wp-json\/wp\/v2\/types\/page"}],"author":[{"embeddable":true,"href":"https:\/\/blogs.univ-jfc.fr\/projetcroixrouge\/wp-json\/wp\/v2\/users\/20"}],"replies":[{"embeddable":true,"href":"https:\/\/blogs.univ-jfc.fr\/projetcroixrouge\/wp-json\/wp\/v2\/comments?post=2589"}],"version-history":[{"count":18,"href":"https:\/\/blogs.univ-jfc.fr\/projetcroixrouge\/wp-json\/wp\/v2\/pages\/2589\/revisions"}],"predecessor-version":[{"id":3820,"href":"https:\/\/blogs.univ-jfc.fr\/projetcroixrouge\/wp-json\/wp\/v2\/pages\/2589\/revisions\/3820"}],"up":[{"embeddable":true,"href":"https:\/\/blogs.univ-jfc.fr\/projetcroixrouge\/wp-json\/wp\/v2\/pages\/2249"}],"wp:attachment":[{"href":"https:\/\/blogs.univ-jfc.fr\/projetcroixrouge\/wp-json\/wp\/v2\/media?parent=2589"}],"curies":[{"name":"wp","href":"https:\/\/api.w.org\/{rel}","templated":true}]}}