{"id":2613,"date":"2015-03-19T10:08:52","date_gmt":"2015-03-19T09:08:52","guid":{"rendered":"http:\/\/blogs.univ-jfc.fr\/projetcroixrouge\/?page_id=2613"},"modified":"2015-03-19T10:14:21","modified_gmt":"2015-03-19T09:14:21","slug":"annexe-comites-tarnais","status":"publish","type":"page","link":"https:\/\/blogs.univ-jfc.fr\/projetcroixrouge\/la-croix-rouge-tarnaise-hommes-et-institutions\/les-origines\/laffirmation-de-la-croix-rouge-francaise-1940-1980\/annexe-comites-tarnais\/","title":{"rendered":"Annexe : Comit\u00e9s Tarnais"},"content":{"rendered":"<p><a href=\"http:\/\/blogs.univ-jfc.fr\/projetcroixrouge\/wp-content\/uploads\/sites\/40\/2015\/03\/Comit\u00e9-tarn.jpg\"><img loading=\"lazy\" class=\"alignnone size-medium wp-image-1003\" alt=\"Comit\u00e9 tarn\" src=\"http:\/\/blogs.univ-jfc.fr\/projetcroixrouge\/wp-content\/uploads\/sites\/40\/2015\/03\/Comit\u00e9-tarn-300x237.jpg\" width=\"331\" height=\"261\" srcset=\"https:\/\/blogs.univ-jfc.fr\/projetcroixrouge\/wp-content\/uploads\/sites\/40\/2015\/03\/Comit\u00e9-tarn-300x237.jpg 300w, https:\/\/blogs.univ-jfc.fr\/projetcroixrouge\/wp-content\/uploads\/sites\/40\/2015\/03\/Comit\u00e9-tarn.jpg 667w\" sizes=\"(max-width: 331px) 100vw, 331px\" \/><\/a><\/p>\n<p>&nbsp;<\/p>\n<p><!--\nTD P { margin-bottom: 0cm; line-height: 150%; text-align: justify; }TD P.western { font-family: \"Trebuchet MS\",sans-serif; }TD P.cjk { font-size: 10pt; }P { margin-bottom: 0.21cm; line-height: 150%; text-align: justify; }P.western { font-family: \"Trebuchet MS\",sans-serif; }P.cjk { font-size: 10pt; }A:link {  }\n--><\/p>\n<table width=\"641\" cellspacing=\"0\" cellpadding=\"4\">\n<col width=\"121\" \/>\n<col width=\"133\" \/>\n<col width=\"176\" \/>\n<col width=\"176\" \/>\n<tbody>\n<tr valign=\"TOP\">\n<td width=\"121\">\n<p align=\"JUSTIFY\"><span style=\"font-family: Trebuchet MS,sans-serif\"><span style=\"font-size: large\"><b>Villes<\/b><\/span><\/span><\/p>\n<\/td>\n<td width=\"133\">\n<p align=\"JUSTIFY\"><span style=\"font-family: Trebuchet MS,sans-serif\"><span style=\"font-size: large\"><b>Date de cr\u00e9ation <\/b><\/span><\/span><\/p>\n<\/td>\n<td width=\"176\">\n<p align=\"JUSTIFY\"><span style=\"color: #000000\"><span style=\"font-family: Trebuchet MS,sans-serif\"><span style=\"font-size: large\"><b>A l&rsquo;initiative de<\/b><\/span><\/span><\/span><\/p>\n<\/td>\n<td width=\"176\">\n<p align=\"JUSTIFY\"><span style=\"font-family: Trebuchet MS,sans-serif\"><span style=\"font-size: large\"><b>Date de dissolution\/fusion<\/b><\/span><\/span><\/p>\n<\/td>\n<\/tr>\n<tr valign=\"TOP\">\n<td width=\"121\">\n<p align=\"JUSTIFY\"><span style=\"font-family: Trebuchet MS,sans-serif\">Albi<\/span><\/p>\n<\/td>\n<td width=\"133\">\n<p align=\"JUSTIFY\"><span style=\"color: #000000\"><span style=\"font-family: Trebuchet MS,sans-serif\">1892<\/span><\/span><\/p>\n<\/td>\n<td width=\"176\">\n<p align=\"JUSTIFY\"><span style=\"color: #000000\"><span style=\"font-family: Trebuchet MS,sans-serif\">Union des Femmes de France<\/span><\/span><\/p>\n<\/td>\n<td width=\"176\">\n<p align=\"JUSTIFY\"><span style=\"color: #000000\"><span style=\"font-family: Trebuchet MS,sans-serif\">Existe encore actuellement <\/span><\/span><\/p>\n<\/td>\n<\/tr>\n<tr valign=\"TOP\">\n<td width=\"121\">\n<p align=\"JUSTIFY\"><span style=\"font-family: Trebuchet MS,sans-serif\">Castres<\/span><\/p>\n<\/td>\n<td width=\"133\">\n<p align=\"JUSTIFY\"><span style=\"color: #000000\"><span style=\"font-family: Trebuchet MS,sans-serif\">1895<\/span><\/span><\/p>\n<\/td>\n<td width=\"176\">\n<p align=\"JUSTIFY\"><span style=\"color: #000000\"><span style=\"font-family: Trebuchet MS,sans-serif\">Soci\u00e9t\u00e9 de Secours aux Bless\u00e9s Militaires<\/span><\/span><\/p>\n<\/td>\n<td width=\"176\">\n<p align=\"JUSTIFY\"><span style=\"color: #000000\"><span style=\"font-family: Trebuchet MS,sans-serif\">Existe encore actuellement <\/span><\/span><\/p>\n<\/td>\n<\/tr>\n<tr valign=\"TOP\">\n<td width=\"121\">\n<p align=\"JUSTIFY\"><span style=\"font-family: Trebuchet MS,sans-serif\">Mazamet<\/span><\/p>\n<\/td>\n<td width=\"133\">\n<p align=\"JUSTIFY\"><span style=\"color: #000000\"><span style=\"font-family: Trebuchet MS,sans-serif\">1906<\/span><\/span><\/p>\n<\/td>\n<td width=\"176\">\n<p align=\"JUSTIFY\"><span style=\"color: #000000\"><span style=\"font-family: Trebuchet MS,sans-serif\">Soci\u00e9t\u00e9 de Secours aux Bless\u00e9s Militaires<\/span><\/span><\/p>\n<\/td>\n<td width=\"176\">\n<p align=\"JUSTIFY\"><span style=\"color: #000000\"><span style=\"font-family: Trebuchet MS,sans-serif\">Rattach\u00e9e \u00e0 Castres<\/span><\/span><\/p>\n<\/td>\n<\/tr>\n<tr valign=\"TOP\">\n<td width=\"121\">\n<p align=\"JUSTIFY\"><span style=\"font-family: Trebuchet MS,sans-serif\">Lavaur<\/span><\/p>\n<\/td>\n<td width=\"133\">\n<p align=\"JUSTIFY\"><span style=\"color: #000000\"><span style=\"font-family: Trebuchet MS,sans-serif\">1913<\/span><\/span><\/p>\n<\/td>\n<td width=\"176\">\n<p align=\"JUSTIFY\"><span style=\"color: #000000\"><span style=\"font-family: Trebuchet MS,sans-serif\">Soci\u00e9t\u00e9 de Secours aux Bless\u00e9s Militaires<\/span><\/span><\/p>\n<\/td>\n<td width=\"176\">\n<p align=\"JUSTIFY\"><span style=\"color: #000000\"><span style=\"font-family: Trebuchet MS,sans-serif\">Existe encore actuellement<\/span><\/span><\/p>\n<\/td>\n<\/tr>\n<tr valign=\"TOP\">\n<td width=\"121\">\n<p align=\"JUSTIFY\"><span style=\"font-family: Trebuchet MS,sans-serif\">S\u00e9nouillac<\/span><\/p>\n<\/td>\n<td width=\"133\">\n<p align=\"JUSTIFY\"><span style=\"color: #000000\"><span style=\"font-family: Trebuchet MS,sans-serif\">1918<\/span><\/span><\/p>\n<\/td>\n<td width=\"176\">\n<p align=\"JUSTIFY\"><span style=\"color: #000000\"><span style=\"font-family: Trebuchet MS,sans-serif\">Union des Femmes de France<\/span><\/span><\/p>\n<\/td>\n<td width=\"176\">\n<p align=\"JUSTIFY\"><span style=\"color: #000000\"><span style=\"font-family: Trebuchet MS,sans-serif\">Aucune trace du comit\u00e9 dans les archives d\u00e9partementales. On suppose qu&rsquo;il \u00e0 \u00e9t\u00e9 dissout avant 1945<\/span><\/span><\/p>\n<\/td>\n<\/tr>\n<tr valign=\"TOP\">\n<td width=\"121\">\n<p align=\"JUSTIFY\"><span style=\"font-family: Trebuchet MS,sans-serif\">Sor\u00e8ze<\/span><\/p>\n<\/td>\n<td width=\"133\">\n<p align=\"JUSTIFY\"><span style=\"color: #000000\"><span style=\"font-family: Trebuchet MS,sans-serif\">1926<\/span><\/span><\/p>\n<\/td>\n<td width=\"176\">\n<p align=\"JUSTIFY\"><span style=\"color: #000000\"><span style=\"font-family: Trebuchet MS,sans-serif\">Soci\u00e9t\u00e9 de Secours aux Bless\u00e9s Militaires<\/span><\/span><\/p>\n<\/td>\n<td width=\"176\">\n<p align=\"JUSTIFY\"><span style=\"color: #000000\"><span style=\"font-family: Trebuchet MS,sans-serif\">Rattach\u00e9e \u00e0 Castres en 1957<\/span><\/span><\/p>\n<\/td>\n<\/tr>\n<tr valign=\"TOP\">\n<td width=\"121\" height=\"14\">\n<p align=\"JUSTIFY\"><span style=\"font-family: Trebuchet MS,sans-serif\">Carmaux<\/span><\/p>\n<\/td>\n<td width=\"133\">\n<p align=\"JUSTIFY\"><span style=\"color: #000000\"><span style=\"font-family: Trebuchet MS,sans-serif\">Trace \u00e0 partir de 1945<\/span><\/span><\/p>\n<\/td>\n<td width=\"176\">\n<p align=\"JUSTIFY\"><span style=\"color: #000000\"><span style=\"font-family: Trebuchet MS,sans-serif\">Croix-Rouge<\/span><\/span><\/p>\n<\/td>\n<td width=\"176\">\n<p align=\"JUSTIFY\"><span style=\"color: #000000\"><span style=\"font-family: Trebuchet MS,sans-serif\">?<\/span><\/span><\/p>\n<\/td>\n<\/tr>\n<tr valign=\"TOP\">\n<td width=\"121\">\n<p align=\"JUSTIFY\"><span style=\"font-family: Trebuchet MS,sans-serif\">Gaillac<\/span><\/p>\n<\/td>\n<td width=\"133\">\n<p align=\"JUSTIFY\"><span style=\"color: #000000\"><span style=\"font-family: Trebuchet MS,sans-serif\">Trace \u00e0 partir de 1945<\/span><\/span><\/p>\n<\/td>\n<td width=\"176\">\n<p align=\"JUSTIFY\"><span style=\"color: #000000\"><span style=\"font-family: Trebuchet MS,sans-serif\">Croix-Rouge<\/span><\/span><\/p>\n<\/td>\n<td width=\"176\">\n<p align=\"JUSTIFY\"><span style=\"color: #000000\"><span style=\"font-family: Trebuchet MS,sans-serif\">Existe encore actuellement<\/span><\/span><\/p>\n<\/td>\n<\/tr>\n<tr valign=\"TOP\">\n<td width=\"121\">\n<p align=\"JUSTIFY\"><span style=\"font-family: Trebuchet MS,sans-serif\">Graulhet<\/span><\/p>\n<\/td>\n<td width=\"133\">\n<p align=\"JUSTIFY\"><span style=\"color: #000000\"><span style=\"font-family: Trebuchet MS,sans-serif\">Trace \u00e0 partir de 1945<\/span><\/span><\/p>\n<\/td>\n<td width=\"176\">\n<p align=\"JUSTIFY\"><span style=\"color: #000000\"><span style=\"font-family: Trebuchet MS,sans-serif\">Croix-Rouge<\/span><\/span><\/p>\n<\/td>\n<td width=\"176\">\n<p align=\"JUSTIFY\"><span style=\"color: #000000\"><span style=\"font-family: Trebuchet MS,sans-serif\">Existe encore actuellement<\/span><\/span><\/p>\n<\/td>\n<\/tr>\n<tr valign=\"TOP\">\n<td width=\"121\">\n<p align=\"JUSTIFY\"><span style=\"font-family: Trebuchet MS,sans-serif\">Labastide-Rouairoux<\/span><\/p>\n<\/td>\n<td width=\"133\">\n<p align=\"JUSTIFY\"><span style=\"color: #000000\"><span style=\"font-family: Trebuchet MS,sans-serif\">Trace \u00e0 partir de 1945<\/span><\/span><\/p>\n<\/td>\n<td width=\"176\">\n<p align=\"JUSTIFY\"><span style=\"color: #000000\"><span style=\"font-family: Trebuchet MS,sans-serif\">Croix-Rouge<\/span><\/span><\/p>\n<\/td>\n<td width=\"176\">\n<p align=\"JUSTIFY\"><span style=\"color: #000000\"><span style=\"font-family: Trebuchet MS,sans-serif\">?<\/span><\/span><\/p>\n<\/td>\n<\/tr>\n<tr valign=\"TOP\">\n<td width=\"121\">\n<p align=\"JUSTIFY\"><span style=\"font-family: Trebuchet MS,sans-serif\">Rabastens<\/span><\/p>\n<\/td>\n<td width=\"133\">\n<p align=\"JUSTIFY\"><span style=\"color: #000000\"><span style=\"font-family: Trebuchet MS,sans-serif\">Trace \u00e0 partir de 1945<\/span><\/span><\/p>\n<\/td>\n<td width=\"176\">\n<p align=\"JUSTIFY\"><span style=\"color: #000000\"><span style=\"font-family: Trebuchet MS,sans-serif\">Croix-Rouge<\/span><\/span><\/p>\n<\/td>\n<td width=\"176\">\n<p align=\"JUSTIFY\"><span style=\"color: #000000\"><span style=\"font-family: Trebuchet MS,sans-serif\">Rattach\u00e9e \u00e0 Gaillac en 1996<\/span><\/span><\/p>\n<\/td>\n<\/tr>\n<tr valign=\"TOP\">\n<td width=\"121\">\n<p align=\"JUSTIFY\"><span style=\"font-family: Trebuchet MS,sans-serif\">R\u00e9almont<\/span><\/p>\n<\/td>\n<td width=\"133\">\n<p align=\"JUSTIFY\"><span style=\"color: #000000\"><span style=\"font-family: Trebuchet MS,sans-serif\">Trace \u00e0 partir de 1945<\/span><\/span><\/p>\n<\/td>\n<td width=\"176\">\n<p align=\"JUSTIFY\"><span style=\"color: #000000\"><span style=\"font-family: Trebuchet MS,sans-serif\">Croix-Rouge<\/span><\/span><\/p>\n<\/td>\n<td width=\"176\">\n<p align=\"JUSTIFY\"><span style=\"color: #000000\"><span style=\"font-family: Trebuchet MS,sans-serif\">Existe encore actuellement<\/span><\/span><\/p>\n<\/td>\n<\/tr>\n<tr valign=\"TOP\">\n<td width=\"121\">\n<p align=\"JUSTIFY\"><span style=\"font-family: Trebuchet MS,sans-serif\">Lisle-sur-Tarn<\/span><\/p>\n<\/td>\n<td width=\"133\">\n<p align=\"JUSTIFY\"><span style=\"color: #000000\"><span style=\"font-family: Trebuchet MS,sans-serif\">1949<\/span><\/span><\/p>\n<\/td>\n<td width=\"176\">\n<p align=\"JUSTIFY\"><span style=\"color: #000000\"><span style=\"font-family: Trebuchet MS,sans-serif\">Croix-Rouge<\/span><\/span><\/p>\n<\/td>\n<td width=\"176\">\n<p align=\"JUSTIFY\"><span style=\"color: #000000\"><span style=\"font-family: Trebuchet MS,sans-serif\">Rattach\u00e9e \u00e0 Rabastens puis Gaillac en 1972<\/span><\/span><\/p>\n<\/td>\n<\/tr>\n<tr valign=\"TOP\">\n<td width=\"121\">\n<p align=\"JUSTIFY\"><span style=\"font-family: Trebuchet MS,sans-serif\">Cordes <\/span><\/p>\n<\/td>\n<td width=\"133\">\n<p align=\"JUSTIFY\"><span style=\"font-family: Trebuchet MS,sans-serif\">?<\/span><\/p>\n<\/td>\n<td width=\"176\">\n<p align=\"JUSTIFY\"><span style=\"font-family: Trebuchet MS,sans-serif\">?<\/span><\/p>\n<\/td>\n<td width=\"176\">\n<p align=\"JUSTIFY\"><span style=\"font-family: Trebuchet MS,sans-serif\">Rattach\u00e9e \u00e0 Carmaux en 1994<\/span><\/p>\n<\/td>\n<\/tr>\n<tr valign=\"TOP\">\n<td width=\"121\">\n<p align=\"JUSTIFY\"><span style=\"font-family: Trebuchet MS,sans-serif\">Dourgne<\/span><\/p>\n<\/td>\n<td width=\"133\">\n<p align=\"JUSTIFY\"><span style=\"font-family: Trebuchet MS,sans-serif\">?<\/span><\/p>\n<\/td>\n<td width=\"176\">\n<p align=\"JUSTIFY\"><span style=\"font-family: Trebuchet MS,sans-serif\">?<\/span><\/p>\n<\/td>\n<td width=\"176\">\n<p align=\"JUSTIFY\"><span style=\"font-family: Trebuchet MS,sans-serif\">Rattach\u00e9e \u00e0 Castres en 1996<\/span><\/p>\n<\/td>\n<\/tr>\n<tr valign=\"TOP\">\n<td width=\"121\">\n<p align=\"JUSTIFY\"><span style=\"font-family: Trebuchet MS,sans-serif\">Puylaurens<\/span><\/p>\n<\/td>\n<td width=\"133\">\n<p align=\"JUSTIFY\"><span style=\"font-family: Trebuchet MS,sans-serif\">?<\/span><\/p>\n<\/td>\n<td width=\"176\">\n<p align=\"JUSTIFY\"><span style=\"font-family: Trebuchet MS,sans-serif\">?<\/span><\/p>\n<\/td>\n<td width=\"176\">\n<p align=\"JUSTIFY\"><span style=\"font-family: Trebuchet MS,sans-serif\">Rattach\u00e9e \u00e0 Castres en 1948<\/span><\/p>\n<\/td>\n<\/tr>\n<tr valign=\"TOP\">\n<td width=\"121\">\n<p align=\"JUSTIFY\"><span style=\"font-family: Trebuchet MS,sans-serif\">Saint-Sulpice<\/span><\/p>\n<\/td>\n<td width=\"133\">\n<p align=\"JUSTIFY\"><span style=\"font-family: Trebuchet MS,sans-serif\">?<\/span><\/p>\n<\/td>\n<td width=\"176\">\n<p align=\"JUSTIFY\"><span style=\"font-family: Trebuchet MS,sans-serif\">?<\/span><\/p>\n<\/td>\n<td width=\"176\">\n<p align=\"JUSTIFY\"><span style=\"font-family: Trebuchet MS,sans-serif\">Rattach\u00e9e \u00e0 Lavaur en 1957<\/span><\/p>\n<\/td>\n<\/tr>\n<\/tbody>\n<\/table>\n","protected":false},"excerpt":{"rendered":"<p>&nbsp; Villes Date de cr\u00e9ation A l&rsquo;initiative de Date de dissolution\/fusion Albi 1892 Union des Femmes de France Existe encore actuellement Castres 1895 Soci\u00e9t\u00e9 de Secours aux Bless\u00e9s Militaires Existe encore actuellement Mazamet 1906 Soci\u00e9t\u00e9 de Secours aux Bless\u00e9s Militaires Rattach\u00e9e \u00e0 Castres Lavaur 1913 Soci\u00e9t\u00e9 de Secours aux Bless\u00e9s Militaires Existe encore actuellement S\u00e9nouillac &hellip; <a href=\"https:\/\/blogs.univ-jfc.fr\/projetcroixrouge\/la-croix-rouge-tarnaise-hommes-et-institutions\/les-origines\/laffirmation-de-la-croix-rouge-francaise-1940-1980\/annexe-comites-tarnais\/\" class=\"more-link\">Continuer la lecture de <span class=\"screen-reader-text\">Annexe : Comit\u00e9s Tarnais<\/span> <span class=\"meta-nav\">&rarr;<\/span><\/a><\/p>\n","protected":false},"author":150,"featured_media":0,"parent":705,"menu_order":3,"comment_status":"closed","ping_status":"open","template":"","meta":[],"_links":{"self":[{"href":"https:\/\/blogs.univ-jfc.fr\/projetcroixrouge\/wp-json\/wp\/v2\/pages\/2613"}],"collection":[{"href":"https:\/\/blogs.univ-jfc.fr\/projetcroixrouge\/wp-json\/wp\/v2\/pages"}],"about":[{"href":"https:\/\/blogs.univ-jfc.fr\/projetcroixrouge\/wp-json\/wp\/v2\/types\/page"}],"author":[{"embeddable":true,"href":"https:\/\/blogs.univ-jfc.fr\/projetcroixrouge\/wp-json\/wp\/v2\/users\/150"}],"replies":[{"embeddable":true,"href":"https:\/\/blogs.univ-jfc.fr\/projetcroixrouge\/wp-json\/wp\/v2\/comments?post=2613"}],"version-history":[{"count":4,"href":"https:\/\/blogs.univ-jfc.fr\/projetcroixrouge\/wp-json\/wp\/v2\/pages\/2613\/revisions"}],"predecessor-version":[{"id":2639,"href":"https:\/\/blogs.univ-jfc.fr\/projetcroixrouge\/wp-json\/wp\/v2\/pages\/2613\/revisions\/2639"}],"up":[{"embeddable":true,"href":"https:\/\/blogs.univ-jfc.fr\/projetcroixrouge\/wp-json\/wp\/v2\/pages\/705"}],"wp:attachment":[{"href":"https:\/\/blogs.univ-jfc.fr\/projetcroixrouge\/wp-json\/wp\/v2\/media?parent=2613"}],"curies":[{"name":"wp","href":"https:\/\/api.w.org\/{rel}","templated":true}]}}