{"id":2735,"date":"2015-03-19T15:37:12","date_gmt":"2015-03-19T14:37:12","guid":{"rendered":"http:\/\/blogs.univ-jfc.fr\/projetcroixrouge\/?page_id=2735"},"modified":"2015-04-02T08:36:40","modified_gmt":"2015-04-02T07:36:40","slug":"louis-appia","status":"publish","type":"page","link":"https:\/\/blogs.univ-jfc.fr\/projetcroixrouge\/la-croix-rouge-tarnaise-des-hommes-et-des-femmes\/les-benevoles-de-la-croix-rouge-tarnaise-2\/louis-appia\/","title":{"rendered":"Louis Appia"},"content":{"rendered":"<p align=\"JUSTIFY\"><span style=\"font-family: Arial,sans-serif\"><span style=\"color: #000000\"><span style=\"font-size: medium\">N\u00e9 le <\/span><\/span><span style=\"color: #000000\"><span style=\"font-size: medium\">13 octobre 1818 <\/span><\/span><span style=\"color: #000000\"><span style=\"font-size: medium\">\u00e0 <\/span><\/span><span style=\"color: #000000\"><span style=\"font-size: medium\">Hanau <\/span><\/span><span style=\"color: #000000\"><span style=\"font-size: medium\">et d\u00e9c\u00e9d\u00e9 le <\/span><\/span><span style=\"color: #000000\"><span style=\"font-size: medium\">1<\/span><\/span><span style=\"color: #000000\"><sup><span style=\"font-size: medium\">er<\/span><\/sup><\/span><span style=\"color: #000000\"><span style=\"font-size: medium\"> mars 1898 <\/span><\/span><span style=\"color: #000000\"><span style=\"font-size: medium\">\u00e0 <\/span><\/span><span style=\"color: #000000\"><span style=\"font-size: medium\">Gen\u00e8ve<\/span><\/span><span style=\"color: #000000\"><span style=\"font-size: medium\">, Louis Appia est un <\/span><\/span><span style=\"color: #000000\"><span style=\"font-size: medium\">chirurgien suisse, il a surtout soigner des militaires<\/span><\/span><span style=\"color: #000000\"><span style=\"font-size: medium\">. Au moment de la bataille de Solf\u00e9rino, en 1859, Louis Appia rassembla \u00ab\u00a0des ressources et des dons pour aider les bless\u00e9s\u00a0\u00bb et travailla dans des h\u00f4pitaux. Ces missions l&rsquo;ont marqu\u00e9 \u00e0 vie. <\/span><\/span><\/span><\/p>\n<p align=\"JUSTIFY\"><span style=\"font-family: Arial,sans-serif\"><span style=\"color: #000000\"><span style=\"font-size: medium\">Louis Appia va \u00eatre \u00ab\u00a0Pr\u00e9sident de la Soci\u00e9t\u00e9 m\u00e9dicale de Gen\u00e8ve\u00a0\u00bb en 1861. C&rsquo;est en 1863 qu&rsquo;on lui demanda d&rsquo;int\u00e9grer une commission charg\u00e9 de concr\u00e9tiser \u00ab\u00a0les id\u00e9es d&rsquo;Henri Dunant pour am\u00e9liorer la condition des soldats bless\u00e9s sur le champ de bataille\u00a0\u00bb. <\/span><\/span><span style=\"color: #000000\"><span style=\"font-size: medium\">C&rsquo;est ainsi qu&rsquo;il fut devenu membre du \u00ab Comit\u00e9 de cinq \u00bb, renomm\u00e9 plus tard le <\/span><\/span><span style=\"color: #000000\"><span style=\"font-size: medium\">Comit\u00e9 international de la Croix-Rouge &#8211; <\/span><\/span><span style=\"color: #000000\"><span style=\"font-size: medium\">CICR. <\/span><\/span><span style=\"color: #000000\"><span style=\"font-size: medium\">\u00ab\u00a0En octobre 1863, Louis Appia proposa que tous les secouristes volontaires actifs sur le front portent des brassards blancs\u00a0\u00bb afin qu&rsquo;ils soient identifiable. Le G\u00e9n\u00e9ral Dufour va ensuite proposer \u00ab\u00a0d&rsquo;ajouter une croix rouge sur ces brassards blancs comme embl\u00e8me protecteur\u00a0\u00bb.<\/span><\/span><\/span><\/p>\n","protected":false},"excerpt":{"rendered":"<p>N\u00e9 le 13 octobre 1818 \u00e0 Hanau et d\u00e9c\u00e9d\u00e9 le 1er mars 1898 \u00e0 Gen\u00e8ve, Louis Appia est un chirurgien suisse, il a surtout soigner des militaires. Au moment de la bataille de Solf\u00e9rino, en 1859, Louis Appia rassembla \u00ab\u00a0des ressources et des dons pour aider les bless\u00e9s\u00a0\u00bb et travailla dans des h\u00f4pitaux. Ces missions &hellip; <a href=\"https:\/\/blogs.univ-jfc.fr\/projetcroixrouge\/la-croix-rouge-tarnaise-des-hommes-et-des-femmes\/les-benevoles-de-la-croix-rouge-tarnaise-2\/louis-appia\/\" class=\"more-link\">Continuer la lecture de <span class=\"screen-reader-text\">Louis Appia<\/span> <span class=\"meta-nav\">&rarr;<\/span><\/a><\/p>\n","protected":false},"author":85,"featured_media":0,"parent":2249,"menu_order":3,"comment_status":"closed","ping_status":"open","template":"","meta":[],"_links":{"self":[{"href":"https:\/\/blogs.univ-jfc.fr\/projetcroixrouge\/wp-json\/wp\/v2\/pages\/2735"}],"collection":[{"href":"https:\/\/blogs.univ-jfc.fr\/projetcroixrouge\/wp-json\/wp\/v2\/pages"}],"about":[{"href":"https:\/\/blogs.univ-jfc.fr\/projetcroixrouge\/wp-json\/wp\/v2\/types\/page"}],"author":[{"embeddable":true,"href":"https:\/\/blogs.univ-jfc.fr\/projetcroixrouge\/wp-json\/wp\/v2\/users\/85"}],"replies":[{"embeddable":true,"href":"https:\/\/blogs.univ-jfc.fr\/projetcroixrouge\/wp-json\/wp\/v2\/comments?post=2735"}],"version-history":[{"count":6,"href":"https:\/\/blogs.univ-jfc.fr\/projetcroixrouge\/wp-json\/wp\/v2\/pages\/2735\/revisions"}],"predecessor-version":[{"id":3786,"href":"https:\/\/blogs.univ-jfc.fr\/projetcroixrouge\/wp-json\/wp\/v2\/pages\/2735\/revisions\/3786"}],"up":[{"embeddable":true,"href":"https:\/\/blogs.univ-jfc.fr\/projetcroixrouge\/wp-json\/wp\/v2\/pages\/2249"}],"wp:attachment":[{"href":"https:\/\/blogs.univ-jfc.fr\/projetcroixrouge\/wp-json\/wp\/v2\/media?parent=2735"}],"curies":[{"name":"wp","href":"https:\/\/api.w.org\/{rel}","templated":true}]}}