{"id":2744,"date":"2015-03-19T21:17:27","date_gmt":"2015-03-19T20:17:27","guid":{"rendered":"http:\/\/blogs.univ-jfc.fr\/projetcroixrouge\/?page_id=2744"},"modified":"2015-04-02T08:24:34","modified_gmt":"2015-04-02T07:24:34","slug":"la-croix-rouge-de-la-jeunesse-crj","status":"publish","type":"page","link":"https:\/\/blogs.univ-jfc.fr\/projetcroixrouge\/la-croix-rouge-tarnaise-des-hommes-et-des-femmes\/les-benevoles-de-la-croix-rouge-tarnaise-2\/la-croix-rouge-de-la-jeunesse-crj\/","title":{"rendered":"La Croix-Rouge de la Jeunesse &#8211; CRJ &#8211;"},"content":{"rendered":"<p align=\"JUSTIFY\"><span style=\"font-family: Arial,sans-serif\">La Croix-Rouge de la Jeunesse a \u00e9t\u00e9 cr\u00e9\u00e9e en 1922. Elle conna\u00eet une nouvelle dynamique \u00e0 partir de 2009. La Croix-Rouge fran\u00e7aise vise \u00e0 renforcer l&rsquo;action, la participation et l&rsquo;expression des jeunes dans l&rsquo;association. Les jeunes se sont impliqu\u00e9s dans ce projet en r\u00e9digeant eux-m\u00eame la D\u00e9claration Jeunesse en 2010 lors des Assises de la Jeunesse. Elle d\u00e9veloppe les souhaits d&rsquo;actions des jeunes de la Croix-Rouge en termes de solidarit\u00e9, sant\u00e9, citoyennet\u00e9, inter-culturel et environnemental.<\/span><\/p>\n","protected":false},"excerpt":{"rendered":"<p>La Croix-Rouge de la Jeunesse a \u00e9t\u00e9 cr\u00e9\u00e9e en 1922. Elle conna\u00eet une nouvelle dynamique \u00e0 partir de 2009. La Croix-Rouge fran\u00e7aise vise \u00e0 renforcer l&rsquo;action, la participation et l&rsquo;expression des jeunes dans l&rsquo;association. Les jeunes se sont impliqu\u00e9s dans ce projet en r\u00e9digeant eux-m\u00eame la D\u00e9claration Jeunesse en 2010 lors des Assises de la &hellip; <a href=\"https:\/\/blogs.univ-jfc.fr\/projetcroixrouge\/la-croix-rouge-tarnaise-des-hommes-et-des-femmes\/les-benevoles-de-la-croix-rouge-tarnaise-2\/la-croix-rouge-de-la-jeunesse-crj\/\" class=\"more-link\">Continuer la lecture de <span class=\"screen-reader-text\">La Croix-Rouge de la Jeunesse &#8211; CRJ &#8211;<\/span> <span class=\"meta-nav\">&rarr;<\/span><\/a><\/p>\n","protected":false},"author":85,"featured_media":0,"parent":2249,"menu_order":3,"comment_status":"closed","ping_status":"open","template":"","meta":[],"_links":{"self":[{"href":"https:\/\/blogs.univ-jfc.fr\/projetcroixrouge\/wp-json\/wp\/v2\/pages\/2744"}],"collection":[{"href":"https:\/\/blogs.univ-jfc.fr\/projetcroixrouge\/wp-json\/wp\/v2\/pages"}],"about":[{"href":"https:\/\/blogs.univ-jfc.fr\/projetcroixrouge\/wp-json\/wp\/v2\/types\/page"}],"author":[{"embeddable":true,"href":"https:\/\/blogs.univ-jfc.fr\/projetcroixrouge\/wp-json\/wp\/v2\/users\/85"}],"replies":[{"embeddable":true,"href":"https:\/\/blogs.univ-jfc.fr\/projetcroixrouge\/wp-json\/wp\/v2\/comments?post=2744"}],"version-history":[{"count":3,"href":"https:\/\/blogs.univ-jfc.fr\/projetcroixrouge\/wp-json\/wp\/v2\/pages\/2744\/revisions"}],"predecessor-version":[{"id":3777,"href":"https:\/\/blogs.univ-jfc.fr\/projetcroixrouge\/wp-json\/wp\/v2\/pages\/2744\/revisions\/3777"}],"up":[{"embeddable":true,"href":"https:\/\/blogs.univ-jfc.fr\/projetcroixrouge\/wp-json\/wp\/v2\/pages\/2249"}],"wp:attachment":[{"href":"https:\/\/blogs.univ-jfc.fr\/projetcroixrouge\/wp-json\/wp\/v2\/media?parent=2744"}],"curies":[{"name":"wp","href":"https:\/\/api.w.org\/{rel}","templated":true}]}}