{"id":2747,"date":"2015-03-19T21:20:03","date_gmt":"2015-03-19T20:20:03","guid":{"rendered":"http:\/\/blogs.univ-jfc.fr\/projetcroixrouge\/?page_id=2747"},"modified":"2015-04-02T08:19:10","modified_gmt":"2015-04-02T07:19:10","slug":"federation-internationale-des-societes-de-la-croix-rouge-et-du-croissant-rouge","status":"publish","type":"page","link":"https:\/\/blogs.univ-jfc.fr\/projetcroixrouge\/la-croix-rouge-tarnaise-des-hommes-et-des-femmes\/les-benevoles-de-la-croix-rouge-tarnaise-2\/federation-internationale-des-societes-de-la-croix-rouge-et-du-croissant-rouge\/","title":{"rendered":"F\u00e9d\u00e9ration Internationale des Soci\u00e9t\u00e9s de la Croix-Rouge et du Croissant-Rouge"},"content":{"rendered":"<p align=\"JUSTIFY\"><span style=\"font-family: Arial,sans-serif\">La F\u00e9d\u00e9ration International des Soci\u00e9t\u00e9s de la Croix-Rouge et du Croissant-Rouge fait r\u00e9f\u00e9rence \u00e0 la Croix-Rouge, la plus grande organisation humanitaire mondiale. Cette F\u00e9d\u00e9ration a \u00e9t\u00e9 fond\u00e9e en 1919 \u00e0 Paris, juste apr\u00e8s la Seconde Guerre mondiale afin de permettre la coop\u00e9ration entre les diff\u00e9rentes organisations humanitaires. Cette F\u00e9d\u00e9ration agit sur le principe de neutralit\u00e9\u00a0: une aide sans distinction de nationalit\u00e9, de race, de religion, de classe ou d&rsquo;opinions politiques. La F\u00e9d\u00e9ration ne doit pas \u00eatre confondue avec le CICR &#8211; Comit\u00e9 International de la Croix-Rouge.<\/span><\/p>\n<p align=\"JUSTIFY\">\n","protected":false},"excerpt":{"rendered":"<p>La F\u00e9d\u00e9ration International des Soci\u00e9t\u00e9s de la Croix-Rouge et du Croissant-Rouge fait r\u00e9f\u00e9rence \u00e0 la Croix-Rouge, la plus grande organisation humanitaire mondiale. Cette F\u00e9d\u00e9ration a \u00e9t\u00e9 fond\u00e9e en 1919 \u00e0 Paris, juste apr\u00e8s la Seconde Guerre mondiale afin de permettre la coop\u00e9ration entre les diff\u00e9rentes organisations humanitaires. Cette F\u00e9d\u00e9ration agit sur le principe de neutralit\u00e9\u00a0: &hellip; <a href=\"https:\/\/blogs.univ-jfc.fr\/projetcroixrouge\/la-croix-rouge-tarnaise-des-hommes-et-des-femmes\/les-benevoles-de-la-croix-rouge-tarnaise-2\/federation-internationale-des-societes-de-la-croix-rouge-et-du-croissant-rouge\/\" class=\"more-link\">Continuer la lecture de <span class=\"screen-reader-text\">F\u00e9d\u00e9ration Internationale des Soci\u00e9t\u00e9s de la Croix-Rouge et du Croissant-Rouge<\/span> <span class=\"meta-nav\">&rarr;<\/span><\/a><\/p>\n","protected":false},"author":85,"featured_media":0,"parent":2249,"menu_order":3,"comment_status":"closed","ping_status":"open","template":"","meta":[],"_links":{"self":[{"href":"https:\/\/blogs.univ-jfc.fr\/projetcroixrouge\/wp-json\/wp\/v2\/pages\/2747"}],"collection":[{"href":"https:\/\/blogs.univ-jfc.fr\/projetcroixrouge\/wp-json\/wp\/v2\/pages"}],"about":[{"href":"https:\/\/blogs.univ-jfc.fr\/projetcroixrouge\/wp-json\/wp\/v2\/types\/page"}],"author":[{"embeddable":true,"href":"https:\/\/blogs.univ-jfc.fr\/projetcroixrouge\/wp-json\/wp\/v2\/users\/85"}],"replies":[{"embeddable":true,"href":"https:\/\/blogs.univ-jfc.fr\/projetcroixrouge\/wp-json\/wp\/v2\/comments?post=2747"}],"version-history":[{"count":4,"href":"https:\/\/blogs.univ-jfc.fr\/projetcroixrouge\/wp-json\/wp\/v2\/pages\/2747\/revisions"}],"predecessor-version":[{"id":3768,"href":"https:\/\/blogs.univ-jfc.fr\/projetcroixrouge\/wp-json\/wp\/v2\/pages\/2747\/revisions\/3768"}],"up":[{"embeddable":true,"href":"https:\/\/blogs.univ-jfc.fr\/projetcroixrouge\/wp-json\/wp\/v2\/pages\/2249"}],"wp:attachment":[{"href":"https:\/\/blogs.univ-jfc.fr\/projetcroixrouge\/wp-json\/wp\/v2\/media?parent=2747"}],"curies":[{"name":"wp","href":"https:\/\/api.w.org\/{rel}","templated":true}]}}